{"id":3552,"date":"2025-09-05T22:18:57","date_gmt":"2025-09-06T02:18:57","guid":{"rendered":"https:\/\/printsonpaper.studio\/produktion-im-studio\/"},"modified":"2025-11-03T12:28:36","modified_gmt":"2025-11-03T17:28:36","slug":"produktion-im-studio","status":"publish","type":"page","link":"https:\/\/printsonpaper.studio\/de\/produktion-im-studio\/","title":{"rendered":"PRODUKTION IM STUDIO"},"content":{"rendered":"\t\t<div data-elementor-type=\"wp-page\" data-elementor-id=\"3552\" class=\"elementor elementor-3552 elementor-1741\" data-elementor-post-type=\"page\">\n\t\t\t\t<div class=\"elementor-element elementor-element-d4107ae e-flex e-con-boxed e-con e-parent\" data-id=\"d4107ae\" data-element_type=\"container\" data-e-type=\"container\">\n\t\t\t\t\t<div class=\"e-con-inner\">\n\t\t\t\t<div class=\"elementor-element elementor-element-6bf5acc elementor-widget elementor-widget-text-editor\" data-id=\"6bf5acc\" data-element_type=\"widget\" data-e-type=\"widget\" data-widget_type=\"text-editor.default\">\n\t\t\t\t<div class=\"elementor-widget-container\">\n\t\t\t\t\t\t\t\t\t<p>Um Ihre Produktion zu buchen, senden Sie uns bitte eine E-Mail an: <a href=\"mailto:hello@printsonpaper.studio\">hello@printsonpaper.studio<\/a><\/p><p>Eine der wirtschaftlichsten M\u00f6glichkeiten, mit Prints on Paper Studio zusammenzuarbeiten, ist, uns im Studio zu besuchen. Wenn K\u00fcnstler im Studio arbeiten, haben sie das Privileg, den Druckprozess mitzuerleben. Dies erleichtert Bearbeitungen, die Begutachtung der Ergebnisse und einen exklusiven Dialog mit unseren hauseigenen Meisterdruckern. Dieser kollaborative Ansatz f\u00f6rdert eine echte Partnerschaft zwischen Drucker und K\u00fcnstler.   <\/p><p>Wenn ein K\u00fcnstler im Studio ist, behandelt das Personal dies als einen Residenztag und widmet dem K\u00fcnstler all sein Fachwissen und seine Leidenschaft f\u00fcr den Druck. Der K\u00fcnstler erh\u00e4lt vollen Zugang zum Studio, und alle an diesem Tag angefertigten Drucke werden verg\u00fcnstigt angeboten. Dies ist eine wirtschaftliche M\u00f6glichkeit, vor Ort zu sein, w\u00e4hrend die Meister sich weiterhin auf ihre Arbeit konzentrieren k\u00f6nnen. Diese Tage k\u00f6nnen f\u00fcr gro\u00dfe Ausstellungen, Editionen, die Erstellung eines Portfolios oder die Arbeit an einer Serie genutzt werden. Zeit f\u00fcr die eigene Produktion zu widmen, kann eine wirklich lohnende Arbeitsweise sein. Diese Produktionstage k\u00f6nnen als Residenz behandelt werden, wodurch der K\u00fcnstler in den Prozess von Tinte auf Papier eintauchen kann.     <\/p>\t\t\t\t\t\t\t\t<\/div>\n\t\t\t\t<\/div>\n\t\t\t\t<div class=\"elementor-element elementor-element-9e53dfc elementor-widget elementor-widget-image\" data-id=\"9e53dfc\" data-element_type=\"widget\" data-e-type=\"widget\" data-widget_type=\"image.default\">\n\t\t\t\t<div class=\"elementor-widget-container\">\n\t\t\t\t\t\t\t\t\t\t\t\t\t\t\t<img fetchpriority=\"high\" decoding=\"async\" width=\"1500\" height=\"788\" src=\"https:\/\/printsonpaper.studio\/wp-content\/uploads\/2025\/09\/PrintsonPaperStudio-2og.webp\" class=\"attachment-full size-full wp-image-3554\" alt=\"\" srcset=\"https:\/\/printsonpaper.studio\/wp-content\/uploads\/2025\/09\/PrintsonPaperStudio-2og.webp 1500w, https:\/\/printsonpaper.studio\/wp-content\/uploads\/2025\/09\/PrintsonPaperStudio-2og-300x158.webp 300w, https:\/\/printsonpaper.studio\/wp-content\/uploads\/2025\/09\/PrintsonPaperStudio-2og-1024x538.webp 1024w, https:\/\/printsonpaper.studio\/wp-content\/uploads\/2025\/09\/PrintsonPaperStudio-2og-768x403.webp 768w, https:\/\/printsonpaper.studio\/wp-content\/uploads\/2025\/09\/PrintsonPaperStudio-2og-800x420.webp 800w, https:\/\/printsonpaper.studio\/wp-content\/uploads\/2025\/09\/PrintsonPaperStudio-2og-600x315.webp 600w\" sizes=\"(max-width: 1500px) 100vw, 1500px\" \/>\t\t\t\t\t\t\t\t\t\t\t\t\t\t\t<\/div>\n\t\t\t\t<\/div>\n\t\t\t\t\t<\/div>\n\t\t\t\t<\/div>\n\t\t<div class=\"elementor-element elementor-element-4bfc8ca e-flex e-con-boxed e-con e-parent\" data-id=\"4bfc8ca\" data-element_type=\"container\" data-e-type=\"container\">\n\t\t\t\t\t<div class=\"e-con-inner\">\n\t\t\t\t<div class=\"elementor-element elementor-element-b52b907 elementor-widget elementor-widget-text-editor\" data-id=\"b52b907\" data-element_type=\"widget\" data-e-type=\"widget\" data-widget_type=\"text-editor.default\">\n\t\t\t\t<div class=\"elementor-widget-container\">\n\t\t\t\t\t\t\t\t\t<h3>Kollaborativer Druck<\/h3>\n<p class=\"sqsrte-large preFade fadeIn\">Prints On Paper ist ein kollaboratives Druckstudio, das sich auf digitale Pigment- und Fotogravurverfahren spezialisiert hat. Wir bieten umfassende Editionierungsf\u00e4higkeiten und sind offen daf\u00fcr, bei Bedarf neue Drucktechnologien zu entwickeln, wie wir es bereits in der Vergangenheit getan haben. Kollaborativer Druck muss nicht zeitaufwendig oder teuer sein; er kann so einfach sein wie ein kurzes Gespr\u00e4ch mit dem K\u00fcnstler \u00fcber jeden Druck oder jedes Projekt. Im Laufe der Zeit entwickeln wir ein besseres Verst\u00e4ndnis f\u00fcr ihre Arbeit, und die Kommunikation wird effizienter.   <\/p>\n<p class=\"sqsrte-large preFade fadeIn\">Wir wenden unseren kollaborativen Ansatz sowohl auf neue als auch auf traditionelle Drucktechniken an, da wir erkennen, dass <em>Druck Druck Druck ist.<\/em> Als kollaboratives Studio sind wir sowohl an Publikationsarbeiten <em>mit<\/em> K\u00fcnstlern und Studios als auch an Auftragsarbeiten <em>f\u00fcr<\/em> K\u00fcnstler und Studios beteiligt.<\/p>\n<p class=\"sqsrte-large preFade fadeIn\">F\u00fcr K\u00fcnstler, die wir zur Ver\u00f6ffentlichung ausgew\u00e4hlt haben, arbeiten wir pro bono zusammen, um die Werke zu produzieren. <em>Die Ver\u00f6ffentlichung kann die Zusammenarbeit<\/em> mit der Galerie des K\u00fcnstlers oder einer anderen Institution f\u00fcr Promotion und Verkauf beinhalten, oder sie kann direkt \u00fcber unser Studio oder den K\u00fcnstler verkauft werden. <em>Bei Auftragsarbeiten<\/em> bleibt die Zusammenarbeit dieselbe, aber der K\u00fcnstler, die Galerie oder die Institution finanziert die Schaffensarbeit, und das Studio erh\u00e4lt in Zukunft keinen Anteil an den Druckverk\u00e4ufen.<\/p>\t\t\t\t\t\t\t\t<\/div>\n\t\t\t\t<\/div>\n\t\t\t\t<div class=\"elementor-element elementor-element-9f5ff32 elementor-widget elementor-widget-image\" data-id=\"9f5ff32\" data-element_type=\"widget\" data-e-type=\"widget\" data-widget_type=\"image.default\">\n\t\t\t\t<div class=\"elementor-widget-container\">\n\t\t\t\t\t\t\t\t\t\t\t\t\t\t\t<img decoding=\"async\" width=\"2500\" height=\"1667\" src=\"https:\/\/printsonpaper.studio\/wp-content\/uploads\/2025\/10\/N-Kauck_09112024_229_Ver_1.jpg\" class=\"attachment-full size-full wp-image-3553\" alt=\"\" srcset=\"https:\/\/printsonpaper.studio\/wp-content\/uploads\/2025\/10\/N-Kauck_09112024_229_Ver_1.jpg 2500w, https:\/\/printsonpaper.studio\/wp-content\/uploads\/2025\/10\/N-Kauck_09112024_229_Ver_1-300x200.jpg 300w, https:\/\/printsonpaper.studio\/wp-content\/uploads\/2025\/10\/N-Kauck_09112024_229_Ver_1-1024x683.jpg 1024w, https:\/\/printsonpaper.studio\/wp-content\/uploads\/2025\/10\/N-Kauck_09112024_229_Ver_1-768x512.jpg 768w, https:\/\/printsonpaper.studio\/wp-content\/uploads\/2025\/10\/N-Kauck_09112024_229_Ver_1-1536x1024.jpg 1536w, https:\/\/printsonpaper.studio\/wp-content\/uploads\/2025\/10\/N-Kauck_09112024_229_Ver_1-2048x1366.jpg 2048w, https:\/\/printsonpaper.studio\/wp-content\/uploads\/2025\/10\/N-Kauck_09112024_229_Ver_1-800x533.jpg 800w, https:\/\/printsonpaper.studio\/wp-content\/uploads\/2025\/10\/N-Kauck_09112024_229_Ver_1-600x400.jpg 600w\" sizes=\"(max-width: 2500px) 100vw, 2500px\" \/>\t\t\t\t\t\t\t\t\t\t\t\t\t\t\t<\/div>\n\t\t\t\t<\/div>\n\t\t\t\t<div class=\"elementor-element elementor-element-a3abda2 elementor-widget elementor-widget-text-editor\" data-id=\"a3abda2\" data-element_type=\"widget\" data-e-type=\"widget\" data-widget_type=\"text-editor.default\">\n\t\t\t\t<div class=\"elementor-widget-container\">\n\t\t\t\t\t\t\t\t\t<h3 class=\"preScale scaleIn\" style=\"text-align: center;\">SENDEN SIE UNS EINE E-MAIL, UM IHREN STUDIO-TAG ZU BUCHEN UNTER <a href=\"mailto:hello@printsonpaper.studio\">hello@printsonpaper.studio<\/a><\/h3>\t\t\t\t\t\t\t\t<\/div>\n\t\t\t\t<\/div>\n\t\t\t\t\t<\/div>\n\t\t\t\t<\/div>\n\t\t<div class=\"elementor-element elementor-element-85bd0ad e-flex e-con-boxed e-con e-parent\" data-id=\"85bd0ad\" data-element_type=\"container\" data-e-type=\"container\">\n\t\t\t\t\t<div class=\"e-con-inner\">\n\t\t\t\t\t<\/div>\n\t\t\t\t<\/div>\n\t\t\t\t<\/div>\n\t\t","protected":false},"excerpt":{"rendered":"<p>Um Ihre Produktion zu buchen, senden Sie uns bitte eine E-Mail an: hello@printsonpaper.studio Eine der wirtschaftlichsten M\u00f6glichkeiten, mit Prints on Paper Studio zusammenzuarbeiten, ist, uns im Studio zu besuchen. Wenn K\u00fcnstler im Studio arbeiten, haben sie das Privileg, den Druckprozess mitzuerleben. Dies erleichtert Bearbeitungen, die Begutachtung der Ergebnisse und einen exklusiven Dialog mit unseren hauseigenen [&hellip;]<\/p>\n","protected":false},"author":1,"featured_media":0,"parent":0,"menu_order":0,"comment_status":"closed","ping_status":"closed","template":"","meta":{"_acf_changed":false,"footnotes":""},"class_list":["post-3552","page","type-page","status-publish","hentry"],"acf":[],"_links":{"self":[{"href":"https:\/\/printsonpaper.studio\/de\/wp-json\/wp\/v2\/pages\/3552","targetHints":{"allow":["GET"]}}],"collection":[{"href":"https:\/\/printsonpaper.studio\/de\/wp-json\/wp\/v2\/pages"}],"about":[{"href":"https:\/\/printsonpaper.studio\/de\/wp-json\/wp\/v2\/types\/page"}],"author":[{"embeddable":true,"href":"https:\/\/printsonpaper.studio\/de\/wp-json\/wp\/v2\/users\/1"}],"replies":[{"embeddable":true,"href":"https:\/\/printsonpaper.studio\/de\/wp-json\/wp\/v2\/comments?post=3552"}],"version-history":[{"count":1,"href":"https:\/\/printsonpaper.studio\/de\/wp-json\/wp\/v2\/pages\/3552\/revisions"}],"predecessor-version":[{"id":3556,"href":"https:\/\/printsonpaper.studio\/de\/wp-json\/wp\/v2\/pages\/3552\/revisions\/3556"}],"wp:attachment":[{"href":"https:\/\/printsonpaper.studio\/de\/wp-json\/wp\/v2\/media?parent=3552"}],"curies":[{"name":"wp","href":"https:\/\/api.w.org\/{rel}","templated":true}]}}