{"id":3563,"date":"2025-09-05T22:16:27","date_gmt":"2025-09-06T02:16:27","guid":{"rendered":"https:\/\/printsonpaper.studio\/lichtdruck\/"},"modified":"2025-11-03T12:28:42","modified_gmt":"2025-11-03T17:28:42","slug":"lichtdruck","status":"publish","type":"page","link":"https:\/\/printsonpaper.studio\/de\/lichtdruck\/","title":{"rendered":"LICHTDRUCK"},"content":{"rendered":"\t\t<div data-elementor-type=\"wp-page\" data-elementor-id=\"3563\" class=\"elementor elementor-3563 elementor-1737\" data-elementor-post-type=\"page\">\n\t\t\t\t<div class=\"elementor-element elementor-element-0204930 e-con-full e-flex e-con e-parent\" data-id=\"0204930\" data-element_type=\"container\" data-e-type=\"container\">\n\t\t\t\t<div class=\"elementor-element elementor-element-e1e31b3 elementor-widget elementor-widget-button\" data-id=\"e1e31b3\" data-element_type=\"widget\" data-e-type=\"widget\" data-widget_type=\"button.default\">\n\t\t\t\t<div class=\"elementor-widget-container\">\n\t\t\t\t\t\t\t\t\t<div class=\"elementor-button-wrapper\">\n\t\t\t\t\t<a class=\"elementor-button elementor-button-link elementor-size-sm\" href=\"mailto:hello@printsonpaper.studio\">\n\t\t\t\t\t\t<span class=\"elementor-button-content-wrapper\">\n\t\t\t\t\t\t\t\t\t<span class=\"elementor-button-text\">SCHREIBEN SIE UNS EINE E-MAIL, UM ZU BEGINNEN<\/span>\n\t\t\t\t\t<\/span>\n\t\t\t\t\t<\/a>\n\t\t\t\t<\/div>\n\t\t\t\t\t\t\t\t<\/div>\n\t\t\t\t<\/div>\n\t\t\t\t<\/div>\n\t\t<div class=\"elementor-element elementor-element-9b2510d e-flex e-con-boxed e-con e-parent\" data-id=\"9b2510d\" data-element_type=\"container\" data-e-type=\"container\">\n\t\t\t\t\t<div class=\"e-con-inner\">\n\t\t\t\t<div class=\"elementor-element elementor-element-129507e elementor-widget elementor-widget-text-editor\" data-id=\"129507e\" data-element_type=\"widget\" data-e-type=\"widget\" data-widget_type=\"text-editor.default\">\n\t\t\t\t<div class=\"elementor-widget-container\">\n\t\t\t\t\t\t\t\t\t<p class=\"sqsrte-large preFade fadeIn\">Der Lichtdruck ist ein eigenst\u00e4ndiges Kunstmedium. Die Arbeit in diesem Medium \u00fcber einen Direct-to-Plate-Workflow erm\u00f6glicht es K\u00fcnstlern, schnell und mit extremer Pr\u00e4zision eine Vielzahl von Markierungen auf Papier aufzubringen. Von fotografisch bis handgezeichnet bietet diese Druckmethode unbegrenzte M\u00f6glichkeiten. Wir sind die Homebase f\u00fcr die Entwicklung und Erweiterung dieses Mediums in der Kunstwelt.   <\/p>\n<p class=\"sqsrte-large preFade fadeIn\">Unsere Gravurplatten k\u00f6nnen auf einer Vielzahl von Papieren und k\u00fcnstlichen Materialien gedruckt werden. Die F\u00e4higkeit dieses Mediums, Tausende von unterschiedlichen Tonwert\u00fcberg\u00e4ngen in \u00d6l darzustellen, \u00fcbertrifft viele andere fotografische Druckverfahren. Wir sind auch offen f\u00fcr verschiedene experimentelle Projekte, einschlie\u00dflich Mehrplatten-Druck und Handkolorierung.  <\/p>\t\t\t\t\t\t\t\t<\/div>\n\t\t\t\t<\/div>\n\t\t\t\t\t<\/div>\n\t\t\t\t<\/div>\n\t\t<div class=\"elementor-element elementor-element-d93dba6 e-con-full e-flex e-con e-parent\" data-id=\"d93dba6\" data-element_type=\"container\" data-e-type=\"container\">\n\t\t\t\t<div class=\"elementor-element elementor-element-b902459 elementor-widget elementor-widget-image\" data-id=\"b902459\" data-element_type=\"widget\" data-e-type=\"widget\" data-widget_type=\"image.default\">\n\t\t\t\t<div class=\"elementor-widget-container\">\n\t\t\t\t\t\t\t\t\t\t\t\t\t\t\t<img fetchpriority=\"high\" decoding=\"async\" width=\"2495\" height=\"1013\" src=\"https:\/\/printsonpaper.studio\/wp-content\/uploads\/2025\/10\/N-Kauck_09112024_240_Ver_2.webp\" class=\"attachment-full size-full wp-image-3567\" alt=\"\" srcset=\"https:\/\/printsonpaper.studio\/wp-content\/uploads\/2025\/10\/N-Kauck_09112024_240_Ver_2.webp 2495w, https:\/\/printsonpaper.studio\/wp-content\/uploads\/2025\/10\/N-Kauck_09112024_240_Ver_2-300x122.webp 300w, https:\/\/printsonpaper.studio\/wp-content\/uploads\/2025\/10\/N-Kauck_09112024_240_Ver_2-1024x416.webp 1024w, https:\/\/printsonpaper.studio\/wp-content\/uploads\/2025\/10\/N-Kauck_09112024_240_Ver_2-768x312.webp 768w, https:\/\/printsonpaper.studio\/wp-content\/uploads\/2025\/10\/N-Kauck_09112024_240_Ver_2-1536x624.webp 1536w, https:\/\/printsonpaper.studio\/wp-content\/uploads\/2025\/10\/N-Kauck_09112024_240_Ver_2-2048x832.webp 2048w, https:\/\/printsonpaper.studio\/wp-content\/uploads\/2025\/10\/N-Kauck_09112024_240_Ver_2-800x325.webp 800w, https:\/\/printsonpaper.studio\/wp-content\/uploads\/2025\/10\/N-Kauck_09112024_240_Ver_2-600x244.webp 600w\" sizes=\"(max-width: 2495px) 100vw, 2495px\" \/>\t\t\t\t\t\t\t\t\t\t\t\t\t\t\t<\/div>\n\t\t\t\t<\/div>\n\t\t\t\t<\/div>\n\t\t<div class=\"elementor-element elementor-element-857385c e-flex e-con-boxed e-con e-parent\" data-id=\"857385c\" data-element_type=\"container\" data-e-type=\"container\">\n\t\t\t\t\t<div class=\"e-con-inner\">\n\t\t<div class=\"elementor-element elementor-element-308e8c4 e-grid e-con-boxed e-con e-child\" data-id=\"308e8c4\" data-element_type=\"container\" data-e-type=\"container\">\n\t\t\t\t\t<div class=\"e-con-inner\">\n\t\t\t\t<div class=\"elementor-element elementor-element-ed79469 elementor-widget elementor-widget-text-editor\" data-id=\"ed79469\" data-element_type=\"widget\" data-e-type=\"widget\" data-widget_type=\"text-editor.default\">\n\t\t\t\t<div class=\"elementor-widget-container\">\n\t\t\t\t\t\t\t\t\t<div class=\"fe-block fe-block-yui_3_17_2_1_1703092516372_12237\">\n<div id=\"block-yui_3_17_2_1_1703092516372_12237\" class=\"sqs-block html-block sqs-block-html\" data-blend-mode=\"NORMAL\" data-block-type=\"2\" data-border-radii=\"{\"topLeft\":{\"unit\":\"px\",\"value\":0.0},\"topRight\":{\"unit\":\"px\",\"value\":0.0},\"bottomLeft\":{\"unit\":\"px\",\"value\":0.0},\"bottomRight\":{\"unit\":\"px\",\"value\":0.0}}\" data-sqsp-block=\"text\">\n<div class=\"sqs-block-content\">\n<div class=\"sqs-html-content\" data-sqsp-text-block-content=\"\">\n<h1 class=\"sqsrte-large preFade fadeIn\" style=\"text-align: center;\">PREISE<\/h1>\n<p class=\"sqsrte-large preFade fadeIn\">Wir sind bestrebt, die Kosten f\u00fcr den kollaborativen Druck, der zahlreiche notwendige Proofs erzeugen kann, mit den Gemeinkosten der Unternehmensf\u00fchrung in Einklang zu bringen. Um dies zu erreichen, werden w\u00e4hrend der Arbeit im Studio mit einem K\u00fcnstler Andrucke, Maschinenabz\u00fcge, Druckarabz\u00fcge und Gut zum Druck ausschlie\u00dflich nach der Materialgeb\u00fchr (Farbe und Papier usw.) zuz\u00fcglich einer Arbeitsgeb\u00fchr von 142 $ pro Stunde berechnet, die ab Beginn der Arbeit bis zu deren Abschluss gilt. Diese Drucke werden in der Regel nicht kuratiert, mit Ausnahme der Druckerabz\u00fcge und Gut zum Druck. Wenn wir beispielsweise in 1 Stunde 4 20&#215;30-Bl\u00e4tter bedrucken, betragen die groben allgemeinen Materialkosten 25 $ und die Arbeitskosten 142 $. Die Gesamtkosten pro Druck w\u00e4hrend des Proofing-Prozesses betragen etwa 41 $. Diese Proofdrucke sind mit SP, PP und BAT gekennzeichnet. Wenn ein K\u00fcnstler sp\u00e4ter entscheidet, dass der Druck gut genug ist, um ein AP- oder Editionsdruck zu sein, berechnen wir den normalen Preis f\u00fcr diesen Druck und ziehen ihn von den Proofing-Geb\u00fchren ab.      <\/p>\n<p class=\"sqsrte-large preFade fadeIn\">K\u00fcnstlerexemplare und Editionsdrucke (finale Drucke) sind unten aufgef\u00fchrt.<\/p>\n<\/div>\n<\/div>\n<\/div>\n<\/div>\t\t\t\t\t\t\t\t<\/div>\n\t\t\t\t<\/div>\n\t\t\t\t\t<\/div>\n\t\t\t\t<\/div>\n\t\t<div class=\"elementor-element elementor-element-22024fa e-grid e-con-full e-con e-child\" data-id=\"22024fa\" data-element_type=\"container\" data-e-type=\"container\">\n\t\t\t\t<div class=\"elementor-element elementor-element-81516e0 elementor-widget elementor-widget-text-editor\" data-id=\"81516e0\" data-element_type=\"widget\" data-e-type=\"widget\" data-widget_type=\"text-editor.default\">\n\t\t\t\t<div class=\"elementor-widget-container\">\n\t\t\t\t\t\t\t\t\t<div class=\"fe-block fe-block-yui_3_17_2_1_1703092516372_12237\"><div id=\"block-yui_3_17_2_1_1703092516372_12237\" class=\"sqs-block html-block sqs-block-html\" data-blend-mode=\"NORMAL\" data-block-type=\"2\" data-border-radii=\"{\"topLeft\":{\"unit\":\"px\",\"value\":0.0},\"topRight\":{\"unit\":\"px\",\"value\":0.0},\"bottomLeft\":{\"unit\":\"px\",\"value\":0.0},\"bottomRight\":{\"unit\":\"px\",\"value\":0.0}}\" data-sqsp-block=\"text\"><div class=\"sqs-block-content\"><div class=\"sqs-html-content\" data-sqsp-text-block-content=\"\"><p class=\"sqsrte-large preFade fadeIn\"><strong>Papierformat<\/strong><\/p><\/div><\/div><\/div><\/div>\t\t\t\t\t\t\t\t<\/div>\n\t\t\t\t<\/div>\n\t\t\t\t<div class=\"elementor-element elementor-element-9610086 elementor-widget elementor-widget-text-editor\" data-id=\"9610086\" data-element_type=\"widget\" data-e-type=\"widget\" data-widget_type=\"text-editor.default\">\n\t\t\t\t<div class=\"elementor-widget-container\">\n\t\t\t\t\t\t\t\t\t<div class=\"fe-block fe-block-eba6c93d4ca31f98913a\"><div id=\"block-eba6c93d4ca31f98913a\" class=\"sqs-block html-block sqs-block-html\" data-blend-mode=\"NORMAL\" data-block-type=\"2\" data-border-radii=\"{\"topLeft\":{\"unit\":\"px\",\"value\":0.0},\"topRight\":{\"unit\":\"px\",\"value\":0.0},\"bottomLeft\":{\"unit\":\"px\",\"value\":0.0},\"bottomRight\":{\"unit\":\"px\",\"value\":0.0}}\" data-sqsp-block=\"text\"><div class=\"sqs-block-content\"><div class=\"sqs-html-content\" data-sqsp-text-block-content=\"\"><p class=\"sqsrte-large preFade fadeIn\"><strong>Menge pro Druck<\/strong><\/p><\/div><\/div><\/div><\/div>\t\t\t\t\t\t\t\t<\/div>\n\t\t\t\t<\/div>\n\t\t\t\t<div class=\"elementor-element elementor-element-9430b31 elementor-widget elementor-widget-text-editor\" data-id=\"9430b31\" data-element_type=\"widget\" data-e-type=\"widget\" data-widget_type=\"text-editor.default\">\n\t\t\t\t<div class=\"elementor-widget-container\">\n\t\t\t\t\t\t\t\t\t<div class=\"fe-block fe-block-eba6c93d4ca31f98913a\"><div id=\"block-eba6c93d4ca31f98913a\" class=\"sqs-block html-block sqs-block-html\" data-blend-mode=\"NORMAL\" data-block-type=\"2\" data-border-radii=\"{\"topLeft\":{\"unit\":\"px\",\"value\":0.0},\"topRight\":{\"unit\":\"px\",\"value\":0.0},\"bottomLeft\":{\"unit\":\"px\",\"value\":0.0},\"bottomRight\":{\"unit\":\"px\",\"value\":0.0}}\" data-sqsp-block=\"text\"><div class=\"sqs-block-content\"><div class=\"sqs-html-content\" data-sqsp-text-block-content=\"\"><p class=\"sqsrte-large preFade fadeIn\"><strong>F\u00e4higkeit<\/strong><\/p><\/div><\/div><\/div><\/div>\t\t\t\t\t\t\t\t<\/div>\n\t\t\t\t<\/div>\n\t\t\t\t<div class=\"elementor-element elementor-element-66ca95b elementor-widget elementor-widget-text-editor\" data-id=\"66ca95b\" data-element_type=\"widget\" data-e-type=\"widget\" data-widget_type=\"text-editor.default\">\n\t\t\t\t<div class=\"elementor-widget-container\">\n\t\t\t\t\t\t\t\t\t<div class=\"fe-block fe-block-eba6c93d4ca31f98913a\"><div id=\"block-eba6c93d4ca31f98913a\" class=\"sqs-block html-block sqs-block-html\" data-blend-mode=\"NORMAL\" data-block-type=\"2\" data-border-radii=\"{\"topLeft\":{\"unit\":\"px\",\"value\":0.0},\"topRight\":{\"unit\":\"px\",\"value\":0.0},\"bottomLeft\":{\"unit\":\"px\",\"value\":0.0},\"bottomRight\":{\"unit\":\"px\",\"value\":0.0}}\" data-sqsp-block=\"text\"><div class=\"sqs-block-content\"><div class=\"sqs-html-content\" data-sqsp-text-block-content=\"\"><p class=\"sqsrte-large preFade fadeIn\"><strong>Kann eine Platte bis zu dieser Gr\u00f6\u00dfe drucken \u2013<\/strong><\/p><\/div><\/div><\/div><\/div>\t\t\t\t\t\t\t\t<\/div>\n\t\t\t\t<\/div>\n\t\t\t\t<\/div>\n\t\t<div class=\"elementor-element elementor-element-a789887 e-grid e-con-full e-con e-child\" data-id=\"a789887\" data-element_type=\"container\" data-e-type=\"container\">\n\t\t\t\t<div class=\"elementor-element elementor-element-3591eef elementor-widget elementor-widget-text-editor\" data-id=\"3591eef\" data-element_type=\"widget\" data-e-type=\"widget\" data-widget_type=\"text-editor.default\">\n\t\t\t\t<div class=\"elementor-widget-container\">\n\t\t\t\t\t\t\t\t\t<div class=\"fe-block fe-block-yui_3_17_2_1_1703092516372_12237\"><div id=\"block-yui_3_17_2_1_1703092516372_12237\" class=\"sqs-block html-block sqs-block-html\" data-blend-mode=\"NORMAL\" data-block-type=\"2\" data-border-radii=\"{\"topLeft\":{\"unit\":\"px\",\"value\":0.0},\"topRight\":{\"unit\":\"px\",\"value\":0.0},\"bottomLeft\":{\"unit\":\"px\",\"value\":0.0},\"bottomRight\":{\"unit\":\"px\",\"value\":0.0}}\" data-sqsp-block=\"text\"><div class=\"sqs-block-content\"><div class=\"sqs-html-content\" data-sqsp-text-block-content=\"\"><p class=\"sqsrte-large preFade fadeIn\">A0 \u2014 32&#215;48\u201d<\/p><p class=\"sqsrte-large preFade fadeIn\">A1 \u2014 22&#215;30\u201d  <\/p><p class=\"sqsrte-large preFade fadeIn\">A2 \u2014 15&#215;22\u201d<\/p><p class=\"sqsrte-large preFade fadeIn\">A3 \u2014 11&#215;15\u201d<\/p><\/div><\/div><\/div><\/div>\t\t\t\t\t\t\t\t<\/div>\n\t\t\t\t<\/div>\n\t\t\t\t<div class=\"elementor-element elementor-element-631949e elementor-widget elementor-widget-text-editor\" data-id=\"631949e\" data-element_type=\"widget\" data-e-type=\"widget\" data-widget_type=\"text-editor.default\">\n\t\t\t\t<div class=\"elementor-widget-container\">\n\t\t\t\t\t\t\t\t\t<div class=\"fe-block fe-block-eba6c93d4ca31f98913a\"><div id=\"block-eba6c93d4ca31f98913a\" class=\"sqs-block html-block sqs-block-html\" data-blend-mode=\"NORMAL\" data-block-type=\"2\" data-border-radii=\"{\"topLeft\":{\"unit\":\"px\",\"value\":0.0},\"topRight\":{\"unit\":\"px\",\"value\":0.0},\"bottomLeft\":{\"unit\":\"px\",\"value\":0.0},\"bottomRight\":{\"unit\":\"px\",\"value\":0.0}}\" data-sqsp-block=\"text\"><div class=\"sqs-block-content\"><div class=\"sqs-html-content\" data-sqsp-text-block-content=\"\"><p class=\"sqsrte-large preFade fadeIn\">375 $ pro Druck<\/p><p class=\"sqsrte-large preFade fadeIn\">200 $ pro Druck<\/p><p class=\"sqsrte-large preFade fadeIn\">120 $ pro Druck<\/p><p class=\"sqsrte-large preFade fadeIn\">85 $ pro Druck<\/p><\/div><\/div><\/div><\/div>\t\t\t\t\t\t\t\t<\/div>\n\t\t\t\t<\/div>\n\t\t\t\t<div class=\"elementor-element elementor-element-4a9c163 elementor-widget elementor-widget-text-editor\" data-id=\"4a9c163\" data-element_type=\"widget\" data-e-type=\"widget\" data-widget_type=\"text-editor.default\">\n\t\t\t\t<div class=\"elementor-widget-container\">\n\t\t\t\t\t\t\t\t\t<div class=\"fe-block fe-block-eba6c93d4ca31f98913a\"><div id=\"block-eba6c93d4ca31f98913a\" class=\"sqs-block html-block sqs-block-html\" data-blend-mode=\"NORMAL\" data-block-type=\"2\" data-border-radii=\"{\"topLeft\":{\"unit\":\"px\",\"value\":0.0},\"topRight\":{\"unit\":\"px\",\"value\":0.0},\"bottomLeft\":{\"unit\":\"px\",\"value\":0.0},\"bottomRight\":{\"unit\":\"px\",\"value\":0.0}}\" data-sqsp-block=\"text\"><div class=\"sqs-block-content\"><div class=\"sqs-html-content\" data-sqsp-text-block-content=\"\"><p class=\"sqsrte-large preFade fadeIn\">1 pro Stunde<\/p><p class=\"sqsrte-large preFade fadeIn\">2 pro Stunde<\/p><p class=\"sqsrte-large preFade fadeIn\">3 pro Stunde<\/p><p class=\"sqsrte-large preFade fadeIn\">4 pro Stunde<\/p><\/div><\/div><\/div><\/div>\t\t\t\t\t\t\t\t<\/div>\n\t\t\t\t<\/div>\n\t\t\t\t<div class=\"elementor-element elementor-element-8047775 elementor-widget elementor-widget-text-editor\" data-id=\"8047775\" data-element_type=\"widget\" data-e-type=\"widget\" data-widget_type=\"text-editor.default\">\n\t\t\t\t<div class=\"elementor-widget-container\">\n\t\t\t\t\t\t\t\t\t<div class=\"fe-block fe-block-eba6c93d4ca31f98913a\"><div id=\"block-eba6c93d4ca31f98913a\" class=\"sqs-block html-block sqs-block-html\" data-blend-mode=\"NORMAL\" data-block-type=\"2\" data-border-radii=\"{\"topLeft\":{\"unit\":\"px\",\"value\":0.0},\"topRight\":{\"unit\":\"px\",\"value\":0.0},\"bottomLeft\":{\"unit\":\"px\",\"value\":0.0},\"bottomRight\":{\"unit\":\"px\",\"value\":0.0}}\" data-sqsp-block=\"text\"><div class=\"sqs-block-content\"><div class=\"sqs-html-content\" data-sqsp-text-block-content=\"\"><p class=\"sqsrte-large preFade fadeIn\">30&#215;41\u201d Platte<\/p><p class=\"sqsrte-large preFade fadeIn\">20&#215;28\u201d Platte<\/p><p class=\"sqsrte-large preFade fadeIn\">13&#215;20\u201d Platte<\/p><p class=\"sqsrte-large preFade fadeIn\">9&#215;13\u201d Platte<\/p><\/div><\/div><\/div><\/div>\t\t\t\t\t\t\t\t<\/div>\n\t\t\t\t<\/div>\n\t\t\t\t<\/div>\n\t\t\t\t\t<\/div>\n\t\t\t\t<\/div>\n\t\t<div class=\"elementor-element elementor-element-a1c9a59 e-flex e-con-boxed e-con e-parent\" data-id=\"a1c9a59\" data-element_type=\"container\" data-e-type=\"container\">\n\t\t\t\t\t<div class=\"e-con-inner\">\n\t\t\t\t<div class=\"elementor-element elementor-element-39d18de elementor-widget elementor-widget-text-editor\" data-id=\"39d18de\" data-element_type=\"widget\" data-e-type=\"widget\" data-widget_type=\"text-editor.default\">\n\t\t\t\t<div class=\"elementor-widget-container\">\n\t\t\t\t\t\t\t\t\t<div class=\"fe-block fe-block-yui_3_17_2_1_1703092516372_12237\"><div id=\"block-yui_3_17_2_1_1703092516372_12237\" class=\"sqs-block html-block sqs-block-html\" data-blend-mode=\"NORMAL\" data-block-type=\"2\" data-border-radii=\"{\"topLeft\":{\"unit\":\"px\",\"value\":0.0},\"topRight\":{\"unit\":\"px\",\"value\":0.0},\"bottomLeft\":{\"unit\":\"px\",\"value\":0.0},\"bottomRight\":{\"unit\":\"px\",\"value\":0.0}}\" data-sqsp-block=\"text\"><div class=\"sqs-block-content\"><div class=\"sqs-html-content\" data-sqsp-text-block-content=\"\"><p class=\"sqsrte-large preFade fadeIn\">Als Innovationstr\u00e4ger im Bereich der Drucktechnologie ist Prints On Paper f\u00fchrend in Bezug auf Effizienz und Qualit\u00e4t. Dies erm\u00f6glicht es uns, Arbeiten sehr schnell und pr\u00e4zise zu editionieren. Nathanael und Walker sind Multi-Seat-Drucker, die sowohl die kollaborative Umgebung als auch die sich wiederholende Natur des Editionsdrucks genie\u00dfen (und ehem . . . Verpackung\/Versand). Es gibt ein sehr hohes Ma\u00df an Nachverfolgung vom ersten Gespr\u00e4ch mit einem K\u00fcnstler bis zum endg\u00fcltigen signierten Druck.   <\/p><\/div><\/div><\/div><\/div>\t\t\t\t\t\t\t\t<\/div>\n\t\t\t\t<\/div>\n\t\t\t\t\t<\/div>\n\t\t\t\t<\/div>\n\t\t<div class=\"elementor-element elementor-element-ea75ac7 e-flex e-con-boxed e-con e-parent\" data-id=\"ea75ac7\" data-element_type=\"container\" data-e-type=\"container\">\n\t\t\t\t\t<div class=\"e-con-inner\">\n\t\t\t\t<div class=\"elementor-element elementor-element-1801dcb elementor-widget elementor-widget-text-editor\" data-id=\"1801dcb\" data-element_type=\"widget\" data-e-type=\"widget\" data-widget_type=\"text-editor.default\">\n\t\t\t\t<div class=\"elementor-widget-container\">\n\t\t\t\t\t\t\t\t\t<div class=\"fe-block fe-block-yui_3_17_2_1_1703092516372_12237\"><div id=\"block-yui_3_17_2_1_1703092516372_12237\" class=\"sqs-block html-block sqs-block-html\" data-blend-mode=\"NORMAL\" data-block-type=\"2\" data-border-radii=\"{\"topLeft\":{\"unit\":\"px\",\"value\":0.0},\"topRight\":{\"unit\":\"px\",\"value\":0.0},\"bottomLeft\":{\"unit\":\"px\",\"value\":0.0},\"bottomRight\":{\"unit\":\"px\",\"value\":0.0}}\" data-sqsp-block=\"text\"><div class=\"sqs-block-content\"><div class=\"sqs-html-content\" data-sqsp-text-block-content=\"\"><p class=\"sqsrte-large preFade fadeIn\">Unsere vorgefertigten Lichtdruckplatten sind von h\u00f6chster verf\u00fcgbarer Qualit\u00e4t. Wir k\u00f6nnen jede Art von Bild individuell drucken. Wir entwickeln unseren Prozess st\u00e4ndig weiter, um unseren Kunden das Bild mit der h\u00f6chsten Aufl\u00f6sung auf ihrer Platte zu liefern. Obwohl es Best Practices f\u00fcr die Bilderstellung f\u00fcr Lichtdruckplatten gibt, stellt die Arbeit mit einem Direct-to-Plate-Workflow im Allgemeinen sicher, dass alle Tonwerte, die Sie auf Ihrem Bildschirm sehen, in Ihrem endg\u00fcltigen \u00c4tzdruck zu sehen sind. Bitte z\u00f6gern Sie nicht, sich zu melden, wenn Sie Fragen haben.    <\/p><p class=\"sqsrte-large preFade fadeIn\">Um unsere Plattenherstellungsdienste zu nutzen, <a href=\"https:\/\/printsonpaper.studio\/de\/intaglio-photogravurplatten\/\">klicken Sie hier.<\/a><\/p><\/div><\/div><\/div><\/div>\t\t\t\t\t\t\t\t<\/div>\n\t\t\t\t<\/div>\n\t\t\t\t\t<\/div>\n\t\t\t\t<\/div>\n\t\t\t\t<\/div>\n\t\t","protected":false},"excerpt":{"rendered":"<p>SCHREIBEN SIE UNS EINE E-MAIL, UM ZU BEGINNEN Der Lichtdruck ist ein eigenst\u00e4ndiges Kunstmedium. Die Arbeit in diesem Medium \u00fcber einen Direct-to-Plate-Workflow erm\u00f6glicht es K\u00fcnstlern, schnell und mit extremer Pr\u00e4zision eine Vielzahl von Markierungen auf Papier aufzubringen. Von fotografisch bis handgezeichnet bietet diese Druckmethode unbegrenzte M\u00f6glichkeiten. Wir sind die Homebase f\u00fcr die Entwicklung und Erweiterung [&hellip;]<\/p>\n","protected":false},"author":1,"featured_media":3567,"parent":0,"menu_order":0,"comment_status":"closed","ping_status":"closed","template":"","meta":{"_acf_changed":false,"footnotes":""},"class_list":["post-3563","page","type-page","status-publish","has-post-thumbnail","hentry"],"acf":[],"_links":{"self":[{"href":"https:\/\/printsonpaper.studio\/de\/wp-json\/wp\/v2\/pages\/3563","targetHints":{"allow":["GET"]}}],"collection":[{"href":"https:\/\/printsonpaper.studio\/de\/wp-json\/wp\/v2\/pages"}],"about":[{"href":"https:\/\/printsonpaper.studio\/de\/wp-json\/wp\/v2\/types\/page"}],"author":[{"embeddable":true,"href":"https:\/\/printsonpaper.studio\/de\/wp-json\/wp\/v2\/users\/1"}],"replies":[{"embeddable":true,"href":"https:\/\/printsonpaper.studio\/de\/wp-json\/wp\/v2\/comments?post=3563"}],"version-history":[{"count":2,"href":"https:\/\/printsonpaper.studio\/de\/wp-json\/wp\/v2\/pages\/3563\/revisions"}],"predecessor-version":[{"id":3604,"href":"https:\/\/printsonpaper.studio\/de\/wp-json\/wp\/v2\/pages\/3563\/revisions\/3604"}],"wp:featuredmedia":[{"embeddable":true,"href":"https:\/\/printsonpaper.studio\/de\/wp-json\/wp\/v2\/media\/3567"}],"wp:attachment":[{"href":"https:\/\/printsonpaper.studio\/de\/wp-json\/wp\/v2\/media?parent=3563"}],"curies":[{"name":"wp","href":"https:\/\/api.w.org\/{rel}","templated":true}]}}