{"id":3576,"date":"2025-08-22T14:32:23","date_gmt":"2025-08-22T18:32:23","guid":{"rendered":"https:\/\/printsonpaper.studio\/verkaufsbedingungen\/"},"modified":"2025-11-03T12:28:43","modified_gmt":"2025-11-03T17:28:43","slug":"verkaufsbedingungen","status":"publish","type":"page","link":"https:\/\/printsonpaper.studio\/de\/verkaufsbedingungen\/","title":{"rendered":"VERKAUFSBEDINGUNGEN"},"content":{"rendered":"\t\t<div data-elementor-type=\"wp-page\" data-elementor-id=\"3576\" class=\"elementor elementor-3576 elementor-1090\" data-elementor-post-type=\"page\">\n\t\t\t\t<div class=\"elementor-element elementor-element-329aef47 e-flex e-con-boxed e-con e-parent\" data-id=\"329aef47\" data-element_type=\"container\" data-e-type=\"container\">\n\t\t\t\t\t<div class=\"e-con-inner\">\n\t\t\t\t<div class=\"elementor-element elementor-element-589764d elementor-widget elementor-widget-text-editor\" data-id=\"589764d\" data-element_type=\"widget\" data-e-type=\"widget\" data-widget_type=\"text-editor.default\">\n\t\t\t\t<div class=\"elementor-widget-container\">\n\t\t\t\t\t\t\t\t\t\n<p><strong>Verkaufsbedingungen (\u201eVCS\u201c) f\u00fcr den Kauf von Drucken von Prints on Paper Studio ApS (\u201ePrints on Paper Studio\u201c, \u201ewir\u201c)<\/strong><\/p>\n\n<p><strong>\u00a7 1 Online-K\u00e4ufe<\/strong><br>1.1 Durch den Kauf von Produkten auf unserer Website erkl\u00e4ren Sie, dass Sie achtzehn (18) Jahre oder \u00e4lter sind und unsere VCS einhalten.<br>1.2 Wir k\u00f6nnen Ihren vollst\u00e4ndigen Namen, Ihre Adresse, E-Mail-Adresse, Telefonnummer (\u201eKundeninformationen\u201c) speichern, jedoch nicht Ihre Kreditkarteninformationen, um Ihre Bestellung und alle anwendbaren R\u00fccksendungen zu bearbeiten. Unsere Verwendung dieser Kundeninformationen unterliegt unserer Datenschutzrichtlinie.<br>1.3 Sie erkennen an und stimmen zu, dass Sie allein f\u00fcr die Richtigkeit Ihrer Kundeninformationen verantwortlich sind. <\/p>\n\n<p><strong>\u00a7 2 Zeitpunkt des Vertragsabschlusses<\/strong><br>2.1 Die Pr\u00e4sentation von Drucken auf unserer Website stellt kein rechtsverbindliches Angebot dar; es handelt sich um einen unverbindlichen Online-Katalog (sog. \u201einvitatio ad offerendum\u201c).<br>2.2 Durch Anklicken des Buttons zur Best\u00e4tigung des Kaufs eines Drucks (\u201eDruck\u201c) gibt der Kunde (\u201eKunde\u201c, \u201eSie\u201c) ein verbindliches Angebot zum Kauf des\/der im Warenkorb enthaltenen Druck(e)s (\u201eBestellung\u201c) ab.<br>2.3 Sie erhalten direkt nach Aufgabe Ihrer Bestellung eine Benachrichtigung \u00fcber Ihre Bestellung per E-Mail (\u201eBestellbenachrichtigung\u201c). Die Bestellbenachrichtigung stellt keine Annahme des Vertrags dar; sie informiert Sie dar\u00fcber, dass Ihre Bestellung eingegangen ist.<br>2.4 Wenn die Bestellung angenommen wird, nimmt Prints on Paper Studio Ihre Bestellung an, indem wir Ihnen innerhalb von f\u00fcnf (5) Werktagen eine E-Mail-Best\u00e4tigung (\u201eBestellbest\u00e4tigung\u201c) zusenden (\u201eVertragsabschluss\u201c).<br>2.5 Prints on Paper Studio beh\u00e4lt sich stets das Recht vor, Ihr Angebot zum Abschluss eines Kaufvertrags anzunehmen oder abzulehnen. Wir k\u00f6nnen nach eigenem Ermessen die pro Person, pro Haushalt oder pro Bestellung gekauften Mengen begrenzen oder stornieren. Diese Beschr\u00e4nkungen k\u00f6nnen Bestellungen umfassen, die von oder unter demselben Kundenkonto, derselben Kreditkarte und\/oder Bestellungen aufgegeben werden, die dieselbe Rechnungs- und\/oder Lieferadresse verwenden. F\u00fcr den Fall, dass wir eine Bestellung \u00e4ndern oder stornieren, k\u00f6nnen wir versuchen, Sie zu benachrichtigen, indem wir die zum Zeitpunkt der Bestellung angegebene E-Mail- und\/oder Rechnungsadresse\/Telefonnummer kontaktieren.    <\/p>\n\n<p><strong>\u00a7 3 Preise \/ Versandkosten<\/strong><br>3.1 Alle Preise f\u00fcr Druck(e) auf unserer Website verstehen sich ohne Mehrwertsteuer. Mehrwertsteuer kann anfallen, wenn Ihre Arbeit in Ihrem Heimatland ankommt.<br>3.2 Die Preise f\u00fcr unsere Drucke k\u00f6nnen sich ohne Vorank\u00fcndigung \u00e4ndern. Wir behalten uns das Recht vor, den Service (oder einen Teil oder Inhalt davon) jederzeit ohne Vorank\u00fcndigung zu \u00e4ndern oder einzustellen.<br>3.3 Wir haften Ihnen oder Dritten gegen\u00fcber nicht f\u00fcr \u00c4nderungen, Preis\u00e4nderungen, Aussetzungen oder die Einstellung des Dienstes.<br>3.4 Die Versandkosten werden zum Zeitpunkt des Verkaufs nach Paketgewicht, Abmessungen, Kurierdienst und Zielort berechnet.<br>3.5 Wenn ein Druck (gerahmt oder ungerahmt) au\u00dferhalb der USA versendet werden soll, fallen f\u00fcr den Kunden zus\u00e4tzliche Einfuhrz\u00f6lle und Steuern usw. an. Bitte beachten Sie, dass grenz\u00fcberschreitende Lieferungen der \u00d6ffnung und Inspektion durch die Zollbeh\u00f6rden unterliegen und dass Sie f\u00fcr Ihre Bestellungen als Importeur gelten und alle Gesetze und Vorschriften des Landes einhalten m\u00fcssen, in das Sie die Objekte einf\u00fchren m\u00f6chten.   <\/p>\n\n<p><strong>\u00a7 4 Zahlungsbedingungen \/ Entsch\u00e4digung<\/strong><br>4.1 Der Gesamtpreis ist sofort nach Best\u00e4tigung Ihres Vertrags f\u00e4llig. In diesem Zusammenhang stellt Prints on Paper Studio eine Rechnung aus.<br>4.2 Sie k\u00f6nnen den gesamten Kaufbetrag und alle damit verbundenen Geldtransfergeb\u00fchren mit den Zahlungsoptionen Ihrer Wahl bezahlen, wie auf unserer Website angegeben.<br>4.3 Sie haben keinen Anspruch auf Entsch\u00e4digung, es sei denn, Ihre Gegenanspr\u00fcche sind rechtsverbindlich oder unbestritten.<br>4.4 Prints on Paper Studio beh\u00e4lt sich das Eigentum an jedem gelieferten Werk vor, bis wir die vollst\u00e4ndige Zahlung erhalten haben. <\/p>\n\n<p><strong>\u00a7 5 Lieferung<\/strong><br>5.1 Der\/die Druck(e) wird\/werden innerhalb von 5 \u2013 7 Werktagen nach Vertragsabschluss versendet.<br>5.2 Sofern nichts anderes vereinbart wurde, erfolgt die Lieferung an die vom Kunden bei der Bestellung angegebene Adresse. Wenn die Lieferung durch ein Versandunternehmen erfolgt, werden wir den Kunden kontaktieren, um einen konkreten Liefertermin zu vereinbaren. Dementsprechend muss der Kunde die korrekte Telefonnummer und E-Mail-Adresse angeben.<br>5.3 Wenn die Lieferung an den Kunden nicht m\u00f6glich ist, entweder weil das zu liefernde Werk nicht durch die Eingangst\u00fcr, Haust\u00fcr oder das Treppenhaus des Kunden passt oder weil der Kunde nicht an der angegebenen Lieferadresse anwesend ist, obwohl die Lieferzeit dem Kunden mit angemessener Frist angek\u00fcndigt wurde, haftet der Kunde f\u00fcr die Kosten der erfolglosen Lieferung und alle Kosten f\u00fcr die R\u00fccksendung des Werks an Prints on Paper Studio.  <\/p>\n\n<p><strong>\u00a7 6 Widerrufsrecht \/ R\u00fcckgaberecht<\/strong><br>6.1 Wenn Sie mit einem Produkt, das Sie auf unserer Website kaufen, aus irgendeinem Grund unzufrieden sind, haben Sie als Verbraucher das Recht, es innerhalb von vierzehn (14) Tagen zu widerrufen.<br>6.2 Um eine R\u00fccksendung einzuleiten, setzen Sie sich bitte zuerst unter hello@printsonpaper.studio mit uns in Verbindung, um Vorkehrungen zu treffen.<br>6.3 Nach Mitteilung des Widerrufs hat der Kunde vierzehn (14) Tage Zeit, den\/die Druck(e) sicher verpackt im Originalzustand und in der Originalverpackung zusammen mit dem Lieferschein zur\u00fcckzusenden.<br>6.4 Wenn der Grund f\u00fcr die R\u00fccksendung auf einen Fehler von uns zur\u00fcckzuf\u00fchren ist oder wenn der Artikel besch\u00e4digt wurde, bevor er den Kunden erreicht hat, erstatten wir den vollen Betrag. Wenn der Grund f\u00fcr die R\u00fccksendung nicht auf einen Fehler von uns zur\u00fcckzuf\u00fchren ist, erstatten wir den vollen f\u00fcr den\/die Druck(e) gezahlten Betrag ohne die Versandkosten.<br>6.5 Die Versandkosten f\u00fcr R\u00fccksendungen sind vom Kunden zu tragen.  Wir empfehlen die Nutzung eines Versanddienstes mit Sendungsverfolgung f\u00fcr die R\u00fccksendung. In jedem Fall erfolgt eine vollst\u00e4ndige R\u00fcckerstattung (ohne oder einschlie\u00dflich Versandkosten) nur nach sicherer R\u00fccksendung des\/der Druck(e)s an unsere Einrichtung in den USA.<br>6.6 Bitte senden Sie das Paket an die folgende Adresse:<br>Prints on Paper Studio, 1243 Walbridge Rd, Cabot VT 05647 +1 (802) 222-0150<br>6.7 Wenn Sie weitere Fragen zu unseren R\u00fcckgabebedingungen haben, senden Sie uns bitte eine E-Mail an hello@printsonpaper.studio <\/p>\n\n<p><strong>\u00a7 7 Versicherung \/ Verpackung \/ Zustand \/ Handhabung<\/strong><br>7.1 Alle \u00fcber unsere Website gekauften Drucke werden mit Transportversicherung versendet und sind stets ordnungsgem\u00e4\u00df verpackt, um einen sicheren Versand zu gew\u00e4hrleisten.<br>7.2 Wir haben uns nach besten Kr\u00e4ften bem\u00fcht, die Bilder der Drucke auf unserer Website so genau wie m\u00f6glich in Bezug auf Farben und Abmessungen darzustellen. Wir k\u00f6nnen nicht garantieren, dass die Anzeige einer Farbe auf Ihrem Computermonitor korrekt ist. Abweichungen in Farbe und Gr\u00f6\u00dfe von den Bildern auf unserer Website sind m\u00f6glich und stellen keine M\u00e4ngel dar.<br>7.3 Jeder Lieferung liegt eine allgemeine Handhabungsanweisung bei. Bitte befolgen Sie die Anweisungen in unserer Handhabungsanweisung, um Sch\u00e4den an dem\/den Druck(en) zu vermeiden.   <\/p>\n<p><br><strong>\u00a7 8 Salvatorische Klausel \/ \u00c4nderung der Bedingungen<\/strong><br>8.1 Wir behalten uns das Recht vor, jederzeit \u00c4nderungen an unserer Website, unseren Bestimmungen und Bedingungen, einschlie\u00dflich dieser VCS, vorzunehmen. Die VCS und die Allgemeinen Gesch\u00e4ftsbedingungen (\u201eAGB\u201c) \u2013 die Sie hier finden und die durch Bezugnahme hierin aufgenommen werden, als w\u00e4ren sie vollst\u00e4ndig hierin dargelegt \u2013 die zum Zeitpunkt der Bestellung in Kraft sind, gelten f\u00fcr Ihre Bestellung, es sei denn, eine \u00c4nderung dieser Bedingungen ist auf ein Gesetz oder eine beh\u00f6rdliche Anordnung zur\u00fcckzuf\u00fchren (in diesem Fall gelten die \u00c4nderungen auch f\u00fcr die Bestellungen, die Sie zuvor aufgegeben haben).<br>8.2 Sollte eine Bestimmung dieser VCS oder unserer AGB ganz oder teilweise unwirksam oder undurchsetzbar sein oder sollten diese VCS oder unsere AGB L\u00fccken enthalten, so bleibt die G\u00fcltigkeit der \u00fcbrigen Bestimmungen dieser VCS und unserer AGB davon unber\u00fchrt. Die unwirksame oder undurchsetzbare Bestimmung ist, soweit m\u00f6glich, durch gesetzliche Bestimmungen zu ersetzen. Gleiches gilt im Falle von Regelungsl\u00fccken.<br>8.3 Diese VCS und unsere AGB werden von Prints on Paper Studio nach Abschluss des Vertrags nicht gespeichert. Sie sind in ihrer aktuellen Form hier verf\u00fcgbar.    <\/p>\n\t\t\t\t\t\t\t\t<\/div>\n\t\t\t\t<\/div>\n\t\t\t\t\t<\/div>\n\t\t\t\t<\/div>\n\t\t\t\t<\/div>\n\t\t","protected":false},"excerpt":{"rendered":"<p>Verkaufsbedingungen (\u201eVCS\u201c) f\u00fcr den Kauf von Drucken von Prints on Paper Studio ApS (\u201ePrints on Paper Studio\u201c, \u201ewir\u201c) \u00a7 1 Online-K\u00e4ufe1.1 Durch den Kauf von Produkten auf unserer Website erkl\u00e4ren Sie, dass Sie achtzehn (18) Jahre oder \u00e4lter sind und unsere VCS einhalten.1.2 Wir k\u00f6nnen Ihren vollst\u00e4ndigen Namen, Ihre Adresse, E-Mail-Adresse, Telefonnummer (\u201eKundeninformationen\u201c) speichern, jedoch [&hellip;]<\/p>\n","protected":false},"author":1,"featured_media":0,"parent":0,"menu_order":0,"comment_status":"closed","ping_status":"closed","template":"","meta":{"_acf_changed":false,"footnotes":""},"class_list":["post-3576","page","type-page","status-publish","hentry"],"acf":[],"_links":{"self":[{"href":"https:\/\/printsonpaper.studio\/de\/wp-json\/wp\/v2\/pages\/3576","targetHints":{"allow":["GET"]}}],"collection":[{"href":"https:\/\/printsonpaper.studio\/de\/wp-json\/wp\/v2\/pages"}],"about":[{"href":"https:\/\/printsonpaper.studio\/de\/wp-json\/wp\/v2\/types\/page"}],"author":[{"embeddable":true,"href":"https:\/\/printsonpaper.studio\/de\/wp-json\/wp\/v2\/users\/1"}],"replies":[{"embeddable":true,"href":"https:\/\/printsonpaper.studio\/de\/wp-json\/wp\/v2\/comments?post=3576"}],"version-history":[{"count":9,"href":"https:\/\/printsonpaper.studio\/de\/wp-json\/wp\/v2\/pages\/3576\/revisions"}],"predecessor-version":[{"id":3607,"href":"https:\/\/printsonpaper.studio\/de\/wp-json\/wp\/v2\/pages\/3576\/revisions\/3607"}],"wp:attachment":[{"href":"https:\/\/printsonpaper.studio\/de\/wp-json\/wp\/v2\/media?parent=3576"}],"curies":[{"name":"wp","href":"https:\/\/api.w.org\/{rel}","templated":true}]}}