{"id":3584,"date":"2025-06-24T17:46:24","date_gmt":"2025-06-24T21:46:24","guid":{"rendered":"https:\/\/printsonpaper.studio\/home\/"},"modified":"2025-11-12T09:50:54","modified_gmt":"2025-11-12T14:50:54","slug":"home","status":"publish","type":"page","link":"https:\/\/printsonpaper.studio\/de\/","title":{"rendered":"STARTSEITE"},"content":{"rendered":"\t\t<div data-elementor-type=\"wp-page\" data-elementor-id=\"3584\" class=\"elementor elementor-3584 elementor-143\" data-elementor-post-type=\"page\">\n\t\t\t\t<div class=\"elementor-element elementor-element-20455b4 e-con-full e-flex e-con e-parent\" data-id=\"20455b4\" data-element_type=\"container\" data-e-type=\"container\">\n\t\t\t\t<div class=\"elementor-element elementor-element-cf41a21 elementor-widget__width-inherit elementor-arrows-position-inside elementor-widget elementor-widget-n-carousel\" data-id=\"cf41a21\" data-element_type=\"widget\" data-e-type=\"widget\" data-settings=\"{&quot;carousel_items&quot;:[{&quot;slide_title&quot;:&quot;LUIS GONZALEZ PALMA&quot;,&quot;_id&quot;:&quot;7d30d29&quot;}],&quot;slides_to_show&quot;:&quot;1&quot;,&quot;slides_to_scroll&quot;:&quot;1&quot;,&quot;autoplay_speed&quot;:20000,&quot;slides_to_show_tablet&quot;:&quot;1&quot;,&quot;slides_to_show_mobile&quot;:&quot;1&quot;,&quot;autoplay&quot;:&quot;yes&quot;,&quot;pause_on_interaction&quot;:&quot;yes&quot;,&quot;infinite&quot;:&quot;yes&quot;,&quot;speed&quot;:500,&quot;offset_sides&quot;:&quot;none&quot;,&quot;arrows&quot;:&quot;yes&quot;,&quot;image_spacing_custom&quot;:{&quot;unit&quot;:&quot;px&quot;,&quot;size&quot;:10,&quot;sizes&quot;:[]},&quot;image_spacing_custom_tablet&quot;:{&quot;unit&quot;:&quot;px&quot;,&quot;size&quot;:&quot;&quot;,&quot;sizes&quot;:[]},&quot;image_spacing_custom_mobile&quot;:{&quot;unit&quot;:&quot;px&quot;,&quot;size&quot;:&quot;&quot;,&quot;sizes&quot;:[]}}\" data-widget_type=\"nested-carousel.default\">\n\t\t\t\t<div class=\"elementor-widget-container\">\n\t\t\t\t\t\t\t<div class=\"e-n-carousel swiper\" role=\"region\" aria-roledescription=\"carousel\" aria-label=\"Carousel\" dir=\"ltr\">\n\t\t\t<div class=\"swiper-wrapper\" aria-live=\"off\">\n\t\t\t\t\t\t\t\t\t\t<div class=\"swiper-slide\" data-slide=\"1\" role=\"group\" aria-roledescription=\"slide\" aria-label=\"1 von 1\">\n\t\t\t\t\t\t\t<div class=\"elementor-element elementor-element-f5c97c1 e-con-full e-flex e-con e-child\" data-id=\"f5c97c1\" data-element_type=\"container\" data-e-type=\"container\" data-settings=\"{&quot;background_background&quot;:&quot;video&quot;,&quot;background_video_link&quot;:&quot;https:\\\/\\\/printsonpaper.studio\\\/wp-content\\\/uploads\\\/2025\\\/09\\\/IMG_9078.mp4&quot;,&quot;background_play_on_mobile&quot;:&quot;yes&quot;}\">\n\t\t<div class=\"elementor-background-video-container\">\n\t\t\t\t\t\t\t<video class=\"elementor-background-video-hosted\" role=\"presentation\" autoplay muted playsinline loop><\/video>\n\t\t\t\t\t<\/div><div class=\"elementor-element elementor-element-8d4fc1d e-con-full e-flex e-con e-child\" data-id=\"8d4fc1d\" data-element_type=\"container\" data-e-type=\"container\">\n\t\t\t\t<div class=\"elementor-element elementor-element-17d2ba8 elementor-widget elementor-widget-heading\" data-id=\"17d2ba8\" data-element_type=\"widget\" data-e-type=\"widget\" data-widget_type=\"heading.default\">\n\t\t\t\t<div class=\"elementor-widget-container\">\n\t\t\t\t\t<h3 class=\"elementor-heading-title elementor-size-default\"><a href=\"https:\/\/printsonpaper.studio\/de\/workshops\/\">JETZT BUCHUNG F\u00dcR 2026<\/a><\/h3>\t\t\t\t<\/div>\n\t\t\t\t<\/div>\n\t\t\t\t<div class=\"elementor-element elementor-element-848f9e2 elementor-widget elementor-widget-heading\" data-id=\"848f9e2\" data-element_type=\"widget\" data-e-type=\"widget\" data-widget_type=\"heading.default\">\n\t\t\t\t<div class=\"elementor-widget-container\">\n\t\t\t\t\t<h2 class=\"elementor-heading-title elementor-size-default\"><a href=\"https:\/\/printsonpaper.studio\/de\/workshops\/\">PHOTOGRAVUR-WORKSHOPS<\/a><\/h2>\t\t\t\t<\/div>\n\t\t\t\t<\/div>\n\t\t\t\t<div class=\"elementor-element elementor-element-9cf0aea elementor-align-center elementor-widget elementor-widget-button\" data-id=\"9cf0aea\" data-element_type=\"widget\" data-e-type=\"widget\" data-widget_type=\"button.default\">\n\t\t\t\t<div class=\"elementor-widget-container\">\n\t\t\t\t\t\t\t\t\t<div class=\"elementor-button-wrapper\">\n\t\t\t\t\t<a class=\"elementor-button elementor-button-link elementor-size-sm\" href=\"https:\/\/printsonpaper.studio\/de\/workshops\/\" target=\"_blank\">\n\t\t\t\t\t\t<span class=\"elementor-button-content-wrapper\">\n\t\t\t\t\t\t\t\t\t<span class=\"elementor-button-text\">ANSEHEN<\/span>\n\t\t\t\t\t<\/span>\n\t\t\t\t\t<\/a>\n\t\t\t\t<\/div>\n\t\t\t\t\t\t\t\t<\/div>\n\t\t\t\t<\/div>\n\t\t\t\t<\/div>\n\t\t\t\t<\/div>\n\t\t\t\t\t\t\t\t<\/div>\n\t\t\t\t\t\t\t\t<\/div>\n\t\t<\/div>\n\t\t\t\t\t\t<\/div>\n\t\t\t\t<\/div>\n\t\t\t\t<\/div>\n\t\t<div class=\"elementor-element elementor-element-d48a3bc e-flex e-con-boxed e-con e-parent\" data-id=\"d48a3bc\" data-element_type=\"container\" data-e-type=\"container\" data-settings=\"{&quot;background_background&quot;:&quot;classic&quot;}\">\n\t\t\t\t\t<div class=\"e-con-inner\">\n\t\t\t\t<div class=\"elementor-element elementor-element-798976f elementor-widget elementor-widget-text-editor\" data-id=\"798976f\" data-element_type=\"widget\" data-e-type=\"widget\" data-widget_type=\"text-editor.default\">\n\t\t\t\t<div class=\"elementor-widget-container\">\n\t\t\t\t\t\t\t\t\t<div class=\"fe-block fe-block-4a1c756b445d15752fc8\"><div id=\"block-4a1c756b445d15752fc8\" class=\"sqs-block html-block sqs-block-html\" data-blend-mode=\"NORMAL\" data-block-type=\"2\" data-border-radii=\"{\"topLeft\":{\"unit\":\"px\",\"value\":0.0},\"topRight\":{\"unit\":\"px\",\"value\":0.0},\"bottomLeft\":{\"unit\":\"px\",\"value\":0.0},\"bottomRight\":{\"unit\":\"px\",\"value\":0.0}}\" data-sqsp-block=\"text\"><div class=\"sqs-block-content\"><div class=\"sqs-html-content\" data-sqsp-text-block-content=\"\"><h2 class=\"preScale scaleIn\" style=\"text-align: center;\"> <\/h2><\/div><\/div><\/div><\/div><div class=\"fe-block fe-block-yui_3_17_2_1_1708390579518_5901\" style=\"text-align: center;\"><div id=\"block-yui_3_17_2_1_1708390579518_5901\" class=\"sqs-block html-block sqs-block-html\" data-blend-mode=\"NORMAL\" data-block-type=\"2\" data-border-radii=\"{\"topLeft\":{\"unit\":\"px\",\"value\":0.0},\"topRight\":{\"unit\":\"px\",\"value\":0.0},\"bottomLeft\":{\"unit\":\"px\",\"value\":0.0},\"bottomRight\":{\"unit\":\"px\",\"value\":0.0}}\" data-sqsp-block=\"text\"><div class=\"sqs-block-content\"><div class=\"sqs-html-content\" data-sqsp-text-block-content=\"\"><div class=\"sqsrte-scaled-text-container loaded\"><h1 class=\"preScale scaleIn\"><span style=\"color: #ffffff;\"><strong>Innovative kollaborative Druckgrafik<\/strong><\/span><\/h1><\/div><\/div><\/div><\/div><\/div><div class=\"fe-block fe-block-a3c0e285c760707e3ec4\"><div id=\"block-a3c0e285c760707e3ec4\" class=\"sqs-block html-block sqs-block-html\" data-blend-mode=\"NORMAL\" data-block-type=\"2\" data-border-radii=\"{\"topLeft\":{\"unit\":\"px\",\"value\":0.0},\"topRight\":{\"unit\":\"px\",\"value\":0.0},\"bottomLeft\":{\"unit\":\"px\",\"value\":0.0},\"bottomRight\":{\"unit\":\"px\",\"value\":0.0}}\" data-sqsp-block=\"text\"><div class=\"sqs-block-content\"><div class=\"sqs-html-content\" data-sqsp-text-block-content=\"\"><p class=\"sqsrte-large preFade fadeIn\" style=\"text-align: center;\"><span style=\"color: #ffffff;\">Bei Prints on Paper sind wir auf Fotogravurdruck, Fotogravurplatten, Filmscanning, Workshops, ultrabreiten digitalen Tintenstrahldruck und Verlagswesen spezialisiert.<\/span><\/p><p class=\"preFade fadeIn\" style=\"text-align: center;\"><span style=\"color: #ffffff;\">txt\/voice: <a style=\"color: #ffffff;\" href=\"tel:8022220150\" target=\"_blank\" rel=\"noopener\"> (802) 222-<\/a><a style=\"color: #ffffff;\" href=\"sms:8022220150\" target=\"_blank\" rel=\"noopener\">0150<\/a><\/span><br><span style=\"color: #ffffff;\">dm: <a style=\"color: #ffffff;\" href=\"https:\/\/instagram.com\/printsonpaper_studio\" target=\"_blank\" rel=\"noopener\">@printsonpaper_studio<\/a><\/span><br><span style=\"color: #ffffff;\">E-Mail: <a style=\"color: #ffffff;\" href=\"mailto:hello@printsonpaper.studio\">hello@printsonpaper.studio<\/a><\/span><br><span style=\"color: #ffffff;\">Adresse: 1243-A Walbridge Rd, Cabot VT 05647<\/span><\/p><\/div><\/div><\/div><\/div>\t\t\t\t\t\t\t\t<\/div>\n\t\t\t\t<\/div>\n\t\t\t\t\t<\/div>\n\t\t\t\t<\/div>\n\t\t<div class=\"elementor-element elementor-element-b54a6d1 e-flex e-con-boxed e-con e-parent\" data-id=\"b54a6d1\" data-element_type=\"container\" data-e-type=\"container\" data-settings=\"{&quot;background_background&quot;:&quot;classic&quot;}\">\n\t\t\t\t\t<div class=\"e-con-inner\">\n\t\t\t\t<div class=\"elementor-element elementor-element-745b2e9 elementor-widget elementor-widget-shortcode\" data-id=\"745b2e9\" data-element_type=\"widget\" data-e-type=\"widget\" data-widget_type=\"shortcode.default\">\n\t\t\t\t<div class=\"elementor-widget-container\">\n\t\t\t\t\t\t\t<div class=\"elementor-shortcode\"><div id=\"trustindex-feed-container-instagram-6369d0d7abf1085\"><\/div><\/div>\n\t\t\t\t\t\t<\/div>\n\t\t\t\t<\/div>\n\t\t\t\t\t<\/div>\n\t\t\t\t<\/div>\n\t\t<div class=\"elementor-element elementor-element-4551244 e-flex e-con-boxed e-con e-parent\" data-id=\"4551244\" data-element_type=\"container\" data-e-type=\"container\" data-settings=\"{&quot;background_background&quot;:&quot;classic&quot;}\">\n\t\t\t\t\t<div class=\"e-con-inner\">\n\t\t<div class=\"elementor-element elementor-element-f259fd8 e-con-full e-flex e-con e-child\" data-id=\"f259fd8\" data-element_type=\"container\" data-e-type=\"container\">\n\t\t\t\t<div class=\"elementor-element elementor-element-73ae952 elementor-widget__width-initial elementor-widget elementor-widget-text-editor\" data-id=\"73ae952\" data-element_type=\"widget\" data-e-type=\"widget\" data-widget_type=\"text-editor.default\">\n\t\t\t\t<div class=\"elementor-widget-container\">\n\t\t\t\t\t\t\t\t\t<div class=\"fe-block fe-block-4a1c756b445d15752fc8\"><div id=\"block-4a1c756b445d15752fc8\" class=\"sqs-block html-block sqs-block-html\" style=\"text-align: left;\" data-blend-mode=\"NORMAL\" data-block-type=\"2\" data-border-radii=\"{\"topLeft\":{\"unit\":\"px\",\"value\":0.0},\"topRight\":{\"unit\":\"px\",\"value\":0.0},\"bottomLeft\":{\"unit\":\"px\",\"value\":0.0},\"bottomRight\":{\"unit\":\"px\",\"value\":0.0}}\" data-sqsp-block=\"text\"><div class=\"sqs-block-content\"><div class=\"sqs-html-content\" data-sqsp-text-block-content=\"\"><p class=\"preScale scaleIn\"><span style=\"color: #ffffff;\">Wir haben uns der Schaffung einer einladenden und integrativen Umgebung f\u00fcr alle verschrieben. Wir sind LGBTQ+-freundlich und <em>gr\u00f6\u00dftenteils<\/em> behindertengerecht. Am Ende einer Stra\u00dfe auf der Blackwell Roots Farm gelegen, sind wir kinderfreundlich und hei\u00dfen K\u00fcnstler mit Familien willkommen. Besuchen Sie uns auf unserer Farm und tauchen Sie ein in die Freude am Drucken ohne die Ablenkungen des Stadtlebens. Unsere Mission ist es, K\u00fcnstlern zu helfen, sch\u00f6ne Drucke zu erstellen, das Leben zu genie\u00dfen und ein starkes Gemeinschaftsgef\u00fchl zu f\u00f6rdern.     <\/span><\/p><\/div><\/div><\/div><\/div>\t\t\t\t\t\t\t\t<\/div>\n\t\t\t\t<\/div>\n\t\t\t\t<\/div>\n\t\t<div class=\"elementor-element elementor-element-03b8916 e-con-full e-flex e-con e-child\" data-id=\"03b8916\" data-element_type=\"container\" data-e-type=\"container\">\n\t\t\t\t<div class=\"elementor-element elementor-element-7186582 elementor-widget elementor-widget-image\" data-id=\"7186582\" data-element_type=\"widget\" data-e-type=\"widget\" data-widget_type=\"image.default\">\n\t\t\t\t<div class=\"elementor-widget-container\">\n\t\t\t\t\t\t\t\t\t\t\t\t\t\t\t<img fetchpriority=\"high\" decoding=\"async\" width=\"300\" height=\"168\" src=\"https:\/\/printsonpaper.studio\/wp-content\/uploads\/2025\/10\/safe-space-300x168.webp\" class=\"attachment-medium size-medium wp-image-3587\" alt=\"\" srcset=\"https:\/\/printsonpaper.studio\/wp-content\/uploads\/2025\/10\/safe-space-300x168.webp 300w, https:\/\/printsonpaper.studio\/wp-content\/uploads\/2025\/10\/safe-space-768x430.webp 768w, https:\/\/printsonpaper.studio\/wp-content\/uploads\/2025\/10\/safe-space-800x448.webp 800w, https:\/\/printsonpaper.studio\/wp-content\/uploads\/2025\/10\/safe-space-600x336.webp 600w, https:\/\/printsonpaper.studio\/wp-content\/uploads\/2025\/10\/safe-space.webp 902w\" sizes=\"(max-width: 300px) 100vw, 300px\" \/>\t\t\t\t\t\t\t\t\t\t\t\t\t\t\t<\/div>\n\t\t\t\t<\/div>\n\t\t\t\t<div class=\"elementor-element elementor-element-72566a5 elementor-widget elementor-widget-image\" data-id=\"72566a5\" data-element_type=\"widget\" data-e-type=\"widget\" data-widget_type=\"image.default\">\n\t\t\t\t<div class=\"elementor-widget-container\">\n\t\t\t\t\t\t\t\t\t\t\t\t\t\t\t<img decoding=\"async\" width=\"300\" height=\"178\" src=\"https:\/\/printsonpaper.studio\/wp-content\/uploads\/2025\/10\/blm-300x178.webp\" class=\"attachment-medium size-medium wp-image-3586\" alt=\"\" srcset=\"https:\/\/printsonpaper.studio\/wp-content\/uploads\/2025\/10\/blm-300x178.webp 300w, https:\/\/printsonpaper.studio\/wp-content\/uploads\/2025\/10\/blm-768x455.webp 768w, https:\/\/printsonpaper.studio\/wp-content\/uploads\/2025\/10\/blm-800x474.webp 800w, https:\/\/printsonpaper.studio\/wp-content\/uploads\/2025\/10\/blm-600x355.webp 600w, https:\/\/printsonpaper.studio\/wp-content\/uploads\/2025\/10\/blm.webp 1000w\" sizes=\"(max-width: 300px) 100vw, 300px\" \/>\t\t\t\t\t\t\t\t\t\t\t\t\t\t\t<\/div>\n\t\t\t\t<\/div>\n\t\t\t\t<\/div>\n\t\t\t\t\t<\/div>\n\t\t\t\t<\/div>\n\t\t\t\t<\/div>\n\t\t","protected":false},"excerpt":{"rendered":"<p>JETZT BUCHUNG F\u00dcR 2026 PHOTOGRAVUR-WORKSHOPS ANSEHEN JETZT BUCHUNG F\u00dcR 2026 PHOTOGRAVUR-WORKSHOPS ANSEHEN Innovative kollaborative Druckgrafik Bei Prints on Paper sind wir auf Fotogravurdruck, Fotogravurplatten, Filmscanning, Workshops, ultrabreiten digitalen Tintenstrahldruck und Verlagswesen spezialisiert. txt\/voice: (802) 222-0150dm: @printsonpaper_studioE-Mail: hello@printsonpaper.studioAdresse: 1243-A Walbridge Rd, Cabot VT 05647 Wir haben uns der Schaffung einer einladenden und integrativen Umgebung f\u00fcr alle [&hellip;]<\/p>\n","protected":false},"author":1,"featured_media":0,"parent":0,"menu_order":0,"comment_status":"closed","ping_status":"closed","template":"elementor_header_footer","meta":{"_acf_changed":false,"footnotes":""},"class_list":["post-3584","page","type-page","status-publish","hentry"],"acf":[],"_links":{"self":[{"href":"https:\/\/printsonpaper.studio\/de\/wp-json\/wp\/v2\/pages\/3584","targetHints":{"allow":["GET"]}}],"collection":[{"href":"https:\/\/printsonpaper.studio\/de\/wp-json\/wp\/v2\/pages"}],"about":[{"href":"https:\/\/printsonpaper.studio\/de\/wp-json\/wp\/v2\/types\/page"}],"author":[{"embeddable":true,"href":"https:\/\/printsonpaper.studio\/de\/wp-json\/wp\/v2\/users\/1"}],"replies":[{"embeddable":true,"href":"https:\/\/printsonpaper.studio\/de\/wp-json\/wp\/v2\/comments?post=3584"}],"version-history":[{"count":8,"href":"https:\/\/printsonpaper.studio\/de\/wp-json\/wp\/v2\/pages\/3584\/revisions"}],"predecessor-version":[{"id":4047,"href":"https:\/\/printsonpaper.studio\/de\/wp-json\/wp\/v2\/pages\/3584\/revisions\/4047"}],"wp:attachment":[{"href":"https:\/\/printsonpaper.studio\/de\/wp-json\/wp\/v2\/media?parent=3584"}],"curies":[{"name":"wp","href":"https:\/\/api.w.org\/{rel}","templated":true}]}}