{"id":3596,"date":"2025-08-22T13:56:26","date_gmt":"2025-08-22T17:56:26","guid":{"rendered":"https:\/\/printsonpaper.studio\/datenschutzerklaerung\/"},"modified":"2025-11-03T12:28:43","modified_gmt":"2025-11-03T17:28:43","slug":"datenschutzerklaerung","status":"publish","type":"page","link":"https:\/\/printsonpaper.studio\/de\/datenschutzerklaerung\/","title":{"rendered":"DATENSCHUTZERKL\u00c4RUNG"},"content":{"rendered":"\t\t<div data-elementor-type=\"wp-page\" data-elementor-id=\"3596\" class=\"elementor elementor-3596 elementor-1056\" data-elementor-post-type=\"page\">\n\t\t\t\t<div class=\"elementor-element elementor-element-5f86c34c e-flex e-con-boxed e-con e-parent\" data-id=\"5f86c34c\" data-element_type=\"container\" data-e-type=\"container\">\n\t\t\t\t\t<div class=\"e-con-inner\">\n\t\t\t\t<div class=\"elementor-element elementor-element-557fa535 elementor-widget elementor-widget-text-editor\" data-id=\"557fa535\" data-element_type=\"widget\" data-e-type=\"widget\" data-widget_type=\"text-editor.default\">\n\t\t\t\t<div class=\"elementor-widget-container\">\n\t\t\t\t\t\t\t\t\t<p><strong>PRINTS ON PAPER STUDIO LLC (POPS)<\/strong><br>Diese Datenschutzerkl\u00e4rung legt dar, wie POPS alle Informationen verwendet und sch\u00fctzt, die Sie POPS geben, wenn Sie diese Website nutzen oder sich f\u00fcr unsere Newsletter anmelden. POPS verpflichtet sich, den Schutz Ihrer Privatsph\u00e4re gem\u00e4\u00df den gesetzlichen Bestimmungen zu gew\u00e4hrleisten. <\/p>\n<p><\/p>\n<p><strong>DATENVERANTWORTLICHER<\/strong><br>Prints on Paper Studio<br>1243 Walbridge Rd,<br>Cabot VT 05647<br>hello@printsonpaper.studio<br>+1 (802) 222-0150<\/p>\n<p><\/p>\n<p><strong>INFORMATIONEN, DIE WIR \u00dcBER SIE SAMMELN K\u00d6NNEN<\/strong><br>Wir k\u00f6nnen die folgenden Daten \u00fcber Sie sammeln und verarbeiten:<\/p>\n<p><\/p>\n<p>Informationen, die Sie durch das Ausf\u00fcllen von Formularen auf der Website oder das Abonnieren des Newsletters bereitstellen.<br>Informationen, die Sie uns bei der Korrespondenz mit uns geben: Name, Adresse, Telefonnummer und E-Mail-Adresse.<br>Verlauf Ihrer fr\u00fcheren K\u00e4ufe. Wir speichern die Informationen in unserem internen Aufzeichnungssystem.<br>Details Ihrer Besuche auf der Website und der Ressourcen, auf die Sie zugreifen. <\/p>\n<p><strong>VERWENDUNG DER VON UNS GESAMMELTEN INFORMATIONEN<\/strong><br>Wir k\u00f6nnen die \u00fcber Sie gespeicherten Informationen f\u00fcr die folgenden Zwecke verwenden:<\/p>\n<p><\/p>\n<p>f\u00fcr die Verwaltung und Pflege der Website und die interne Aufzeichnung<br>um Ihnen Informationen zukommen zu lassen, die Sie bei uns angefordert haben (einschlie\u00dflich des Newsletters oder anderer Marketinginformationen)<br>um auf Ihre Anfragen zu antworten<br>um unsere Verpflichtungen aus zwischen Ihnen und uns geschlossenen Vertr\u00e4gen zu erf\u00fcllen<br>zur Einhaltung gesetzlicher Verpflichtungen oder zum Schutz und zur Durchsetzung rechtlicher Anspr\u00fcche<br>im Zusammenhang mit einem Verkauf unseres Unternehmens oder unserer Verm\u00f6genswerte<\/p>\n<p><\/p>\n<p><strong>WEITERGABE IHRER INFORMATIONEN<\/strong><br>Wir k\u00f6nnen Ihre pers\u00f6nlichen Informationen zu den unten genannten Zwecken an Dritte weitergeben:<\/p>\n<p><\/p>\n<p>Unsere verbundenen Unternehmen, Dienstleister, professionellen Berater, potenzielle K\u00e4ufer unseres Unternehmens oder unserer Verm\u00f6genswerte oder andere Dritte k\u00f6nnen, soweit gesetzlich vorgeschrieben oder zul\u00e4ssig, Zugang zu Ihren pers\u00f6nlichen Identifikationsinformationen haben. Wir verkaufen, handeln oder vermieten Ihre pers\u00f6nlichen Identifikationsinformationen jedoch nicht an Dritte. <\/p>\n<p><\/p>\n<p><strong>LINKS ZU ANDEREN WEBSITES<\/strong><br>Wir sind nicht verantwortlich f\u00fcr den Inhalt oder die Links, die auf den Websites und Diensten unserer Partner, Lieferanten, Werbetreibenden, Sponsoren, Lizenzgeber und anderer Dritter erscheinen. Wir kontrollieren auch nicht die Praktiken von Websites, die mit unserer Website verlinkt sind oder von dieser verlinken. <\/p>\n<p><\/p>\n<p><strong>ABMELDUNG<\/strong><br>Wenn Sie Abonnent unseres Newsletters sind und keine weiteren mehr erhalten m\u00f6chten, finden Sie detaillierte Abmeldeanweisungen am Ende jedes Newsletters. Alternativ k\u00f6nnen Sie uns auch per E-Mail an hello@printsonpaper.studio benachrichtigen. In bestimmten Situationen haben Sie das Recht, die L\u00f6schung Ihrer pers\u00f6nlichen Daten zu verlangen.  <\/p>\n<p><\/p>\n<p><strong>UNSERE KONTAKTDATEN<\/strong><br>Wenn Sie Fragen haben oder Informationen, die wir \u00fcber Sie gespeichert haben, korrigieren m\u00f6chten, z\u00f6gern Sie bitte nicht, uns unter hello@printsonpaper.studio zu kontaktieren. Wir werden unser Bestes tun, um umgehend zu antworten. <\/p>\n<p><\/p>\n<p><strong>\u00c4NDERUNGEN UNSERER DATENSCHUTZERKL\u00c4RUNG<\/strong><br>Wir k\u00f6nnen diese Datenschutzerkl\u00e4rung von Zeit zu Zeit \u00e4ndern.<\/p>\n<p><\/p>\t\t\t\t\t\t\t\t<\/div>\n\t\t\t\t<\/div>\n\t\t\t\t\t<\/div>\n\t\t\t\t<\/div>\n\t\t\t\t<\/div>\n\t\t","protected":false},"excerpt":{"rendered":"<p>PRINTS ON PAPER STUDIO LLC (POPS)Diese Datenschutzerkl\u00e4rung legt dar, wie POPS alle Informationen verwendet und sch\u00fctzt, die Sie POPS geben, wenn Sie diese Website nutzen oder sich f\u00fcr unsere Newsletter anmelden. POPS verpflichtet sich, den Schutz Ihrer Privatsph\u00e4re gem\u00e4\u00df den gesetzlichen Bestimmungen zu gew\u00e4hrleisten. DATENVERANTWORTLICHERPrints on Paper Studio1243 Walbridge Rd,Cabot VT 05647hello@printsonpaper.studio+1 (802) 222-0150 INFORMATIONEN, [&hellip;]<\/p>\n","protected":false},"author":1,"featured_media":0,"parent":0,"menu_order":0,"comment_status":"closed","ping_status":"closed","template":"","meta":{"_acf_changed":false,"footnotes":""},"class_list":["post-3596","page","type-page","status-publish","hentry"],"acf":[],"_links":{"self":[{"href":"https:\/\/printsonpaper.studio\/de\/wp-json\/wp\/v2\/pages\/3596","targetHints":{"allow":["GET"]}}],"collection":[{"href":"https:\/\/printsonpaper.studio\/de\/wp-json\/wp\/v2\/pages"}],"about":[{"href":"https:\/\/printsonpaper.studio\/de\/wp-json\/wp\/v2\/types\/page"}],"author":[{"embeddable":true,"href":"https:\/\/printsonpaper.studio\/de\/wp-json\/wp\/v2\/users\/1"}],"replies":[{"embeddable":true,"href":"https:\/\/printsonpaper.studio\/de\/wp-json\/wp\/v2\/comments?post=3596"}],"version-history":[{"count":5,"href":"https:\/\/printsonpaper.studio\/de\/wp-json\/wp\/v2\/pages\/3596\/revisions"}],"predecessor-version":[{"id":3611,"href":"https:\/\/printsonpaper.studio\/de\/wp-json\/wp\/v2\/pages\/3596\/revisions\/3611"}],"wp:attachment":[{"href":"https:\/\/printsonpaper.studio\/de\/wp-json\/wp\/v2\/media?parent=3596"}],"curies":[{"name":"wp","href":"https:\/\/api.w.org\/{rel}","templated":true}]}}