{"id":3617,"date":"2025-09-05T21:48:15","date_gmt":"2025-09-06T01:48:15","guid":{"rendered":"https:\/\/printsonpaper.studio\/workshops\/"},"modified":"2025-12-09T10:08:31","modified_gmt":"2025-12-09T15:08:31","slug":"workshops","status":"publish","type":"page","link":"https:\/\/printsonpaper.studio\/de\/workshops\/","title":{"rendered":"Workshops"},"content":{"rendered":"\t\t<div data-elementor-type=\"wp-page\" data-elementor-id=\"3617\" class=\"elementor elementor-3617 elementor-1723\" data-elementor-post-type=\"page\">\n\t\t\t\t<div class=\"elementor-element elementor-element-c54b9ef e-flex e-con-boxed e-con e-parent\" data-id=\"c54b9ef\" data-element_type=\"container\" data-e-type=\"container\">\n\t\t\t\t\t<div class=\"e-con-inner\">\n\t\t\t\t<div class=\"elementor-element elementor-element-b9e455c elementor-widget elementor-widget-text-editor\" data-id=\"b9e455c\" data-element_type=\"widget\" data-e-type=\"widget\" data-widget_type=\"text-editor.default\">\n\t\t\t\t<div class=\"elementor-widget-container\">\n\t\t\t\t\t\t\t\t\t\n<p>Die Photogravur-Workshops bei Prints on Paper bieten eine umfassende und praxisorientierte Schulung, die sowohl grundlegende als auch fortgeschrittene Techniken umfasst. In diesen Workshops werden modernste Platten verwendet, um den Teilnehmern ein umfassendes Verst\u00e4ndnis des Photogravurverfahrens zu vermitteln. <\/p>\n\t\t\t\t\t\t\t\t<\/div>\n\t\t\t\t<\/div>\n\t\t\t\t\t<\/div>\n\t\t\t\t<\/div>\n\t\t<div class=\"elementor-element elementor-element-19c1b4e3 e-flex e-con-boxed e-con e-parent\" data-id=\"19c1b4e3\" data-element_type=\"container\" data-e-type=\"container\">\n\t\t\t\t\t<div class=\"e-con-inner\">\n\t\t\t\t<div class=\"elementor-element elementor-element-4121ad0 elementor-widget elementor-widget-button\" data-id=\"4121ad0\" data-element_type=\"widget\" data-e-type=\"widget\" data-widget_type=\"button.default\">\n\t\t\t\t<div class=\"elementor-widget-container\">\n\t\t\t\t\t\t\t\t\t<div class=\"elementor-button-wrapper\">\n\t\t\t\t\t<a class=\"elementor-button elementor-button-link elementor-size-sm\" href=\"https:\/\/printsonpaper.studio\/de\/store\/p\/photogravure-viertaegiger-workshop-450-anzahlung-1800-gesamt\/\">\n\t\t\t\t\t\t<span class=\"elementor-button-content-wrapper\">\n\t\t\t\t\t\t\t\t\t<span class=\"elementor-button-text\">JETZT BUCHEN F\u00dcR 2026<\/span>\n\t\t\t\t\t<\/span>\n\t\t\t\t\t<\/a>\n\t\t\t\t<\/div>\n\t\t\t\t\t\t\t\t<\/div>\n\t\t\t\t<\/div>\n\t\t\t\t\t<\/div>\n\t\t\t\t<\/div>\n\t\t<div class=\"elementor-element elementor-element-473213f e-flex e-con-boxed e-con e-parent\" data-id=\"473213f\" data-element_type=\"container\" data-e-type=\"container\">\n\t\t\t\t\t<div class=\"e-con-inner\">\n\t\t<div class=\"elementor-element elementor-element-6890c9f e-con-full e-flex e-con e-child\" data-id=\"6890c9f\" data-element_type=\"container\" data-e-type=\"container\">\n\t\t\t\t<div class=\"elementor-element elementor-element-d75f20a elementor-widget elementor-widget-video\" data-id=\"d75f20a\" data-element_type=\"widget\" data-e-type=\"widget\" data-settings=\"{&quot;video_type&quot;:&quot;hosted&quot;,&quot;autoplay&quot;:&quot;yes&quot;,&quot;mute&quot;:&quot;yes&quot;,&quot;loop&quot;:&quot;yes&quot;,&quot;controls&quot;:&quot;yes&quot;}\" data-widget_type=\"video.default\">\n\t\t\t\t<div class=\"elementor-widget-container\">\n\t\t\t\t\t\t\t<div class=\"e-hosted-video elementor-wrapper elementor-open-inline\">\n\t\t\t\t\t<video class=\"elementor-video\" src=\"https:\/\/printsonpaper.studio\/wp-content\/uploads\/2025\/10\/IMG_9034.mp4\" autoplay=\"\" loop=\"\" controls=\"\" muted=\"muted\" controlsList=\"nodownload\"><\/video>\n\t\t\t\t<\/div>\n\t\t\t\t\t\t<\/div>\n\t\t\t\t<\/div>\n\t\t\t\t<\/div>\n\t\t<div class=\"elementor-element elementor-element-1cf2e78 e-con-full e-flex e-con e-child\" data-id=\"1cf2e78\" data-element_type=\"container\" data-e-type=\"container\">\n\t\t\t\t<div class=\"elementor-element elementor-element-039f0c5 elementor-widget elementor-widget-video\" data-id=\"039f0c5\" data-element_type=\"widget\" data-e-type=\"widget\" data-settings=\"{&quot;video_type&quot;:&quot;hosted&quot;,&quot;autoplay&quot;:&quot;yes&quot;,&quot;mute&quot;:&quot;yes&quot;,&quot;loop&quot;:&quot;yes&quot;,&quot;controls&quot;:&quot;yes&quot;}\" data-widget_type=\"video.default\">\n\t\t\t\t<div class=\"elementor-widget-container\">\n\t\t\t\t\t\t\t<div class=\"e-hosted-video elementor-wrapper elementor-open-inline\">\n\t\t\t\t\t<video class=\"elementor-video\" src=\"https:\/\/printsonpaper.studio\/wp-content\/uploads\/2025\/10\/IMG_9040.mp4\" autoplay=\"\" loop=\"\" controls=\"\" muted=\"muted\" controlsList=\"nodownload\"><\/video>\n\t\t\t\t<\/div>\n\t\t\t\t\t\t<\/div>\n\t\t\t\t<\/div>\n\t\t\t\t<\/div>\n\t\t<div class=\"elementor-element elementor-element-b3c2748 e-con-full e-flex e-con e-child\" data-id=\"b3c2748\" data-element_type=\"container\" data-e-type=\"container\">\n\t\t\t\t<div class=\"elementor-element elementor-element-8d926a8 elementor-widget elementor-widget-video\" data-id=\"8d926a8\" data-element_type=\"widget\" data-e-type=\"widget\" data-settings=\"{&quot;video_type&quot;:&quot;hosted&quot;,&quot;autoplay&quot;:&quot;yes&quot;,&quot;mute&quot;:&quot;yes&quot;,&quot;loop&quot;:&quot;yes&quot;,&quot;controls&quot;:&quot;yes&quot;}\" data-widget_type=\"video.default\">\n\t\t\t\t<div class=\"elementor-widget-container\">\n\t\t\t\t\t\t\t<div class=\"e-hosted-video elementor-wrapper elementor-open-inline\">\n\t\t\t\t\t<video class=\"elementor-video\" src=\"https:\/\/printsonpaper.studio\/wp-content\/uploads\/2025\/10\/IMG_9046.mp4\" autoplay=\"\" loop=\"\" controls=\"\" muted=\"muted\" controlsList=\"nodownload\"><\/video>\n\t\t\t\t<\/div>\n\t\t\t\t\t\t<\/div>\n\t\t\t\t<\/div>\n\t\t\t\t<\/div>\n\t\t<div class=\"elementor-element elementor-element-d7d7897 e-con-full e-flex e-con e-child\" data-id=\"d7d7897\" data-element_type=\"container\" data-e-type=\"container\">\n\t\t\t\t<div class=\"elementor-element elementor-element-6a1bb40 elementor-widget elementor-widget-video\" data-id=\"6a1bb40\" data-element_type=\"widget\" data-e-type=\"widget\" data-settings=\"{&quot;video_type&quot;:&quot;hosted&quot;,&quot;autoplay&quot;:&quot;yes&quot;,&quot;mute&quot;:&quot;yes&quot;,&quot;loop&quot;:&quot;yes&quot;,&quot;controls&quot;:&quot;yes&quot;}\" data-widget_type=\"video.default\">\n\t\t\t\t<div class=\"elementor-widget-container\">\n\t\t\t\t\t\t\t<div class=\"e-hosted-video elementor-wrapper elementor-open-inline\">\n\t\t\t\t\t<video class=\"elementor-video\" src=\"https:\/\/printsonpaper.studio\/wp-content\/uploads\/2025\/10\/IMG_1220.mp4\" autoplay=\"\" loop=\"\" controls=\"\" muted=\"muted\" controlsList=\"nodownload\"><\/video>\n\t\t\t\t<\/div>\n\t\t\t\t\t\t<\/div>\n\t\t\t\t<\/div>\n\t\t\t\t<\/div>\n\t\t\t\t\t<\/div>\n\t\t\t\t<\/div>\n\t\t<div class=\"elementor-element elementor-element-a50c2c8 e-flex e-con-boxed e-con e-parent\" data-id=\"a50c2c8\" data-element_type=\"container\" data-e-type=\"container\">\n\t\t\t\t\t<div class=\"e-con-inner\">\n\t\t\t\t<div class=\"elementor-element elementor-element-cf9ddcc elementor-widget elementor-widget-text-editor\" data-id=\"cf9ddcc\" data-element_type=\"widget\" data-e-type=\"widget\" data-widget_type=\"text-editor.default\">\n\t\t\t\t<div class=\"elementor-widget-container\">\n\t\t\t\t\t\t\t\t\t<div class=\"product-excerpt\">\n<p class=\"preFade fadeIn\" data-rte-preserve-empty=\"true\">In diesem viert\u00e4gigen Intensiv-Workshop zur Photogravur tauchen wir tief in die Feinheiten dieses einzigartigen Mediums ein. Die Teilnehmer beginnen mit einem Satz von zehn vorgefertigten Platten und beginnen sofort am ersten Tag mit verschiedenen Gravur-Drucktechniken zu experimentieren. Im Laufe des Workshops erhalten die Teilnehmer die M\u00f6glichkeit, eine zweite Charge von Platten zu erstellen und auf ihre bereits gedruckten Bilder zu reagieren. Diese praktische Erfahrung hilft dabei, Best Practices f\u00fcr die Bildgebung von kontrastarmen Medien wie dem Gravurdruck zu etablieren.   <\/p>\n<p class=\"p1 preFade fadeIn\" data-rte-preserve-empty=\"true\">Der Workshop umfasst eine Reihe komplexer Techniken, darunter die Herstellung von Tinte, Mehrplatten-Druck, Chin\u00e9-Colle, \u00c0 la poup\u00e9e und verschiedene Papiere. Die Teilnehmer erhalten ein breiteres Verst\u00e4ndnis des Mediums und lernen von einem professionellen Studio. Als druckorientierter Workshop ist es das Ziel, eine betr\u00e4chtliche Anzahl von Drucken zu erhalten. Obwohl es sich nicht um eine umfassende Anleitung zum Aufbau eines Plattendruckstudios handelt, bietet es eine solide Grundlage in traditionellen Drucktechniken, die auf unsere digitalen Gravurplatten angewendet werden, die bei Prints on Paper erstellt wurden. Dar\u00fcber hinaus erlernen die Teilnehmer wichtige Photoshop-Kenntnisse f\u00fcr die Arbeit mit kontrastarmen Medien. Die im Workshop erworbenen Techniken und Kenntnisse erm\u00f6glichen es den Teilnehmern, in ihrer k\u00fcnstlerischen Praxis erfolgreich zu sein.     <\/p>\n<p class=\"p1 preFade fadeIn\" data-rte-preserve-empty=\"true\">Jeder Teilnehmer hat zudem die M\u00f6glichkeit, nach dem Workshop ein <b><i>kostenloses<\/i><\/b> Remote-Studio-Setup mit uns einzurichten, falls er seine Platten selbst drucken m\u00f6chte. Remote-Studio-Setups sind der beste Weg, um den Plattendruck erfolgreich zu etablieren. Und es ist ratsam, zuerst zu wissen, wie man Abz\u00fcge von diesen Platten anfertigt, indem man den viert\u00e4gigen Workshop hier besucht.  <\/p>\n<\/div>\n<div class=\"product-variants sqs-site-style-form preFade fadeIn\" data-animation-role=\"content\">\n<div class=\"form-wrapper\">\n<div class=\"form-inner-wrapper\">\n<form class=\"react-form-contents\">\n<div class=\"field-list\">\n<div class=\"variant-option\">&nbsp;<\/div>\n<\/div>\n<\/form>\n<\/div>\n<\/div>\n<\/div>\n<p><\/p>\t\t\t\t\t\t\t\t<\/div>\n\t\t\t\t<\/div>\n\t\t<div class=\"elementor-element elementor-element-f2283ae e-con-full e-flex e-con e-child\" data-id=\"f2283ae\" data-element_type=\"container\" data-e-type=\"container\">\n\t\t\t\t<div class=\"elementor-element elementor-element-7195638 elementor-widget elementor-widget-button\" data-id=\"7195638\" data-element_type=\"widget\" data-e-type=\"widget\" data-widget_type=\"button.default\">\n\t\t\t\t<div class=\"elementor-widget-container\">\n\t\t\t\t\t\t\t\t\t<div class=\"elementor-button-wrapper\">\n\t\t\t\t\t<a class=\"elementor-button elementor-button-link elementor-size-sm\" href=\"https:\/\/printsonpaper.studio\/de\/store\/p\/photogravure-viertaegiger-workshop-450-anzahlung-1800-gesamt\/\">\n\t\t\t\t\t\t<span class=\"elementor-button-content-wrapper\">\n\t\t\t\t\t\t\t\t\t<span class=\"elementor-button-text\">JETZT ANMELDEN<\/span>\n\t\t\t\t\t<\/span>\n\t\t\t\t\t<\/a>\n\t\t\t\t<\/div>\n\t\t\t\t\t\t\t\t<\/div>\n\t\t\t\t<\/div>\n\t\t\t\t<\/div>\n\t\t\t\t\t<\/div>\n\t\t\t\t<\/div>\n\t\t<div class=\"elementor-element elementor-element-2c3c8fe e-flex e-con-boxed e-con e-parent\" data-id=\"2c3c8fe\" data-element_type=\"container\" data-e-type=\"container\">\n\t\t\t\t\t<div class=\"e-con-inner\">\n\t\t<div class=\"elementor-element elementor-element-49c5701 e-con-full e-flex e-con e-child\" data-id=\"49c5701\" data-element_type=\"container\" data-e-type=\"container\">\n\t\t\t\t<div class=\"elementor-element elementor-element-ef0ec94 elementor-widget elementor-widget-text-editor\" data-id=\"ef0ec94\" data-element_type=\"widget\" data-e-type=\"widget\" data-widget_type=\"text-editor.default\">\n\t\t\t\t<div class=\"elementor-widget-container\">\n\t\t\t\t\t\t\t\t\t<div class=\"product-excerpt\">\n<div class=\"accordion-icon-container\" data-is-open=\"false\" aria-hidden=\"true\">\n<div class=\"plus\">\n<h3 class=\"plus__vertical-line\">Platten inbegriffen<\/h3>\n<div class=\"plus__vertical-line\">Wir drucken alles, was auf eine 31\u00d742-Masterplatte passt, solange jede Platte kleiner als 16\u00d720 ist. Zum Beispiel k\u00f6nnen Sie etwa 16 6\u00d79-Zoll-Platten drucken. Der gesamte restliche Plattdruck w\u00e4hrend des Workshops erfolgt nur zum Materialpreis.   <\/div>\n<\/div>\n<\/div>\n<\/div>\n<p><\/p>\t\t\t\t\t\t\t\t<\/div>\n\t\t\t\t<\/div>\n\t\t\t\t<\/div>\n\t\t<div class=\"elementor-element elementor-element-94ab68a e-con-full e-flex e-con e-child\" data-id=\"94ab68a\" data-element_type=\"container\" data-e-type=\"container\">\n\t\t\t\t<div class=\"elementor-element elementor-element-4c62552 elementor-widget elementor-widget-text-editor\" data-id=\"4c62552\" data-element_type=\"widget\" data-e-type=\"widget\" data-widget_type=\"text-editor.default\">\n\t\t\t\t<div class=\"elementor-widget-container\">\n\t\t\t\t\t\t\t\t\t<div class=\"product-excerpt\">\n<div class=\"accordion-icon-container\" data-is-open=\"false\" aria-hidden=\"true\">\n<div class=\"plus\">\n<div class=\"accordion-icon-container\" data-is-open=\"false\" aria-hidden=\"true\">\n<div class=\"plus\">\n<h3>R\u00fcckerstattungsrichtlinien<\/h3>\n<div class=\"plus__vertical-line\">Im Moment verwenden wir die Workshop-Einnahmen, um den Bau des Studios abzuschlie\u00dfen. Leider k\u00f6nnen wir zu diesem Zeitpunkt keine R\u00fcckerstattungen gew\u00e4hren. Aber wenn Sie einen Workshop gebucht haben, k\u00f6nnen Sie ihn jederzeit auf einen anderen Termin verschieben oder f\u00fcr die kundenspezifische Plattenproduktion oder Fernunterricht verwenden. Lassen Sie uns wissen, wenn Sie Fragen haben!   <\/div>\n<\/div>\n<\/div>\n<\/div>\n<\/div>\n<\/div>\n<p><\/p>\t\t\t\t\t\t\t\t<\/div>\n\t\t\t\t<\/div>\n\t\t\t\t<\/div>\n\t\t<div class=\"elementor-element elementor-element-3780734 e-con-full e-flex e-con e-child\" data-id=\"3780734\" data-element_type=\"container\" data-e-type=\"container\">\n\t\t\t\t<div class=\"elementor-element elementor-element-0d968d0 elementor-widget elementor-widget-text-editor\" data-id=\"0d968d0\" data-element_type=\"widget\" data-e-type=\"widget\" data-widget_type=\"text-editor.default\">\n\t\t\t\t<div class=\"elementor-widget-container\">\n\t\t\t\t\t\t\t\t\t<div class=\"product-excerpt\">\n<div class=\"accordion-icon-container\" data-is-open=\"false\" aria-hidden=\"true\">\n<div class=\"plus\">\n<div class=\"accordion-icon-container\" data-is-open=\"false\" aria-hidden=\"true\">\n<div class=\"plus\">\n<h3>Erfahrungslevel<\/h3>\n<div class=\"plus__vertical-line\">Sie ben\u00f6tigen keine Vorkenntnisse, um an diesem Workshop teilzunehmen!<\/div>\n<\/div>\n<\/div>\n<\/div>\n<\/div>\n<\/div>\n<p><\/p>\t\t\t\t\t\t\t\t<\/div>\n\t\t\t\t<\/div>\n\t\t\t\t<\/div>\n\t\t<div class=\"elementor-element elementor-element-d312595 e-con-full e-flex e-con e-child\" data-id=\"d312595\" data-element_type=\"container\" data-e-type=\"container\">\n\t\t\t\t<div class=\"elementor-element elementor-element-917bb34 elementor-widget elementor-widget-text-editor\" data-id=\"917bb34\" data-element_type=\"widget\" data-e-type=\"widget\" data-widget_type=\"text-editor.default\">\n\t\t\t\t<div class=\"elementor-widget-container\">\n\t\t\t\t\t\t\t\t\t<div class=\"product-excerpt\">\n<div class=\"accordion-icon-container\" data-is-open=\"false\" aria-hidden=\"true\">\n<div class=\"plus\">\n<div class=\"accordion-icon-container\" data-is-open=\"false\" aria-hidden=\"true\">\n<div class=\"plus\">\n<h3>Was Sie mitbringen sollten<\/h3>\n<div class=\"plus__vertical-line\">Bringen Sie eine Festplatte mit digitalen Dateien (Fotos, Vektoren, Scans, was auch immer). Bringen Sie Originalarbeiten mit, wenn Sie diese scannen und bearbeiten m\u00f6chten. Bringen Sie einen Laptop und alle Monitoradapter mit, die Sie haben.   \ud83d\ude42<\/div>\n<\/div>\n<\/div>\n<\/div>\n<\/div>\n<\/div>\n<p><\/p>\t\t\t\t\t\t\t\t<\/div>\n\t\t\t\t<\/div>\n\t\t\t\t<\/div>\n\t\t<div class=\"elementor-element elementor-element-1c3072e e-con-full e-flex e-con e-child\" data-id=\"1c3072e\" data-element_type=\"container\" data-e-type=\"container\">\n\t\t\t\t<div class=\"elementor-element elementor-element-0a82f62 elementor-widget elementor-widget-text-editor\" data-id=\"0a82f62\" data-element_type=\"widget\" data-e-type=\"widget\" data-widget_type=\"text-editor.default\">\n\t\t\t\t<div class=\"elementor-widget-container\">\n\t\t\t\t\t\t\t\t\t<div>\n<div data-is-open=\"false\" aria-hidden=\"true\">\n<div>\n<div data-is-open=\"false\" aria-hidden=\"true\">\n<div>\n<h3>Essen, Nachtleben &amp; Lebensmittel<\/h3>\n<div>\n<p><strong>The Village Restaurant,<\/strong> Hardwick VT: Eine Art gehobenes Diner (ideal f\u00fcr Fr\u00fchst\u00fcck\/Brunch), 11,9 Meilen entfernt<br>https:\/\/www.facebook.com\/VillageRestaurantHardwick\/menu\/?ref=page_internal<\/p>\n<p><strong>Front Seat Coffee,<\/strong> Hardwick VT: Tolles Caf\u00e9!! Scones usw., 11,9 Meilen entfernt <\/p>\n<p><strong>Positive Pie,<\/strong> Hardwick, Hardwick VT: Pizza, italienisches Essen, 11,8 Meilen entfernt<\/p>\n<p><strong>Positive Pie,<\/strong> Plainfield VT: Pizza, italienisches Essen, tolle Bar, Open Mic am Dienstag, 11,4 Meilen entfernt<\/p>\n<p><strong>The Den,<\/strong> Cabot VT: Musiklokal, Bar, Caf\u00e9, Mittag-\/Abendessen, auch ein Baumarkt, Innenstadt von Cabot, 3,6 Meilen entfernt<\/p>\n<p><strong>Out Spice Cafe,<\/strong> Plainfield VT: Neues Caf\u00e9 in Plainfield, tolle Bagels und Lachs, ge\u00f6ffnet bis 14:00 Uhr. 11,4 Meilen entfernt <\/p>\n<p><strong>Fox Market,<\/strong> East Montpelier VT: Ganzt\u00e4giger bis sp\u00e4tabendlicher Treffpunkt, Bar, Lebensmittel, Feinkostladen usw. Offizieller LGBTQIA-Safe Space. 20,9 Meilen entfernt  <\/p>\n<p><strong>Plainfield Coop,<\/strong> Plainfield VT: Bio- und lose Lebensmittel, Produkte usw., 11,4 Meilen entfernt<\/p>\n<p><strong>Cabot General Store:<\/strong> Klassischer Vermont-Gemischtwarenladen mit Fr\u00fchst\u00fccksbr\u00f6tchen. Hat auch manchmal billigen Cabot-K\u00e4se, 3,6 Meilen entfernt <\/p>\n<p><strong>Buffalo Mountain Market:<\/strong> (Lebensmittel, Feinkostladen, rundum ein toller Ort), 11,8 Meilen entfernt https:\/\/buffalomountaincoop.org\/<\/p>\n<p><strong>Tops:<\/strong> (Lebensmittel), 12,1 Meilen entfernt<\/p>\n<\/div>\n<\/div>\n<\/div>\n<\/div>\n<\/div>\n<\/div>\n<p><\/p>\t\t\t\t\t\t\t\t<\/div>\n\t\t\t\t<\/div>\n\t\t\t\t<\/div>\n\t\t<div class=\"elementor-element elementor-element-99f53d8 e-con-full e-flex e-con e-child\" data-id=\"99f53d8\" data-element_type=\"container\" data-e-type=\"container\">\n\t\t\t\t<div class=\"elementor-element elementor-element-1bf028e elementor-widget elementor-widget-text-editor\" data-id=\"1bf028e\" data-element_type=\"widget\" data-e-type=\"widget\" data-widget_type=\"text-editor.default\">\n\t\t\t\t<div class=\"elementor-widget-container\">\n\t\t\t\t\t\t\t\t\t<div>\n<div data-is-open=\"false\" aria-hidden=\"true\">\n<div data-is-open=\"false\" aria-hidden=\"true\">\n<h3>Unterk\u00fcnfte<\/h3>\n<div>\n<p><span style=\"text-decoration: underline;\"><a href=\"https:\/\/www.airbnb.com\/s\/1243-Walbridge-Road--Cabot--VT\/homes?refinement_paths%5B%5D=%2Fhomes&amp;place_id=ChIJkYbPUm60tUwRVbN6QOxuPz4&amp;acp_id=t-g-ChIJkYbPUm60tUwRVbN6QOxuPz4&amp;date_picker_type=calendar&amp;source=structured_search_input_header&amp;search_type=autocomplete_click\">AirBnB<\/a><\/span><\/p>\n<p><span style=\"text-decoration: underline;\"><a href=\"https:\/\/www.hotels.com\/Hotel-Search?destination=Cabot%2C%20Vermont%2C%20United%20States%20of%20America&amp;regionId=3000459597&amp;latLong=44.401451%2C-72.312317&amp;flexibility=4_DAY_LOWER&amp;flexibility=5_DAY_UPPER&amp;d1=2025-10-23&amp;d2=2025-10-24&amp;adults=2&amp;rooms=1&amp;sort=RECOMMENDED&amp;theme=&amp;userIntent=&amp;semdtl=&amp;categorySearch=&amp;useRewards=false&amp;children=&amp;pwaDialog=&amp;searchRange=2025-10-01_2025-10-31&amp;searchRange=2025-11-01_2025-11-30&amp;daysInFuture&amp;stayLength\">Hotels<\/a><\/span><\/p>\n<\/div>\n<\/div>\n<\/div>\n<\/div>\n<p><\/p>\t\t\t\t\t\t\t\t<\/div>\n\t\t\t\t<\/div>\n\t\t<div class=\"elementor-element elementor-element-c939040 e-con-full e-flex e-con e-child\" data-id=\"c939040\" data-element_type=\"container\" data-e-type=\"container\">\n\t\t\t\t<div class=\"elementor-element elementor-element-41796d4 elementor-widget elementor-widget-button\" data-id=\"41796d4\" data-element_type=\"widget\" data-e-type=\"widget\" data-widget_type=\"button.default\">\n\t\t\t\t<div class=\"elementor-widget-container\">\n\t\t\t\t\t\t\t\t\t<div class=\"elementor-button-wrapper\">\n\t\t\t\t\t<a class=\"elementor-button elementor-button-link elementor-size-sm\" href=\"mailto:hello@printsonpaper.studio\">\n\t\t\t\t\t\t<span class=\"elementor-button-content-wrapper\">\n\t\t\t\t\t\t\t\t\t<span class=\"elementor-button-text\">NOCH FRAGEN? SCHREIBEN SIE UNS EINE E-MAIL <\/span>\n\t\t\t\t\t<\/span>\n\t\t\t\t\t<\/a>\n\t\t\t\t<\/div>\n\t\t\t\t\t\t\t\t<\/div>\n\t\t\t\t<\/div>\n\t\t\t\t<\/div>\n\t\t\t\t<\/div>\n\t\t\t\t\t<\/div>\n\t\t\t\t<\/div>\n\t\t\t\t<\/div>\n\t\t","protected":false},"excerpt":{"rendered":"<p>Die Photogravur-Workshops bei Prints on Paper bieten eine umfassende und praxisorientierte Schulung, die sowohl grundlegende als auch fortgeschrittene Techniken umfasst. In diesen Workshops werden modernste Platten verwendet, um den Teilnehmern ein umfassendes Verst\u00e4ndnis des Photogravurverfahrens zu vermitteln. JETZT BUCHEN F\u00dcR 2026 https:\/\/printsonpaper.studio\/wp-content\/uploads\/2025\/10\/IMG_9034.mp4https:\/\/printsonpaper.studio\/wp-content\/uploads\/2025\/10\/IMG_9040.mp4https:\/\/printsonpaper.studio\/wp-content\/uploads\/2025\/10\/IMG_9046.mp4https:\/\/printsonpaper.studio\/wp-content\/uploads\/2025\/10\/IMG_1220.mp4 In diesem viert\u00e4gigen Intensiv-Workshop zur Photogravur tauchen wir tief in die Feinheiten dieses [&hellip;]<\/p>\n","protected":false},"author":1,"featured_media":3553,"parent":0,"menu_order":0,"comment_status":"closed","ping_status":"closed","template":"","meta":{"_acf_changed":false,"footnotes":""},"class_list":["post-3617","page","type-page","status-publish","has-post-thumbnail","hentry"],"acf":[],"_links":{"self":[{"href":"https:\/\/printsonpaper.studio\/de\/wp-json\/wp\/v2\/pages\/3617","targetHints":{"allow":["GET"]}}],"collection":[{"href":"https:\/\/printsonpaper.studio\/de\/wp-json\/wp\/v2\/pages"}],"about":[{"href":"https:\/\/printsonpaper.studio\/de\/wp-json\/wp\/v2\/types\/page"}],"author":[{"embeddable":true,"href":"https:\/\/printsonpaper.studio\/de\/wp-json\/wp\/v2\/users\/1"}],"replies":[{"embeddable":true,"href":"https:\/\/printsonpaper.studio\/de\/wp-json\/wp\/v2\/comments?post=3617"}],"version-history":[{"count":13,"href":"https:\/\/printsonpaper.studio\/de\/wp-json\/wp\/v2\/pages\/3617\/revisions"}],"predecessor-version":[{"id":4213,"href":"https:\/\/printsonpaper.studio\/de\/wp-json\/wp\/v2\/pages\/3617\/revisions\/4213"}],"wp:featuredmedia":[{"embeddable":true,"href":"https:\/\/printsonpaper.studio\/de\/wp-json\/wp\/v2\/media\/3553"}],"wp:attachment":[{"href":"https:\/\/printsonpaper.studio\/de\/wp-json\/wp\/v2\/media?parent=3617"}],"curies":[{"name":"wp","href":"https:\/\/api.w.org\/{rel}","templated":true}]}}