{"id":3453,"date":"2025-09-09T13:09:35","date_gmt":"2025-09-09T17:09:35","guid":{"rendered":"https:\/\/printsonpaper.studio\/store\/p\/den-meister-drucken-albrecht-duerers-melencolia-i\/"},"modified":"2025-09-09T13:09:35","modified_gmt":"2025-09-09T17:09:35","slug":"den-meister-drucken-albrecht-duerers-melencolia-i","status":"publish","type":"product","link":"https:\/\/printsonpaper.studio\/de\/store\/p\/den-meister-drucken-albrecht-duerers-melencolia-i\/","title":{"rendered":"Den Meister drucken: Albrecht D\u00fcrers \u201eMelencolia I\u201c"},"content":{"rendered":"<p class=\"preFade fadeIn\">Albrecht D\u00fcrers \u201eMelencolia I\u201c ist einer der bekanntesten Drucke der \u201ealten Meister\u201c weltweit. Im Laufe ihrer Geschichte hat der Druck hartn\u00e4ckig einem einheitlichen Konsens \u00fcber seine Bedeutung widerstanden. Viele betrachten dies als ein Werk, das den Geisteszustand des K\u00fcnstlers w\u00e4hrend einer Phase mentaler Blockade darstellt.  <\/p>\n<p class=\"preFade fadeIn\">Diese Platte des Werkes im Ma\u00dfstab 1:1 erm\u00f6glicht jedem mit einer Druckpresse, eine exakte Gravur des Originals zu drucken. Wir hoffen, dass durch diesen manuellen Prozess, Zeit, das Einf\u00e4rben und Betrachten, die Tiefe und Bedeutung des Werkes und die eigene Beziehung dazu in den H\u00e4nden des Druckers sowohl physisch als auch pers\u00f6nlich werden kann. <\/p>\n","protected":false},"excerpt":{"rendered":"<p>Albrecht D\u00fcrers \u201eMelencolia I\u201c ist einer der bekanntesten Drucke der \u201ealten Meister\u201c weltweit. Im Laufe ihrer Geschichte hat der Druck hartn\u00e4ckig einem einheitlichen Konsens \u00fcber seine Bedeutung widerstanden. Viele betrachten dies als ein Werk, das den Geisteszustand des K\u00fcnstlers w\u00e4hrend einer Phase mentaler Blockade darstellt. Diese Platte des Werkes im Ma\u00dfstab 1:1 erm\u00f6glicht jedem mit [&hellip;]<\/p>\n","protected":false},"featured_media":2776,"comment_status":"open","ping_status":"closed","template":"","meta":{"_acf_changed":false},"product_brand":[],"product_cat":[89],"product_tag":[],"class_list":{"0":"post-3453","1":"product","2":"type-product","3":"status-publish","4":"has-post-thumbnail","6":"product_cat-ohne-kategorie","8":"first","9":"instock","10":"taxable","11":"shipping-taxable","12":"purchasable","13":"product-type-simple"},"acf":[],"_links":{"self":[{"href":"https:\/\/printsonpaper.studio\/de\/wp-json\/wp\/v2\/product\/3453","targetHints":{"allow":["GET"]}}],"collection":[{"href":"https:\/\/printsonpaper.studio\/de\/wp-json\/wp\/v2\/product"}],"about":[{"href":"https:\/\/printsonpaper.studio\/de\/wp-json\/wp\/v2\/types\/product"}],"replies":[{"embeddable":true,"href":"https:\/\/printsonpaper.studio\/de\/wp-json\/wp\/v2\/comments?post=3453"}],"version-history":[{"count":0,"href":"https:\/\/printsonpaper.studio\/de\/wp-json\/wp\/v2\/product\/3453\/revisions"}],"wp:featuredmedia":[{"embeddable":true,"href":"https:\/\/printsonpaper.studio\/de\/wp-json\/wp\/v2\/media\/2776"}],"wp:attachment":[{"href":"https:\/\/printsonpaper.studio\/de\/wp-json\/wp\/v2\/media?parent=3453"}],"wp:term":[{"taxonomy":"product_brand","embeddable":true,"href":"https:\/\/printsonpaper.studio\/de\/wp-json\/wp\/v2\/product_brand?post=3453"},{"taxonomy":"product_cat","embeddable":true,"href":"https:\/\/printsonpaper.studio\/de\/wp-json\/wp\/v2\/product_cat?post=3453"},{"taxonomy":"product_tag","embeddable":true,"href":"https:\/\/printsonpaper.studio\/de\/wp-json\/wp\/v2\/product_tag?post=3453"}],"curies":[{"name":"wp","href":"https:\/\/api.w.org\/{rel}","templated":true}]}}