{"id":3454,"date":"2025-09-09T11:51:06","date_gmt":"2025-09-09T15:51:06","guid":{"rendered":"https:\/\/printsonpaper.studio\/store\/p\/photogravure-viertaegiger-workshop-450-anzahlung-1800-gesamt\/"},"modified":"2025-12-02T12:50:03","modified_gmt":"2025-12-02T17:50:03","slug":"photogravure-viertaegiger-workshop-450-anzahlung-1800-gesamt","status":"publish","type":"product","link":"https:\/\/printsonpaper.studio\/de\/store\/p\/photogravure-viertaegiger-workshop-450-anzahlung-1800-gesamt\/","title":{"rendered":"Photogravure viert\u00e4giger Workshop (450 $ Anzahlung, 1800 $ gesamt)"},"content":{"rendered":"<p class=\"preFade fadeIn\" data-rte-preserve-empty=\"true\"><strong>450 $ Buchungsgeb\u00fchr. Der Rest ist einen Monat vor dem Workshop-Termin f\u00e4llig. <\/strong><\/p>\n<p data-rte-preserve-empty=\"true\"><a href=\"https:\/\/printsonpaper.studio\/workshops\/\"><span style=\"text-decoration: underline;\">Vollst\u00e4ndige Informationen finden Sie auf unserer Seite Workshops<\/span><\/a><\/p>\n<p class=\"preFade fadeIn\" data-rte-preserve-empty=\"true\">W\u00e4hrend dieses viert\u00e4gigen Intensiv-Workshops zur Photogravure tauchen wir tief in die Feinheiten dieses einzigartigen Mediums ein. Die Teilnehmer beginnen mit einem Satz von zehn vorgefertigten Platten und beginnen sofort am ersten Tag mit verschiedenen Tiefdrucktechniken zu experimentieren. Im Laufe des Workshops erhalten die Teilnehmer die M\u00f6glichkeit, eine zweite Charge von Platten zu erstellen und auf ihre bereits gedruckten Bilder zu reagieren. Diese praktische Erfahrung hilft dabei, Best Practices f\u00fcr die Bildgebung von kontrastarmen Medien wie dem Tiefdruck zu etablieren.   <\/p>\n<p class=\"p1 preFade fadeIn\" data-rte-preserve-empty=\"true\">Der Workshop umfasst eine Reihe komplexer Techniken, darunter Mehrplatten-Druck, Chin\u00e9-Colle, \u00c0 la poup\u00e9e und verschiedene Papiere. Die Teilnehmer erhalten ein breiteres Verst\u00e4ndnis des Mediums und lernen von einem professionellen Studio. Als druckorientierter Workshop ist es das Ziel, eine betr\u00e4chtliche Anzahl von Drucken zu hinterlassen. Es ist zwar keine umfassende Anleitung zum Aufbau eines Plattendruckstudios, bietet aber eine solide Grundlage in traditionellen Drucktechniken, die auf unsere digitalen Tiefdruckplatten angewendet werden, die bei Prints on Paper erstellt wurden. Dar\u00fcber hinaus erlernen die Teilnehmer wichtige Photoshop-Kenntnisse f\u00fcr die Arbeit mit kontrastarmen Medien. Die Techniken und Kenntnisse, die w\u00e4hrend des Workshops erworben werden, bef\u00e4higen die Teilnehmer, in ihrer k\u00fcnstlerischen Praxis erfolgreich zu sein.     <\/p>\n<p data-rte-preserve-empty=\"true\"><a href=\"https:\/\/printsonpaper.studio\/workshops\/\"><span style=\"text-decoration: underline;\">Vollst\u00e4ndige Informationen finden Sie auf unserer Seite Workshops<\/span><\/a><\/p>\n","protected":false},"excerpt":{"rendered":"<p>450 $ Buchungsgeb\u00fchr. Der Rest ist einen Monat vor dem Workshop-Termin f\u00e4llig. Vollst\u00e4ndige Informationen finden Sie auf unserer Seite Workshops W\u00e4hrend dieses viert\u00e4gigen Intensiv-Workshops zur Photogravure tauchen wir tief in die Feinheiten dieses einzigartigen Mediums ein. Die Teilnehmer beginnen mit einem Satz von zehn vorgefertigten Platten und beginnen sofort am ersten Tag mit verschiedenen Tiefdrucktechniken [&hellip;]<\/p>\n","protected":false},"featured_media":3459,"comment_status":"open","ping_status":"closed","template":"","meta":{"_acf_changed":false},"product_brand":[],"product_cat":[89],"product_tag":[],"class_list":{"0":"post-3454","1":"product","2":"type-product","3":"status-publish","4":"has-post-thumbnail","6":"product_cat-ohne-kategorie","7":"product_shipping_class-servicio","9":"first","10":"instock","11":"taxable","12":"shipping-taxable","13":"purchasable","14":"product-type-variable","15":"has-default-attributes"},"acf":[],"_links":{"self":[{"href":"https:\/\/printsonpaper.studio\/de\/wp-json\/wp\/v2\/product\/3454","targetHints":{"allow":["GET"]}}],"collection":[{"href":"https:\/\/printsonpaper.studio\/de\/wp-json\/wp\/v2\/product"}],"about":[{"href":"https:\/\/printsonpaper.studio\/de\/wp-json\/wp\/v2\/types\/product"}],"replies":[{"embeddable":true,"href":"https:\/\/printsonpaper.studio\/de\/wp-json\/wp\/v2\/comments?post=3454"}],"version-history":[{"count":0,"href":"https:\/\/printsonpaper.studio\/de\/wp-json\/wp\/v2\/product\/3454\/revisions"}],"wp:featuredmedia":[{"embeddable":true,"href":"https:\/\/printsonpaper.studio\/de\/wp-json\/wp\/v2\/media\/3459"}],"wp:attachment":[{"href":"https:\/\/printsonpaper.studio\/de\/wp-json\/wp\/v2\/media?parent=3454"}],"wp:term":[{"taxonomy":"product_brand","embeddable":true,"href":"https:\/\/printsonpaper.studio\/de\/wp-json\/wp\/v2\/product_brand?post=3454"},{"taxonomy":"product_cat","embeddable":true,"href":"https:\/\/printsonpaper.studio\/de\/wp-json\/wp\/v2\/product_cat?post=3454"},{"taxonomy":"product_tag","embeddable":true,"href":"https:\/\/printsonpaper.studio\/de\/wp-json\/wp\/v2\/product_tag?post=3454"}],"curies":[{"name":"wp","href":"https:\/\/api.w.org\/{rel}","templated":true}]}}