{"id":3465,"date":"2025-09-09T12:47:36","date_gmt":"2025-09-09T16:47:36","guid":{"rendered":"https:\/\/printsonpaper.studio\/store\/p\/den-meister-drucken-albrecht-duerers-ritter-tod-und-teufel\/"},"modified":"2025-09-09T12:47:36","modified_gmt":"2025-09-09T16:47:36","slug":"den-meister-drucken-albrecht-duerers-ritter-tod-und-teufel","status":"publish","type":"product","link":"https:\/\/printsonpaper.studio\/de\/store\/p\/den-meister-drucken-albrecht-duerers-ritter-tod-und-teufel\/","title":{"rendered":"Den Meister drucken: Albrecht D\u00fcrers \u201eRitter, Tod und Teufel\u201c"},"content":{"rendered":"<p class=\"preFade fadeIn\" data-rte-preserve-empty=\"true\">Albrecht D\u00fcrers \u201eRitter, Tod und Teufel\u201c ist einer der bekanntesten und einflussreichsten Stiche der Gotik, die je geschaffen wurden. Es ist ein wortw\u00f6rtliches und aufdringliches Bild. <\/p>\n<p class=\"preFade fadeIn\" data-rte-preserve-empty=\"true\">Diese Platte im Ma\u00dfstab 1:1 des Originalwerks erm\u00f6glicht es jedem mit Zugang zu einer Druckerpresse, eine exakte Nachbildung der Radierung zu erstellen. Durch diesen manuellen Prozess kann sich der Grafiker mit dem Kunstwerk auseinandersetzen und dessen Tiefe und Bedeutung aus erster Hand erfahren. Durch die physische Handhabung des Drucks wird die Verbindung zwischen dem Kunstwerk und dem Einzelnen greifbarer und pers\u00f6nlicher.  <\/p>\n","protected":false},"excerpt":{"rendered":"<p>Albrecht D\u00fcrers \u201eRitter, Tod und Teufel\u201c ist einer der bekanntesten und einflussreichsten Stiche der Gotik, die je geschaffen wurden. Es ist ein wortw\u00f6rtliches und aufdringliches Bild. Diese Platte im Ma\u00dfstab 1:1 des Originalwerks erm\u00f6glicht es jedem mit Zugang zu einer Druckerpresse, eine exakte Nachbildung der Radierung zu erstellen. Durch diesen manuellen Prozess kann sich der [&hellip;]<\/p>\n","protected":false},"featured_media":2010,"comment_status":"open","ping_status":"closed","template":"","meta":{"_acf_changed":false},"product_brand":[],"product_cat":[89],"product_tag":[],"class_list":{"0":"post-3465","1":"product","2":"type-product","3":"status-publish","4":"has-post-thumbnail","6":"product_cat-ohne-kategorie","8":"first","9":"instock","10":"taxable","11":"shipping-taxable","12":"purchasable","13":"product-type-simple"},"acf":[],"_links":{"self":[{"href":"https:\/\/printsonpaper.studio\/de\/wp-json\/wp\/v2\/product\/3465","targetHints":{"allow":["GET"]}}],"collection":[{"href":"https:\/\/printsonpaper.studio\/de\/wp-json\/wp\/v2\/product"}],"about":[{"href":"https:\/\/printsonpaper.studio\/de\/wp-json\/wp\/v2\/types\/product"}],"replies":[{"embeddable":true,"href":"https:\/\/printsonpaper.studio\/de\/wp-json\/wp\/v2\/comments?post=3465"}],"version-history":[{"count":0,"href":"https:\/\/printsonpaper.studio\/de\/wp-json\/wp\/v2\/product\/3465\/revisions"}],"wp:featuredmedia":[{"embeddable":true,"href":"https:\/\/printsonpaper.studio\/de\/wp-json\/wp\/v2\/media\/2010"}],"wp:attachment":[{"href":"https:\/\/printsonpaper.studio\/de\/wp-json\/wp\/v2\/media?parent=3465"}],"wp:term":[{"taxonomy":"product_brand","embeddable":true,"href":"https:\/\/printsonpaper.studio\/de\/wp-json\/wp\/v2\/product_brand?post=3465"},{"taxonomy":"product_cat","embeddable":true,"href":"https:\/\/printsonpaper.studio\/de\/wp-json\/wp\/v2\/product_cat?post=3465"},{"taxonomy":"product_tag","embeddable":true,"href":"https:\/\/printsonpaper.studio\/de\/wp-json\/wp\/v2\/product_tag?post=3465"}],"curies":[{"name":"wp","href":"https:\/\/api.w.org\/{rel}","templated":true}]}}