{"id":3473,"date":"2025-09-09T12:43:30","date_gmt":"2025-09-09T16:43:30","guid":{"rendered":"https:\/\/printsonpaper.studio\/store\/p\/drucken-sie-das-meisterwerk-rembrandts-die-drei-baeume\/"},"modified":"2025-11-03T12:27:49","modified_gmt":"2025-11-03T17:27:49","slug":"drucken-sie-das-meisterwerk-rembrandts-die-drei-baeume","status":"publish","type":"product","link":"https:\/\/printsonpaper.studio\/de\/store\/p\/drucken-sie-das-meisterwerk-rembrandts-die-drei-baeume\/","title":{"rendered":"Drucken Sie das Meisterwerk: Rembrandts \u201eDie drei B\u00e4ume\u201c"},"content":{"rendered":"<p class=\"preFade fadeIn\" data-rte-preserve-empty=\"true\">Rembrandts markanteste ge\u00e4tzte Landschaft ist voll von Figuren vom Vordergrund bis zum Horizont. W\u00e4hrend wir bei der Erstellung dieser Platte akribisch auf Pixelebene an den Linien gearbeitet haben, entdeckten wir noch mehr Figuren, die im Originaldruck bisher nicht zu sehen waren. Es lohnt sich, den Schattenbereich gr\u00fcndlich abzuwischen, um den Vordergrundteich freizulegen.  <\/p>\n<p class=\"p1 preFade fadeIn\" data-rte-preserve-empty=\"true\">Diese Platte im Ma\u00dfstab 1:1 erm\u00f6glicht es jedem mit einer Druckpresse, eine exakte Nachbildung der Originalradierung zu erstellen. Durch diesen manuellen Prozess, Zeit, das Einf\u00e4rben und sorgf\u00e4ltige Beobachtung hoffen wir, die Tiefe und pers\u00f6nliche Verbindung zwischen dem Drucker und dem Kunstwerk zu verbessern. <\/p>\n","protected":false},"excerpt":{"rendered":"<p>Rembrandts markanteste ge\u00e4tzte Landschaft ist voll von Figuren vom Vordergrund bis zum Horizont. W\u00e4hrend wir bei der Erstellung dieser Platte akribisch auf Pixelebene an den Linien gearbeitet haben, entdeckten wir noch mehr Figuren, die im Originaldruck bisher nicht zu sehen waren. Es lohnt sich, den Schattenbereich gr\u00fcndlich abzuwischen, um den Vordergrundteich freizulegen. Diese Platte im [&hellip;]<\/p>\n","protected":false},"featured_media":2772,"comment_status":"open","ping_status":"closed","template":"","meta":{"_acf_changed":false},"product_brand":[],"product_cat":[89],"product_tag":[],"class_list":{"0":"post-3473","1":"product","2":"type-product","3":"status-publish","4":"has-post-thumbnail","6":"product_cat-ohne-kategorie","8":"first","9":"instock","10":"taxable","11":"shipping-taxable","12":"purchasable","13":"product-type-simple"},"acf":[],"_links":{"self":[{"href":"https:\/\/printsonpaper.studio\/de\/wp-json\/wp\/v2\/product\/3473","targetHints":{"allow":["GET"]}}],"collection":[{"href":"https:\/\/printsonpaper.studio\/de\/wp-json\/wp\/v2\/product"}],"about":[{"href":"https:\/\/printsonpaper.studio\/de\/wp-json\/wp\/v2\/types\/product"}],"replies":[{"embeddable":true,"href":"https:\/\/printsonpaper.studio\/de\/wp-json\/wp\/v2\/comments?post=3473"}],"version-history":[{"count":1,"href":"https:\/\/printsonpaper.studio\/de\/wp-json\/wp\/v2\/product\/3473\/revisions"}],"predecessor-version":[{"id":3486,"href":"https:\/\/printsonpaper.studio\/de\/wp-json\/wp\/v2\/product\/3473\/revisions\/3486"}],"wp:featuredmedia":[{"embeddable":true,"href":"https:\/\/printsonpaper.studio\/de\/wp-json\/wp\/v2\/media\/2772"}],"wp:attachment":[{"href":"https:\/\/printsonpaper.studio\/de\/wp-json\/wp\/v2\/media?parent=3473"}],"wp:term":[{"taxonomy":"product_brand","embeddable":true,"href":"https:\/\/printsonpaper.studio\/de\/wp-json\/wp\/v2\/product_brand?post=3473"},{"taxonomy":"product_cat","embeddable":true,"href":"https:\/\/printsonpaper.studio\/de\/wp-json\/wp\/v2\/product_cat?post=3473"},{"taxonomy":"product_tag","embeddable":true,"href":"https:\/\/printsonpaper.studio\/de\/wp-json\/wp\/v2\/product_tag?post=3473"}],"curies":[{"name":"wp","href":"https:\/\/api.w.org\/{rel}","templated":true}]}}