{"id":3499,"date":"2025-09-09T12:27:57","date_gmt":"2025-09-09T16:27:57","guid":{"rendered":"https:\/\/printsonpaper.studio\/store\/p\/photogravure-musterplatte-nr-1\/"},"modified":"2025-09-09T12:27:57","modified_gmt":"2025-09-09T16:27:57","slug":"photogravure-musterplatte-nr-1","status":"publish","type":"product","link":"https:\/\/printsonpaper.studio\/de\/store\/p\/photogravure-musterplatte-nr-1\/","title":{"rendered":"Photogravure-Musterplatte Nr. 1"},"content":{"rendered":"<p>Prints on Paper Studio freut sich, unsere neue Photogravure-Musterplatte anzuk\u00fcndigen. Diese erste von vielen verschiedenen Musterplatten zeigt Ihnen die Liniendetails und Tonwerttrennung, die in der Photogravure m\u00f6glich sind. Das Bild ist eine 48-Megapixel-Aufnahme, wobei die Platte in der Lage ist, im endg\u00fcltigen Druck eine glatte Aufl\u00f6sung von 720 ppi aufzul\u00f6sen. Wir haben diese Platte mit einer hauseigenen Farbmischung kalibriert: 4,5 Teile Graphic Chemical Bone Black, 4,5 Teile Charbonnel 55981, 2 Teile Zeamays Transparent Base und ein Hauch von EasyWipe.   <\/p>\n","protected":false},"excerpt":{"rendered":"<p>Prints on Paper Studio freut sich, unsere neue Photogravure-Musterplatte anzuk\u00fcndigen. Diese erste von vielen verschiedenen Musterplatten zeigt Ihnen die Liniendetails und Tonwerttrennung, die in der Photogravure m\u00f6glich sind. Das Bild ist eine 48-Megapixel-Aufnahme, wobei die Platte in der Lage ist, im endg\u00fcltigen Druck eine glatte Aufl\u00f6sung von 720 ppi aufzul\u00f6sen. Wir haben diese Platte mit [&hellip;]<\/p>\n","protected":false},"featured_media":2775,"comment_status":"open","ping_status":"closed","template":"","meta":{"_acf_changed":false},"product_brand":[],"product_cat":[89],"product_tag":[],"class_list":{"0":"post-3499","1":"product","2":"type-product","3":"status-publish","4":"has-post-thumbnail","6":"product_cat-ohne-kategorie","8":"first","9":"instock","10":"taxable","11":"shipping-taxable","12":"purchasable","13":"product-type-simple"},"acf":[],"_links":{"self":[{"href":"https:\/\/printsonpaper.studio\/de\/wp-json\/wp\/v2\/product\/3499","targetHints":{"allow":["GET"]}}],"collection":[{"href":"https:\/\/printsonpaper.studio\/de\/wp-json\/wp\/v2\/product"}],"about":[{"href":"https:\/\/printsonpaper.studio\/de\/wp-json\/wp\/v2\/types\/product"}],"replies":[{"embeddable":true,"href":"https:\/\/printsonpaper.studio\/de\/wp-json\/wp\/v2\/comments?post=3499"}],"version-history":[{"count":0,"href":"https:\/\/printsonpaper.studio\/de\/wp-json\/wp\/v2\/product\/3499\/revisions"}],"wp:featuredmedia":[{"embeddable":true,"href":"https:\/\/printsonpaper.studio\/de\/wp-json\/wp\/v2\/media\/2775"}],"wp:attachment":[{"href":"https:\/\/printsonpaper.studio\/de\/wp-json\/wp\/v2\/media?parent=3499"}],"wp:term":[{"taxonomy":"product_brand","embeddable":true,"href":"https:\/\/printsonpaper.studio\/de\/wp-json\/wp\/v2\/product_brand?post=3499"},{"taxonomy":"product_cat","embeddable":true,"href":"https:\/\/printsonpaper.studio\/de\/wp-json\/wp\/v2\/product_cat?post=3499"},{"taxonomy":"product_tag","embeddable":true,"href":"https:\/\/printsonpaper.studio\/de\/wp-json\/wp\/v2\/product_tag?post=3499"}],"curies":[{"name":"wp","href":"https:\/\/api.w.org\/{rel}","templated":true}]}}