{"id":3025,"date":"2025-09-05T22:14:19","date_gmt":"2025-09-06T02:14:19","guid":{"rendered":"https:\/\/printsonpaper.studio\/placas-de-fotograbado-intaglio\/"},"modified":"2026-03-20T11:30:14","modified_gmt":"2026-03-20T15:30:14","slug":"placas-de-fotograbado-intaglio","status":"publish","type":"page","link":"https:\/\/printsonpaper.studio\/es\/placas-de-fotograbado-intaglio\/","title":{"rendered":"Placas de fotograbado calcogr\u00e1fico"},"content":{"rendered":"\t\t<div data-elementor-type=\"wp-page\" data-elementor-id=\"3025\" class=\"elementor elementor-3025 elementor-1735\" data-elementor-post-type=\"page\">\n\t\t\t\t<div class=\"elementor-element elementor-element-40fdd21 e-flex e-con-boxed e-con e-parent\" data-id=\"40fdd21\" data-element_type=\"container\" data-e-type=\"container\">\n\t\t\t\t\t<div class=\"e-con-inner\">\n\t\t<div class=\"elementor-element elementor-element-be92d78 e-grid e-con-full elementor-invisible e-con e-child\" data-id=\"be92d78\" data-element_type=\"container\" data-e-type=\"container\" data-settings=\"{&quot;animation&quot;:&quot;fadeIn&quot;,&quot;animation_delay&quot;:30}\">\n\t\t\t\t<div class=\"elementor-element elementor-element-687df5d elementor-widget elementor-widget-text-editor\" data-id=\"687df5d\" data-element_type=\"widget\" data-e-type=\"widget\" data-widget_type=\"text-editor.default\">\n\t\t\t\t<div class=\"elementor-widget-container\">\n\t\t\t\t\t\t\t\t\t<h3 style=\"text-align: left;\">Un servicio \u00fanico<\/h3><p>Fabricamos placas de fotograbado de calidad excepcionalmente alta a partir de archivos digitales con una velocidad notable, garantizando plazos de entrega espec\u00edficos. Tras iniciar un pedido con nosotros, imprimiremos sus planchas con rapidez y las enviaremos a la ubicaci\u00f3n que desee en cualquier parte del mundo. Para la producci\u00f3n de planchas en volumen con plazos de entrega acelerados y constantes, p\u00f3ngase en contacto con nosotros para crear una cuenta. Ofrecemos descuentos por cantidad y una reducci\u00f3n del 30% en las planchas duplicadas dentro del mismo pedido (aprovechando este incentivo para mantener una copia de seguridad durante una tirada de edici\u00f3n). Adem\u00e1s, toda la producci\u00f3n de planchas en el estudio (es decir, en Prints on Paper) est\u00e1 sujeta a un descuento.   <\/p>\t\t\t\t\t\t\t\t<\/div>\n\t\t\t\t<\/div>\n\t\t<div class=\"elementor-element elementor-element-f8cf45e e-con-full e-flex e-con e-child\" data-id=\"f8cf45e\" data-element_type=\"container\" data-e-type=\"container\">\n\t\t\t\t<div class=\"elementor-element elementor-element-5063236 elementor-widget elementor-widget-button\" data-id=\"5063236\" data-element_type=\"widget\" data-e-type=\"widget\" data-widget_type=\"button.default\">\n\t\t\t\t<div class=\"elementor-widget-container\">\n\t\t\t\t\t\t\t\t\t<div class=\"elementor-button-wrapper\">\n\t\t\t\t\t<a class=\"elementor-button elementor-button-link elementor-size-sm\" href=\"mailto:hello@printsonpaper.studio\">\n\t\t\t\t\t\t<span class=\"elementor-button-content-wrapper\">\n\t\t\t\t\t\t\t\t\t<span class=\"elementor-button-text\">ENV\u00cdENOS UN CORREO ELECTR\u00d3NICO PARA EMPEZAR<\/span>\n\t\t\t\t\t<\/span>\n\t\t\t\t\t<\/a>\n\t\t\t\t<\/div>\n\t\t\t\t\t\t\t\t<\/div>\n\t\t\t\t<\/div>\n\t\t\t\t<\/div>\n\t\t\t\t<\/div>\n\t\t<div class=\"elementor-element elementor-element-1dca316 e-grid e-con-full elementor-invisible e-con e-child\" data-id=\"1dca316\" data-element_type=\"container\" data-e-type=\"container\" data-settings=\"{&quot;animation&quot;:&quot;fadeIn&quot;,&quot;animation_delay&quot;:30}\">\n\t\t\t\t<div class=\"elementor-element elementor-element-9e3f5f8 elementor-widget elementor-widget-text-editor\" data-id=\"9e3f5f8\" data-element_type=\"widget\" data-e-type=\"widget\" data-widget_type=\"text-editor.default\">\n\t\t\t\t<div class=\"elementor-widget-container\">\n\t\t\t\t\t\t\t\t\t<h3 style=\"text-align: left;\">C\u00f3mo lo hacemos<\/h3><p>En Prints on Paper, hemos desarrollado un m\u00e9todo revolucionario de impresi\u00f3n de planchas que aprovecha impresoras Epson de \u00faltima generaci\u00f3n, tinta Epson Original Equipment Manufacturer (OEM), planchas tipogr\u00e1ficas Torelief con respaldo de acero capaces de producir tama\u00f1os de punto de 20 micr\u00f3metros (\u00b5m) y un algoritmo de tramado \u201cconsciente del punto\u201d \u00fanico. Esta t\u00e9cnica de fabricaci\u00f3n de planchas de huecograbado permite transiciones tonales excepcionalmente suaves, eliminando las superposiciones de puntos (o ruido) que suelen encontrarse en los servicios tradicionales de impresi\u00f3n directa sobre plancha. Adem\u00e1s, los grabadores en huecograbado ahora pueden producir las l\u00edneas m\u00e1s finas y una impresionante gama de valores tonales de gris a partir de cualquier archivo digital, independientemente de su formato, ya sea fotogr\u00e1fico, vectorial, digital nativo o cualquier otro tipo de entrada.  <\/p>\t\t\t\t\t\t\t\t<\/div>\n\t\t\t\t<\/div>\n\t\t\t\t<\/div>\n\t\t<div class=\"elementor-element elementor-element-8331e87 e-grid e-con-full e-con e-child\" data-id=\"8331e87\" data-element_type=\"container\" data-e-type=\"container\">\n\t\t\t\t<div class=\"elementor-element elementor-element-f152d31 elementor-widget elementor-widget-image\" data-id=\"f152d31\" data-element_type=\"widget\" data-e-type=\"widget\" data-widget_type=\"image.default\">\n\t\t\t\t<div class=\"elementor-widget-container\">\n\t\t\t\t\t\t\t\t\t\t\t\t<figure class=\"wp-caption\">\n\t\t\t\t\t\t\t\t\t\t<img fetchpriority=\"high\" decoding=\"async\" width=\"768\" height=\"1024\" src=\"https:\/\/printsonpaper.studio\/wp-content\/uploads\/2025\/11\/IMG_1136-768x1024.jpg\" class=\"attachment-large size-large wp-image-3888\" alt=\"\" srcset=\"https:\/\/printsonpaper.studio\/wp-content\/uploads\/2025\/11\/IMG_1136-768x1024.jpg 768w, https:\/\/printsonpaper.studio\/wp-content\/uploads\/2025\/11\/IMG_1136-225x300.jpg 225w, https:\/\/printsonpaper.studio\/wp-content\/uploads\/2025\/11\/IMG_1136-1152x1536.jpg 1152w, https:\/\/printsonpaper.studio\/wp-content\/uploads\/2025\/11\/IMG_1136-1536x2048.jpg 1536w, https:\/\/printsonpaper.studio\/wp-content\/uploads\/2025\/11\/IMG_1136-800x1067.jpg 800w, https:\/\/printsonpaper.studio\/wp-content\/uploads\/2025\/11\/IMG_1136-600x800.jpg 600w, https:\/\/printsonpaper.studio\/wp-content\/uploads\/2025\/11\/IMG_1136-scaled.jpg 1920w\" sizes=\"(max-width: 768px) 100vw, 768px\" \/>\t\t\t\t\t\t\t\t\t\t\t<figcaption class=\"widget-image-caption wp-caption-text\">Primero, la imagen se imprime como un tritono (m\u00ednimo) generalmente utilizando tinta MK, cian y LK directamente sobre la placa de pol\u00edmero a 2880 ppp. Tambi\u00e9n se puede utilizar tinta PK y violeta si se desea 4k o 5k. <\/figcaption>\n\t\t\t\t\t\t\t\t\t\t<\/figure>\n\t\t\t\t\t\t\t\t\t<\/div>\n\t\t\t\t<\/div>\n\t\t\t\t<div class=\"elementor-element elementor-element-be09351 elementor-widget elementor-widget-image\" data-id=\"be09351\" data-element_type=\"widget\" data-e-type=\"widget\" data-widget_type=\"image.default\">\n\t\t\t\t<div class=\"elementor-widget-container\">\n\t\t\t\t\t\t\t\t\t\t\t\t<figure class=\"wp-caption\">\n\t\t\t\t\t\t\t\t\t\t<img decoding=\"async\" width=\"770\" height=\"1024\" src=\"https:\/\/printsonpaper.studio\/wp-content\/uploads\/2025\/09\/Screenshot2024-05-30at4.49.59-PM.png-770x1024.webp\" class=\"attachment-large size-large wp-image-3026\" alt=\"\" srcset=\"https:\/\/printsonpaper.studio\/wp-content\/uploads\/2025\/09\/Screenshot2024-05-30at4.49.59-PM.png-770x1024.webp 770w, https:\/\/printsonpaper.studio\/wp-content\/uploads\/2025\/09\/Screenshot2024-05-30at4.49.59-PM.png-225x300.webp 225w, https:\/\/printsonpaper.studio\/wp-content\/uploads\/2025\/09\/Screenshot2024-05-30at4.49.59-PM.png-768x1022.webp 768w, https:\/\/printsonpaper.studio\/wp-content\/uploads\/2025\/09\/Screenshot2024-05-30at4.49.59-PM.png-800x1064.webp 800w, https:\/\/printsonpaper.studio\/wp-content\/uploads\/2025\/09\/Screenshot2024-05-30at4.49.59-PM.png-600x798.webp 600w, https:\/\/printsonpaper.studio\/wp-content\/uploads\/2025\/09\/Screenshot2024-05-30at4.49.59-PM.png.webp 980w\" sizes=\"(max-width: 770px) 100vw, 770px\" \/>\t\t\t\t\t\t\t\t\t\t\t<figcaption class=\"widget-image-caption wp-caption-text\">Luego, la placa se expone, se lava, se seca y se vuelve a exponer. Esto endurece la textura para permitir el entintado. La imagen de arriba muestra la placa despu\u00e9s de la primera exposici\u00f3n y secado.  <\/figcaption>\n\t\t\t\t\t\t\t\t\t\t<\/figure>\n\t\t\t\t\t\t\t\t\t<\/div>\n\t\t\t\t<\/div>\n\t\t\t\t<div class=\"elementor-element elementor-element-8810dcc elementor-widget elementor-widget-image\" data-id=\"8810dcc\" data-element_type=\"widget\" data-e-type=\"widget\" data-widget_type=\"image.default\">\n\t\t\t\t<div class=\"elementor-widget-container\">\n\t\t\t\t\t\t\t\t\t\t\t\t<figure class=\"wp-caption\">\n\t\t\t\t\t\t\t\t\t\t<img decoding=\"async\" width=\"768\" height=\"1024\" src=\"https:\/\/printsonpaper.studio\/wp-content\/uploads\/2025\/09\/IMG_6872.jpg-768x1024.webp\" class=\"attachment-large size-large wp-image-3329\" alt=\"\" srcset=\"https:\/\/printsonpaper.studio\/wp-content\/uploads\/2025\/09\/IMG_6872.jpg-768x1024.webp 768w, https:\/\/printsonpaper.studio\/wp-content\/uploads\/2025\/09\/IMG_6872.jpg-225x300.webp 225w, https:\/\/printsonpaper.studio\/wp-content\/uploads\/2025\/09\/IMG_6872.jpg-1152x1536.webp 1152w, https:\/\/printsonpaper.studio\/wp-content\/uploads\/2025\/09\/IMG_6872.jpg-800x1067.webp 800w, https:\/\/printsonpaper.studio\/wp-content\/uploads\/2025\/09\/IMG_6872.jpg-600x800.webp 600w, https:\/\/printsonpaper.studio\/wp-content\/uploads\/2025\/09\/IMG_6872.jpg.webp 1500w\" sizes=\"(max-width: 768px) 100vw, 768px\" \/>\t\t\t\t\t\t\t\t\t\t\t<figcaption class=\"widget-image-caption wp-caption-text\">Estas placas permiten la coincidencia de pantalla a impresi\u00f3n con miles de transiciones tonales y sin grano. Enviamos a todo el mundo con plazos de entrega normales de 24 a 48 horas. 20-50 impresiones posibles por placa.  <\/figcaption>\n\t\t\t\t\t\t\t\t\t\t<\/figure>\n\t\t\t\t\t\t\t\t\t<\/div>\n\t\t\t\t<\/div>\n\t\t\t\t<\/div>\n\t\t<div class=\"elementor-element elementor-element-836908a e-grid e-con-full elementor-invisible e-con e-child\" data-id=\"836908a\" data-element_type=\"container\" data-e-type=\"container\" data-settings=\"{&quot;animation&quot;:&quot;fadeIn&quot;,&quot;animation_delay&quot;:30}\">\n\t\t\t\t<div class=\"elementor-element elementor-element-860f9a9 elementor-widget elementor-widget-text-editor\" data-id=\"860f9a9\" data-element_type=\"widget\" data-e-type=\"widget\" data-widget_type=\"text-editor.default\">\n\t\t\t\t<div class=\"elementor-widget-container\">\n\t\t\t\t\t\t\t\t\t<h3 style=\"text-align: left;\">Por qu\u00e9 lo hacemos<\/h3><div id=\"dropdown-block-98647faba60d1f7ae425-2\" class=\"accordion-item__dropdown accordion-item__dropdown--open\" role=\"region\" aria-labelledby=\"button-block-98647faba60d1f7ae425-2\"><div class=\" accordion-item__description \"><p class=\"preFade fadeIn\" data-rte-preserve-empty=\"true\">Creemos firmemente que el fotograbado finalmente ha alcanzado el lugar que le corresponde como un m\u00e9todo de impresi\u00f3n fotogr\u00e1fica de tono continuo genuino, junto con la gelatina de plata y la inyecci\u00f3n de tinta. Al integrar a la perfecci\u00f3n este proceso de placa de alta calidad con un enfoque digital primero, desbloqueamos nuevas posibilidades para la impresi\u00f3n. Lo que realmente distingue al huecograbado es su ilimitada gama de opciones de papel y tinta. La impresi\u00f3n a doble placa, el chin-coll\u00e9 y las posibilidades son infinitas. \u00a1El huecograbado es un medio incre\u00edblemente expresivo!     \u00a1Tambi\u00e9n ense\u00f1amos a artistas, departamentos de arte y estudios a fabricar sus propias planchas! <a href=\"hello@printsonpaper.studio\">Env\u00edenos un correo electr\u00f3nico para consultar sobre la configuraci\u00f3n de un estudio.<\/a><\/p><\/div><\/div>\t\t\t\t\t\t\t\t<\/div>\n\t\t\t\t<\/div>\n\t\t\t\t<\/div>\n\t\t\t\t\t<\/div>\n\t\t\t\t<\/div>\n\t\t<div class=\"elementor-element elementor-element-e1a987c e-flex e-con-boxed e-con e-parent\" data-id=\"e1a987c\" data-element_type=\"container\" data-e-type=\"container\">\n\t\t\t\t\t<div class=\"e-con-inner\">\n\t\t<div class=\"elementor-element elementor-element-8840bd4 e-con-full e-flex e-con e-child\" data-id=\"8840bd4\" data-element_type=\"container\" data-e-type=\"container\">\n\t\t\t\t<div class=\"elementor-element elementor-element-342dfc5 elementor-widget elementor-widget-heading\" data-id=\"342dfc5\" data-element_type=\"widget\" data-e-type=\"widget\" data-widget_type=\"heading.default\">\n\t\t\t\t<div class=\"elementor-widget-container\">\n\t\t\t\t\t<h2 class=\"elementor-heading-title elementor-size-default\">PRECIOS DE IMPRESI\u00d3N DE PLACAS<\/h2>\t\t\t\t<\/div>\n\t\t\t\t<\/div>\n\t\t\t\t<\/div>\n\t\t<div class=\"elementor-element elementor-element-6cecba9 e-grid e-con-full elementor-invisible e-con e-child\" data-id=\"6cecba9\" data-element_type=\"container\" data-e-type=\"container\" data-settings=\"{&quot;animation&quot;:&quot;fadeIn&quot;,&quot;animation_delay&quot;:30}\">\n\t\t\t\t<div class=\"elementor-element elementor-element-301b712 elementor-widget__width-initial elementor-widget elementor-widget-formidable\" data-id=\"301b712\" data-element_type=\"widget\" data-e-type=\"widget\" data-widget_type=\"formidable.default\">\n\t\t\t\t<div class=\"elementor-widget-container\">\n\t\t\t\t\t<div class=\"frm_forms  with_frm_style frm_style_formidable-style\" id=\"frm_form_4_container\" data-token=\"770be969e18bbacb84f047d63894cc3d\">\n<form enctype=\"multipart\/form-data\" method=\"post\" class=\"frm-show-form  frm_pro_form \" id=\"form_ne68l2\" data-token=\"770be969e18bbacb84f047d63894cc3d\">\n<div class=\"frm_form_fields \">\n<fieldset>\n<legend class=\"frm_screen_reader\">PLATE PRICES<\/legend>\r\n\r\n<div class=\"frm_fields_container\">\n<input type=\"hidden\" name=\"frm_action\" value=\"create\" \/>\n<input type=\"hidden\" name=\"form_id\" value=\"4\" \/>\n<input type=\"hidden\" name=\"frm_hide_fields_4\" id=\"frm_hide_fields_4\" value=\"\" \/>\n<input type=\"hidden\" name=\"form_key\" value=\"ne68l2\" \/>\n<input type=\"hidden\" name=\"item_meta[0]\" value=\"\" \/>\n<input type=\"hidden\" id=\"frm_submit_entry_4\" name=\"frm_submit_entry_4\" value=\"2e1217bf0d\" \/><input type=\"hidden\" name=\"_wp_http_referer\" value=\"\/es\/wp-json\/wp\/v2\/pages\/3025\" \/><div id=\"frm_field_20_container\" class=\"frm_form_field form-field  frm_top_container frm4 frm_first\">\r\n\t<label for=\"field_mkxwu2\" id=\"field_mkxwu2_label\" class=\"frm_primary_label\">PLATE WIDTH\r\n\t\t<span class=\"frm_required\" aria-hidden=\"true\"><\/span>\r\n\t<\/label>\r\n\t<input type=\"number\" id=\"field_mkxwu2\" name=\"item_meta[20]\" value=\"\" data-invmsg=\"PLATE WIDTH is invalid\" aria-invalid=\"false\"   min=\"1\" max=\"30.5\" step=\"any\" \/>\r\n\t\r\n\t\r\n<\/div>\n<div id=\"frm_field_21_container\" class=\"frm_form_field form-field  frm_top_container frm4\">\r\n\t<label for=\"field_gy6ku2\" id=\"field_gy6ku2_label\" class=\"frm_primary_label\">PLATE HEIGHT\r\n\t\t<span class=\"frm_required\" aria-hidden=\"true\"><\/span>\r\n\t<\/label>\r\n\t<input type=\"number\" id=\"field_gy6ku2\" name=\"item_meta[21]\" value=\"\" data-invmsg=\"PLATE HEIGHT is invalid\" aria-invalid=\"false\"   min=\"0\" max=\"41\" step=\"any\" \/>\r\n\t\r\n\t\r\n<\/div>\n<div id=\"frm_field_25_container\" class=\"frm_form_field form-field  frm_top_container frm4\">\n\t<label for=\"field_gk6l\" id=\"field_gk6l_label\" class=\"frm_primary_label\">Number of Plates\n\t\t<span class=\"frm_required\" aria-hidden=\"true\"><\/span>\n\t<\/label>\n\t<input type=\"number\" id=\"field_gk6l\" name=\"item_meta[25]\" value=\"1\" data-frmval=\"1\" data-invmsg=\"Number of Plates is invalid\" aria-invalid=\"false\"   min=\"0\" max=\"9999999\" step=\"any\" \/>\n\t\n\t\n<\/div>\n<div id=\"frm_field_22_container\" class=\"frm_form_field form-field  frm_top_container frm6 frm_first\">\r\n\t<label for=\"field_yj8us2\" id=\"field_yj8us2_label\" class=\"frm_primary_label\">FULL PRICE\r\n\t\t<span class=\"frm_required\" aria-hidden=\"true\"><\/span>\r\n\t<\/label>\r\n\t<p class=\"frm_total_formatted\" data-prepend=\"\" data-append=\"\"><\/p><div class=\"frm_with_box frm_hidden\" style=\"width:130%\"><input  type=\"text\" id=\"field_yj8us2\" name=\"item_meta[22]\" value=\"\"  style=\"width:130%\" data-invmsg=\"FULL PRICE is invalid\" aria-invalid=\"false\"   \/><\/div>\r\n\t\r\n\t\r\n<\/div>\n<div id=\"frm_field_23_container\" class=\"frm_form_field form-field  frm_top_container frm6\">\r\n\t<label for=\"field_tbi7s2\" id=\"field_tbi7s2_label\" class=\"frm_primary_label\">IN-STUDIO PRICE\r\n\t\t<span class=\"frm_required\" aria-hidden=\"true\"><\/span>\r\n\t<\/label>\r\n\t<p class=\"frm_total_formatted\" data-prepend=\"\" data-append=\"\"><\/p><div class=\"frm_with_box frm_hidden\" style=\"width:130%\"><input  type=\"text\" id=\"field_tbi7s2\" name=\"item_meta[23]\" value=\"\"  style=\"width:130%\" data-invmsg=\"IN-STUDIO PRICE is invalid\" aria-invalid=\"false\"   \/><\/div>\r\n\t\r\n\t\r\n<\/div>\n<div id=\"frm_field_24_container\" class=\"frm_form_field form-field  frm12 frm_first\">\r\n\t<div class=\"frm_submit frm_flex\">\r\n<button class=\"frm_button_submit frm_final_submit\" type=\"submit\"  >Submit<\/button>\r\n\r\n\r\n\r\n<\/div>\r\n<\/div>\n\t<input type=\"hidden\" name=\"item_key\" value=\"\" \/>\n\t<input name=\"frm_state\" type=\"hidden\" value=\"pMXGD6etpJ3ulsE5nX580mea1NIA\/d0ZYTU8ILwKSE0=\" \/><\/div>\n<\/fieldset>\n<\/div>\n\n<\/form>\n<\/div>\n\t\t\t\t<\/div>\n\t\t\t\t<\/div>\n\t\t\t\t<\/div>\n\t\t<div class=\"elementor-element elementor-element-ff8ffa7 e-grid e-con-full elementor-invisible e-con e-child\" data-id=\"ff8ffa7\" data-element_type=\"container\" data-e-type=\"container\" data-settings=\"{&quot;animation&quot;:&quot;fadeIn&quot;,&quot;animation_delay&quot;:30}\">\n\t\t\t\t<div class=\"elementor-element elementor-element-7ff5bcf elementor-widget elementor-widget-text-editor\" data-id=\"7ff5bcf\" data-element_type=\"widget\" data-e-type=\"widget\" data-widget_type=\"text-editor.default\">\n\t\t\t\t<div class=\"elementor-widget-container\">\n\t\t\t\t\t\t\t\t\t<div class=\"fe-block fe-block-yui_3_17_2_1_1703092516372_12237\"><div id=\"block-yui_3_17_2_1_1703092516372_12237\" class=\"sqs-block html-block sqs-block-html\" data-blend-mode=\"NORMAL\" data-block-type=\"2\" data-border-radii=\"{\"topLeft\":{\"unit\":\"px\",\"value\":0.0},\"topRight\":{\"unit\":\"px\",\"value\":0.0},\"bottomLeft\":{\"unit\":\"px\",\"value\":0.0},\"bottomRight\":{\"unit\":\"px\",\"value\":0.0}}\" data-sqsp-block=\"text\"><div class=\"sqs-block-content\"><div class=\"sqs-html-content\" data-sqsp-text-block-content=\"\"><p class=\"preFade fadeIn\"><strong>Pedidos en l\u00ednea<\/strong><\/p><p class=\"preFade fadeIn\">5&#215;7\u201d $86.74<\/p><p class=\"preFade fadeIn\">8&#215;10\u201d $120.82<\/p><p class=\"preFade fadeIn\">11&#215;14\u201d $176.14<\/p><p class=\"preFade fadeIn\">16&#215;20\u201d $296.96<\/p><p class=\"preFade fadeIn\">18&#215;24\u201d $375.93<\/p><p class=\"preFade fadeIn\">20&#215;30\u201d $490.52<\/p><p class=\"preFade fadeIn\">30&#215;40\u201d $861.98<\/p><\/div><\/div><\/div><\/div><div class=\"fe-block fe-block-eba6c93d4ca31f98913a\"><div id=\"block-eba6c93d4ca31f98913a\" class=\"sqs-block html-block sqs-block-html\" data-blend-mode=\"NORMAL\" data-block-type=\"2\" data-border-radii=\"{\"topLeft\":{\"unit\":\"px\",\"value\":0.0},\"topRight\":{\"unit\":\"px\",\"value\":0.0},\"bottomLeft\":{\"unit\":\"px\",\"value\":0.0},\"bottomRight\":{\"unit\":\"px\",\"value\":0.0}}\" data-sqsp-block=\"text\"><div class=\"sqs-block-content\"><div class=\"sqs-html-content\" data-sqsp-text-block-content=\"\"> <\/div><\/div><\/div><\/div><div class=\"fe-block fe-block-yui_3_17_2_1_1703092516372_21438\"><div id=\"block-yui_3_17_2_1_1703092516372_21438\" class=\"sqs-block html-block sqs-block-html\" data-blend-mode=\"NORMAL\" data-block-type=\"2\" data-border-radii=\"{\"topLeft\":{\"unit\":\"px\",\"value\":0.0},\"topRight\":{\"unit\":\"px\",\"value\":0.0},\"bottomLeft\":{\"unit\":\"px\",\"value\":0.0},\"bottomRight\":{\"unit\":\"px\",\"value\":0.0}}\" data-sqsp-block=\"text\"><div class=\"sqs-block-content\"><div class=\"sqs-html-content\" data-sqsp-text-block-content=\"\"><p class=\"preFade fadeIn\"> <\/p><\/div><\/div><\/div><\/div>\t\t\t\t\t\t\t\t<\/div>\n\t\t\t\t<\/div>\n\t\t\t\t<div class=\"elementor-element elementor-element-df09074 elementor-widget elementor-widget-text-editor\" data-id=\"df09074\" data-element_type=\"widget\" data-e-type=\"widget\" data-widget_type=\"text-editor.default\">\n\t\t\t\t<div class=\"elementor-widget-container\">\n\t\t\t\t\t\t\t\t\t<div><div data-blend-mode=\"NORMAL\" data-block-type=\"2\" data-border-radii=\"{\"topLeft\":{\"unit\":\"px\",\"value\":0.0},\"topRight\":{\"unit\":\"px\",\"value\":0.0},\"bottomLeft\":{\"unit\":\"px\",\"value\":0.0},\"bottomRight\":{\"unit\":\"px\",\"value\":0.0}}\" data-sqsp-block=\"text\"><div><div data-sqsp-text-block-content=\"\"><p><strong>Precios de producci\u00f3n en estudio**<\/strong><\/p><p>5&#215;7\u201d $65.00<\/p><p>8&#215;10\u201d $90.61<\/p><p>11&#215;14\u201d $132.10<\/p><p>16&#215;20\u201d $222.72<\/p><p>18&#215;24\u201d $281.95<\/p><p>20&#215;30\u201d $367.89<\/p><p>30&#215;40\u201d $646.49<\/p><\/div><\/div><\/div><\/div>\t\t\t\t\t\t\t\t<\/div>\n\t\t\t\t<\/div>\n\t\t\t\t<\/div>\n\t\t<div class=\"elementor-element elementor-element-4ec4a0f e-grid e-con-boxed elementor-invisible e-con e-child\" data-id=\"4ec4a0f\" data-element_type=\"container\" data-e-type=\"container\" data-settings=\"{&quot;animation&quot;:&quot;fadeIn&quot;,&quot;animation_delay&quot;:30}\">\n\t\t\t\t\t<div class=\"e-con-inner\">\n\t\t\t\t<div class=\"elementor-element elementor-element-65f7e7d elementor-widget elementor-widget-text-editor\" data-id=\"65f7e7d\" data-element_type=\"widget\" data-e-type=\"widget\" data-widget_type=\"text-editor.default\">\n\t\t\t\t<div class=\"elementor-widget-container\">\n\t\t\t\t\t\t\t\t\t<div class=\"fe-block fe-block-yui_3_17_2_1_1703092516372_12237\"><div id=\"block-yui_3_17_2_1_1703092516372_12237\" class=\"sqs-block html-block sqs-block-html\" data-blend-mode=\"NORMAL\" data-block-type=\"2\" data-border-radii=\"{\"topLeft\":{\"unit\":\"px\",\"value\":0.0},\"topRight\":{\"unit\":\"px\",\"value\":0.0},\"bottomLeft\":{\"unit\":\"px\",\"value\":0.0},\"bottomRight\":{\"unit\":\"px\",\"value\":0.0}}\" data-sqsp-block=\"text\"><div class=\"sqs-block-content\"><div class=\"sqs-html-content\" data-sqsp-text-block-content=\"\"><p class=\"sqsrte-small preFade fadeIn\"><em>Los precios no incluyen impuestos, env\u00edo ni embalaje. Los precios anteriores son solo una estimaci\u00f3n. Los diferentes tama\u00f1os se encuentran aproximadamente en los rangos de precios anteriores seg\u00fan los metros cuadrados. Las dimensiones de placa muy extra\u00f1as (como 1\u201d por 40\u201d) pueden tener un precio diferente.   <\/em><\/p><p class=\"preFade fadeIn\"><em>** La producci\u00f3n interna requiere un dep\u00f3sito de seguridad m\u00ednimo de 450 $.<\/em><\/p><\/div><\/div><\/div><\/div>\t\t\t\t\t\t\t\t<\/div>\n\t\t\t\t<\/div>\n\t\t\t\t\t<\/div>\n\t\t\t\t<\/div>\n\t\t\t\t\t<\/div>\n\t\t\t\t<\/div>\n\t\t\t\t<\/div>\n\t\t","protected":false},"excerpt":{"rendered":"<p>Un servicio \u00fanico Fabricamos placas de fotograbado de calidad excepcionalmente alta a partir de archivos digitales con una velocidad notable, garantizando plazos de entrega espec\u00edficos. Tras iniciar un pedido con nosotros, imprimiremos sus planchas con rapidez y las enviaremos a la ubicaci\u00f3n que desee en cualquier parte del mundo. Para la producci\u00f3n de planchas en [&hellip;]<\/p>\n","protected":false},"author":1,"featured_media":3026,"parent":0,"menu_order":0,"comment_status":"closed","ping_status":"closed","template":"","meta":{"_acf_changed":false,"footnotes":""},"class_list":["post-3025","page","type-page","status-publish","has-post-thumbnail","hentry"],"acf":[],"_links":{"self":[{"href":"https:\/\/printsonpaper.studio\/es\/wp-json\/wp\/v2\/pages\/3025","targetHints":{"allow":["GET"]}}],"collection":[{"href":"https:\/\/printsonpaper.studio\/es\/wp-json\/wp\/v2\/pages"}],"about":[{"href":"https:\/\/printsonpaper.studio\/es\/wp-json\/wp\/v2\/types\/page"}],"author":[{"embeddable":true,"href":"https:\/\/printsonpaper.studio\/es\/wp-json\/wp\/v2\/users\/1"}],"replies":[{"embeddable":true,"href":"https:\/\/printsonpaper.studio\/es\/wp-json\/wp\/v2\/comments?post=3025"}],"version-history":[{"count":10,"href":"https:\/\/printsonpaper.studio\/es\/wp-json\/wp\/v2\/pages\/3025\/revisions"}],"predecessor-version":[{"id":4370,"href":"https:\/\/printsonpaper.studio\/es\/wp-json\/wp\/v2\/pages\/3025\/revisions\/4370"}],"wp:featuredmedia":[{"embeddable":true,"href":"https:\/\/printsonpaper.studio\/es\/wp-json\/wp\/v2\/media\/3026"}],"wp:attachment":[{"href":"https:\/\/printsonpaper.studio\/es\/wp-json\/wp\/v2\/media?parent=3025"}],"curies":[{"name":"wp","href":"https:\/\/api.w.org\/{rel}","templated":true}]}}