{"id":3139,"date":"2025-09-05T22:16:27","date_gmt":"2025-09-06T02:16:27","guid":{"rendered":"https:\/\/printsonpaper.studio\/impresion-de-fotograbado\/"},"modified":"2025-11-02T16:01:59","modified_gmt":"2025-11-02T21:01:59","slug":"impresion-de-fotograbado","status":"publish","type":"page","link":"https:\/\/printsonpaper.studio\/es\/impresion-de-fotograbado\/","title":{"rendered":"IMPRESI\u00d3N DE FOTOGRABADO"},"content":{"rendered":"\t\t<div data-elementor-type=\"wp-page\" data-elementor-id=\"3139\" class=\"elementor elementor-3139 elementor-1737\" data-elementor-post-type=\"page\">\n\t\t\t\t<div class=\"elementor-element elementor-element-0204930 e-con-full e-flex e-con e-parent\" data-id=\"0204930\" data-element_type=\"container\" data-e-type=\"container\">\n\t\t\t\t<div class=\"elementor-element elementor-element-e1e31b3 elementor-widget elementor-widget-button\" data-id=\"e1e31b3\" data-element_type=\"widget\" data-e-type=\"widget\" data-widget_type=\"button.default\">\n\t\t\t\t<div class=\"elementor-widget-container\">\n\t\t\t\t\t\t\t\t\t<div class=\"elementor-button-wrapper\">\n\t\t\t\t\t<a class=\"elementor-button elementor-button-link elementor-size-sm\" href=\"mailto:hello@printsonpaper.studio\">\n\t\t\t\t\t\t<span class=\"elementor-button-content-wrapper\">\n\t\t\t\t\t\t\t\t\t<span class=\"elementor-button-text\">ENV\u00cdENOS UN CORREO ELECTR\u00d3NICO PARA EMPEZAR<\/span>\n\t\t\t\t\t<\/span>\n\t\t\t\t\t<\/a>\n\t\t\t\t<\/div>\n\t\t\t\t\t\t\t\t<\/div>\n\t\t\t\t<\/div>\n\t\t\t\t<\/div>\n\t\t<div class=\"elementor-element elementor-element-9b2510d e-flex e-con-boxed e-con e-parent\" data-id=\"9b2510d\" data-element_type=\"container\" data-e-type=\"container\">\n\t\t\t\t\t<div class=\"e-con-inner\">\n\t\t\t\t<div class=\"elementor-element elementor-element-129507e elementor-widget elementor-widget-text-editor\" data-id=\"129507e\" data-element_type=\"widget\" data-e-type=\"widget\" data-widget_type=\"text-editor.default\">\n\t\t\t\t<div class=\"elementor-widget-container\">\n\t\t\t\t\t\t\t\t\t<p class=\"sqsrte-large preFade fadeIn\">El fotograbado es un medio art\u00edstico por derecho propio. Trabajar en este medio a trav\u00e9s de un flujo de trabajo directo a la plancha permite a los artistas aplicar una amplia gama de marcas en el papel de forma r\u00e1pida y con extrema precisi\u00f3n. Desde lo fotogr\u00e1fico hasta lo dibujado a mano, este m\u00e9todo de impresi\u00f3n ofrece posibilidades ilimitadas. Somos la base de operaciones para el desarrollo y la expansi\u00f3n de este medio en el mundo del arte.   <\/p>\n<p class=\"sqsrte-large preFade fadeIn\">Nuestras planchas de grabado pueden imprimirse en una amplia variedad de papeles y materiales artificiales. La capacidad de este medio para representar miles de transiciones tonales distintas en \u00f3leo supera a muchos otros m\u00e9todos de impresi\u00f3n fotogr\u00e1fica. Tambi\u00e9n estamos abiertos a varios proyectos experimentales, incluyendo la impresi\u00f3n de planchas m\u00faltiples y la coloraci\u00f3n a mano.  <\/p>\t\t\t\t\t\t\t\t<\/div>\n\t\t\t\t<\/div>\n\t\t\t\t\t<\/div>\n\t\t\t\t<\/div>\n\t\t<div class=\"elementor-element elementor-element-d93dba6 e-con-full e-flex e-con e-parent\" data-id=\"d93dba6\" data-element_type=\"container\" data-e-type=\"container\">\n\t\t\t\t<div class=\"elementor-element elementor-element-b902459 elementor-widget elementor-widget-image\" data-id=\"b902459\" data-element_type=\"widget\" data-e-type=\"widget\" data-widget_type=\"image.default\">\n\t\t\t\t<div class=\"elementor-widget-container\">\n\t\t\t\t\t\t\t\t\t\t\t\t\t\t\t<img fetchpriority=\"high\" decoding=\"async\" width=\"2495\" height=\"1013\" src=\"https:\/\/printsonpaper.studio\/wp-content\/uploads\/2025\/10\/N-Kauck_09112024_240_Ver_2.webp\" class=\"attachment-full size-full wp-image-3141\" alt=\"\" srcset=\"https:\/\/printsonpaper.studio\/wp-content\/uploads\/2025\/10\/N-Kauck_09112024_240_Ver_2.webp 2495w, https:\/\/printsonpaper.studio\/wp-content\/uploads\/2025\/10\/N-Kauck_09112024_240_Ver_2-300x122.webp 300w, https:\/\/printsonpaper.studio\/wp-content\/uploads\/2025\/10\/N-Kauck_09112024_240_Ver_2-1024x416.webp 1024w, https:\/\/printsonpaper.studio\/wp-content\/uploads\/2025\/10\/N-Kauck_09112024_240_Ver_2-768x312.webp 768w, https:\/\/printsonpaper.studio\/wp-content\/uploads\/2025\/10\/N-Kauck_09112024_240_Ver_2-1536x624.webp 1536w, https:\/\/printsonpaper.studio\/wp-content\/uploads\/2025\/10\/N-Kauck_09112024_240_Ver_2-2048x832.webp 2048w, https:\/\/printsonpaper.studio\/wp-content\/uploads\/2025\/10\/N-Kauck_09112024_240_Ver_2-800x325.webp 800w, https:\/\/printsonpaper.studio\/wp-content\/uploads\/2025\/10\/N-Kauck_09112024_240_Ver_2-600x244.webp 600w\" sizes=\"(max-width: 2495px) 100vw, 2495px\" \/>\t\t\t\t\t\t\t\t\t\t\t\t\t\t\t<\/div>\n\t\t\t\t<\/div>\n\t\t\t\t<\/div>\n\t\t<div class=\"elementor-element elementor-element-857385c e-flex e-con-boxed e-con e-parent\" data-id=\"857385c\" data-element_type=\"container\" data-e-type=\"container\">\n\t\t\t\t\t<div class=\"e-con-inner\">\n\t\t<div class=\"elementor-element elementor-element-308e8c4 e-grid e-con-boxed e-con e-child\" data-id=\"308e8c4\" data-element_type=\"container\" data-e-type=\"container\">\n\t\t\t\t\t<div class=\"e-con-inner\">\n\t\t\t\t<div class=\"elementor-element elementor-element-ed79469 elementor-widget elementor-widget-text-editor\" data-id=\"ed79469\" data-element_type=\"widget\" data-e-type=\"widget\" data-widget_type=\"text-editor.default\">\n\t\t\t\t<div class=\"elementor-widget-container\">\n\t\t\t\t\t\t\t\t\t<div class=\"fe-block fe-block-yui_3_17_2_1_1703092516372_12237\">\n<div id=\"block-yui_3_17_2_1_1703092516372_12237\" class=\"sqs-block html-block sqs-block-html\" data-blend-mode=\"NORMAL\" data-block-type=\"2\" data-border-radii=\"{\"topLeft\":{\"unit\":\"px\",\"value\":0.0},\"topRight\":{\"unit\":\"px\",\"value\":0.0},\"bottomLeft\":{\"unit\":\"px\",\"value\":0.0},\"bottomRight\":{\"unit\":\"px\",\"value\":0.0}}\" data-sqsp-block=\"text\">\n<div class=\"sqs-block-content\">\n<div class=\"sqs-html-content\" data-sqsp-text-block-content=\"\">\n<h1 class=\"sqsrte-large preFade fadeIn\" style=\"text-align: center;\">PRECIOS<\/h1>\n<p class=\"sqsrte-large preFade fadeIn\">Nos esforzamos por equilibrar el coste de la impresi\u00f3n colaborativa, que puede producir numerosas pruebas necesarias, con los gastos generales de la gesti\u00f3n de un negocio. Para lograr esto, durante el trabajo en el estudio con un artista, las pruebas de estado, las pruebas de prensa, las pruebas de impresora y los BAT se valoran \u00fanicamente en la tarifa del material (tinta y papel, etc.) m\u00e1s un cargo por mano de obra de 142 $ por hora, que se aplica desde el inicio del trabajo hasta su finalizaci\u00f3n. Estas impresiones no suelen ser seleccionadas, excepto las pruebas de impresora y los BAT. Por ejemplo, si imprimi\u00e9ramos 4 hojas de 20&#215;30 en 1 hora, el coste general aproximado del material ser\u00eda de 25 $ y el coste de la mano de obra ser\u00eda de 142 $. El coste total por impresi\u00f3n durante el proceso de prueba ser\u00eda de unos 41 $. Estas pruebas de impresi\u00f3n est\u00e1n marcadas como SP, PP y BAT. Si un artista decide m\u00e1s tarde que la impresi\u00f3n es lo suficientemente buena como para ser una impresi\u00f3n AP o de edici\u00f3n, cobraremos la tarifa normal por esa impresi\u00f3n y la deduciremos de los cargos de prueba.      <\/p>\n<p class=\"sqsrte-large preFade fadeIn\">Los precios de las pruebas de artista y las impresiones de edici\u00f3n (finales) se indican a continuaci\u00f3n.<\/p>\n<\/div>\n<\/div>\n<\/div>\n<\/div>\t\t\t\t\t\t\t\t<\/div>\n\t\t\t\t<\/div>\n\t\t\t\t\t<\/div>\n\t\t\t\t<\/div>\n\t\t<div class=\"elementor-element elementor-element-22024fa e-grid e-con-full e-con e-child\" data-id=\"22024fa\" data-element_type=\"container\" data-e-type=\"container\">\n\t\t\t\t<div class=\"elementor-element elementor-element-81516e0 elementor-widget elementor-widget-text-editor\" data-id=\"81516e0\" data-element_type=\"widget\" data-e-type=\"widget\" data-widget_type=\"text-editor.default\">\n\t\t\t\t<div class=\"elementor-widget-container\">\n\t\t\t\t\t\t\t\t\t<div class=\"fe-block fe-block-yui_3_17_2_1_1703092516372_12237\"><div id=\"block-yui_3_17_2_1_1703092516372_12237\" class=\"sqs-block html-block sqs-block-html\" data-blend-mode=\"NORMAL\" data-block-type=\"2\" data-border-radii=\"{\"topLeft\":{\"unit\":\"px\",\"value\":0.0},\"topRight\":{\"unit\":\"px\",\"value\":0.0},\"bottomLeft\":{\"unit\":\"px\",\"value\":0.0},\"bottomRight\":{\"unit\":\"px\",\"value\":0.0}}\" data-sqsp-block=\"text\"><div class=\"sqs-block-content\"><div class=\"sqs-html-content\" data-sqsp-text-block-content=\"\"><p class=\"sqsrte-large preFade fadeIn\"><strong>Tama\u00f1o del papel<\/strong><\/p><\/div><\/div><\/div><\/div>\t\t\t\t\t\t\t\t<\/div>\n\t\t\t\t<\/div>\n\t\t\t\t<div class=\"elementor-element elementor-element-9610086 elementor-widget elementor-widget-text-editor\" data-id=\"9610086\" data-element_type=\"widget\" data-e-type=\"widget\" data-widget_type=\"text-editor.default\">\n\t\t\t\t<div class=\"elementor-widget-container\">\n\t\t\t\t\t\t\t\t\t<div class=\"fe-block fe-block-eba6c93d4ca31f98913a\"><div id=\"block-eba6c93d4ca31f98913a\" class=\"sqs-block html-block sqs-block-html\" data-blend-mode=\"NORMAL\" data-block-type=\"2\" data-border-radii=\"{\"topLeft\":{\"unit\":\"px\",\"value\":0.0},\"topRight\":{\"unit\":\"px\",\"value\":0.0},\"bottomLeft\":{\"unit\":\"px\",\"value\":0.0},\"bottomRight\":{\"unit\":\"px\",\"value\":0.0}}\" data-sqsp-block=\"text\"><div class=\"sqs-block-content\"><div class=\"sqs-html-content\" data-sqsp-text-block-content=\"\"><p class=\"sqsrte-large preFade fadeIn\"><strong>Importe por impresi\u00f3n<\/strong><\/p><\/div><\/div><\/div><\/div>\t\t\t\t\t\t\t\t<\/div>\n\t\t\t\t<\/div>\n\t\t\t\t<div class=\"elementor-element elementor-element-9430b31 elementor-widget elementor-widget-text-editor\" data-id=\"9430b31\" data-element_type=\"widget\" data-e-type=\"widget\" data-widget_type=\"text-editor.default\">\n\t\t\t\t<div class=\"elementor-widget-container\">\n\t\t\t\t\t\t\t\t\t<div class=\"fe-block fe-block-eba6c93d4ca31f98913a\"><div id=\"block-eba6c93d4ca31f98913a\" class=\"sqs-block html-block sqs-block-html\" data-blend-mode=\"NORMAL\" data-block-type=\"2\" data-border-radii=\"{\"topLeft\":{\"unit\":\"px\",\"value\":0.0},\"topRight\":{\"unit\":\"px\",\"value\":0.0},\"bottomLeft\":{\"unit\":\"px\",\"value\":0.0},\"bottomRight\":{\"unit\":\"px\",\"value\":0.0}}\" data-sqsp-block=\"text\"><div class=\"sqs-block-content\"><div class=\"sqs-html-content\" data-sqsp-text-block-content=\"\"><p class=\"sqsrte-large preFade fadeIn\"><strong>Capacidad<\/strong><\/p><\/div><\/div><\/div><\/div>\t\t\t\t\t\t\t\t<\/div>\n\t\t\t\t<\/div>\n\t\t\t\t<div class=\"elementor-element elementor-element-66ca95b elementor-widget elementor-widget-text-editor\" data-id=\"66ca95b\" data-element_type=\"widget\" data-e-type=\"widget\" data-widget_type=\"text-editor.default\">\n\t\t\t\t<div class=\"elementor-widget-container\">\n\t\t\t\t\t\t\t\t\t<div class=\"fe-block fe-block-eba6c93d4ca31f98913a\"><div id=\"block-eba6c93d4ca31f98913a\" class=\"sqs-block html-block sqs-block-html\" data-blend-mode=\"NORMAL\" data-block-type=\"2\" data-border-radii=\"{\"topLeft\":{\"unit\":\"px\",\"value\":0.0},\"topRight\":{\"unit\":\"px\",\"value\":0.0},\"bottomLeft\":{\"unit\":\"px\",\"value\":0.0},\"bottomRight\":{\"unit\":\"px\",\"value\":0.0}}\" data-sqsp-block=\"text\"><div class=\"sqs-block-content\"><div class=\"sqs-html-content\" data-sqsp-text-block-content=\"\"><p class=\"sqsrte-large preFade fadeIn\"><strong>Puede imprimir una plancha de hasta este tama\u00f1o:<\/strong><\/p><\/div><\/div><\/div><\/div>\t\t\t\t\t\t\t\t<\/div>\n\t\t\t\t<\/div>\n\t\t\t\t<\/div>\n\t\t<div class=\"elementor-element elementor-element-a789887 e-grid e-con-full e-con e-child\" data-id=\"a789887\" data-element_type=\"container\" data-e-type=\"container\">\n\t\t\t\t<div class=\"elementor-element elementor-element-3591eef elementor-widget elementor-widget-text-editor\" data-id=\"3591eef\" data-element_type=\"widget\" data-e-type=\"widget\" data-widget_type=\"text-editor.default\">\n\t\t\t\t<div class=\"elementor-widget-container\">\n\t\t\t\t\t\t\t\t\t<div class=\"fe-block fe-block-yui_3_17_2_1_1703092516372_12237\"><div id=\"block-yui_3_17_2_1_1703092516372_12237\" class=\"sqs-block html-block sqs-block-html\" data-blend-mode=\"NORMAL\" data-block-type=\"2\" data-border-radii=\"{\"topLeft\":{\"unit\":\"px\",\"value\":0.0},\"topRight\":{\"unit\":\"px\",\"value\":0.0},\"bottomLeft\":{\"unit\":\"px\",\"value\":0.0},\"bottomRight\":{\"unit\":\"px\",\"value\":0.0}}\" data-sqsp-block=\"text\"><div class=\"sqs-block-content\"><div class=\"sqs-html-content\" data-sqsp-text-block-content=\"\"><p class=\"sqsrte-large preFade fadeIn\">A0 \u2014 32&#215;48\u201d<\/p><p class=\"sqsrte-large preFade fadeIn\">A1 \u2014 22&#215;30\u201d  <\/p><p class=\"sqsrte-large preFade fadeIn\">A2 \u2014 15&#215;22\u201d<\/p><p class=\"sqsrte-large preFade fadeIn\">A3 \u2014 11&#215;15\u201d<\/p><\/div><\/div><\/div><\/div>\t\t\t\t\t\t\t\t<\/div>\n\t\t\t\t<\/div>\n\t\t\t\t<div class=\"elementor-element elementor-element-631949e elementor-widget elementor-widget-text-editor\" data-id=\"631949e\" data-element_type=\"widget\" data-e-type=\"widget\" data-widget_type=\"text-editor.default\">\n\t\t\t\t<div class=\"elementor-widget-container\">\n\t\t\t\t\t\t\t\t\t<div class=\"fe-block fe-block-eba6c93d4ca31f98913a\"><div id=\"block-eba6c93d4ca31f98913a\" class=\"sqs-block html-block sqs-block-html\" data-blend-mode=\"NORMAL\" data-block-type=\"2\" data-border-radii=\"{\"topLeft\":{\"unit\":\"px\",\"value\":0.0},\"topRight\":{\"unit\":\"px\",\"value\":0.0},\"bottomLeft\":{\"unit\":\"px\",\"value\":0.0},\"bottomRight\":{\"unit\":\"px\",\"value\":0.0}}\" data-sqsp-block=\"text\"><div class=\"sqs-block-content\"><div class=\"sqs-html-content\" data-sqsp-text-block-content=\"\"><p class=\"sqsrte-large preFade fadeIn\">375 $ por impresi\u00f3n<\/p><p class=\"sqsrte-large preFade fadeIn\">200 $ por impresi\u00f3n<\/p><p class=\"sqsrte-large preFade fadeIn\">120 $ por impresi\u00f3n<\/p><p class=\"sqsrte-large preFade fadeIn\">85 $ por impresi\u00f3n<\/p><\/div><\/div><\/div><\/div>\t\t\t\t\t\t\t\t<\/div>\n\t\t\t\t<\/div>\n\t\t\t\t<div class=\"elementor-element elementor-element-4a9c163 elementor-widget elementor-widget-text-editor\" data-id=\"4a9c163\" data-element_type=\"widget\" data-e-type=\"widget\" data-widget_type=\"text-editor.default\">\n\t\t\t\t<div class=\"elementor-widget-container\">\n\t\t\t\t\t\t\t\t\t<div class=\"fe-block fe-block-eba6c93d4ca31f98913a\"><div id=\"block-eba6c93d4ca31f98913a\" class=\"sqs-block html-block sqs-block-html\" data-blend-mode=\"NORMAL\" data-block-type=\"2\" data-border-radii=\"{\"topLeft\":{\"unit\":\"px\",\"value\":0.0},\"topRight\":{\"unit\":\"px\",\"value\":0.0},\"bottomLeft\":{\"unit\":\"px\",\"value\":0.0},\"bottomRight\":{\"unit\":\"px\",\"value\":0.0}}\" data-sqsp-block=\"text\"><div class=\"sqs-block-content\"><div class=\"sqs-html-content\" data-sqsp-text-block-content=\"\"><p class=\"sqsrte-large preFade fadeIn\">1 por hora<\/p><p class=\"sqsrte-large preFade fadeIn\">2 por hora<\/p><p class=\"sqsrte-large preFade fadeIn\">3 por hora<\/p><p class=\"sqsrte-large preFade fadeIn\">4 por hora<\/p><\/div><\/div><\/div><\/div>\t\t\t\t\t\t\t\t<\/div>\n\t\t\t\t<\/div>\n\t\t\t\t<div class=\"elementor-element elementor-element-8047775 elementor-widget elementor-widget-text-editor\" data-id=\"8047775\" data-element_type=\"widget\" data-e-type=\"widget\" data-widget_type=\"text-editor.default\">\n\t\t\t\t<div class=\"elementor-widget-container\">\n\t\t\t\t\t\t\t\t\t<div class=\"fe-block fe-block-eba6c93d4ca31f98913a\"><div id=\"block-eba6c93d4ca31f98913a\" class=\"sqs-block html-block sqs-block-html\" data-blend-mode=\"NORMAL\" data-block-type=\"2\" data-border-radii=\"{\"topLeft\":{\"unit\":\"px\",\"value\":0.0},\"topRight\":{\"unit\":\"px\",\"value\":0.0},\"bottomLeft\":{\"unit\":\"px\",\"value\":0.0},\"bottomRight\":{\"unit\":\"px\",\"value\":0.0}}\" data-sqsp-block=\"text\"><div class=\"sqs-block-content\"><div class=\"sqs-html-content\" data-sqsp-text-block-content=\"\"><p class=\"sqsrte-large preFade fadeIn\">Plancha de 30&#215;41\u201d<\/p><p class=\"sqsrte-large preFade fadeIn\">Plancha de 20&#215;28\u201d<\/p><p class=\"sqsrte-large preFade fadeIn\">Plancha de 13&#215;20\u201d<\/p><p class=\"sqsrte-large preFade fadeIn\">Plancha de 9&#215;13\u201d<\/p><\/div><\/div><\/div><\/div>\t\t\t\t\t\t\t\t<\/div>\n\t\t\t\t<\/div>\n\t\t\t\t<\/div>\n\t\t\t\t\t<\/div>\n\t\t\t\t<\/div>\n\t\t<div class=\"elementor-element elementor-element-a1c9a59 e-flex e-con-boxed e-con e-parent\" data-id=\"a1c9a59\" data-element_type=\"container\" data-e-type=\"container\">\n\t\t\t\t\t<div class=\"e-con-inner\">\n\t\t\t\t<div class=\"elementor-element elementor-element-39d18de elementor-widget elementor-widget-text-editor\" data-id=\"39d18de\" data-element_type=\"widget\" data-e-type=\"widget\" data-widget_type=\"text-editor.default\">\n\t\t\t\t<div class=\"elementor-widget-container\">\n\t\t\t\t\t\t\t\t\t<div class=\"fe-block fe-block-yui_3_17_2_1_1703092516372_12237\"><div id=\"block-yui_3_17_2_1_1703092516372_12237\" class=\"sqs-block html-block sqs-block-html\" data-blend-mode=\"NORMAL\" data-block-type=\"2\" data-border-radii=\"{\"topLeft\":{\"unit\":\"px\",\"value\":0.0},\"topRight\":{\"unit\":\"px\",\"value\":0.0},\"bottomLeft\":{\"unit\":\"px\",\"value\":0.0},\"bottomRight\":{\"unit\":\"px\",\"value\":0.0}}\" data-sqsp-block=\"text\"><div class=\"sqs-block-content\"><div class=\"sqs-html-content\" data-sqsp-text-block-content=\"\"><p class=\"sqsrte-large preFade fadeIn\">Como innovador en tecnolog\u00eda de impresi\u00f3n, Prints On Paper lidera el camino en eficiencia y calidad. Esto nos permite editar el trabajo muy r\u00e1pidamente y con precisi\u00f3n. Nathanael y Walker son impresores multi-asiento que disfrutan del entorno de colaboraci\u00f3n, as\u00ed como de la naturaleza repetitiva de la impresi\u00f3n de edici\u00f3n (y ejem . . . embalaje\/env\u00edo). Hay un nivel muy alto de seguimiento desde la primera conversaci\u00f3n con un artista hasta la impresi\u00f3n final firmada.   <\/p><\/div><\/div><\/div><\/div>\t\t\t\t\t\t\t\t<\/div>\n\t\t\t\t<\/div>\n\t\t\t\t\t<\/div>\n\t\t\t\t<\/div>\n\t\t<div class=\"elementor-element elementor-element-ea75ac7 e-flex e-con-boxed e-con e-parent\" data-id=\"ea75ac7\" data-element_type=\"container\" data-e-type=\"container\">\n\t\t\t\t\t<div class=\"e-con-inner\">\n\t\t\t\t<div class=\"elementor-element elementor-element-1801dcb elementor-widget elementor-widget-text-editor\" data-id=\"1801dcb\" data-element_type=\"widget\" data-e-type=\"widget\" data-widget_type=\"text-editor.default\">\n\t\t\t\t<div class=\"elementor-widget-container\">\n\t\t\t\t\t\t\t\t\t<div class=\"fe-block fe-block-yui_3_17_2_1_1703092516372_12237\"><div id=\"block-yui_3_17_2_1_1703092516372_12237\" class=\"sqs-block html-block sqs-block-html\" data-blend-mode=\"NORMAL\" data-block-type=\"2\" data-border-radii=\"{\"topLeft\":{\"unit\":\"px\",\"value\":0.0},\"topRight\":{\"unit\":\"px\",\"value\":0.0},\"bottomLeft\":{\"unit\":\"px\",\"value\":0.0},\"bottomRight\":{\"unit\":\"px\",\"value\":0.0}}\" data-sqsp-block=\"text\"><div class=\"sqs-block-content\"><div class=\"sqs-html-content\" data-sqsp-text-block-content=\"\"><p class=\"sqsrte-large preFade fadeIn\">Nuestras planchas de fotograbado prefabricadas son de la m\u00e1s alta calidad disponible. Podemos imprimir a medida cualquier tipo de imagen. Estamos constantemente innovando nuestro proceso para ofrecer a los clientes la imagen de mayor resoluci\u00f3n en su plancha. Si bien existen las mejores pr\u00e1cticas en lo que respecta a la creaci\u00f3n de im\u00e1genes para planchas de fotograbado, en general, trabajar con un flujo de trabajo directo a la plancha garantiza que todas las tonalidades que vea en su pantalla sean las que pueda esperar en su impresi\u00f3n final de grabado. No dude en ponerse en contacto con nosotros si tiene alguna pregunta.    <\/p><p class=\"sqsrte-large preFade fadeIn\">Para consultar nuestros servicios de fabricaci\u00f3n de planchas, <a href=\"https:\/\/printsonpaper.studio\/es\/placas-de-fotograbado-intaglio\/\">haga clic aqu\u00ed.<\/a><\/p><\/div><\/div><\/div><\/div>\t\t\t\t\t\t\t\t<\/div>\n\t\t\t\t<\/div>\n\t\t\t\t\t<\/div>\n\t\t\t\t<\/div>\n\t\t\t\t<\/div>\n\t\t","protected":false},"excerpt":{"rendered":"<p>ENV\u00cdENOS UN CORREO ELECTR\u00d3NICO PARA EMPEZAR El fotograbado es un medio art\u00edstico por derecho propio. Trabajar en este medio a trav\u00e9s de un flujo de trabajo directo a la plancha permite a los artistas aplicar una amplia gama de marcas en el papel de forma r\u00e1pida y con extrema precisi\u00f3n. Desde lo fotogr\u00e1fico hasta lo [&hellip;]<\/p>\n","protected":false},"author":1,"featured_media":3141,"parent":0,"menu_order":0,"comment_status":"closed","ping_status":"closed","template":"","meta":{"_acf_changed":false,"footnotes":""},"class_list":["post-3139","page","type-page","status-publish","has-post-thumbnail","hentry"],"acf":[],"_links":{"self":[{"href":"https:\/\/printsonpaper.studio\/es\/wp-json\/wp\/v2\/pages\/3139","targetHints":{"allow":["GET"]}}],"collection":[{"href":"https:\/\/printsonpaper.studio\/es\/wp-json\/wp\/v2\/pages"}],"about":[{"href":"https:\/\/printsonpaper.studio\/es\/wp-json\/wp\/v2\/types\/page"}],"author":[{"embeddable":true,"href":"https:\/\/printsonpaper.studio\/es\/wp-json\/wp\/v2\/users\/1"}],"replies":[{"embeddable":true,"href":"https:\/\/printsonpaper.studio\/es\/wp-json\/wp\/v2\/comments?post=3139"}],"version-history":[{"count":1,"href":"https:\/\/printsonpaper.studio\/es\/wp-json\/wp\/v2\/pages\/3139\/revisions"}],"predecessor-version":[{"id":3143,"href":"https:\/\/printsonpaper.studio\/es\/wp-json\/wp\/v2\/pages\/3139\/revisions\/3143"}],"wp:featuredmedia":[{"embeddable":true,"href":"https:\/\/printsonpaper.studio\/es\/wp-json\/wp\/v2\/media\/3141"}],"wp:attachment":[{"href":"https:\/\/printsonpaper.studio\/es\/wp-json\/wp\/v2\/media?parent=3139"}],"curies":[{"name":"wp","href":"https:\/\/api.w.org\/{rel}","templated":true}]}}