{"id":3152,"date":"2025-09-06T12:37:37","date_gmt":"2025-09-06T16:37:37","guid":{"rendered":"https:\/\/printsonpaper.studio\/envienos-sus-archivos\/"},"modified":"2025-11-02T16:01:59","modified_gmt":"2025-11-02T21:01:59","slug":"envienos-sus-archivos","status":"publish","type":"page","link":"https:\/\/printsonpaper.studio\/es\/envienos-sus-archivos\/","title":{"rendered":"ENV\u00cdENOS SUS ARCHIVOS"},"content":{"rendered":"\t\t<div data-elementor-type=\"wp-page\" data-elementor-id=\"3152\" class=\"elementor elementor-3152\" data-elementor-post-type=\"page\">\n\t\t\t\t<div class=\"elementor-element elementor-element-64f724ea e-con-full e-flex e-con e-parent\" data-id=\"64f724ea\" data-element_type=\"container\" data-e-type=\"container\">\n\t\t\t\t<\/div>\n\t\t\t\t<\/div>\n\t\t","protected":false},"excerpt":{"rendered":"<p>Puede subir cualquier tipo de archivo a continuaci\u00f3n (m\u00e1ximo 2 GB). Si tiene alg\u00fan problema, env\u00edenos un correo electr\u00f3nico a hello@printsonpaper.studio<\/p>\n","protected":false},"author":1,"featured_media":0,"parent":0,"menu_order":0,"comment_status":"closed","ping_status":"closed","template":"","meta":{"_acf_changed":false,"footnotes":""},"class_list":["post-3152","page","type-page","status-publish","hentry"],"acf":[],"_links":{"self":[{"href":"https:\/\/printsonpaper.studio\/es\/wp-json\/wp\/v2\/pages\/3152","targetHints":{"allow":["GET"]}}],"collection":[{"href":"https:\/\/printsonpaper.studio\/es\/wp-json\/wp\/v2\/pages"}],"about":[{"href":"https:\/\/printsonpaper.studio\/es\/wp-json\/wp\/v2\/types\/page"}],"author":[{"embeddable":true,"href":"https:\/\/printsonpaper.studio\/es\/wp-json\/wp\/v2\/users\/1"}],"replies":[{"embeddable":true,"href":"https:\/\/printsonpaper.studio\/es\/wp-json\/wp\/v2\/comments?post=3152"}],"version-history":[{"count":1,"href":"https:\/\/printsonpaper.studio\/es\/wp-json\/wp\/v2\/pages\/3152\/revisions"}],"predecessor-version":[{"id":3154,"href":"https:\/\/printsonpaper.studio\/es\/wp-json\/wp\/v2\/pages\/3152\/revisions\/3154"}],"wp:attachment":[{"href":"https:\/\/printsonpaper.studio\/es\/wp-json\/wp\/v2\/media?parent=3152"}],"curies":[{"name":"wp","href":"https:\/\/api.w.org\/{rel}","templated":true}]}}