{"id":3206,"date":"2025-09-05T21:48:15","date_gmt":"2025-09-06T01:48:15","guid":{"rendered":"https:\/\/printsonpaper.studio\/talleres\/"},"modified":"2025-12-09T10:06:15","modified_gmt":"2025-12-09T15:06:15","slug":"talleres","status":"publish","type":"page","link":"https:\/\/printsonpaper.studio\/es\/talleres\/","title":{"rendered":"Workshops"},"content":{"rendered":"\t\t<div data-elementor-type=\"wp-page\" data-elementor-id=\"3206\" class=\"elementor elementor-3206 elementor-1723\" data-elementor-post-type=\"page\">\n\t\t\t\t<div class=\"elementor-element elementor-element-c54b9ef e-flex e-con-boxed e-con e-parent\" data-id=\"c54b9ef\" data-element_type=\"container\" data-e-type=\"container\">\n\t\t\t\t\t<div class=\"e-con-inner\">\n\t\t\t\t<div class=\"elementor-element elementor-element-b9e455c elementor-widget elementor-widget-text-editor\" data-id=\"b9e455c\" data-element_type=\"widget\" data-e-type=\"widget\" data-widget_type=\"text-editor.default\">\n\t\t\t\t<div class=\"elementor-widget-container\">\n\t\t\t\t\t\t\t\t\t\n<p>Los talleres de fotograbado en Prints on Paper ofrecen instrucci\u00f3n pr\u00e1ctica e inmersiva, abarcando tanto t\u00e9cnicas fundamentales como avanzadas. Estos talleres utilizan placas de \u00faltima generaci\u00f3n para proporcionar a los estudiantes una comprensi\u00f3n integral del proceso de fotograbado. <\/p>\n\t\t\t\t\t\t\t\t<\/div>\n\t\t\t\t<\/div>\n\t\t\t\t\t<\/div>\n\t\t\t\t<\/div>\n\t\t<div class=\"elementor-element elementor-element-19c1b4e3 e-flex e-con-boxed e-con e-parent\" data-id=\"19c1b4e3\" data-element_type=\"container\" data-e-type=\"container\">\n\t\t\t\t\t<div class=\"e-con-inner\">\n\t\t\t\t<div class=\"elementor-element elementor-element-4121ad0 elementor-widget elementor-widget-button\" data-id=\"4121ad0\" data-element_type=\"widget\" data-e-type=\"widget\" data-widget_type=\"button.default\">\n\t\t\t\t<div class=\"elementor-widget-container\">\n\t\t\t\t\t\t\t\t\t<div class=\"elementor-button-wrapper\">\n\t\t\t\t\t<a class=\"elementor-button elementor-button-link elementor-size-sm\" href=\"https:\/\/printsonpaper.studio\/es\/store\/p\/taller-de-fotograbado-de-cuatro-dias-deposito-de-450-1800-en-total\/\">\n\t\t\t\t\t\t<span class=\"elementor-button-content-wrapper\">\n\t\t\t\t\t\t\t\t\t<span class=\"elementor-button-text\">ABIERTO PLAZO DE INSCRIPCI\u00d3N PARA 2026<\/span>\n\t\t\t\t\t<\/span>\n\t\t\t\t\t<\/a>\n\t\t\t\t<\/div>\n\t\t\t\t\t\t\t\t<\/div>\n\t\t\t\t<\/div>\n\t\t\t\t\t<\/div>\n\t\t\t\t<\/div>\n\t\t<div class=\"elementor-element elementor-element-473213f e-flex e-con-boxed e-con e-parent\" data-id=\"473213f\" data-element_type=\"container\" data-e-type=\"container\">\n\t\t\t\t\t<div class=\"e-con-inner\">\n\t\t<div class=\"elementor-element elementor-element-6890c9f e-con-full e-flex e-con e-child\" data-id=\"6890c9f\" data-element_type=\"container\" data-e-type=\"container\">\n\t\t\t\t<div class=\"elementor-element elementor-element-d75f20a elementor-widget elementor-widget-video\" data-id=\"d75f20a\" data-element_type=\"widget\" data-e-type=\"widget\" data-settings=\"{&quot;video_type&quot;:&quot;hosted&quot;,&quot;autoplay&quot;:&quot;yes&quot;,&quot;mute&quot;:&quot;yes&quot;,&quot;loop&quot;:&quot;yes&quot;,&quot;controls&quot;:&quot;yes&quot;}\" data-widget_type=\"video.default\">\n\t\t\t\t<div class=\"elementor-widget-container\">\n\t\t\t\t\t\t\t<div class=\"e-hosted-video elementor-wrapper elementor-open-inline\">\n\t\t\t\t\t<video class=\"elementor-video\" src=\"https:\/\/printsonpaper.studio\/wp-content\/uploads\/2025\/10\/IMG_9034.mp4\" autoplay=\"\" loop=\"\" controls=\"\" muted=\"muted\" controlsList=\"nodownload\"><\/video>\n\t\t\t\t<\/div>\n\t\t\t\t\t\t<\/div>\n\t\t\t\t<\/div>\n\t\t\t\t<\/div>\n\t\t<div class=\"elementor-element elementor-element-1cf2e78 e-con-full e-flex e-con e-child\" data-id=\"1cf2e78\" data-element_type=\"container\" data-e-type=\"container\">\n\t\t\t\t<div class=\"elementor-element elementor-element-039f0c5 elementor-widget elementor-widget-video\" data-id=\"039f0c5\" data-element_type=\"widget\" data-e-type=\"widget\" data-settings=\"{&quot;video_type&quot;:&quot;hosted&quot;,&quot;autoplay&quot;:&quot;yes&quot;,&quot;mute&quot;:&quot;yes&quot;,&quot;loop&quot;:&quot;yes&quot;,&quot;controls&quot;:&quot;yes&quot;}\" data-widget_type=\"video.default\">\n\t\t\t\t<div class=\"elementor-widget-container\">\n\t\t\t\t\t\t\t<div class=\"e-hosted-video elementor-wrapper elementor-open-inline\">\n\t\t\t\t\t<video class=\"elementor-video\" src=\"https:\/\/printsonpaper.studio\/wp-content\/uploads\/2025\/10\/IMG_9040.mp4\" autoplay=\"\" loop=\"\" controls=\"\" muted=\"muted\" controlsList=\"nodownload\"><\/video>\n\t\t\t\t<\/div>\n\t\t\t\t\t\t<\/div>\n\t\t\t\t<\/div>\n\t\t\t\t<\/div>\n\t\t<div class=\"elementor-element elementor-element-b3c2748 e-con-full e-flex e-con e-child\" data-id=\"b3c2748\" data-element_type=\"container\" data-e-type=\"container\">\n\t\t\t\t<div class=\"elementor-element elementor-element-8d926a8 elementor-widget elementor-widget-video\" data-id=\"8d926a8\" data-element_type=\"widget\" data-e-type=\"widget\" data-settings=\"{&quot;video_type&quot;:&quot;hosted&quot;,&quot;autoplay&quot;:&quot;yes&quot;,&quot;mute&quot;:&quot;yes&quot;,&quot;loop&quot;:&quot;yes&quot;,&quot;controls&quot;:&quot;yes&quot;}\" data-widget_type=\"video.default\">\n\t\t\t\t<div class=\"elementor-widget-container\">\n\t\t\t\t\t\t\t<div class=\"e-hosted-video elementor-wrapper elementor-open-inline\">\n\t\t\t\t\t<video class=\"elementor-video\" src=\"https:\/\/printsonpaper.studio\/wp-content\/uploads\/2025\/10\/IMG_9046.mp4\" autoplay=\"\" loop=\"\" controls=\"\" muted=\"muted\" controlsList=\"nodownload\"><\/video>\n\t\t\t\t<\/div>\n\t\t\t\t\t\t<\/div>\n\t\t\t\t<\/div>\n\t\t\t\t<\/div>\n\t\t<div class=\"elementor-element elementor-element-d7d7897 e-con-full e-flex e-con e-child\" data-id=\"d7d7897\" data-element_type=\"container\" data-e-type=\"container\">\n\t\t\t\t<div class=\"elementor-element elementor-element-6a1bb40 elementor-widget elementor-widget-video\" data-id=\"6a1bb40\" data-element_type=\"widget\" data-e-type=\"widget\" data-settings=\"{&quot;video_type&quot;:&quot;hosted&quot;,&quot;autoplay&quot;:&quot;yes&quot;,&quot;mute&quot;:&quot;yes&quot;,&quot;loop&quot;:&quot;yes&quot;,&quot;controls&quot;:&quot;yes&quot;}\" data-widget_type=\"video.default\">\n\t\t\t\t<div class=\"elementor-widget-container\">\n\t\t\t\t\t\t\t<div class=\"e-hosted-video elementor-wrapper elementor-open-inline\">\n\t\t\t\t\t<video class=\"elementor-video\" src=\"https:\/\/printsonpaper.studio\/wp-content\/uploads\/2025\/10\/IMG_1220.mp4\" autoplay=\"\" loop=\"\" controls=\"\" muted=\"muted\" controlsList=\"nodownload\"><\/video>\n\t\t\t\t<\/div>\n\t\t\t\t\t\t<\/div>\n\t\t\t\t<\/div>\n\t\t\t\t<\/div>\n\t\t\t\t\t<\/div>\n\t\t\t\t<\/div>\n\t\t<div class=\"elementor-element elementor-element-a50c2c8 e-flex e-con-boxed e-con e-parent\" data-id=\"a50c2c8\" data-element_type=\"container\" data-e-type=\"container\">\n\t\t\t\t\t<div class=\"e-con-inner\">\n\t\t\t\t<div class=\"elementor-element elementor-element-cf9ddcc elementor-widget elementor-widget-text-editor\" data-id=\"cf9ddcc\" data-element_type=\"widget\" data-e-type=\"widget\" data-widget_type=\"text-editor.default\">\n\t\t\t\t<div class=\"elementor-widget-container\">\n\t\t\t\t\t\t\t\t\t<div class=\"product-excerpt\">\n<p class=\"preFade fadeIn\" data-rte-preserve-empty=\"true\">Durante este taller intensivo de fotograbado de cuatro d\u00edas, profundizamos en las complejidades de este medio \u00fanico. Los participantes comienzan con un conjunto de diez placas prefabricadas e inmediatamente comienzan a experimentar con varias t\u00e9cnicas de grabado en el primer d\u00eda. A medida que avanza el taller, los asistentes tienen la oportunidad de crear un segundo lote de placas, reaccionando a sus im\u00e1genes ya impresas. Esta experiencia pr\u00e1ctica ayuda a establecer las mejores pr\u00e1cticas para la creaci\u00f3n de im\u00e1genes en medios de bajo contraste como el grabado.   <\/p>\n<p class=\"p1 preFade fadeIn\" data-rte-preserve-empty=\"true\">El taller cubre una variedad de t\u00e9cnicas complejas, incluyendo la fabricaci\u00f3n de tinta, la impresi\u00f3n de m\u00faltiples placas, el Chin\u00e9-Colle, el \u00c0 la poup\u00e9e y varios papeles. Los asistentes obtienen una comprensi\u00f3n m\u00e1s amplia del medio y aprenden de un estudio profesional. Como taller centrado en la impresi\u00f3n, el objetivo es irse con un n\u00famero considerable de impresiones. Si bien no es una gu\u00eda completa para construir un estudio de impresi\u00f3n de placas, proporciona una base s\u00f3lida en las t\u00e9cnicas de impresi\u00f3n tradicionales aplicadas a nuestras placas de grabado digital creadas en Prints on Paper. Adem\u00e1s, los participantes aprenden habilidades esenciales de Photoshop para trabajar con medios de bajo contraste. Las t\u00e9cnicas y el conocimiento adquiridos durante el taller permiten a los participantes prosperar en su pr\u00e1ctica art\u00edstica.     <\/p>\n<p class=\"p1 preFade fadeIn\" data-rte-preserve-empty=\"true\">Cada asistente tambi\u00e9n tiene la opci\u00f3n de realizar una configuraci\u00f3n de estudio <b><i>gratuita<\/i><\/b> de forma remota con nosotros despu\u00e9s del taller si desean imprimir sus placas por s\u00ed mismos. Las configuraciones de estudio remotas son la mejor manera de poner en marcha la impresi\u00f3n de placas. Y es mejor saber c\u00f3mo sacar impresiones de esas placas primero tomando el taller de cuatro d\u00edas aqu\u00ed.  <\/p>\n<\/div>\n<div class=\"product-variants sqs-site-style-form preFade fadeIn\" data-animation-role=\"content\">\n<div class=\"form-wrapper\">\n<div class=\"form-inner-wrapper\">\n<form class=\"react-form-contents\">\n<div class=\"field-list\">\n<div class=\"variant-option\">&nbsp;<\/div>\n<\/div>\n<\/form>\n<\/div>\n<\/div>\n<\/div>\n<p><\/p>\t\t\t\t\t\t\t\t<\/div>\n\t\t\t\t<\/div>\n\t\t<div class=\"elementor-element elementor-element-f2283ae e-con-full e-flex e-con e-child\" data-id=\"f2283ae\" data-element_type=\"container\" data-e-type=\"container\">\n\t\t\t\t<div class=\"elementor-element elementor-element-7195638 elementor-widget elementor-widget-button\" data-id=\"7195638\" data-element_type=\"widget\" data-e-type=\"widget\" data-widget_type=\"button.default\">\n\t\t\t\t<div class=\"elementor-widget-container\">\n\t\t\t\t\t\t\t\t\t<div class=\"elementor-button-wrapper\">\n\t\t\t\t\t<a class=\"elementor-button elementor-button-link elementor-size-sm\" href=\"https:\/\/printsonpaper.studio\/es\/store\/p\/taller-de-fotograbado-de-cuatro-dias-deposito-de-450-1800-en-total\/\">\n\t\t\t\t\t\t<span class=\"elementor-button-content-wrapper\">\n\t\t\t\t\t\t\t\t\t<span class=\"elementor-button-text\">INSCR\u00cdBASE AHORA<\/span>\n\t\t\t\t\t<\/span>\n\t\t\t\t\t<\/a>\n\t\t\t\t<\/div>\n\t\t\t\t\t\t\t\t<\/div>\n\t\t\t\t<\/div>\n\t\t\t\t<\/div>\n\t\t\t\t\t<\/div>\n\t\t\t\t<\/div>\n\t\t<div class=\"elementor-element elementor-element-2c3c8fe e-flex e-con-boxed e-con e-parent\" data-id=\"2c3c8fe\" data-element_type=\"container\" data-e-type=\"container\">\n\t\t\t\t\t<div class=\"e-con-inner\">\n\t\t<div class=\"elementor-element elementor-element-49c5701 e-con-full e-flex e-con e-child\" data-id=\"49c5701\" data-element_type=\"container\" data-e-type=\"container\">\n\t\t\t\t<div class=\"elementor-element elementor-element-ef0ec94 elementor-widget elementor-widget-text-editor\" data-id=\"ef0ec94\" data-element_type=\"widget\" data-e-type=\"widget\" data-widget_type=\"text-editor.default\">\n\t\t\t\t<div class=\"elementor-widget-container\">\n\t\t\t\t\t\t\t\t\t<div class=\"product-excerpt\">\n<div class=\"accordion-icon-container\" data-is-open=\"false\" aria-hidden=\"true\">\n<div class=\"plus\">\n<h3 class=\"plus__vertical-line\">Placas incluidas<\/h3>\n<div class=\"plus__vertical-line\">Imprimiremos lo que quepa en una placa maestra de 31\u00d742, siempre y cuando cada placa sea m\u00e1s peque\u00f1a que 16\u00d720. Por ejemplo, puede imprimir alrededor de 16 placas de 6\u00d79 pulgadas. Toda la impresi\u00f3n de placas restante durante el taller es solo al precio del material.   <\/div>\n<\/div>\n<\/div>\n<\/div>\n<p><\/p>\t\t\t\t\t\t\t\t<\/div>\n\t\t\t\t<\/div>\n\t\t\t\t<\/div>\n\t\t<div class=\"elementor-element elementor-element-94ab68a e-con-full e-flex e-con e-child\" data-id=\"94ab68a\" data-element_type=\"container\" data-e-type=\"container\">\n\t\t\t\t<div class=\"elementor-element elementor-element-4c62552 elementor-widget elementor-widget-text-editor\" data-id=\"4c62552\" data-element_type=\"widget\" data-e-type=\"widget\" data-widget_type=\"text-editor.default\">\n\t\t\t\t<div class=\"elementor-widget-container\">\n\t\t\t\t\t\t\t\t\t<div class=\"product-excerpt\">\n<div class=\"accordion-icon-container\" data-is-open=\"false\" aria-hidden=\"true\">\n<div class=\"plus\">\n<div class=\"accordion-icon-container\" data-is-open=\"false\" aria-hidden=\"true\">\n<div class=\"plus\">\n<h3>Pol\u00edtica de reembolso<\/h3>\n<div class=\"plus__vertical-line\">En este momento, estamos utilizando los ingresos del taller para terminar de construir el estudio. Desafortunadamente, no podemos emitir reembolsos en este momento. Pero si ha reservado un taller, siempre puede cambiarlo a una fecha diferente o usarlo para la producci\u00f3n de placas personalizadas o la instrucci\u00f3n remota. \u00a1H\u00e1ganos saber si tiene alguna pregunta!   <\/div>\n<\/div>\n<\/div>\n<\/div>\n<\/div>\n<\/div>\n<p><\/p>\t\t\t\t\t\t\t\t<\/div>\n\t\t\t\t<\/div>\n\t\t\t\t<\/div>\n\t\t<div class=\"elementor-element elementor-element-3780734 e-con-full e-flex e-con e-child\" data-id=\"3780734\" data-element_type=\"container\" data-e-type=\"container\">\n\t\t\t\t<div class=\"elementor-element elementor-element-0d968d0 elementor-widget elementor-widget-text-editor\" data-id=\"0d968d0\" data-element_type=\"widget\" data-e-type=\"widget\" data-widget_type=\"text-editor.default\">\n\t\t\t\t<div class=\"elementor-widget-container\">\n\t\t\t\t\t\t\t\t\t<div class=\"product-excerpt\">\n<div class=\"accordion-icon-container\" data-is-open=\"false\" aria-hidden=\"true\">\n<div class=\"plus\">\n<div class=\"accordion-icon-container\" data-is-open=\"false\" aria-hidden=\"true\">\n<div class=\"plus\">\n<h3>Nivel de experiencia<\/h3>\n<div class=\"plus__vertical-line\">\u00a1No necesita ninguna experiencia previa para tomar este taller!<\/div>\n<\/div>\n<\/div>\n<\/div>\n<\/div>\n<\/div>\n<p><\/p>\t\t\t\t\t\t\t\t<\/div>\n\t\t\t\t<\/div>\n\t\t\t\t<\/div>\n\t\t<div class=\"elementor-element elementor-element-d312595 e-con-full e-flex e-con e-child\" data-id=\"d312595\" data-element_type=\"container\" data-e-type=\"container\">\n\t\t\t\t<div class=\"elementor-element elementor-element-917bb34 elementor-widget elementor-widget-text-editor\" data-id=\"917bb34\" data-element_type=\"widget\" data-e-type=\"widget\" data-widget_type=\"text-editor.default\">\n\t\t\t\t<div class=\"elementor-widget-container\">\n\t\t\t\t\t\t\t\t\t<div class=\"product-excerpt\">\n<div class=\"accordion-icon-container\" data-is-open=\"false\" aria-hidden=\"true\">\n<div class=\"plus\">\n<div class=\"accordion-icon-container\" data-is-open=\"false\" aria-hidden=\"true\">\n<div class=\"plus\">\n<h3>Qu\u00e9 traer<\/h3>\n<div class=\"plus__vertical-line\">Traiga un disco duro con archivos digitales (fotograf\u00edas, vectores, escaneos, lo que sea). Traiga trabajo original si desea que se escanee para trabajar en \u00e9l. Traiga una computadora port\u00e1til y cualquier adaptador de monitor que tenga.   \ud83d\ude42<\/div>\n<\/div>\n<\/div>\n<\/div>\n<\/div>\n<\/div>\n<p><\/p>\t\t\t\t\t\t\t\t<\/div>\n\t\t\t\t<\/div>\n\t\t\t\t<\/div>\n\t\t<div class=\"elementor-element elementor-element-1c3072e e-con-full e-flex e-con e-child\" data-id=\"1c3072e\" data-element_type=\"container\" data-e-type=\"container\">\n\t\t\t\t<div class=\"elementor-element elementor-element-0a82f62 elementor-widget elementor-widget-text-editor\" data-id=\"0a82f62\" data-element_type=\"widget\" data-e-type=\"widget\" data-widget_type=\"text-editor.default\">\n\t\t\t\t<div class=\"elementor-widget-container\">\n\t\t\t\t\t\t\t\t\t<div>\n<div data-is-open=\"false\" aria-hidden=\"true\">\n<div>\n<div data-is-open=\"false\" aria-hidden=\"true\">\n<div>\n<h3>Comida, vida nocturna y comestibles<\/h3>\n<div>\n<p><strong>The Village Restaurant,<\/strong> Hardwick VT: Una especie de restaurante de lujo (ideal para el desayuno\/almuerzo), a 11,9 millas de distancia<br>https:\/\/www.facebook.com\/VillageRestaurantHardwick\/menu\/?ref=page_internal<\/p>\n<p><strong>Front Seat Coffee,<\/strong> Hardwick VT: \u00a1\u00a1Gran cafeter\u00eda!! Bollos, etc., a 11,9 millas de distancia <\/p>\n<p><strong>Positive Pie,<\/strong> Hardwick, Hardwick VT: Pizza, comida italiana, a 11,8 millas de distancia<\/p>\n<p><strong>Positive Pie,<\/strong> Plainfield VT: Pizza, comida italiana, gran bar, micr\u00f3fono abierto los martes, a 11,4 millas de distancia<\/p>\n<p><strong>The Den,<\/strong> Cabot VT: Lugar de m\u00fasica, bar, cafeter\u00eda, lugar para el almuerzo\/cena, tambi\u00e9n una ferreter\u00eda, centro de Cabot, a 3,6 millas de distancia<\/p>\n<p><strong>Out Spice Cafe,<\/strong> Plainfield VT: Nueva cafeter\u00eda en Plainfield, excelentes bagels y salm\u00f3n ahumado, abierto hasta las 2 p. m. A 11,4 millas de distancia <\/p>\n<p><strong>Fox Market,<\/strong> East Montpelier VT: Lugar de reuni\u00f3n durante todo el d\u00eda hasta altas horas de la noche, bar, comestibles, delicatessen, etc. Espacio seguro oficial LGBTQIA. A 20,9 millas de distancia  <\/p>\n<p><strong>Plainfield Coop,<\/strong> Plainfield VT: Alimentos org\u00e1nicos y a granel, productos, etc., a 11,4 millas de distancia<\/p>\n<p><strong>Cabot General Store:<\/strong> Tienda general cl\u00e1sica de Vermont con s\u00e1ndwiches de desayuno. Tambi\u00e9n a veces tiene queso Cabot barato, a 3,6 millas de distancia <\/p>\n<p><strong>Buffalo Mountain Market:<\/strong> (Comestibles, delicatessen, un gran lugar en general), a 11,8 millas de distancia https:\/\/buffalomountaincoop.org\/<\/p>\n<p><strong>Tops:<\/strong> (Comestibles), a 12,1 millas de distancia<\/p>\n<\/div>\n<\/div>\n<\/div>\n<\/div>\n<\/div>\n<\/div>\n<p><\/p>\t\t\t\t\t\t\t\t<\/div>\n\t\t\t\t<\/div>\n\t\t\t\t<\/div>\n\t\t<div class=\"elementor-element elementor-element-99f53d8 e-con-full e-flex e-con e-child\" data-id=\"99f53d8\" data-element_type=\"container\" data-e-type=\"container\">\n\t\t\t\t<div class=\"elementor-element elementor-element-1bf028e elementor-widget elementor-widget-text-editor\" data-id=\"1bf028e\" data-element_type=\"widget\" data-e-type=\"widget\" data-widget_type=\"text-editor.default\">\n\t\t\t\t<div class=\"elementor-widget-container\">\n\t\t\t\t\t\t\t\t\t<div>\n<div data-is-open=\"false\" aria-hidden=\"true\">\n<div data-is-open=\"false\" aria-hidden=\"true\">\n<h3>Alojamiento<\/h3>\n<div>\n<p><span style=\"text-decoration: underline;\"><a href=\"https:\/\/www.airbnb.com\/s\/1243-Walbridge-Road--Cabot--VT\/homes?refinement_paths%5B%5D=%2Fhomes&amp;place_id=ChIJkYbPUm60tUwRVbN6QOxuPz4&amp;acp_id=t-g-ChIJkYbPUm60tUwRVbN6QOxuPz4&amp;date_picker_type=calendar&amp;source=structured_search_input_header&amp;search_type=autocomplete_click\">AirBnB<\/a><\/span><\/p>\n<p><span style=\"text-decoration: underline;\"><a href=\"https:\/\/www.hotels.com\/Hotel-Search?destination=Cabot%2C%20Vermont%2C%20United%20States%20of%20America&amp;regionId=3000459597&amp;latLong=44.401451%2C-72.312317&amp;flexibility=4_DAY_LOWER&amp;flexibility=5_DAY_UPPER&amp;d1=2025-10-23&amp;d2=2025-10-24&amp;adults=2&amp;rooms=1&amp;sort=RECOMMENDED&amp;theme=&amp;userIntent=&amp;semdtl=&amp;categorySearch=&amp;useRewards=false&amp;children=&amp;pwaDialog=&amp;searchRange=2025-10-01_2025-10-31&amp;searchRange=2025-11-01_2025-11-30&amp;daysInFuture&amp;stayLength\">Hoteles<\/a><\/span><\/p>\n<\/div>\n<\/div>\n<\/div>\n<\/div>\n<p><\/p>\t\t\t\t\t\t\t\t<\/div>\n\t\t\t\t<\/div>\n\t\t<div class=\"elementor-element elementor-element-c939040 e-con-full e-flex e-con e-child\" data-id=\"c939040\" data-element_type=\"container\" data-e-type=\"container\">\n\t\t\t\t<div class=\"elementor-element elementor-element-41796d4 elementor-widget elementor-widget-button\" data-id=\"41796d4\" data-element_type=\"widget\" data-e-type=\"widget\" data-widget_type=\"button.default\">\n\t\t\t\t<div class=\"elementor-widget-container\">\n\t\t\t\t\t\t\t\t\t<div class=\"elementor-button-wrapper\">\n\t\t\t\t\t<a class=\"elementor-button elementor-button-link elementor-size-sm\" href=\"mailto:hello@printsonpaper.studio\">\n\t\t\t\t\t\t<span class=\"elementor-button-content-wrapper\">\n\t\t\t\t\t\t\t\t\t<span class=\"elementor-button-text\">\u00bfM\u00c1S PREGUNTAS? ENV\u00cdENOS UN CORREO ELECTR\u00d3NICO <\/span>\n\t\t\t\t\t<\/span>\n\t\t\t\t\t<\/a>\n\t\t\t\t<\/div>\n\t\t\t\t\t\t\t\t<\/div>\n\t\t\t\t<\/div>\n\t\t\t\t<\/div>\n\t\t\t\t<\/div>\n\t\t\t\t\t<\/div>\n\t\t\t\t<\/div>\n\t\t\t\t<\/div>\n\t\t","protected":false},"excerpt":{"rendered":"<p>Los talleres de fotograbado en Prints on Paper ofrecen instrucci\u00f3n pr\u00e1ctica e inmersiva, abarcando tanto t\u00e9cnicas fundamentales como avanzadas. Estos talleres utilizan placas de \u00faltima generaci\u00f3n para proporcionar a los estudiantes una comprensi\u00f3n integral del proceso de fotograbado. ABIERTO PLAZO DE INSCRIPCI\u00d3N PARA 2026 https:\/\/printsonpaper.studio\/wp-content\/uploads\/2025\/10\/IMG_9034.mp4https:\/\/printsonpaper.studio\/wp-content\/uploads\/2025\/10\/IMG_9040.mp4https:\/\/printsonpaper.studio\/wp-content\/uploads\/2025\/10\/IMG_9046.mp4https:\/\/printsonpaper.studio\/wp-content\/uploads\/2025\/10\/IMG_1220.mp4 Durante este taller intensivo de fotograbado de cuatro d\u00edas, profundizamos [&hellip;]<\/p>\n","protected":false},"author":1,"featured_media":3213,"parent":0,"menu_order":0,"comment_status":"closed","ping_status":"closed","template":"","meta":{"_acf_changed":false,"footnotes":""},"class_list":["post-3206","page","type-page","status-publish","has-post-thumbnail","hentry"],"acf":[],"_links":{"self":[{"href":"https:\/\/printsonpaper.studio\/es\/wp-json\/wp\/v2\/pages\/3206","targetHints":{"allow":["GET"]}}],"collection":[{"href":"https:\/\/printsonpaper.studio\/es\/wp-json\/wp\/v2\/pages"}],"about":[{"href":"https:\/\/printsonpaper.studio\/es\/wp-json\/wp\/v2\/types\/page"}],"author":[{"embeddable":true,"href":"https:\/\/printsonpaper.studio\/es\/wp-json\/wp\/v2\/users\/1"}],"replies":[{"embeddable":true,"href":"https:\/\/printsonpaper.studio\/es\/wp-json\/wp\/v2\/comments?post=3206"}],"version-history":[{"count":16,"href":"https:\/\/printsonpaper.studio\/es\/wp-json\/wp\/v2\/pages\/3206\/revisions"}],"predecessor-version":[{"id":4209,"href":"https:\/\/printsonpaper.studio\/es\/wp-json\/wp\/v2\/pages\/3206\/revisions\/4209"}],"wp:featuredmedia":[{"embeddable":true,"href":"https:\/\/printsonpaper.studio\/es\/wp-json\/wp\/v2\/media\/3213"}],"wp:attachment":[{"href":"https:\/\/printsonpaper.studio\/es\/wp-json\/wp\/v2\/media?parent=3206"}],"curies":[{"name":"wp","href":"https:\/\/api.w.org\/{rel}","templated":true}]}}