{"id":3222,"date":"2025-08-22T14:32:23","date_gmt":"2025-08-22T18:32:23","guid":{"rendered":"https:\/\/printsonpaper.studio\/terminos-y-condiciones-de-venta\/"},"modified":"2025-11-02T16:05:18","modified_gmt":"2025-11-02T21:05:18","slug":"terminos-y-condiciones-de-venta","status":"publish","type":"page","link":"https:\/\/printsonpaper.studio\/es\/terminos-y-condiciones-de-venta\/","title":{"rendered":"T\u00c9RMINOS Y CONDICIONES DE VENTA"},"content":{"rendered":"\t\t<div data-elementor-type=\"wp-page\" data-elementor-id=\"3222\" class=\"elementor elementor-3222 elementor-1090\" data-elementor-post-type=\"page\">\n\t\t\t\t<div class=\"elementor-element elementor-element-329aef47 e-flex e-con-boxed e-con e-parent\" data-id=\"329aef47\" data-element_type=\"container\" data-e-type=\"container\">\n\t\t\t\t\t<div class=\"e-con-inner\">\n\t\t\t\t<div class=\"elementor-element elementor-element-589764d elementor-widget elementor-widget-text-editor\" data-id=\"589764d\" data-element_type=\"widget\" data-e-type=\"widget\" data-widget_type=\"text-editor.default\">\n\t\t\t\t<div class=\"elementor-widget-container\">\n\t\t\t\t\t\t\t\t\t\n<p><strong>T\u00e9rminos y condiciones de venta (\u00abTCS\u00bb) para la compra de impresiones de Prints on Paper Studio ApS (\u00abPrints on Paper Studio\u00bb, \u00abnosotros\u00bb)<\/strong><\/p>\n\n<p><strong>\u00a7 1 Compras en l\u00ednea<\/strong><br>1.1 Al comprar productos en nuestro sitio web, usted declara tener dieciocho (18) a\u00f1os de edad o m\u00e1s y cumplir con nuestras TCS.<br>1.2 Podemos almacenar su nombre completo, direcci\u00f3n, direcci\u00f3n de correo electr\u00f3nico, n\u00famero de tel\u00e9fono (\u00abInformaci\u00f3n del cliente\u00bb), pero no la informaci\u00f3n de su tarjeta de cr\u00e9dito para procesar su pedido y cualquier devoluci\u00f3n aplicable. Nuestro uso de esta informaci\u00f3n del cliente est\u00e1 sujeto a nuestra pol\u00edtica de privacidad.<br>1.3 Usted reconoce y acepta que es el \u00fanico responsable de la exactitud de su informaci\u00f3n del cliente. <\/p>\n\n<p><strong>\u00a7 2 Momento de la celebraci\u00f3n del contrato<\/strong><br>2.1 La presentaci\u00f3n de impresiones en nuestro sitio web no constituye una oferta legalmente vinculante; es un cat\u00e1logo en l\u00ednea no vinculante (la llamada \u00abinvitatio ad offerendum\u00bb).<br>2.2 Al hacer clic en el bot\u00f3n para confirmar la compra de una impresi\u00f3n (\u00abImpresi\u00f3n\u00bb), el cliente (\u00abCliente\u00bb, \u00abusted\u00bb) presenta una oferta vinculante para comprar las impresiones incluidas en el carrito de la compra (\u00abPedido\u00bb).<br>2.3 Recibir\u00e1 una notificaci\u00f3n de su pedido por correo electr\u00f3nico (\u00abNotificaci\u00f3n de pedido\u00bb) directamente despu\u00e9s de realizar su pedido. La notificaci\u00f3n de pedido no constituye la aceptaci\u00f3n del contrato; le informa de que su pedido ha sido recibido.<br>2.4 Si se acepta el pedido, Prints on Paper Studio acepta su pedido envi\u00e1ndole una confirmaci\u00f3n por correo electr\u00f3nico (\u00abConfirmaci\u00f3n de pedido\u00bb) en un plazo de cinco (5) d\u00edas h\u00e1biles (\u00abCelebraci\u00f3n del contrato\u00bb).<br>2.5 Prints on Paper Studio siempre se reserva el derecho de aceptar o rechazar su oferta para celebrar un contrato de compra. Podemos, a nuestra entera discreci\u00f3n, limitar o cancelar las cantidades compradas por persona, por hogar o por pedido. Estas restricciones pueden incluir pedidos realizados por o bajo la misma cuenta de cliente, la misma tarjeta de cr\u00e9dito y\/o pedidos que utilicen la misma direcci\u00f3n de facturaci\u00f3n y\/o env\u00edo. En el caso de que realicemos un cambio o cancelemos un pedido, podemos intentar notificarle poni\u00e9ndonos en contacto con la direcci\u00f3n de correo electr\u00f3nico y\/o la direcci\u00f3n de facturaci\u00f3n\/n\u00famero de tel\u00e9fono proporcionados en el momento en que se realiz\u00f3 el pedido.    <\/p>\n\n<p><strong>\u00a7 3 Precios \/ Gastos de env\u00edo<\/strong><br>3.1 Todos los precios de las impresiones en nuestro sitio web no incluyen el IVA. El IVA puede aplicarse cuando su trabajo llega a la costa de su pa\u00eds de origen.<br>3.2 Los precios de nuestras impresiones est\u00e1n sujetos a cambios sin previo aviso. Nos reservamos el derecho de modificar o interrumpir el Servicio (o cualquier parte o contenido del mismo) en cualquier momento sin previo aviso.<br>3.3 No seremos responsables ante usted ni ante ning\u00fan tercero por ninguna modificaci\u00f3n, cambio de precio, suspensi\u00f3n o interrupci\u00f3n del Servicio.<br>3.4 Los gastos de env\u00edo se calculan seg\u00fan el peso del paquete, las dimensiones, el servicio de transporte y el destino en el momento de la venta.<br>3.5 Si una impresi\u00f3n (con o sin marco) se va a enviar fuera de los EE. UU., se aplicar\u00e1n aranceles e impuestos de importaci\u00f3n adicionales para el cliente. Tenga en cuenta que las entregas transfronterizas est\u00e1n sujetas a la apertura e inspecci\u00f3n por parte de las autoridades aduaneras y que usted ser\u00e1 considerado el importador de sus pedidos y deber\u00e1 cumplir con todas las leyes y regulaciones del pa\u00eds al que pretenda importar los objetos.   <\/p>\n\n<p><strong>\u00a7 4 Condiciones de pago \/ Compensaci\u00f3n<\/strong><br>4.1 El precio total vence inmediatamente tras la confirmaci\u00f3n de su contrato. En este contexto, Prints on Paper Studio emite una factura.<br>4.2 Puede pagar el importe total de la compra y cualquier tarifa de transferencia de dinero relacionada con las opciones de pago de su elecci\u00f3n, tal como se indica en nuestro sitio web.<br>4.3 No tiene derecho a compensaci\u00f3n a menos que sus contrademandas sean legalmente vinculantes o indiscutibles.<br>4.4 Prints on Paper Studio conserva la titularidad de cada trabajo entregado hasta que hayamos recibido el pago completo. <\/p>\n\n<p><strong>\u00a7 5 Entrega<\/strong><br>5.1 Las impresiones se enviar\u00e1n en un plazo de 5 a 7 d\u00edas h\u00e1biles tras la celebraci\u00f3n del contrato.<br>5.2 A menos que se acuerde lo contrario, la entrega se realiza en la direcci\u00f3n especificada por el cliente al realizar el pedido. Si la entrega se realiza a trav\u00e9s de una empresa de transporte, nos pondremos en contacto con el cliente para establecer una fecha de entrega espec\u00edfica. En consecuencia, el cliente debe proporcionar el n\u00famero de tel\u00e9fono y la direcci\u00f3n de correo electr\u00f3nico correctos.<br>5.3 Si la entrega al cliente no es posible, ya sea porque el trabajo que se va a entregar no cabe por la puerta de entrada, la puerta principal o la escalera del cliente, o porque el cliente no est\u00e1 en la direcci\u00f3n de entrega proporcionada, aunque el plazo de entrega se haya anunciado al cliente con un aviso razonable, el cliente es responsable de los costes de la entrega fallida y de cualquier coste de devoluci\u00f3n del trabajo a Prints on Paper Studio.  <\/p>\n\n<p><strong>\u00a7 6 Derecho de desistimiento \/ Pol\u00edtica de devoluciones<\/strong><br>6.1 Si no est\u00e1 satisfecho con alg\u00fan producto que compre en nuestro sitio web por cualquier motivo, usted, como consumidor, tiene derecho de desistimiento en un plazo de catorce (14) d\u00edas.<br>6.2 Para iniciar una devoluci\u00f3n, p\u00f3ngase en contacto con nosotros primero en hello@printsonpaper.studio para hacer los arreglos necesarios.<br>6.3 Tras la notificaci\u00f3n de desistimiento, el cliente tiene catorce (14) d\u00edas para devolver las impresiones de forma segura, envueltas en su estado original y en su embalaje original, junto con el albar\u00e1n.<br>6.4 Si el motivo de la devoluci\u00f3n es el resultado de un error nuestro, o si el art\u00edculo se da\u00f1\u00f3 antes de llegar al cliente, le reembolsaremos el importe total. Si el motivo de la devoluci\u00f3n no es el resultado de un error nuestro, le reembolsaremos el importe total pagado por las impresiones, excluidos los gastos de env\u00edo.<br>6.5 Los gastos de env\u00edo de las devoluciones deben ser pagados por el cliente. Recomendamos utilizar un servicio de entrega con informaci\u00f3n de seguimiento para la devoluci\u00f3n. En cualquier caso, solo se proporcionar\u00e1 un reembolso completo (excluidos o incluidos los gastos de env\u00edo) tras la devoluci\u00f3n segura de las impresiones en nuestras instalaciones en los EE. UU.<br>6.6 Env\u00ede el paquete a la siguiente direcci\u00f3n:<br>Prints on Paper Studio, 1243 Walbridge Rd, Cabot VT 05647 +1 (802) 222-0150<br>6.7 Si tiene alguna otra pregunta sobre nuestra pol\u00edtica de devoluciones, env\u00edenos un correo electr\u00f3nico a hello@printsonpaper.studio   <\/p>\n\n<p><strong>\u00a7 7 Seguro \/ Embalaje \/ Estado \/ Manipulaci\u00f3n<\/strong><br>7.1 Todas las impresiones compradas a trav\u00e9s de nuestro sitio web se env\u00edan con seguro de transporte y siempre est\u00e1n debidamente embaladas para permitir un env\u00edo seguro.<br>7.2 Hemos hecho todo lo posible para mostrar las im\u00e1genes de las impresiones en nuestro sitio web con la mayor precisi\u00f3n posible en lo que respecta a los colores y las dimensiones. No podemos garantizar que la pantalla del monitor de su ordenador muestre con precisi\u00f3n ning\u00fan color. Es posible que haya variaciones de color y tama\u00f1o con respecto a las im\u00e1genes de nuestro sitio web, y no constituyen defectos.<br>7.3 Se adjunta una instrucci\u00f3n general de manipulaci\u00f3n con cada entrega. Siga las instrucciones de nuestra instrucci\u00f3n de manipulaci\u00f3n para evitar cualquier da\u00f1o a las impresiones.   <\/p>\n<p><br><strong>\u00a7 8 Cl\u00e1usula de divisibilidad \/ Modificaci\u00f3n de las condiciones<\/strong><br>8.1 Nos reservamos el derecho de realizar cambios en nuestro sitio web, reglamentos y condiciones, incluidas estas TCS en cualquier momento. Las TCS y los T\u00e9rminos y condiciones generales (\u00abTCG\u00bb), que se pueden encontrar aqu\u00ed y se incorporan aqu\u00ed por referencia como si se establecieran completamente aqu\u00ed \u00ac, que est\u00e9n vigentes en el momento en que se realiza el pedido son aplicables a su pedido, a menos que una modificaci\u00f3n de estas condiciones se deba a una ley o una orden oficial (en este caso, las modificaciones tambi\u00e9n se aplican a los pedidos que haya realizado anteriormente).<br>8.2 Si alguna disposici\u00f3n de estas TCS o nuestros TCG es total o parcialmente inv\u00e1lida o inaplicable, o si estas TCS o nuestros TCG incluyen lagunas, la validez de las disposiciones restantes de estas TCS y nuestros TCG no se ver\u00e1 afectada. El t\u00e9rmino inv\u00e1lido o inaplicable se sustituir\u00e1, en la medida de lo posible, por disposiciones legales. Lo mismo se aplica en el caso de las lagunas reglamentarias.<br>8.3 Prints on Paper Studio no almacena estas TCS ni nuestros TCG tras la celebraci\u00f3n del contrato. Est\u00e1n disponibles en su forma actual aqu\u00ed.    <\/p>\n\t\t\t\t\t\t\t\t<\/div>\n\t\t\t\t<\/div>\n\t\t\t\t\t<\/div>\n\t\t\t\t<\/div>\n\t\t\t\t<\/div>\n\t\t","protected":false},"excerpt":{"rendered":"<p>T\u00e9rminos y condiciones de venta (\u00abTCS\u00bb) para la compra de impresiones de Prints on Paper Studio ApS (\u00abPrints on Paper Studio\u00bb, \u00abnosotros\u00bb) \u00a7 1 Compras en l\u00ednea1.1 Al comprar productos en nuestro sitio web, usted declara tener dieciocho (18) a\u00f1os de edad o m\u00e1s y cumplir con nuestras TCS.1.2 Podemos almacenar su nombre completo, direcci\u00f3n, [&hellip;]<\/p>\n","protected":false},"author":1,"featured_media":0,"parent":0,"menu_order":0,"comment_status":"closed","ping_status":"closed","template":"","meta":{"_acf_changed":false,"footnotes":""},"class_list":["post-3222","page","type-page","status-publish","hentry"],"acf":[],"_links":{"self":[{"href":"https:\/\/printsonpaper.studio\/es\/wp-json\/wp\/v2\/pages\/3222","targetHints":{"allow":["GET"]}}],"collection":[{"href":"https:\/\/printsonpaper.studio\/es\/wp-json\/wp\/v2\/pages"}],"about":[{"href":"https:\/\/printsonpaper.studio\/es\/wp-json\/wp\/v2\/types\/page"}],"author":[{"embeddable":true,"href":"https:\/\/printsonpaper.studio\/es\/wp-json\/wp\/v2\/users\/1"}],"replies":[{"embeddable":true,"href":"https:\/\/printsonpaper.studio\/es\/wp-json\/wp\/v2\/comments?post=3222"}],"version-history":[{"count":7,"href":"https:\/\/printsonpaper.studio\/es\/wp-json\/wp\/v2\/pages\/3222\/revisions"}],"predecessor-version":[{"id":3242,"href":"https:\/\/printsonpaper.studio\/es\/wp-json\/wp\/v2\/pages\/3222\/revisions\/3242"}],"wp:attachment":[{"href":"https:\/\/printsonpaper.studio\/es\/wp-json\/wp\/v2\/media?parent=3222"}],"curies":[{"name":"wp","href":"https:\/\/api.w.org\/{rel}","templated":true}]}}