{"id":3229,"date":"2025-08-22T14:14:45","date_gmt":"2025-08-22T18:14:45","guid":{"rendered":"https:\/\/printsonpaper.studio\/terminos-y-condiciones-generales\/"},"modified":"2025-11-02T16:05:18","modified_gmt":"2025-11-02T21:05:18","slug":"terminos-y-condiciones-generales","status":"publish","type":"page","link":"https:\/\/printsonpaper.studio\/es\/terminos-y-condiciones-generales\/","title":{"rendered":"T\u00c9RMINOS Y CONDICIONES GENERALES"},"content":{"rendered":"\t\t<div data-elementor-type=\"wp-page\" data-elementor-id=\"3229\" class=\"elementor elementor-3229 elementor-1079\" data-elementor-post-type=\"page\">\n\t\t\t\t<div class=\"elementor-element elementor-element-195b8e9d e-flex e-con-boxed e-con e-parent\" data-id=\"195b8e9d\" data-element_type=\"container\" data-e-type=\"container\">\n\t\t\t\t\t<div class=\"e-con-inner\">\n\t\t\t\t<div class=\"elementor-element elementor-element-1c0ae378 elementor-widget elementor-widget-text-editor\" data-id=\"1c0ae378\" data-element_type=\"widget\" data-e-type=\"widget\" data-widget_type=\"text-editor.default\">\n\t\t\t\t<div class=\"elementor-widget-container\">\n\t\t\t\t\t\t\t\t\t<p><\/p>\n<p><strong>T\u00e9rminos y condiciones generales (TCG) \u2013 Sitio web de Prints on Paper Studio<\/strong><br>Bienvenido al sitio web de Prints on Paper Studio ApS (\u201cPrints on Paper Studio\u201d, \u201cnosotros\u201d). Los siguientes T\u00e9rminos y condiciones generales (\u201cTCG\u201d) rigen su uso de este sitio web (\u201cSitio web\u201d). Al acceder, visualizar o utilizar el contenido, el material o los servicios disponibles en o a trav\u00e9s de este sitio web, usted indica que ha le\u00eddo y comprendido estos TCG, nuestros T\u00e9rminos y condiciones de venta (\u201cTCS\u201d) y nuestra Pol\u00edtica de privacidad, que est\u00e1 de acuerdo con ellos y que tiene la intenci\u00f3n de quedar legalmente vinculado por ellos. Tanto los TCS como la Pol\u00edtica de privacidad se incorporan aqu\u00ed por referencia como si se expusieran completamente aqu\u00ed. Podemos revisar los TCG, los TCS o la Pol\u00edtica de privacidad en cualquier momento, sin previo aviso, y dichos cambios entrar\u00e1n en vigor inmediatamente despu\u00e9s de su publicaci\u00f3n en el sitio web. Si no est\u00e1 de acuerdo con nuestros TCG, TCS o Pol\u00edtica de privacidad, no se le concede permiso para acceder o utilizar este sitio web y debe salir inmediatamente.     <\/p>\n<p><strong>\u00a7 1 Fines meramente informativos<\/strong><br>1.1 La informaci\u00f3n de este sitio web tiene fines meramente informativos y no debe utilizarse ni considerarse como la \u00fanica base para tomar decisiones sin consultar fuentes de informaci\u00f3n primarias, m\u00e1s precisas, m\u00e1s completas o m\u00e1s actualizadas. Sin limitar ninguna otra disposici\u00f3n de estos TCG o de otro tipo, Prints on Paper Studio no se responsabiliza de ning\u00fan error u omisi\u00f3n en el sitio web o en los materiales del sitio web. Este sitio puede contener cierta informaci\u00f3n hist\u00f3rica, que no es actual y se proporciona \u00fanicamente como referencia. La confianza en el material de este sitio corre por su cuenta y riesgo.   <\/p>\n<p><strong>\u00a7 2 Derechos de propiedad<\/strong><br>2.1 Entre usted y Prints on Paper Studio, nosotros poseemos o licenciamos todos los datos, contenidos, gr\u00e1ficos, formularios, ilustraciones, im\u00e1genes, fotograf\u00edas, componentes funcionales, clips de audio, videoclips, software y conceptos y documentaci\u00f3n de software y otro material en, dentro o disponible a trav\u00e9s de nuestro sitio web (\u201cMaterial del sitio web\u201d), as\u00ed como la selecci\u00f3n, coordinaci\u00f3n, disposici\u00f3n y organizaci\u00f3n y mejora de dicho material del sitio web.<br>2.2 Usted se compromete a no eliminar ni alterar ning\u00fan aviso de derechos de autor ni ning\u00fan otro aviso de propiedad en ning\u00fan material del sitio web. Usted no tendr\u00e1 derechos de ning\u00fan tipo sobre nuestro sitio web que no sean el derecho a utilizarlo de acuerdo con estos TCG y bajo las limitadas condiciones de uso justo descritas en este documento. A menos que se indique lo contrario, puede descargar o imprimir archivos de texto e imagen de este sitio web \u00fanicamente con fines educativos no comerciales sin el permiso escrito de Prints on Paper Studio, siempre que: (a) utilice el contenido \u00fanicamente para fines personales, educativos o no comerciales; (b) cite al autor y la fuente; (c) no altere ni modifique el contenido; y (d) cumpla con todos los dem\u00e1s TCG o restricciones aplicables al archivo, la imagen o el texto.      <\/p>\n<p><strong>\u00a7 3 Actividades no autorizadas<\/strong><br>Usted se compromete a no utilizar el sitio web para fines ilegales o actividades no autorizadas, incluyendo la pirater\u00eda inform\u00e1tica, la alteraci\u00f3n de contenidos, la transmisi\u00f3n de spam\/virus, el contacto con los visitantes en contra de sus deseos o el intento de acceso no autorizado a los sistemas de Prints on Paper Studio. Nos reservamos el derecho de suspender o cancelar el acceso por incumplimiento, suministro de informaci\u00f3n inexacta, infracci\u00f3n de derechos o por cualquier otra raz\u00f3n a nuestra discreci\u00f3n. <\/p>\n<p><strong>\u00a7 4 Sitios web y contenidos de terceros<\/strong><br>4.1 El sitio web puede contener enlaces a sitios web o servicios de terceros que no son propiedad ni est\u00e1n controlados por Prints on Paper Studio ni por sus filiales. No asumimos ninguna responsabilidad por el contenido, las pol\u00edticas o las pr\u00e1cticas de terceros.<br>4.2 Prints on Paper Studio no se hace responsable de los da\u00f1os o p\u00e9rdidas derivados de la confianza en el contenido, los bienes o los servicios de terceros. Le animamos a que revise los t\u00e9rminos y las pol\u00edticas de privacidad de cualquier sitio de terceros que visite.  <\/p>\n<p><strong>\u00a7 5 Lista de correo<\/strong><br>5.1 Puede navegar por nuestro sitio web sin registrarse. Como servicio, los visitantes pueden suscribirse al bolet\u00edn de noticias de Prints on Paper Studio &amp; Gallery (\u201cBolet\u00edn\u201d) proporcionando una direcci\u00f3n de correo electr\u00f3nico y un pa\u00eds (\u201cInformaci\u00f3n del suscriptor\u201d). La suscripci\u00f3n es opcional y puede cancelarse en cualquier momento.<br>5.2 La informaci\u00f3n del suscriptor se regir\u00e1 por nuestra Pol\u00edtica de privacidad. Usted es el \u00fanico responsable de proporcionar datos precisos.   <\/p>\n<p><strong>\u00a7 6 Descargo de responsabilidad<\/strong><br>6.1 Prints on Paper Studio, sus filiales y sus empresas asociadas no garantizan la exactitud ni la integridad de los materiales del sitio web. Podemos eliminar o modificar el contenido sin previo aviso. El sitio web y todos los materiales se proporcionan \u201ctal cual\u201d y \u201ccon todos los defectos\u201d.<br>6.2 El uso del sitio web corre por su cuenta y riesgo. Renunciamos a todas las garant\u00edas impl\u00edcitas, incluyendo la comerciabilidad, la idoneidad para un prop\u00f3sito particular y la no infracci\u00f3n.<br>6.3 No garantizamos un funcionamiento ininterrumpido, seguro o libre de errores. Aunque actualizamos regularmente, no asumimos ninguna responsabilidad por inexactitudes o interrupciones.<br>6.4 No nos hacemos responsables de los da\u00f1os a su ordenador o propiedad causados por el uso del sitio web o por malware.    <\/p>\n<p><strong>\u00a7 7 Responsabilidad<\/strong><br>7.1 Bajo ninguna circunstancia Prints on Paper Studio, sus filiales o sus representantes (\u201cEntidades protegidas\u201d) ser\u00e1n responsables de los da\u00f1os directos, indirectos, incidentales o consecuentes, incluyendo la p\u00e9rdida de beneficios, derivados del uso del sitio web o de cualquier contenido\/servicio relacionado.<br>7.2 Cualquier responsabilidad no exceder\u00e1 el valor total de los productos comprados en el sitio web en los doce (12) meses anteriores.<br>7.3 Algunas jurisdicciones pueden limitar las exclusiones de responsabilidad; en tales casos, la responsabilidad se limita a 10 d\u00f3lares estadounidenses.<br>7.4 La insatisfacci\u00f3n con el sitio web o con estos TCG le da derecho \u00fanicamente a dejar de utilizar el sitio.<\/p>\n<p><strong>\u00a7 8 Indemnizaci\u00f3n<\/strong><br>Usted se compromete a indemnizar y defender a Prints on Paper Studio y a las Entidades protegidas de las reclamaciones, los costes y las responsabilidades que surjan de su uso del sitio web, de su violaci\u00f3n de estos TCG o de sus infracciones de la ley, excepto cuando sean causadas directamente por Prints on Paper Studio.<\/p>\n<p><strong>\u00a7 9 Procedimientos de reclamaci\u00f3n<\/strong><br>Si cree que el contenido de nuestro sitio web infringe sus derechos, env\u00ede una reclamaci\u00f3n detallada a hello@printsonpaper.studio incluyendo su nombre, empresa (si procede), contacto, naturaleza de la reclamaci\u00f3n, contenido espec\u00edfico en cuesti\u00f3n y una declaraci\u00f3n firmada que afirme la exactitud y la autoridad legal para presentar la reclamaci\u00f3n.<\/p>\n<p><strong>\u00a7 10 Cambios<\/strong><br>Prints on Paper Studio se reserva el derecho de modificar estos TCG en cualquier momento mediante la publicaci\u00f3n de actualizaciones. Su uso continuado del sitio web constituye la aceptaci\u00f3n de los t\u00e9rminos revisados. <\/p>\n<p><strong>\u00a7 11 Ley aplicable<\/strong><br>Estos TCG representan el acuerdo completo entre usted y Prints on Paper Studio y se rigen por la legislaci\u00f3n danesa. Al utilizar nuestro sitio web, usted consiente la jurisdicci\u00f3n de los tribunales daneses y renuncia al juicio por jurado. <\/p>\n<p><strong>\u00a7 12 Env\u00edos<\/strong><br>Prints on Paper Studio no acepta env\u00edos no solicitados. Los materiales enviados no ser\u00e1n devueltos. <\/p>\n<p><strong>\u00a7 13 Varios<\/strong><br>13.1 Sitio web no destinado a ni\u00f1os menores de 13 a\u00f1os.<br>13.2 Controlado y operado desde EE. UU.; el acceso desde territorios prohibidos es por cuenta y riesgo del usuario.<br>13.3 La inacci\u00f3n no implica la renuncia a los derechos.<br>13.4 Si alguna disposici\u00f3n es inv\u00e1lida, las restantes disposiciones siguen siendo aplicables.<br>13.5 Todos los derechos no concedidos expresamente est\u00e1n reservados.<br>13.6 Palabras como \u201cincluyendo\u201d significan \u201csin limitaci\u00f3n\u201d.<\/p>\n<p><\/p>\t\t\t\t\t\t\t\t<\/div>\n\t\t\t\t<\/div>\n\t\t\t\t\t<\/div>\n\t\t\t\t<\/div>\n\t\t\t\t<\/div>\n\t\t","protected":false},"excerpt":{"rendered":"<p>T\u00e9rminos y condiciones generales (TCG) \u2013 Sitio web de Prints on Paper StudioBienvenido al sitio web de Prints on Paper Studio ApS (\u201cPrints on Paper Studio\u201d, \u201cnosotros\u201d). Los siguientes T\u00e9rminos y condiciones generales (\u201cTCG\u201d) rigen su uso de este sitio web (\u201cSitio web\u201d). Al acceder, visualizar o utilizar el contenido, el material o los servicios [&hellip;]<\/p>\n","protected":false},"author":1,"featured_media":0,"parent":0,"menu_order":0,"comment_status":"closed","ping_status":"closed","template":"","meta":{"_acf_changed":false,"footnotes":""},"class_list":["post-3229","page","type-page","status-publish","hentry"],"acf":[],"_links":{"self":[{"href":"https:\/\/printsonpaper.studio\/es\/wp-json\/wp\/v2\/pages\/3229","targetHints":{"allow":["GET"]}}],"collection":[{"href":"https:\/\/printsonpaper.studio\/es\/wp-json\/wp\/v2\/pages"}],"about":[{"href":"https:\/\/printsonpaper.studio\/es\/wp-json\/wp\/v2\/types\/page"}],"author":[{"embeddable":true,"href":"https:\/\/printsonpaper.studio\/es\/wp-json\/wp\/v2\/users\/1"}],"replies":[{"embeddable":true,"href":"https:\/\/printsonpaper.studio\/es\/wp-json\/wp\/v2\/comments?post=3229"}],"version-history":[{"count":5,"href":"https:\/\/printsonpaper.studio\/es\/wp-json\/wp\/v2\/pages\/3229\/revisions"}],"predecessor-version":[{"id":3244,"href":"https:\/\/printsonpaper.studio\/es\/wp-json\/wp\/v2\/pages\/3229\/revisions\/3244"}],"wp:attachment":[{"href":"https:\/\/printsonpaper.studio\/es\/wp-json\/wp\/v2\/media?parent=3229"}],"curies":[{"name":"wp","href":"https:\/\/api.w.org\/{rel}","templated":true}]}}