{"id":3237,"date":"2025-08-22T13:56:26","date_gmt":"2025-08-22T17:56:26","guid":{"rendered":"https:\/\/printsonpaper.studio\/politica-de-privacidad\/"},"modified":"2025-11-02T16:05:18","modified_gmt":"2025-11-02T21:05:18","slug":"politica-de-privacidad","status":"publish","type":"page","link":"https:\/\/printsonpaper.studio\/es\/politica-de-privacidad\/","title":{"rendered":"POL\u00cdTICA DE PRIVACIDAD"},"content":{"rendered":"\t\t<div data-elementor-type=\"wp-page\" data-elementor-id=\"3237\" class=\"elementor elementor-3237 elementor-1056\" data-elementor-post-type=\"page\">\n\t\t\t\t<div class=\"elementor-element elementor-element-5f86c34c e-flex e-con-boxed e-con e-parent\" data-id=\"5f86c34c\" data-element_type=\"container\" data-e-type=\"container\">\n\t\t\t\t\t<div class=\"e-con-inner\">\n\t\t\t\t<div class=\"elementor-element elementor-element-557fa535 elementor-widget elementor-widget-text-editor\" data-id=\"557fa535\" data-element_type=\"widget\" data-e-type=\"widget\" data-widget_type=\"text-editor.default\">\n\t\t\t\t<div class=\"elementor-widget-container\">\n\t\t\t\t\t\t\t\t\t<p><strong>PRINTS ON PAPER STUDIO LLC (POPS)<\/strong><br>Esta pol\u00edtica de privacidad establece c\u00f3mo POPS utiliza y protege cualquier informaci\u00f3n que usted le proporcione a POPS cuando utiliza este sitio web o se suscribe a nuestros boletines. POPS se compromete a garantizar que su privacidad est\u00e9 protegida de acuerdo con los requisitos de la ley.<\/p>\n<p><\/p>\n<p><strong>RESPONSABLE DEL TRATAMIENTO DE DATOS<\/strong><br>Prints on Paper Studio<br>1243 Walbridge Rd,<br>Cabot VT 05647<br>hello@printsonpaper.studio<br>+1 (802) 222-0150<\/p>\n<p><\/p>\n<p><strong>INFORMACI\u00d3N QUE PODEMOS RECOPILAR SOBRE USTED<\/strong><br>Podemos recopilar y procesar los siguientes datos sobre usted:<\/p>\n<p><\/p>\n<p>Informaci\u00f3n que usted proporciona al rellenar formularios en el sitio web o al suscribirse al bolet\u00edn.<br>Informaci\u00f3n que usted proporciona al comunicarse con nosotros: nombre, direcci\u00f3n, n\u00famero de tel\u00e9fono y direcci\u00f3n de correo electr\u00f3nico.<br>Historial de sus compras anteriores. Almacenamos la informaci\u00f3n en nuestro sistema de registro interno.<br>Detalles de sus visitas al sitio web y los recursos a los que accede.<\/p>\n<p><strong>USOS QUE SE HACEN DE LA INFORMACI\u00d3N QUE RECOPILAMOS<\/strong><br>Podemos utilizar la informaci\u00f3n que tenemos sobre usted para los siguientes fines:<\/p>\n<p><\/p>\n<p>para la administraci\u00f3n y el mantenimiento del sitio web y el mantenimiento de registros internos<br>para proporcionarle informaci\u00f3n que nos haya solicitado (incluido el bolet\u00edn u otra informaci\u00f3n de marketing)<br>para responder a las consultas que usted haya planteado<br>para cumplir con nuestras obligaciones derivadas de cualquier contrato celebrado entre usted y nosotros<br>para cumplir con las obligaciones legales, o para la protecci\u00f3n y el cumplimiento de los derechos legales<br>en relaci\u00f3n con cualquier venta de nuestro negocio o activos<\/p>\n<p><\/p>\n<p><strong>DIVULGACI\u00d3N DE SU INFORMACI\u00d3N<\/strong><br>Podemos divulgar su informaci\u00f3n personal a terceros para los fines que se describen a continuaci\u00f3n:<\/p>\n<p><\/p>\n<p>Nuestras empresas asociadas, proveedores de servicios, asesores profesionales, posibles compradores de nuestro negocio o activos, u otros terceros, cuando lo exija o permita la ley, pueden tener acceso a su informaci\u00f3n de identificaci\u00f3n personal. Sin embargo, no vendemos, intercambiamos ni alquilamos su informaci\u00f3n de identificaci\u00f3n personal a terceros.<\/p>\n<p><\/p>\n<p><strong>ENLACES A OTROS SITIOS WEB<\/strong><br>No somos responsables del contenido o los enlaces que aparecen en los sitios y servicios de nuestros socios, proveedores, anunciantes, patrocinadores, licenciantes y otros terceros. Tampoco controlamos las pr\u00e1cticas empleadas por los sitios web vinculados a nuestro sitio o desde \u00e9l.<\/p>\n<p><\/p>\n<p><strong>BAJA DE LA SUSCRIPCI\u00d3N<\/strong><br>Si est\u00e1 suscrito a nuestro bolet\u00edn y ya no desea recibir los futuros, encontrar\u00e1 instrucciones detalladas para darse de baja en la parte inferior de cada bolet\u00edn. Alternativamente, tambi\u00e9n puede notific\u00e1rnoslo escribiendo a hello@printsonpaper.studio. En determinadas situaciones, tiene derecho a solicitar que eliminemos sus datos personales.<\/p>\n<p><\/p>\n<p><strong>NUESTROS DATOS DE CONTACTO<\/strong><br>Si tiene alguna pregunta o desea corregir cualquier informaci\u00f3n que tengamos sobre usted, no dude en ponerse en contacto con nosotros en hello@printsonpaper.studio. Haremos todo lo posible para responder con prontitud.<\/p>\n<p><\/p>\n<p><strong>CAMBIOS EN NUESTRO AVISO DE PRIVACIDAD<\/strong><br>Es posible que modifiquemos este aviso de privacidad de vez en cuando.<\/p>\n<p><\/p>\t\t\t\t\t\t\t\t<\/div>\n\t\t\t\t<\/div>\n\t\t\t\t\t<\/div>\n\t\t\t\t<\/div>\n\t\t\t\t<\/div>\n\t\t","protected":false},"excerpt":{"rendered":"<p>PRINTS ON PAPER STUDIO LLC (POPS)Esta pol\u00edtica de privacidad establece c\u00f3mo POPS utiliza y protege cualquier informaci\u00f3n que usted le proporcione a POPS cuando utiliza este sitio web o se suscribe a nuestros boletines. POPS se compromete a garantizar que su privacidad est\u00e9 protegida de acuerdo con los requisitos de la ley. RESPONSABLE DEL TRATAMIENTO [&hellip;]<\/p>\n","protected":false},"author":1,"featured_media":0,"parent":0,"menu_order":0,"comment_status":"closed","ping_status":"closed","template":"","meta":{"_acf_changed":false,"footnotes":""},"class_list":["post-3237","page","type-page","status-publish","hentry"],"acf":[],"_links":{"self":[{"href":"https:\/\/printsonpaper.studio\/es\/wp-json\/wp\/v2\/pages\/3237","targetHints":{"allow":["GET"]}}],"collection":[{"href":"https:\/\/printsonpaper.studio\/es\/wp-json\/wp\/v2\/pages"}],"about":[{"href":"https:\/\/printsonpaper.studio\/es\/wp-json\/wp\/v2\/types\/page"}],"author":[{"embeddable":true,"href":"https:\/\/printsonpaper.studio\/es\/wp-json\/wp\/v2\/users\/1"}],"replies":[{"embeddable":true,"href":"https:\/\/printsonpaper.studio\/es\/wp-json\/wp\/v2\/comments?post=3237"}],"version-history":[{"count":3,"href":"https:\/\/printsonpaper.studio\/es\/wp-json\/wp\/v2\/pages\/3237\/revisions"}],"predecessor-version":[{"id":3246,"href":"https:\/\/printsonpaper.studio\/es\/wp-json\/wp\/v2\/pages\/3237\/revisions\/3246"}],"wp:attachment":[{"href":"https:\/\/printsonpaper.studio\/es\/wp-json\/wp\/v2\/media?parent=3237"}],"curies":[{"name":"wp","href":"https:\/\/api.w.org\/{rel}","templated":true}]}}