{"id":3289,"date":"2025-09-05T22:18:57","date_gmt":"2025-09-06T02:18:57","guid":{"rendered":"https:\/\/printsonpaper.studio\/produccion-en-el-estudio\/"},"modified":"2025-11-02T16:15:05","modified_gmt":"2025-11-02T21:15:05","slug":"produccion-en-el-estudio","status":"publish","type":"page","link":"https:\/\/printsonpaper.studio\/es\/produccion-en-el-estudio\/","title":{"rendered":"PRODUCCI\u00d3N EN EL ESTUDIO"},"content":{"rendered":"\t\t<div data-elementor-type=\"wp-page\" data-elementor-id=\"3289\" class=\"elementor elementor-3289 elementor-1741\" data-elementor-post-type=\"page\">\n\t\t\t\t<div class=\"elementor-element elementor-element-d4107ae e-flex e-con-boxed e-con e-parent\" data-id=\"d4107ae\" data-element_type=\"container\" data-e-type=\"container\">\n\t\t\t\t\t<div class=\"e-con-inner\">\n\t\t\t\t<div class=\"elementor-element elementor-element-6bf5acc elementor-widget elementor-widget-text-editor\" data-id=\"6bf5acc\" data-element_type=\"widget\" data-e-type=\"widget\" data-widget_type=\"text-editor.default\">\n\t\t\t\t<div class=\"elementor-widget-container\">\n\t\t\t\t\t\t\t\t\t<p>Para reservar su producci\u00f3n, env\u00edenos un correo electr\u00f3nico a: <a href=\"mailto:hello@printsonpaper.studio\">hello@printsonpaper.studio<\/a><\/p><p>Una de las formas m\u00e1s econ\u00f3micas de colaborar con Prints on Paper Studio es unirse a nosotros en nuestras instalaciones. Cuando los artistas trabajan en el estudio, tienen el privilegio de presenciar la impresi\u00f3n de su obra. Esto facilita las ediciones, la visualizaci\u00f3n de los resultados y un di\u00e1logo exclusivo con nuestros maestros impresores internos. Este enfoque colaborativo fomenta una aut\u00e9ntica asociaci\u00f3n entre el impresor y el artista.   <\/p><p>Cuando un artista est\u00e1 en el estudio, el personal lo trata como un d\u00eda de residencia, dedicando toda su experiencia y pasi\u00f3n por la impresi\u00f3n al artista. Se le da al artista acceso completo al estudio, y cualquier impresi\u00f3n realizada ese d\u00eda tiene un descuento. Esta es una forma econ\u00f3mica de tener personal sobre el terreno, a la vez que permite a los maestros centrarse en su trabajo. Estos d\u00edas se pueden utilizar para grandes exposiciones, ediciones, la creaci\u00f3n de un portafolio o el trabajo en una serie. Dedicar tiempo a la producci\u00f3n propia puede ser una forma de trabajo verdaderamente gratificante. Estos d\u00edas de producci\u00f3n pueden ser tratados como una residencia, permitiendo al artista permanecer inmerso en el proceso de la tinta sobre el papel.     <\/p>\t\t\t\t\t\t\t\t<\/div>\n\t\t\t\t<\/div>\n\t\t\t\t<div class=\"elementor-element elementor-element-9e53dfc elementor-widget elementor-widget-image\" data-id=\"9e53dfc\" data-element_type=\"widget\" data-e-type=\"widget\" data-widget_type=\"image.default\">\n\t\t\t\t<div class=\"elementor-widget-container\">\n\t\t\t\t\t\t\t\t\t\t\t\t\t\t\t<img fetchpriority=\"high\" decoding=\"async\" width=\"1500\" height=\"788\" src=\"https:\/\/printsonpaper.studio\/wp-content\/uploads\/2025\/09\/PrintsonPaperStudio-2og.webp\" class=\"attachment-full size-full wp-image-1678\" alt=\"\" srcset=\"https:\/\/printsonpaper.studio\/wp-content\/uploads\/2025\/09\/PrintsonPaperStudio-2og.webp 1500w, https:\/\/printsonpaper.studio\/wp-content\/uploads\/2025\/09\/PrintsonPaperStudio-2og-300x158.webp 300w, https:\/\/printsonpaper.studio\/wp-content\/uploads\/2025\/09\/PrintsonPaperStudio-2og-1024x538.webp 1024w, https:\/\/printsonpaper.studio\/wp-content\/uploads\/2025\/09\/PrintsonPaperStudio-2og-768x403.webp 768w, https:\/\/printsonpaper.studio\/wp-content\/uploads\/2025\/09\/PrintsonPaperStudio-2og-800x420.webp 800w, https:\/\/printsonpaper.studio\/wp-content\/uploads\/2025\/09\/PrintsonPaperStudio-2og-600x315.webp 600w\" sizes=\"(max-width: 1500px) 100vw, 1500px\" \/>\t\t\t\t\t\t\t\t\t\t\t\t\t\t\t<\/div>\n\t\t\t\t<\/div>\n\t\t\t\t\t<\/div>\n\t\t\t\t<\/div>\n\t\t<div class=\"elementor-element elementor-element-4bfc8ca e-flex e-con-boxed e-con e-parent\" data-id=\"4bfc8ca\" data-element_type=\"container\" data-e-type=\"container\">\n\t\t\t\t\t<div class=\"e-con-inner\">\n\t\t\t\t<div class=\"elementor-element elementor-element-b52b907 elementor-widget elementor-widget-text-editor\" data-id=\"b52b907\" data-element_type=\"widget\" data-e-type=\"widget\" data-widget_type=\"text-editor.default\">\n\t\t\t\t<div class=\"elementor-widget-container\">\n\t\t\t\t\t\t\t\t\t<h3>Impresi\u00f3n colaborativa<\/h3>\n<p class=\"sqsrte-large preFade fadeIn\">Prints On Paper es un estudio de impresi\u00f3n colaborativa especializado en procesos digitales de pigmento y fotograbado. Ofrecemos capacidades de edici\u00f3n completas y estamos abiertos a inventar nuevas tecnolog\u00edas de impresi\u00f3n cuando sea necesario, como ya hemos hecho en el pasado. La impresi\u00f3n colaborativa no tiene por qu\u00e9 ser costosa ni llevar mucho tiempo; puede ser tan simple como una conversaci\u00f3n r\u00e1pida con el artista sobre cada impresi\u00f3n o proyecto. Con el tiempo, desarrollamos una mejor comprensi\u00f3n de su trabajo y la comunicaci\u00f3n se vuelve m\u00e1s eficiente.   <\/p>\n<p class=\"sqsrte-large preFade fadeIn\">Aplicamos nuestro enfoque colaborativo tanto a las t\u00e9cnicas de impresi\u00f3n nuevas como a las tradicionales, reconociendo que <em>print is print is print.<\/em> Como estudio colaborativo, participamos tanto en trabajos de publicaci\u00f3n <em>con<\/em> artistas y estudios como en trabajos por contrato <em>para<\/em> artistas y estudios.<\/p>\n<p class=\"sqsrte-large preFade fadeIn\">Para los artistas que hemos seleccionado para publicar nosotros mismos, colaboramos de forma gratuita para producir el trabajo. <em>The publication may involve collaborating<\/em> con la galer\u00eda del artista u otra instituci\u00f3n para la promoci\u00f3n y las ventas, o puede venderse directamente a trav\u00e9s de nuestro estudio o del artista. <em>For contract work,<\/em> la colaboraci\u00f3n sigue siendo la misma, pero el artista, la galer\u00eda o la instituci\u00f3n financian la mano de obra de la creaci\u00f3n, y el estudio no se lleva una parte de las ventas de las impresiones en el futuro.<\/p>\t\t\t\t\t\t\t\t<\/div>\n\t\t\t\t<\/div>\n\t\t\t\t<div class=\"elementor-element elementor-element-9f5ff32 elementor-widget elementor-widget-image\" data-id=\"9f5ff32\" data-element_type=\"widget\" data-e-type=\"widget\" data-widget_type=\"image.default\">\n\t\t\t\t<div class=\"elementor-widget-container\">\n\t\t\t\t\t\t\t\t\t\t\t\t\t\t\t<img decoding=\"async\" width=\"2500\" height=\"1667\" src=\"https:\/\/printsonpaper.studio\/wp-content\/uploads\/2025\/10\/N-Kauck_09112024_229_Ver_1.jpg\" class=\"attachment-full size-full wp-image-3213\" alt=\"\" srcset=\"https:\/\/printsonpaper.studio\/wp-content\/uploads\/2025\/10\/N-Kauck_09112024_229_Ver_1.jpg 2500w, https:\/\/printsonpaper.studio\/wp-content\/uploads\/2025\/10\/N-Kauck_09112024_229_Ver_1-300x200.jpg 300w, https:\/\/printsonpaper.studio\/wp-content\/uploads\/2025\/10\/N-Kauck_09112024_229_Ver_1-1024x683.jpg 1024w, https:\/\/printsonpaper.studio\/wp-content\/uploads\/2025\/10\/N-Kauck_09112024_229_Ver_1-768x512.jpg 768w, https:\/\/printsonpaper.studio\/wp-content\/uploads\/2025\/10\/N-Kauck_09112024_229_Ver_1-1536x1024.jpg 1536w, https:\/\/printsonpaper.studio\/wp-content\/uploads\/2025\/10\/N-Kauck_09112024_229_Ver_1-2048x1366.jpg 2048w, https:\/\/printsonpaper.studio\/wp-content\/uploads\/2025\/10\/N-Kauck_09112024_229_Ver_1-800x533.jpg 800w, https:\/\/printsonpaper.studio\/wp-content\/uploads\/2025\/10\/N-Kauck_09112024_229_Ver_1-600x400.jpg 600w\" sizes=\"(max-width: 2500px) 100vw, 2500px\" \/>\t\t\t\t\t\t\t\t\t\t\t\t\t\t\t<\/div>\n\t\t\t\t<\/div>\n\t\t\t\t<div class=\"elementor-element elementor-element-a3abda2 elementor-widget elementor-widget-text-editor\" data-id=\"a3abda2\" data-element_type=\"widget\" data-e-type=\"widget\" data-widget_type=\"text-editor.default\">\n\t\t\t\t<div class=\"elementor-widget-container\">\n\t\t\t\t\t\t\t\t\t<h3 class=\"preScale scaleIn\" style=\"text-align: center;\">ENV\u00cdENOS UN CORREO ELECTR\u00d3NICO PARA RESERVAR SU D\u00cdA DE ESTUDIO A <a href=\"mailto:hello@printsonpaper.studio\">hello@printsonpaper.studio<\/a><\/h3>\t\t\t\t\t\t\t\t<\/div>\n\t\t\t\t<\/div>\n\t\t\t\t\t<\/div>\n\t\t\t\t<\/div>\n\t\t<div class=\"elementor-element elementor-element-85bd0ad e-flex e-con-boxed e-con e-parent\" data-id=\"85bd0ad\" data-element_type=\"container\" data-e-type=\"container\">\n\t\t\t\t\t<div class=\"e-con-inner\">\n\t\t\t\t\t<\/div>\n\t\t\t\t<\/div>\n\t\t\t\t<\/div>\n\t\t","protected":false},"excerpt":{"rendered":"<p>Para reservar su producci\u00f3n, env\u00edenos un correo electr\u00f3nico a: hello@printsonpaper.studio Una de las formas m\u00e1s econ\u00f3micas de colaborar con Prints on Paper Studio es unirse a nosotros en nuestras instalaciones. Cuando los artistas trabajan en el estudio, tienen el privilegio de presenciar la impresi\u00f3n de su obra. Esto facilita las ediciones, la visualizaci\u00f3n de los [&hellip;]<\/p>\n","protected":false},"author":1,"featured_media":0,"parent":0,"menu_order":0,"comment_status":"closed","ping_status":"closed","template":"","meta":{"_acf_changed":false,"footnotes":""},"class_list":["post-3289","page","type-page","status-publish","hentry"],"acf":[],"_links":{"self":[{"href":"https:\/\/printsonpaper.studio\/es\/wp-json\/wp\/v2\/pages\/3289","targetHints":{"allow":["GET"]}}],"collection":[{"href":"https:\/\/printsonpaper.studio\/es\/wp-json\/wp\/v2\/pages"}],"about":[{"href":"https:\/\/printsonpaper.studio\/es\/wp-json\/wp\/v2\/types\/page"}],"author":[{"embeddable":true,"href":"https:\/\/printsonpaper.studio\/es\/wp-json\/wp\/v2\/users\/1"}],"replies":[{"embeddable":true,"href":"https:\/\/printsonpaper.studio\/es\/wp-json\/wp\/v2\/comments?post=3289"}],"version-history":[{"count":1,"href":"https:\/\/printsonpaper.studio\/es\/wp-json\/wp\/v2\/pages\/3289\/revisions"}],"predecessor-version":[{"id":3290,"href":"https:\/\/printsonpaper.studio\/es\/wp-json\/wp\/v2\/pages\/3289\/revisions\/3290"}],"wp:attachment":[{"href":"https:\/\/printsonpaper.studio\/es\/wp-json\/wp\/v2\/media?parent=3289"}],"curies":[{"name":"wp","href":"https:\/\/api.w.org\/{rel}","templated":true}]}}