{"id":3157,"date":"2025-09-09T13:09:35","date_gmt":"2025-09-09T17:09:35","guid":{"rendered":"https:\/\/printsonpaper.studio\/store\/p\/imprima-la-obra-maestra-melencolia-i-de-alberto-durero\/"},"modified":"2025-09-09T13:09:35","modified_gmt":"2025-09-09T17:09:35","slug":"imprima-la-obra-maestra-melencolia-i-de-alberto-durero","status":"publish","type":"product","link":"https:\/\/printsonpaper.studio\/es\/store\/p\/imprima-la-obra-maestra-melencolia-i-de-alberto-durero\/","title":{"rendered":"Imprima la obra maestra: \u00abMelencolia I\u00bb de Alberto Durero"},"content":{"rendered":"<p class=\"preFade fadeIn\">\u201cMelencolia I\u201d de Alberto Durero es una de las impresiones de \u201cantiguos maestros\u201d m\u00e1s conocidas del mundo. A lo largo de su historia, la impresi\u00f3n se ha resistido obstinadamente a un consenso unificado sobre su significado. Muchos consideran que esta obra representa el estado mental del artista durante un per\u00edodo de bloqueo mental.  <\/p>\n<p class=\"preFade fadeIn\">Esta plancha a escala 1:1 de la obra permite a cualquier persona con una prensa de impresi\u00f3n realizar un grabado exacto del original. Esperamos que a trav\u00e9s de este proceso manual, el tiempo, el entintado y la observaci\u00f3n, la profundidad y el significado de la obra y la relaci\u00f3n de uno con ella puedan volverse tanto f\u00edsicos como personales en manos del grabador. <\/p>\n","protected":false},"excerpt":{"rendered":"<p>\u201cMelencolia I\u201d de Alberto Durero es una de las impresiones de \u201cantiguos maestros\u201d m\u00e1s conocidas del mundo. A lo largo de su historia, la impresi\u00f3n se ha resistido obstinadamente a un consenso unificado sobre su significado. Muchos consideran que esta obra representa el estado mental del artista durante un per\u00edodo de bloqueo mental. Esta plancha [&hellip;]<\/p>\n","protected":false},"featured_media":2776,"comment_status":"open","ping_status":"closed","template":"","meta":{"_acf_changed":false},"product_brand":[],"product_cat":[79],"product_tag":[],"class_list":{"0":"post-3157","1":"product","2":"type-product","3":"status-publish","4":"has-post-thumbnail","6":"product_cat-sin-categoria","8":"first","9":"instock","10":"taxable","11":"shipping-taxable","12":"purchasable","13":"product-type-simple"},"acf":[],"_links":{"self":[{"href":"https:\/\/printsonpaper.studio\/es\/wp-json\/wp\/v2\/product\/3157","targetHints":{"allow":["GET"]}}],"collection":[{"href":"https:\/\/printsonpaper.studio\/es\/wp-json\/wp\/v2\/product"}],"about":[{"href":"https:\/\/printsonpaper.studio\/es\/wp-json\/wp\/v2\/types\/product"}],"replies":[{"embeddable":true,"href":"https:\/\/printsonpaper.studio\/es\/wp-json\/wp\/v2\/comments?post=3157"}],"version-history":[{"count":0,"href":"https:\/\/printsonpaper.studio\/es\/wp-json\/wp\/v2\/product\/3157\/revisions"}],"wp:featuredmedia":[{"embeddable":true,"href":"https:\/\/printsonpaper.studio\/es\/wp-json\/wp\/v2\/media\/2776"}],"wp:attachment":[{"href":"https:\/\/printsonpaper.studio\/es\/wp-json\/wp\/v2\/media?parent=3157"}],"wp:term":[{"taxonomy":"product_brand","embeddable":true,"href":"https:\/\/printsonpaper.studio\/es\/wp-json\/wp\/v2\/product_brand?post=3157"},{"taxonomy":"product_cat","embeddable":true,"href":"https:\/\/printsonpaper.studio\/es\/wp-json\/wp\/v2\/product_cat?post=3157"},{"taxonomy":"product_tag","embeddable":true,"href":"https:\/\/printsonpaper.studio\/es\/wp-json\/wp\/v2\/product_tag?post=3157"}],"curies":[{"name":"wp","href":"https:\/\/api.w.org\/{rel}","templated":true}]}}