{"id":3255,"date":"2025-09-09T12:43:30","date_gmt":"2025-09-09T16:43:30","guid":{"rendered":"https:\/\/printsonpaper.studio\/store\/p\/imprima-al-maestro-los-tres-arboles-de-rembrandt\/"},"modified":"2025-09-09T12:43:30","modified_gmt":"2025-09-09T16:43:30","slug":"imprima-al-maestro-los-tres-arboles-de-rembrandt","status":"publish","type":"product","link":"https:\/\/printsonpaper.studio\/es\/store\/p\/imprima-al-maestro-los-tres-arboles-de-rembrandt\/","title":{"rendered":"Imprima al maestro: \u00abLos tres \u00e1rboles\u00bb de Rembrandt"},"content":{"rendered":"<p class=\"preFade fadeIn\" data-rte-preserve-empty=\"true\">El paisaje grabado m\u00e1s impactante de Rembrandt est\u00e1 repleto de figuras desde el primer plano hasta el horizonte. Mientras trabaj\u00e1bamos meticulosamente a nivel de p\u00edxel por p\u00edxel en las l\u00edneas durante la creaci\u00f3n de esta plancha, descubrimos a\u00fan m\u00e1s figuras que antes no se ve\u00edan en la impresi\u00f3n original. Vale la pena una limpieza a fondo en el \u00e1rea de la sombra para revelar el estanque del primer plano.  <\/p>\n<p class=\"p1 preFade fadeIn\" data-rte-preserve-empty=\"true\">Esta plancha a escala 1:1 permite a cualquiera con una prensa de impresi\u00f3n crear una r\u00e9plica exacta del grabado original. A trav\u00e9s de este proceso manual, tiempo, entintado y observaci\u00f3n cuidadosa, esperamos mejorar la profundidad y la conexi\u00f3n personal entre el grabador y la obra de arte. <\/p>\n","protected":false},"excerpt":{"rendered":"<p>El paisaje grabado m\u00e1s impactante de Rembrandt est\u00e1 repleto de figuras desde el primer plano hasta el horizonte. Mientras trabaj\u00e1bamos meticulosamente a nivel de p\u00edxel por p\u00edxel en las l\u00edneas durante la creaci\u00f3n de esta plancha, descubrimos a\u00fan m\u00e1s figuras que antes no se ve\u00edan en la impresi\u00f3n original. Vale la pena una limpieza a [&hellip;]<\/p>\n","protected":false},"featured_media":2772,"comment_status":"open","ping_status":"closed","template":"","meta":{"_acf_changed":false},"product_brand":[],"product_cat":[79],"product_tag":[],"class_list":{"0":"post-3255","1":"product","2":"type-product","3":"status-publish","4":"has-post-thumbnail","6":"product_cat-sin-categoria","8":"first","9":"instock","10":"taxable","11":"shipping-taxable","12":"purchasable","13":"product-type-simple"},"acf":[],"_links":{"self":[{"href":"https:\/\/printsonpaper.studio\/es\/wp-json\/wp\/v2\/product\/3255","targetHints":{"allow":["GET"]}}],"collection":[{"href":"https:\/\/printsonpaper.studio\/es\/wp-json\/wp\/v2\/product"}],"about":[{"href":"https:\/\/printsonpaper.studio\/es\/wp-json\/wp\/v2\/types\/product"}],"replies":[{"embeddable":true,"href":"https:\/\/printsonpaper.studio\/es\/wp-json\/wp\/v2\/comments?post=3255"}],"version-history":[{"count":0,"href":"https:\/\/printsonpaper.studio\/es\/wp-json\/wp\/v2\/product\/3255\/revisions"}],"wp:featuredmedia":[{"embeddable":true,"href":"https:\/\/printsonpaper.studio\/es\/wp-json\/wp\/v2\/media\/2772"}],"wp:attachment":[{"href":"https:\/\/printsonpaper.studio\/es\/wp-json\/wp\/v2\/media?parent=3255"}],"wp:term":[{"taxonomy":"product_brand","embeddable":true,"href":"https:\/\/printsonpaper.studio\/es\/wp-json\/wp\/v2\/product_brand?post=3255"},{"taxonomy":"product_cat","embeddable":true,"href":"https:\/\/printsonpaper.studio\/es\/wp-json\/wp\/v2\/product_cat?post=3255"},{"taxonomy":"product_tag","embeddable":true,"href":"https:\/\/printsonpaper.studio\/es\/wp-json\/wp\/v2\/product_tag?post=3255"}],"curies":[{"name":"wp","href":"https:\/\/api.w.org\/{rel}","templated":true}]}}