{"id":3263,"date":"2025-09-09T12:47:36","date_gmt":"2025-09-09T16:47:36","guid":{"rendered":"https:\/\/printsonpaper.studio\/store\/p\/imprima-al-maestro-el-caballero-la-muerte-y-el-diablo-de-albrecht-durer\/"},"modified":"2025-09-09T12:47:36","modified_gmt":"2025-09-09T16:47:36","slug":"imprima-al-maestro-el-caballero-la-muerte-y-el-diablo-de-albrecht-durer","status":"publish","type":"product","link":"https:\/\/printsonpaper.studio\/es\/store\/p\/imprima-al-maestro-el-caballero-la-muerte-y-el-diablo-de-albrecht-durer\/","title":{"rendered":"Imprima al maestro: \u00abEl caballero, la muerte y el diablo\u00bb de Albrecht D\u00fcrer"},"content":{"rendered":"<p class=\"preFade fadeIn\" data-rte-preserve-empty=\"true\">\u201cEl caballero, la muerte y el diablo\u201d de Albrecht D\u00fcrer es uno de los grabados m\u00e1s ic\u00f3nicos e influyentes del per\u00edodo g\u00f3tico jam\u00e1s realizados. Es una imagen literal y directa. <\/p>\n<p class=\"preFade fadeIn\" data-rte-preserve-empty=\"true\">Esta plancha a escala 1:1 de la obra original permite a cualquier persona con acceso a una imprenta crear una r\u00e9plica exacta del grabado. A trav\u00e9s de este proceso manual, el grabador puede interactuar con la obra de arte, experimentando su profundidad y significado de primera mano. Al manipular f\u00edsicamente la impresi\u00f3n, la conexi\u00f3n entre la obra de arte y el individuo se vuelve m\u00e1s tangible y personal.  <\/p>\n","protected":false},"excerpt":{"rendered":"<p>\u201cEl caballero, la muerte y el diablo\u201d de Albrecht D\u00fcrer es uno de los grabados m\u00e1s ic\u00f3nicos e influyentes del per\u00edodo g\u00f3tico jam\u00e1s realizados. Es una imagen literal y directa. Esta plancha a escala 1:1 de la obra original permite a cualquier persona con acceso a una imprenta crear una r\u00e9plica exacta del grabado. A [&hellip;]<\/p>\n","protected":false},"featured_media":2010,"comment_status":"open","ping_status":"closed","template":"","meta":{"_acf_changed":false},"product_brand":[],"product_cat":[79],"product_tag":[],"class_list":{"0":"post-3263","1":"product","2":"type-product","3":"status-publish","4":"has-post-thumbnail","6":"product_cat-sin-categoria","8":"first","9":"instock","10":"taxable","11":"shipping-taxable","12":"purchasable","13":"product-type-simple"},"acf":[],"_links":{"self":[{"href":"https:\/\/printsonpaper.studio\/es\/wp-json\/wp\/v2\/product\/3263","targetHints":{"allow":["GET"]}}],"collection":[{"href":"https:\/\/printsonpaper.studio\/es\/wp-json\/wp\/v2\/product"}],"about":[{"href":"https:\/\/printsonpaper.studio\/es\/wp-json\/wp\/v2\/types\/product"}],"replies":[{"embeddable":true,"href":"https:\/\/printsonpaper.studio\/es\/wp-json\/wp\/v2\/comments?post=3263"}],"version-history":[{"count":0,"href":"https:\/\/printsonpaper.studio\/es\/wp-json\/wp\/v2\/product\/3263\/revisions"}],"wp:featuredmedia":[{"embeddable":true,"href":"https:\/\/printsonpaper.studio\/es\/wp-json\/wp\/v2\/media\/2010"}],"wp:attachment":[{"href":"https:\/\/printsonpaper.studio\/es\/wp-json\/wp\/v2\/media?parent=3263"}],"wp:term":[{"taxonomy":"product_brand","embeddable":true,"href":"https:\/\/printsonpaper.studio\/es\/wp-json\/wp\/v2\/product_brand?post=3263"},{"taxonomy":"product_cat","embeddable":true,"href":"https:\/\/printsonpaper.studio\/es\/wp-json\/wp\/v2\/product_cat?post=3263"},{"taxonomy":"product_tag","embeddable":true,"href":"https:\/\/printsonpaper.studio\/es\/wp-json\/wp\/v2\/product_tag?post=3263"}],"curies":[{"name":"wp","href":"https:\/\/api.w.org\/{rel}","templated":true}]}}