{"id":3327,"date":"2025-09-09T12:27:57","date_gmt":"2025-09-09T16:27:57","guid":{"rendered":"https:\/\/printsonpaper.studio\/store\/p\/placa-de-fotograbado-de-muestra-n-o-1\/"},"modified":"2025-09-09T12:27:57","modified_gmt":"2025-09-09T16:27:57","slug":"placa-de-fotograbado-de-muestra-n-o-1","status":"publish","type":"product","link":"https:\/\/printsonpaper.studio\/es\/store\/p\/placa-de-fotograbado-de-muestra-n-o-1\/","title":{"rendered":"Placa de fotograbado de muestra n.\u00ba 1"},"content":{"rendered":"<p>Prints on Paper Studio se complace en anunciar nuestra nueva placa de muestra de fotograbado. Esta, la primera de muchas placas de muestra diferentes, le muestra el detalle de l\u00ednea y la separaci\u00f3n tonal de los que es capaz el fotograbado. La imagen es una toma de 48 megap\u00edxeles con la placa capaz de resolver 720 ppp de resoluci\u00f3n suave en la impresi\u00f3n final. Calibramos esta placa utilizando una mezcla de tinta de la casa: 4,5 partes de Graphic Chemical Bone Black, 4,5 partes de Charbonnel 55981, 2 partes de Zeamays Transparent Base y una pizca de EasyWipe   <\/p>\n","protected":false},"excerpt":{"rendered":"<p>Prints on Paper Studio se complace en anunciar nuestra nueva placa de muestra de fotograbado. Esta, la primera de muchas placas de muestra diferentes, le muestra el detalle de l\u00ednea y la separaci\u00f3n tonal de los que es capaz el fotograbado. La imagen es una toma de 48 megap\u00edxeles con la placa capaz de resolver [&hellip;]<\/p>\n","protected":false},"featured_media":2775,"comment_status":"open","ping_status":"closed","template":"","meta":{"_acf_changed":false},"product_brand":[],"product_cat":[79],"product_tag":[],"class_list":{"0":"post-3327","1":"product","2":"type-product","3":"status-publish","4":"has-post-thumbnail","6":"product_cat-sin-categoria","8":"first","9":"instock","10":"taxable","11":"shipping-taxable","12":"purchasable","13":"product-type-simple"},"acf":[],"_links":{"self":[{"href":"https:\/\/printsonpaper.studio\/es\/wp-json\/wp\/v2\/product\/3327","targetHints":{"allow":["GET"]}}],"collection":[{"href":"https:\/\/printsonpaper.studio\/es\/wp-json\/wp\/v2\/product"}],"about":[{"href":"https:\/\/printsonpaper.studio\/es\/wp-json\/wp\/v2\/types\/product"}],"replies":[{"embeddable":true,"href":"https:\/\/printsonpaper.studio\/es\/wp-json\/wp\/v2\/comments?post=3327"}],"version-history":[{"count":0,"href":"https:\/\/printsonpaper.studio\/es\/wp-json\/wp\/v2\/product\/3327\/revisions"}],"wp:featuredmedia":[{"embeddable":true,"href":"https:\/\/printsonpaper.studio\/es\/wp-json\/wp\/v2\/media\/2775"}],"wp:attachment":[{"href":"https:\/\/printsonpaper.studio\/es\/wp-json\/wp\/v2\/media?parent=3327"}],"wp:term":[{"taxonomy":"product_brand","embeddable":true,"href":"https:\/\/printsonpaper.studio\/es\/wp-json\/wp\/v2\/product_brand?post=3327"},{"taxonomy":"product_cat","embeddable":true,"href":"https:\/\/printsonpaper.studio\/es\/wp-json\/wp\/v2\/product_cat?post=3327"},{"taxonomy":"product_tag","embeddable":true,"href":"https:\/\/printsonpaper.studio\/es\/wp-json\/wp\/v2\/product_tag?post=3327"}],"curies":[{"name":"wp","href":"https:\/\/api.w.org\/{rel}","templated":true}]}}