{"id":3336,"date":"2025-09-09T11:51:06","date_gmt":"2025-09-09T15:51:06","guid":{"rendered":"https:\/\/printsonpaper.studio\/store\/p\/taller-de-fotograbado-de-cuatro-dias-deposito-de-450-1800-en-total\/"},"modified":"2025-12-02T12:50:03","modified_gmt":"2025-12-02T17:50:03","slug":"taller-de-fotograbado-de-cuatro-dias-deposito-de-450-1800-en-total","status":"publish","type":"product","link":"https:\/\/printsonpaper.studio\/es\/store\/p\/taller-de-fotograbado-de-cuatro-dias-deposito-de-450-1800-en-total\/","title":{"rendered":"Taller de fotograbado de cuatro d\u00edas (dep\u00f3sito de 450 $, 1800 $ en total)"},"content":{"rendered":"<p class=\"preFade fadeIn\" data-rte-preserve-empty=\"true\"><strong>Cuota de reserva de 450 $. El resto se debe abonar un mes antes de la fecha del taller. <\/strong><\/p>\n<p data-rte-preserve-empty=\"true\"><a href=\"https:\/\/printsonpaper.studio\/es\/talleres\/\"><span style=\"text-decoration: underline;\">Ver informaci\u00f3n completa en nuestra p\u00e1gina de talleres<\/span><\/a><\/p>\n<p class=\"preFade fadeIn\" data-rte-preserve-empty=\"true\">Durante este taller intensivo de fotograbado de cuatro d\u00edas, profundizamos en las complejidades de este medio \u00fanico. Los participantes comienzan con un conjunto de diez placas prefabricadas e inmediatamente comienzan a experimentar con diversas t\u00e9cnicas de grabado en el primer d\u00eda. A medida que avanza el taller, los asistentes tienen la oportunidad de crear un segundo lote de placas, reaccionando a sus im\u00e1genes ya impresas. Esta experiencia pr\u00e1ctica ayuda a establecer las mejores pr\u00e1cticas para la creaci\u00f3n de im\u00e1genes en medios de bajo contraste como el grabado.   <\/p>\n<p class=\"p1 preFade fadeIn\" data-rte-preserve-empty=\"true\">El taller cubre una variedad de t\u00e9cnicas complejas, incluyendo la impresi\u00f3n multi-plancha, Chin\u00e9-Colle, \u00c0 la poup\u00e9e, y varios papeles. Los asistentes obtienen una comprensi\u00f3n m\u00e1s amplia del medio y aprenden de un estudio profesional. Como taller centrado en la impresi\u00f3n, el objetivo es salir con un n\u00famero considerable de impresiones. Si bien no es una gu\u00eda completa para construir un estudio de impresi\u00f3n de planchas, proporciona una base s\u00f3lida en las t\u00e9cnicas tradicionales de impresi\u00f3n aplicadas a nuestras planchas de grabado digital creadas en Prints on Paper. Adem\u00e1s, los participantes aprenden habilidades esenciales de Photoshop para trabajar con medios de bajo contraste. Las t\u00e9cnicas y el conocimiento adquiridos durante el taller capacitan a los participantes para prosperar en su pr\u00e1ctica art\u00edstica.     <\/p>\n<p data-rte-preserve-empty=\"true\"><a href=\"https:\/\/printsonpaper.studio\/es\/talleres\/\"><span style=\"text-decoration: underline;\">Ver informaci\u00f3n completa en nuestra p\u00e1gina de talleres<\/span><\/a><\/p>\n","protected":false},"excerpt":{"rendered":"<p>Cuota de reserva de 450 $. El resto se debe abonar un mes antes de la fecha del taller. Ver informaci\u00f3n completa en nuestra p\u00e1gina de talleres Durante este taller intensivo de fotograbado de cuatro d\u00edas, profundizamos en las complejidades de este medio \u00fanico. Los participantes comienzan con un conjunto de diez placas prefabricadas e [&hellip;]<\/p>\n","protected":false},"featured_media":3337,"comment_status":"open","ping_status":"closed","template":"","meta":{"_acf_changed":false},"product_brand":[],"product_cat":[79],"product_tag":[],"class_list":{"0":"post-3336","1":"product","2":"type-product","3":"status-publish","4":"has-post-thumbnail","6":"product_cat-sin-categoria","7":"product_shipping_class-servicio","9":"first","10":"instock","11":"taxable","12":"shipping-taxable","13":"purchasable","14":"product-type-variable","15":"has-default-attributes"},"acf":[],"_links":{"self":[{"href":"https:\/\/printsonpaper.studio\/es\/wp-json\/wp\/v2\/product\/3336","targetHints":{"allow":["GET"]}}],"collection":[{"href":"https:\/\/printsonpaper.studio\/es\/wp-json\/wp\/v2\/product"}],"about":[{"href":"https:\/\/printsonpaper.studio\/es\/wp-json\/wp\/v2\/types\/product"}],"replies":[{"embeddable":true,"href":"https:\/\/printsonpaper.studio\/es\/wp-json\/wp\/v2\/comments?post=3336"}],"version-history":[{"count":0,"href":"https:\/\/printsonpaper.studio\/es\/wp-json\/wp\/v2\/product\/3336\/revisions"}],"wp:featuredmedia":[{"embeddable":true,"href":"https:\/\/printsonpaper.studio\/es\/wp-json\/wp\/v2\/media\/3337"}],"wp:attachment":[{"href":"https:\/\/printsonpaper.studio\/es\/wp-json\/wp\/v2\/media?parent=3336"}],"wp:term":[{"taxonomy":"product_brand","embeddable":true,"href":"https:\/\/printsonpaper.studio\/es\/wp-json\/wp\/v2\/product_brand?post=3336"},{"taxonomy":"product_cat","embeddable":true,"href":"https:\/\/printsonpaper.studio\/es\/wp-json\/wp\/v2\/product_cat?post=3336"},{"taxonomy":"product_tag","embeddable":true,"href":"https:\/\/printsonpaper.studio\/es\/wp-json\/wp\/v2\/product_tag?post=3336"}],"curies":[{"name":"wp","href":"https:\/\/api.w.org\/{rel}","templated":true}]}}