{"id":3054,"date":"2025-09-05T22:16:27","date_gmt":"2025-09-06T02:16:27","guid":{"rendered":"https:\/\/printsonpaper.studio\/impression-photogravure\/"},"modified":"2025-11-02T16:00:10","modified_gmt":"2025-11-02T21:00:10","slug":"impression-photogravure","status":"publish","type":"page","link":"https:\/\/printsonpaper.studio\/fr\/impression-photogravure\/","title":{"rendered":"IMPRESSION PHOTOGRAVURE"},"content":{"rendered":"\t\t<div data-elementor-type=\"wp-page\" data-elementor-id=\"3054\" class=\"elementor elementor-3054 elementor-1737\" data-elementor-post-type=\"page\">\n\t\t\t\t<div class=\"elementor-element elementor-element-0204930 e-con-full e-flex e-con e-parent\" data-id=\"0204930\" data-element_type=\"container\" data-e-type=\"container\">\n\t\t\t\t<div class=\"elementor-element elementor-element-e1e31b3 elementor-widget elementor-widget-button\" data-id=\"e1e31b3\" data-element_type=\"widget\" data-e-type=\"widget\" data-widget_type=\"button.default\">\n\t\t\t\t<div class=\"elementor-widget-container\">\n\t\t\t\t\t\t\t\t\t<div class=\"elementor-button-wrapper\">\n\t\t\t\t\t<a class=\"elementor-button elementor-button-link elementor-size-sm\" href=\"mailto:hello@printsonpaper.studio\">\n\t\t\t\t\t\t<span class=\"elementor-button-content-wrapper\">\n\t\t\t\t\t\t\t\t\t<span class=\"elementor-button-text\">CONTACTEZ-NOUS PAR E-MAIL POUR COMMENCER<\/span>\n\t\t\t\t\t<\/span>\n\t\t\t\t\t<\/a>\n\t\t\t\t<\/div>\n\t\t\t\t\t\t\t\t<\/div>\n\t\t\t\t<\/div>\n\t\t\t\t<\/div>\n\t\t<div class=\"elementor-element elementor-element-9b2510d e-flex e-con-boxed e-con e-parent\" data-id=\"9b2510d\" data-element_type=\"container\" data-e-type=\"container\">\n\t\t\t\t\t<div class=\"e-con-inner\">\n\t\t\t\t<div class=\"elementor-element elementor-element-129507e elementor-widget elementor-widget-text-editor\" data-id=\"129507e\" data-element_type=\"widget\" data-e-type=\"widget\" data-widget_type=\"text-editor.default\">\n\t\t\t\t<div class=\"elementor-widget-container\">\n\t\t\t\t\t\t\t\t\t<p class=\"sqsrte-large preFade fadeIn\">La photogravure est un m\u00e9dium artistique \u00e0 part enti\u00e8re. Travailler dans ce m\u00e9dium gr\u00e2ce \u00e0 un flux de travail direct sur plaque permet aux artistes d&rsquo;appliquer une large gamme de marques sur le papier rapidement et avec une extr\u00eame pr\u00e9cision. Des photographies aux dessins \u00e0 main lev\u00e9e, cette m\u00e9thode d&rsquo;impression offre des possibilit\u00e9s infinies. Nous sommes le point de r\u00e9f\u00e9rence pour le d\u00e9veloppement et l&rsquo;expansion de ce m\u00e9dium dans le monde de l&rsquo;art.   <\/p>\n<p class=\"sqsrte-large preFade fadeIn\">Nos plaques de gravure peuvent \u00eatre imprim\u00e9es sur une grande vari\u00e9t\u00e9 de papiers et de mat\u00e9riaux artificiels. La capacit\u00e9 de ce m\u00e9dium \u00e0 rendre des milliers de transitions tonales distinctes \u00e0 l&rsquo;huile surpasse de nombreuses autres m\u00e9thodes d&rsquo;impression photographique. Nous sommes \u00e9galement ouverts \u00e0 divers projets exp\u00e9rimentaux, y compris l&rsquo;impression multi-plaques et la coloration \u00e0 la main.  <\/p>\t\t\t\t\t\t\t\t<\/div>\n\t\t\t\t<\/div>\n\t\t\t\t\t<\/div>\n\t\t\t\t<\/div>\n\t\t<div class=\"elementor-element elementor-element-d93dba6 e-con-full e-flex e-con e-parent\" data-id=\"d93dba6\" data-element_type=\"container\" data-e-type=\"container\">\n\t\t\t\t<div class=\"elementor-element elementor-element-b902459 elementor-widget elementor-widget-image\" data-id=\"b902459\" data-element_type=\"widget\" data-e-type=\"widget\" data-widget_type=\"image.default\">\n\t\t\t\t<div class=\"elementor-widget-container\">\n\t\t\t\t\t\t\t\t\t\t\t\t\t\t\t<img fetchpriority=\"high\" decoding=\"async\" width=\"2495\" height=\"1013\" src=\"https:\/\/printsonpaper.studio\/wp-content\/uploads\/2025\/10\/N-Kauck_09112024_240_Ver_2.webp\" class=\"attachment-full size-full wp-image-3057\" alt=\"\" srcset=\"https:\/\/printsonpaper.studio\/wp-content\/uploads\/2025\/10\/N-Kauck_09112024_240_Ver_2.webp 2495w, https:\/\/printsonpaper.studio\/wp-content\/uploads\/2025\/10\/N-Kauck_09112024_240_Ver_2-300x122.webp 300w, https:\/\/printsonpaper.studio\/wp-content\/uploads\/2025\/10\/N-Kauck_09112024_240_Ver_2-1024x416.webp 1024w, https:\/\/printsonpaper.studio\/wp-content\/uploads\/2025\/10\/N-Kauck_09112024_240_Ver_2-768x312.webp 768w, https:\/\/printsonpaper.studio\/wp-content\/uploads\/2025\/10\/N-Kauck_09112024_240_Ver_2-1536x624.webp 1536w, https:\/\/printsonpaper.studio\/wp-content\/uploads\/2025\/10\/N-Kauck_09112024_240_Ver_2-2048x832.webp 2048w, https:\/\/printsonpaper.studio\/wp-content\/uploads\/2025\/10\/N-Kauck_09112024_240_Ver_2-800x325.webp 800w, https:\/\/printsonpaper.studio\/wp-content\/uploads\/2025\/10\/N-Kauck_09112024_240_Ver_2-600x244.webp 600w\" sizes=\"(max-width: 2495px) 100vw, 2495px\" \/>\t\t\t\t\t\t\t\t\t\t\t\t\t\t\t<\/div>\n\t\t\t\t<\/div>\n\t\t\t\t<\/div>\n\t\t<div class=\"elementor-element elementor-element-857385c e-flex e-con-boxed e-con e-parent\" data-id=\"857385c\" data-element_type=\"container\" data-e-type=\"container\">\n\t\t\t\t\t<div class=\"e-con-inner\">\n\t\t<div class=\"elementor-element elementor-element-308e8c4 e-grid e-con-boxed e-con e-child\" data-id=\"308e8c4\" data-element_type=\"container\" data-e-type=\"container\">\n\t\t\t\t\t<div class=\"e-con-inner\">\n\t\t\t\t<div class=\"elementor-element elementor-element-ed79469 elementor-widget elementor-widget-text-editor\" data-id=\"ed79469\" data-element_type=\"widget\" data-e-type=\"widget\" data-widget_type=\"text-editor.default\">\n\t\t\t\t<div class=\"elementor-widget-container\">\n\t\t\t\t\t\t\t\t\t<div class=\"fe-block fe-block-yui_3_17_2_1_1703092516372_12237\">\n<div id=\"block-yui_3_17_2_1_1703092516372_12237\" class=\"sqs-block html-block sqs-block-html\" data-blend-mode=\"NORMAL\" data-block-type=\"2\" data-border-radii=\"{\"topLeft\":{\"unit\":\"px\",\"value\":0.0},\"topRight\":{\"unit\":\"px\",\"value\":0.0},\"bottomLeft\":{\"unit\":\"px\",\"value\":0.0},\"bottomRight\":{\"unit\":\"px\",\"value\":0.0}}\" data-sqsp-block=\"text\">\n<div class=\"sqs-block-content\">\n<div class=\"sqs-html-content\" data-sqsp-text-block-content=\"\">\n<h1 class=\"sqsrte-large preFade fadeIn\" style=\"text-align: center;\">TARIFS<\/h1>\n<p class=\"sqsrte-large preFade fadeIn\">Nous nous effor\u00e7ons d&rsquo;\u00e9quilibrer le co\u00fbt de l&rsquo;impression collaborative, qui peut produire de nombreuses \u00e9preuves n\u00e9cessaires, avec les frais g\u00e9n\u00e9raux de gestion d&rsquo;une entreprise. Pour y parvenir, lors du travail en studio avec un artiste, les \u00e9preuves d&rsquo;\u00e9tat, les \u00e9preuves de presse, les \u00e9preuves d&rsquo;imprimeur et les BAT sont factur\u00e9es uniquement sur la base des frais de mat\u00e9riel (encre et papier, etc.) plus des frais de main-d&rsquo;\u0153uvre de 142 $ par heure, qui s&rsquo;appliquent du d\u00e9but du travail jusqu&rsquo;\u00e0 son ach\u00e8vement. Ces impressions ne sont g\u00e9n\u00e9ralement pas conserv\u00e9es, \u00e0 l&rsquo;exception des \u00e9preuves d&rsquo;imprimeur et des BAT. Par exemple, si nous imprimions 4 feuilles de 20&#215;30 en 1 heure, le co\u00fbt g\u00e9n\u00e9ral approximatif du mat\u00e9riel serait de 25 dollars et le co\u00fbt de la main-d&rsquo;\u0153uvre serait de 142 $. Le co\u00fbt total par impression pendant le processus d&rsquo;\u00e9preuvage serait d&rsquo;environ 41 $. Ces \u00e9preuves sont marqu\u00e9es SP, PP et BAT. Si un artiste d\u00e9cide plus tard que l&rsquo;impression est suffisamment bonne pour \u00eatre une \u00e9preuve d&rsquo;artiste ou une \u00e9dition, nous facturerons le tarif normal pour cette impression et le d\u00e9duirons des frais d&rsquo;\u00e9preuvage.      <\/p>\n<p class=\"sqsrte-large preFade fadeIn\">Les \u00e9preuves d&rsquo;artiste et les impressions d&rsquo;\u00e9dition (finales) sont tarif\u00e9es ci-dessous.<\/p>\n<\/div>\n<\/div>\n<\/div>\n<\/div>\t\t\t\t\t\t\t\t<\/div>\n\t\t\t\t<\/div>\n\t\t\t\t\t<\/div>\n\t\t\t\t<\/div>\n\t\t<div class=\"elementor-element elementor-element-22024fa e-grid e-con-full e-con e-child\" data-id=\"22024fa\" data-element_type=\"container\" data-e-type=\"container\">\n\t\t\t\t<div class=\"elementor-element elementor-element-81516e0 elementor-widget elementor-widget-text-editor\" data-id=\"81516e0\" data-element_type=\"widget\" data-e-type=\"widget\" data-widget_type=\"text-editor.default\">\n\t\t\t\t<div class=\"elementor-widget-container\">\n\t\t\t\t\t\t\t\t\t<div class=\"fe-block fe-block-yui_3_17_2_1_1703092516372_12237\"><div id=\"block-yui_3_17_2_1_1703092516372_12237\" class=\"sqs-block html-block sqs-block-html\" data-blend-mode=\"NORMAL\" data-block-type=\"2\" data-border-radii=\"{\"topLeft\":{\"unit\":\"px\",\"value\":0.0},\"topRight\":{\"unit\":\"px\",\"value\":0.0},\"bottomLeft\":{\"unit\":\"px\",\"value\":0.0},\"bottomRight\":{\"unit\":\"px\",\"value\":0.0}}\" data-sqsp-block=\"text\"><div class=\"sqs-block-content\"><div class=\"sqs-html-content\" data-sqsp-text-block-content=\"\"><p class=\"sqsrte-large preFade fadeIn\"><strong>Format du papier<\/strong><\/p><\/div><\/div><\/div><\/div>\t\t\t\t\t\t\t\t<\/div>\n\t\t\t\t<\/div>\n\t\t\t\t<div class=\"elementor-element elementor-element-9610086 elementor-widget elementor-widget-text-editor\" data-id=\"9610086\" data-element_type=\"widget\" data-e-type=\"widget\" data-widget_type=\"text-editor.default\">\n\t\t\t\t<div class=\"elementor-widget-container\">\n\t\t\t\t\t\t\t\t\t<div class=\"fe-block fe-block-eba6c93d4ca31f98913a\"><div id=\"block-eba6c93d4ca31f98913a\" class=\"sqs-block html-block sqs-block-html\" data-blend-mode=\"NORMAL\" data-block-type=\"2\" data-border-radii=\"{\"topLeft\":{\"unit\":\"px\",\"value\":0.0},\"topRight\":{\"unit\":\"px\",\"value\":0.0},\"bottomLeft\":{\"unit\":\"px\",\"value\":0.0},\"bottomRight\":{\"unit\":\"px\",\"value\":0.0}}\" data-sqsp-block=\"text\"><div class=\"sqs-block-content\"><div class=\"sqs-html-content\" data-sqsp-text-block-content=\"\"><p class=\"sqsrte-large preFade fadeIn\"><strong>Montant par impression<\/strong><\/p><\/div><\/div><\/div><\/div>\t\t\t\t\t\t\t\t<\/div>\n\t\t\t\t<\/div>\n\t\t\t\t<div class=\"elementor-element elementor-element-9430b31 elementor-widget elementor-widget-text-editor\" data-id=\"9430b31\" data-element_type=\"widget\" data-e-type=\"widget\" data-widget_type=\"text-editor.default\">\n\t\t\t\t<div class=\"elementor-widget-container\">\n\t\t\t\t\t\t\t\t\t<div class=\"fe-block fe-block-eba6c93d4ca31f98913a\"><div id=\"block-eba6c93d4ca31f98913a\" class=\"sqs-block html-block sqs-block-html\" data-blend-mode=\"NORMAL\" data-block-type=\"2\" data-border-radii=\"{\"topLeft\":{\"unit\":\"px\",\"value\":0.0},\"topRight\":{\"unit\":\"px\",\"value\":0.0},\"bottomLeft\":{\"unit\":\"px\",\"value\":0.0},\"bottomRight\":{\"unit\":\"px\",\"value\":0.0}}\" data-sqsp-block=\"text\"><div class=\"sqs-block-content\"><div class=\"sqs-html-content\" data-sqsp-text-block-content=\"\"><p class=\"sqsrte-large preFade fadeIn\"><strong>Capacit\u00e9<\/strong><\/p><\/div><\/div><\/div><\/div>\t\t\t\t\t\t\t\t<\/div>\n\t\t\t\t<\/div>\n\t\t\t\t<div class=\"elementor-element elementor-element-66ca95b elementor-widget elementor-widget-text-editor\" data-id=\"66ca95b\" data-element_type=\"widget\" data-e-type=\"widget\" data-widget_type=\"text-editor.default\">\n\t\t\t\t<div class=\"elementor-widget-container\">\n\t\t\t\t\t\t\t\t\t<div class=\"fe-block fe-block-eba6c93d4ca31f98913a\"><div id=\"block-eba6c93d4ca31f98913a\" class=\"sqs-block html-block sqs-block-html\" data-blend-mode=\"NORMAL\" data-block-type=\"2\" data-border-radii=\"{\"topLeft\":{\"unit\":\"px\",\"value\":0.0},\"topRight\":{\"unit\":\"px\",\"value\":0.0},\"bottomLeft\":{\"unit\":\"px\",\"value\":0.0},\"bottomRight\":{\"unit\":\"px\",\"value\":0.0}}\" data-sqsp-block=\"text\"><div class=\"sqs-block-content\"><div class=\"sqs-html-content\" data-sqsp-text-block-content=\"\"><p class=\"sqsrte-large preFade fadeIn\"><strong>Peut imprimer une plaque jusqu&rsquo;\u00e0 cette taille \u2013<\/strong><\/p><\/div><\/div><\/div><\/div>\t\t\t\t\t\t\t\t<\/div>\n\t\t\t\t<\/div>\n\t\t\t\t<\/div>\n\t\t<div class=\"elementor-element elementor-element-a789887 e-grid e-con-full e-con e-child\" data-id=\"a789887\" data-element_type=\"container\" data-e-type=\"container\">\n\t\t\t\t<div class=\"elementor-element elementor-element-3591eef elementor-widget elementor-widget-text-editor\" data-id=\"3591eef\" data-element_type=\"widget\" data-e-type=\"widget\" data-widget_type=\"text-editor.default\">\n\t\t\t\t<div class=\"elementor-widget-container\">\n\t\t\t\t\t\t\t\t\t<div class=\"fe-block fe-block-yui_3_17_2_1_1703092516372_12237\"><div id=\"block-yui_3_17_2_1_1703092516372_12237\" class=\"sqs-block html-block sqs-block-html\" data-blend-mode=\"NORMAL\" data-block-type=\"2\" data-border-radii=\"{\"topLeft\":{\"unit\":\"px\",\"value\":0.0},\"topRight\":{\"unit\":\"px\",\"value\":0.0},\"bottomLeft\":{\"unit\":\"px\",\"value\":0.0},\"bottomRight\":{\"unit\":\"px\",\"value\":0.0}}\" data-sqsp-block=\"text\"><div class=\"sqs-block-content\"><div class=\"sqs-html-content\" data-sqsp-text-block-content=\"\"><p class=\"sqsrte-large preFade fadeIn\">A0 \u2014 32&#215;48&Prime;<\/p><p class=\"sqsrte-large preFade fadeIn\">A1 \u2014 22&#215;30&Prime; <\/p><p class=\"sqsrte-large preFade fadeIn\">A2 \u2014 15&#215;22&Prime;<\/p><p class=\"sqsrte-large preFade fadeIn\">A3 \u2014 11&#215;15&Prime;<\/p><\/div><\/div><\/div><\/div>\t\t\t\t\t\t\t\t<\/div>\n\t\t\t\t<\/div>\n\t\t\t\t<div class=\"elementor-element elementor-element-631949e elementor-widget elementor-widget-text-editor\" data-id=\"631949e\" data-element_type=\"widget\" data-e-type=\"widget\" data-widget_type=\"text-editor.default\">\n\t\t\t\t<div class=\"elementor-widget-container\">\n\t\t\t\t\t\t\t\t\t<div class=\"fe-block fe-block-eba6c93d4ca31f98913a\"><div id=\"block-eba6c93d4ca31f98913a\" class=\"sqs-block html-block sqs-block-html\" data-blend-mode=\"NORMAL\" data-block-type=\"2\" data-border-radii=\"{\"topLeft\":{\"unit\":\"px\",\"value\":0.0},\"topRight\":{\"unit\":\"px\",\"value\":0.0},\"bottomLeft\":{\"unit\":\"px\",\"value\":0.0},\"bottomRight\":{\"unit\":\"px\",\"value\":0.0}}\" data-sqsp-block=\"text\"><div class=\"sqs-block-content\"><div class=\"sqs-html-content\" data-sqsp-text-block-content=\"\"><p class=\"sqsrte-large preFade fadeIn\">375 $ par impression<\/p><p class=\"sqsrte-large preFade fadeIn\">200 $ par impression<\/p><p class=\"sqsrte-large preFade fadeIn\">120 $ par impression<\/p><p class=\"sqsrte-large preFade fadeIn\">85 $ par impression<\/p><\/div><\/div><\/div><\/div>\t\t\t\t\t\t\t\t<\/div>\n\t\t\t\t<\/div>\n\t\t\t\t<div class=\"elementor-element elementor-element-4a9c163 elementor-widget elementor-widget-text-editor\" data-id=\"4a9c163\" data-element_type=\"widget\" data-e-type=\"widget\" data-widget_type=\"text-editor.default\">\n\t\t\t\t<div class=\"elementor-widget-container\">\n\t\t\t\t\t\t\t\t\t<div class=\"fe-block fe-block-eba6c93d4ca31f98913a\"><div id=\"block-eba6c93d4ca31f98913a\" class=\"sqs-block html-block sqs-block-html\" data-blend-mode=\"NORMAL\" data-block-type=\"2\" data-border-radii=\"{\"topLeft\":{\"unit\":\"px\",\"value\":0.0},\"topRight\":{\"unit\":\"px\",\"value\":0.0},\"bottomLeft\":{\"unit\":\"px\",\"value\":0.0},\"bottomRight\":{\"unit\":\"px\",\"value\":0.0}}\" data-sqsp-block=\"text\"><div class=\"sqs-block-content\"><div class=\"sqs-html-content\" data-sqsp-text-block-content=\"\"><p class=\"sqsrte-large preFade fadeIn\">1 par heure<\/p><p class=\"sqsrte-large preFade fadeIn\">2 par heure<\/p><p class=\"sqsrte-large preFade fadeIn\">3 par heure<\/p><p class=\"sqsrte-large preFade fadeIn\">4 par heure<\/p><\/div><\/div><\/div><\/div>\t\t\t\t\t\t\t\t<\/div>\n\t\t\t\t<\/div>\n\t\t\t\t<div class=\"elementor-element elementor-element-8047775 elementor-widget elementor-widget-text-editor\" data-id=\"8047775\" data-element_type=\"widget\" data-e-type=\"widget\" data-widget_type=\"text-editor.default\">\n\t\t\t\t<div class=\"elementor-widget-container\">\n\t\t\t\t\t\t\t\t\t<div class=\"fe-block fe-block-eba6c93d4ca31f98913a\"><div id=\"block-eba6c93d4ca31f98913a\" class=\"sqs-block html-block sqs-block-html\" data-blend-mode=\"NORMAL\" data-block-type=\"2\" data-border-radii=\"{\"topLeft\":{\"unit\":\"px\",\"value\":0.0},\"topRight\":{\"unit\":\"px\",\"value\":0.0},\"bottomLeft\":{\"unit\":\"px\",\"value\":0.0},\"bottomRight\":{\"unit\":\"px\",\"value\":0.0}}\" data-sqsp-block=\"text\"><div class=\"sqs-block-content\"><div class=\"sqs-html-content\" data-sqsp-text-block-content=\"\"><p class=\"sqsrte-large preFade fadeIn\">Plaque de 30&#215;41&Prime;<\/p><p class=\"sqsrte-large preFade fadeIn\">Plaque de 20&#215;28&Prime;<\/p><p class=\"sqsrte-large preFade fadeIn\">Plaque de 13&#215;20&Prime;<\/p><p class=\"sqsrte-large preFade fadeIn\">Plaque de 9&#215;13&Prime;<\/p><\/div><\/div><\/div><\/div>\t\t\t\t\t\t\t\t<\/div>\n\t\t\t\t<\/div>\n\t\t\t\t<\/div>\n\t\t\t\t\t<\/div>\n\t\t\t\t<\/div>\n\t\t<div class=\"elementor-element elementor-element-a1c9a59 e-flex e-con-boxed e-con e-parent\" data-id=\"a1c9a59\" data-element_type=\"container\" data-e-type=\"container\">\n\t\t\t\t\t<div class=\"e-con-inner\">\n\t\t\t\t<div class=\"elementor-element elementor-element-39d18de elementor-widget elementor-widget-text-editor\" data-id=\"39d18de\" data-element_type=\"widget\" data-e-type=\"widget\" data-widget_type=\"text-editor.default\">\n\t\t\t\t<div class=\"elementor-widget-container\">\n\t\t\t\t\t\t\t\t\t<div class=\"fe-block fe-block-yui_3_17_2_1_1703092516372_12237\"><div id=\"block-yui_3_17_2_1_1703092516372_12237\" class=\"sqs-block html-block sqs-block-html\" data-blend-mode=\"NORMAL\" data-block-type=\"2\" data-border-radii=\"{\"topLeft\":{\"unit\":\"px\",\"value\":0.0},\"topRight\":{\"unit\":\"px\",\"value\":0.0},\"bottomLeft\":{\"unit\":\"px\",\"value\":0.0},\"bottomRight\":{\"unit\":\"px\",\"value\":0.0}}\" data-sqsp-block=\"text\"><div class=\"sqs-block-content\"><div class=\"sqs-html-content\" data-sqsp-text-block-content=\"\"><p class=\"sqsrte-large preFade fadeIn\">En tant qu&rsquo;innovateur en technologie d&rsquo;impression, Prints On Paper est \u00e0 la pointe de l&rsquo;efficacit\u00e9 et de la qualit\u00e9. Cela nous permet d&rsquo;\u00e9diter des \u0153uvres tr\u00e8s rapidement et avec pr\u00e9cision. Nathanael et Walker sont des imprimeurs polyvalents qui appr\u00e9cient l&rsquo;environnement collaboratif ainsi que la nature r\u00e9p\u00e9titive de l&rsquo;impression d&rsquo;\u00e9dition (et euh&#8230; l&#8217;emballage\/exp\u00e9dition). Il y a un tr\u00e8s haut niveau de suivi depuis la premi\u00e8re conversation avec un artiste jusqu&rsquo;\u00e0 l&rsquo;impression finale sign\u00e9e.   <\/p><\/div><\/div><\/div><\/div>\t\t\t\t\t\t\t\t<\/div>\n\t\t\t\t<\/div>\n\t\t\t\t\t<\/div>\n\t\t\t\t<\/div>\n\t\t<div class=\"elementor-element elementor-element-ea75ac7 e-flex e-con-boxed e-con e-parent\" data-id=\"ea75ac7\" data-element_type=\"container\" data-e-type=\"container\">\n\t\t\t\t\t<div class=\"e-con-inner\">\n\t\t\t\t<div class=\"elementor-element elementor-element-1801dcb elementor-widget elementor-widget-text-editor\" data-id=\"1801dcb\" data-element_type=\"widget\" data-e-type=\"widget\" data-widget_type=\"text-editor.default\">\n\t\t\t\t<div class=\"elementor-widget-container\">\n\t\t\t\t\t\t\t\t\t<div class=\"fe-block fe-block-yui_3_17_2_1_1703092516372_12237\"><div id=\"block-yui_3_17_2_1_1703092516372_12237\" class=\"sqs-block html-block sqs-block-html\" data-blend-mode=\"NORMAL\" data-block-type=\"2\" data-border-radii=\"{\"topLeft\":{\"unit\":\"px\",\"value\":0.0},\"topRight\":{\"unit\":\"px\",\"value\":0.0},\"bottomLeft\":{\"unit\":\"px\",\"value\":0.0},\"bottomRight\":{\"unit\":\"px\",\"value\":0.0}}\" data-sqsp-block=\"text\"><div class=\"sqs-block-content\"><div class=\"sqs-html-content\" data-sqsp-text-block-content=\"\"><p class=\"sqsrte-large preFade fadeIn\">Nos plaques de photogravure pr\u00e9fabriqu\u00e9es sont de la plus haute qualit\u00e9 disponible. Nous pouvons imprimer sur mesure tout type d&rsquo;image. Nous innovons constamment notre processus pour offrir aux clients l&rsquo;image de la plus haute r\u00e9solution sur leur plaque. Bien qu&rsquo;il existe des meilleures pratiques en mati\u00e8re de cr\u00e9ation d&rsquo;images pour les plaques de photogravure, en g\u00e9n\u00e9ral, travailler avec un flux de travail direct sur plaque garantit que toutes les tonalit\u00e9s que vous voyez sur votre \u00e9cran sont celles que vous pouvez attendre dans votre impression finale en gravure. N&rsquo;h\u00e9sitez pas \u00e0 nous contacter si vous avez des questions.    <\/p><p class=\"sqsrte-large preFade fadeIn\">Pour d\u00e9couvrir nos services de fabrication de plaques, <a href=\"https:\/\/printsonpaper.studio\/intaglio-photogravure-plates\/\">cliquez ici.<\/a><\/p><\/div><\/div><\/div><\/div>\t\t\t\t\t\t\t\t<\/div>\n\t\t\t\t<\/div>\n\t\t\t\t\t<\/div>\n\t\t\t\t<\/div>\n\t\t\t\t<\/div>\n\t\t","protected":false},"excerpt":{"rendered":"<p>CONTACTEZ-NOUS PAR E-MAIL POUR COMMENCER La photogravure est un m\u00e9dium artistique \u00e0 part enti\u00e8re. Travailler dans ce m\u00e9dium gr\u00e2ce \u00e0 un flux de travail direct sur plaque permet aux artistes d&rsquo;appliquer une large gamme de marques sur le papier rapidement et avec une extr\u00eame pr\u00e9cision. Des photographies aux dessins \u00e0 main lev\u00e9e, cette m\u00e9thode d&rsquo;impression [&hellip;]<\/p>\n","protected":false},"author":1,"featured_media":3057,"parent":0,"menu_order":0,"comment_status":"closed","ping_status":"closed","template":"","meta":{"_acf_changed":false,"footnotes":""},"class_list":["post-3054","page","type-page","status-publish","has-post-thumbnail","hentry"],"acf":[],"_links":{"self":[{"href":"https:\/\/printsonpaper.studio\/fr\/wp-json\/wp\/v2\/pages\/3054","targetHints":{"allow":["GET"]}}],"collection":[{"href":"https:\/\/printsonpaper.studio\/fr\/wp-json\/wp\/v2\/pages"}],"about":[{"href":"https:\/\/printsonpaper.studio\/fr\/wp-json\/wp\/v2\/types\/page"}],"author":[{"embeddable":true,"href":"https:\/\/printsonpaper.studio\/fr\/wp-json\/wp\/v2\/users\/1"}],"replies":[{"embeddable":true,"href":"https:\/\/printsonpaper.studio\/fr\/wp-json\/wp\/v2\/comments?post=3054"}],"version-history":[{"count":1,"href":"https:\/\/printsonpaper.studio\/fr\/wp-json\/wp\/v2\/pages\/3054\/revisions"}],"predecessor-version":[{"id":3062,"href":"https:\/\/printsonpaper.studio\/fr\/wp-json\/wp\/v2\/pages\/3054\/revisions\/3062"}],"wp:featuredmedia":[{"embeddable":true,"href":"https:\/\/printsonpaper.studio\/fr\/wp-json\/wp\/v2\/media\/3057"}],"wp:attachment":[{"href":"https:\/\/printsonpaper.studio\/fr\/wp-json\/wp\/v2\/media?parent=3054"}],"curies":[{"name":"wp","href":"https:\/\/api.w.org\/{rel}","templated":true}]}}