{"id":3130,"date":"2025-09-06T12:37:37","date_gmt":"2025-09-06T16:37:37","guid":{"rendered":"https:\/\/printsonpaper.studio\/envoyez-nous-vos-fichiers\/"},"modified":"2025-11-02T16:01:20","modified_gmt":"2025-11-02T21:01:20","slug":"envoyez-nous-vos-fichiers","status":"publish","type":"page","link":"https:\/\/printsonpaper.studio\/fr\/envoyez-nous-vos-fichiers\/","title":{"rendered":"ENVOYEZ-NOUS VOS FICHIERS"},"content":{"rendered":"\t\t<div data-elementor-type=\"wp-page\" data-elementor-id=\"3130\" class=\"elementor elementor-3130\" data-elementor-post-type=\"page\">\n\t\t\t\t<div class=\"elementor-element elementor-element-64f724ea e-con-full e-flex e-con e-parent\" data-id=\"64f724ea\" data-element_type=\"container\" data-e-type=\"container\">\n\t\t\t\t<\/div>\n\t\t\t\t<\/div>\n\t\t","protected":false},"excerpt":{"rendered":"<p>Vous pouvez t\u00e9l\u00e9charger n&rsquo;importe quel type de fichier ci-dessous (maximum 2 Go). Si vous rencontrez des probl\u00e8mes, veuillez nous envoyer un e-mail \u00e0 hello@printsonpaper.studio<\/p>\n","protected":false},"author":1,"featured_media":0,"parent":0,"menu_order":0,"comment_status":"closed","ping_status":"closed","template":"","meta":{"_acf_changed":false,"footnotes":""},"class_list":["post-3130","page","type-page","status-publish","hentry"],"acf":[],"_links":{"self":[{"href":"https:\/\/printsonpaper.studio\/fr\/wp-json\/wp\/v2\/pages\/3130","targetHints":{"allow":["GET"]}}],"collection":[{"href":"https:\/\/printsonpaper.studio\/fr\/wp-json\/wp\/v2\/pages"}],"about":[{"href":"https:\/\/printsonpaper.studio\/fr\/wp-json\/wp\/v2\/types\/page"}],"author":[{"embeddable":true,"href":"https:\/\/printsonpaper.studio\/fr\/wp-json\/wp\/v2\/users\/1"}],"replies":[{"embeddable":true,"href":"https:\/\/printsonpaper.studio\/fr\/wp-json\/wp\/v2\/comments?post=3130"}],"version-history":[{"count":1,"href":"https:\/\/printsonpaper.studio\/fr\/wp-json\/wp\/v2\/pages\/3130\/revisions"}],"predecessor-version":[{"id":3131,"href":"https:\/\/printsonpaper.studio\/fr\/wp-json\/wp\/v2\/pages\/3130\/revisions\/3131"}],"wp:attachment":[{"href":"https:\/\/printsonpaper.studio\/fr\/wp-json\/wp\/v2\/media?parent=3130"}],"curies":[{"name":"wp","href":"https:\/\/api.w.org\/{rel}","templated":true}]}}