{"id":3137,"date":"2025-10-21T14:27:56","date_gmt":"2025-10-21T18:27:56","guid":{"rendered":"https:\/\/printsonpaper.studio\/telecharger\/"},"modified":"2025-11-07T10:41:26","modified_gmt":"2025-11-07T15:41:26","slug":"telecharger","status":"publish","type":"page","link":"https:\/\/printsonpaper.studio\/fr\/telecharger\/","title":{"rendered":"T\u00c9L\u00c9CHARGER"},"content":{"rendered":"\t\t<div data-elementor-type=\"wp-page\" data-elementor-id=\"3137\" class=\"elementor elementor-3137 elementor-2618\" data-elementor-post-type=\"page\">\n\t\t\t\t<div class=\"elementor-element elementor-element-d8ef14f e-flex e-con-boxed e-con e-parent\" data-id=\"d8ef14f\" data-element_type=\"container\" data-e-type=\"container\">\n\t\t\t\t\t<div class=\"e-con-inner\">\n\t\t\t\t<div class=\"elementor-element elementor-element-7271d76 elementor-widget elementor-widget-text-editor\" data-id=\"7271d76\" data-element_type=\"widget\" data-e-type=\"widget\" data-widget_type=\"text-editor.default\">\n\t\t\t\t<div class=\"elementor-widget-container\">\n\t\t\t\t\t\t\t\t\t<p class=\"sqsrte-large preFade fadeIn\">Vous pouvez t\u00e9l\u00e9charger vos fichiers ci-dessous.<\/p><p class=\"sqsrte-large preFade fadeIn\">Si vous rencontrez une erreur \u00ab type de fichier non autoris\u00e9 \u00bb, compressez simplement le ou les fichiers au format .zip et t\u00e9l\u00e9chargez ce fichier .zip ci-dessous.<\/p><p class=\"sqsrte-large preFade fadeIn\">Si vous rencontrez d&rsquo;autres probl\u00e8mes, veuillez nous envoyer un courriel \u00e0 <a href=\"mailto:hello@printsonpaper.studio\">hello@printsonpaper.studio<\/a><\/p>\t\t\t\t\t\t\t\t<\/div>\n\t\t\t\t<\/div>\n\t\t\t\t<div class=\"elementor-element elementor-element-8688928 elementor-widget elementor-widget-formidable\" data-id=\"8688928\" data-element_type=\"widget\" data-e-type=\"widget\" data-widget_type=\"formidable.default\">\n\t\t\t\t<div class=\"elementor-widget-container\">\n\t\t\t\t\t<div class=\"frm_forms  with_frm_style frm_style_formidable-style\" id=\"frm_form_2_container\" data-token=\"770be969e18bbacb84f047d63894cc3d\">\n<form enctype=\"multipart\/form-data\" method=\"post\" class=\"frm-show-form  frm_pro_form \" id=\"form_upload\" data-token=\"770be969e18bbacb84f047d63894cc3d\">\n<div class=\"frm_form_fields \">\n<fieldset>\n<legend class=\"frm_screen_reader\">UPLOAD<\/legend>\r\n\r\n<div class=\"frm_fields_container\">\n<input type=\"hidden\" name=\"frm_action\" value=\"create\" \/>\n<input type=\"hidden\" name=\"form_id\" value=\"2\" \/>\n<input type=\"hidden\" name=\"frm_hide_fields_2\" id=\"frm_hide_fields_2\" value=\"\" \/>\n<input type=\"hidden\" name=\"form_key\" value=\"upload\" \/>\n<input type=\"hidden\" name=\"item_meta[0]\" value=\"\" \/>\n<input type=\"hidden\" id=\"frm_submit_entry_2\" name=\"frm_submit_entry_2\" value=\"2e1217bf0d\" \/><input type=\"hidden\" name=\"_wp_http_referer\" value=\"\/fr\/wp-json\/wp\/v2\/pages\/3137\" \/><div id=\"frm_field_13_container\" class=\"frm_form_field form-field  frm_required_field frm_top_container frm6 frm_first\">\r\n\t<label for=\"field_7jeeu\" id=\"field_7jeeu_label\" class=\"frm_primary_label\">File Upload\r\n\t\t<span class=\"frm_required\" aria-hidden=\"true\">*<\/span>\r\n\t<\/label>\r\n\t<input type=\"hidden\"  data-reqmsg=\"File Upload cannot be blank.\" data-invmsg=\"File Upload is invalid\" class=\"auto_width\" aria-invalid=\"false\"   name=\"item_meta[13][]\"  data-reqmsg=\"File Upload cannot be blank.\"  value=\"\" data-frmfile=\"13\" \/>\n\n<div class=\"frm_dropzone frm_multi_upload frm_clearfix\" id=\"file13_dropzone\" role=\"group\" >\n\t<div class=\"fallback\">\n\t\t<input type=\"file\" name=\"file13[]\" id=\"field_7jeeu\"\n\t\t\t data-frmfile=\"13\" multiple=\"multiple\"  data-reqmsg=\"File Upload cannot be blank.\" data-invmsg=\"File Upload is invalid\" class=\"auto_width\" aria-invalid=\"false\"  \t\t\t\/>\n\t\t\t\t<div class=\"frm_clearfix \"><\/div>\n\t<\/div>\n\t<div class=\"dz-message needsclick\">\n\t\t\t\t<svg  viewBox=\"0 0 18 18\" class=\"frmsvg frm-svg-icon\">\n\t<path viewBox=\"0 0 18 18\" fill-rule=\"evenodd\" clip-rule=\"evenodd\" d=\"M8.2 4v8a.8.8 0 001.5 0V4l2.1 2.2A.7.7 0 1013 5L9.5 1.7a.7.7 0 00-1.1 0L5.1 5.2a.8.8 0 001 1l2.1-2zm7.6 4.3c.4 0 .7.3.7.7v6.8c0 .4-.3.7-.8.7H2.3a.8.8 0 01-.8-.8V9A.8.8 0 013 9v6h12V9c0-.4.3-.8.8-.8z\"><\/path>\n<\/svg>\t\t<span class=\"frm_upload_text\"><button type=\"button\" aria-label=\"File Upload. Drop a file here or click to upload. Taille de fichier maximale\u00a0: 2000MB\">Drop a file here or click to upload<\/button><\/span>\n\t\t<span class=\"frm_compact_text\"><button type=\"button\" aria-label=\"File Upload. Choose File. Taille de fichier maximale\u00a0: 2000MB\">Choose File<\/button><\/span>\n\t\t<div class=\"frm_small_text\">\n\t\t\t<p>Taille de fichier maximale\u00a0: 2000MB<\/p>\n\t\t<\/div>\n\t<\/div>\n<\/div>\n\t\r\n\t\r\n\t\r\n<\/div>\n<div id=\"frm_field_10_container\" class=\"frm_form_field form-field  frm_top_container frm6\">\r\n\t<label for=\"field_jjvb7\" id=\"field_jjvb7_label\" class=\"frm_primary_label\">Let us know what your files are for (a current order, new order, etc).  If this is for photogravure plates, let us know your plate printing requirements (file names, dimensions, if you need borders around the images, etc).\r\n\t\t<span class=\"frm_required\" aria-hidden=\"true\"><\/span>\r\n\t<\/label>\r\n\t<textarea name=\"item_meta[10]\" id=\"field_jjvb7\" rows=\"5\"  data-invmsg=\"Let us know what your files are for (a current order, new order, etc).  If this is for photogravure plates, let us know your plate printing requirements (file names, dimensions, if you need borders around the images, etc). is invalid\" aria-invalid=\"false\"  ><\/textarea>\r\n\t\r\n\t\r\n<\/div>\n<div id=\"frm_field_8_container\" class=\"frm_form_field form-field  frm_required_field frm_top_container frm6 frm_first\">\r\n\t<label for=\"field_8xi9u\" id=\"field_8xi9u_label\" class=\"frm_primary_label\">Name\r\n\t\t<span class=\"frm_required\" aria-hidden=\"true\">*<\/span>\r\n\t<\/label>\r\n\t<input  type=\"text\" id=\"field_8xi9u\" name=\"item_meta[8]\" value=\"\"  data-reqmsg=\"Name cannot be blank.\" aria-required=\"true\" data-invmsg=\"Name is invalid\" aria-invalid=\"false\"   \/>\r\n\t\r\n\t\r\n<\/div>\n<div id=\"frm_field_9_container\" class=\"frm_form_field form-field  frm_required_field frm_top_container frm6\">\r\n\t<label for=\"field_6gq8f\" id=\"field_6gq8f_label\" class=\"frm_primary_label\">Email\r\n\t\t<span class=\"frm_required\" aria-hidden=\"true\">*<\/span>\r\n\t<\/label>\r\n\t<input type=\"email\" id=\"field_6gq8f\" name=\"item_meta[9]\" value=\"\"  data-reqmsg=\"Email cannot be blank.\" aria-required=\"true\" data-invmsg=\"Email is invalid\" aria-invalid=\"false\"  \/>\r\n\t\r\n\t\r\n<\/div>\n<div id=\"frm_field_11_container\" class=\"frm_form_field form-field  frm_required_field frm_top_container frm12 frm_first\">\r\n\t<label for=\"field_xwyva\" id=\"field_xwyva_label\" class=\"frm_primary_label\">Phone Number\r\n\t\t<span class=\"frm_required\" aria-hidden=\"true\">*<\/span>\r\n\t<\/label>\r\n\t<input type=\"tel\" id=\"field_xwyva\" name=\"item_meta[11]\" value=\"\"  data-reqmsg=\"Phone Number cannot be blank.\" aria-required=\"true\" data-invmsg=\"Phone Number is invalid\" aria-invalid=\"false\" pattern=\"((\\+\\d{1,3}(-|.| )?\\(?\\d\\)?(-| |.)?\\d{1,5})|(\\(?\\d{2,6}\\)?))(-|.| )?(\\d{3,4})(-|.| )?(\\d{4})(( x| ext)\\d{1,5}){0,1}$\"  \/>\r\n\t\r\n\t\r\n<\/div>\n<div id=\"frm_field_12_container\" class=\"frm_form_field form-field  frm_top_container\">\r\n\t<label for=\"field_s84ym\" id=\"field_s84ym_label\" class=\"frm_primary_label\">Shipping \/ Billing Address\r\n\t\t<span class=\"frm_required\" aria-hidden=\"true\"><\/span>\r\n\t<\/label>\r\n\t<textarea name=\"item_meta[12]\" id=\"field_s84ym\" rows=\"5\"  data-invmsg=\"Shipping \/ Billing Address is invalid\" aria-invalid=\"false\"  ><\/textarea>\r\n\t\r\n\t\r\n<\/div>\n<div id=\"frm_field_7_container\" class=\"frm_form_field form-field \">\r\n\t<div class=\"frm_submit frm_flex\">\r\n<button class=\"frm_button_submit frm_final_submit\" type=\"submit\"   formnovalidate=\"formnovalidate\">Submit<\/button>\r\n\r\n\r\n\r\n<\/div>\r\n<\/div>\n<input type=\"hidden\" name=\"item_meta[14]\" id=\"field_sizr3\" value=\"\" data-frmval=\"\"\/>\n\t<input type=\"hidden\" name=\"item_key\" value=\"\" \/>\n\t<input name=\"frm_state\" type=\"hidden\" value=\"pMXGD6etpJ3ulsE5nX580tRnRiYA45VvjLSMLWwnakQ=\" \/><\/div>\n<\/fieldset>\n<\/div>\n\n<\/form>\n<\/div>\n\t\t\t\t<\/div>\n\t\t\t\t<\/div>\n\t\t\t\t\t<\/div>\n\t\t\t\t<\/div>\n\t\t\t\t<\/div>\n\t\t","protected":false},"excerpt":{"rendered":"<p>Vous pouvez t\u00e9l\u00e9charger vos fichiers ci-dessous. Si vous rencontrez une erreur \u00ab type de fichier non autoris\u00e9 \u00bb, compressez simplement le ou les fichiers au format .zip et t\u00e9l\u00e9chargez ce fichier .zip ci-dessous. Si vous rencontrez d&rsquo;autres probl\u00e8mes, veuillez nous envoyer un courriel \u00e0 hello@printsonpaper.studio UPLOAD File Upload * Drop a file here or click [&hellip;]<\/p>\n","protected":false},"author":1,"featured_media":0,"parent":0,"menu_order":0,"comment_status":"closed","ping_status":"closed","template":"","meta":{"_acf_changed":false,"footnotes":""},"class_list":["post-3137","page","type-page","status-publish","hentry"],"acf":[],"_links":{"self":[{"href":"https:\/\/printsonpaper.studio\/fr\/wp-json\/wp\/v2\/pages\/3137","targetHints":{"allow":["GET"]}}],"collection":[{"href":"https:\/\/printsonpaper.studio\/fr\/wp-json\/wp\/v2\/pages"}],"about":[{"href":"https:\/\/printsonpaper.studio\/fr\/wp-json\/wp\/v2\/types\/page"}],"author":[{"embeddable":true,"href":"https:\/\/printsonpaper.studio\/fr\/wp-json\/wp\/v2\/users\/1"}],"replies":[{"embeddable":true,"href":"https:\/\/printsonpaper.studio\/fr\/wp-json\/wp\/v2\/comments?post=3137"}],"version-history":[{"count":8,"href":"https:\/\/printsonpaper.studio\/fr\/wp-json\/wp\/v2\/pages\/3137\/revisions"}],"predecessor-version":[{"id":3757,"href":"https:\/\/printsonpaper.studio\/fr\/wp-json\/wp\/v2\/pages\/3137\/revisions\/3757"}],"wp:attachment":[{"href":"https:\/\/printsonpaper.studio\/fr\/wp-json\/wp\/v2\/media?parent=3137"}],"curies":[{"name":"wp","href":"https:\/\/api.w.org\/{rel}","templated":true}]}}