{"id":3144,"date":"2025-09-05T22:14:19","date_gmt":"2025-09-06T02:14:19","guid":{"rendered":"https:\/\/printsonpaper.studio\/plaques-de-photogravure-en-creux\/"},"modified":"2026-03-20T11:22:31","modified_gmt":"2026-03-20T15:22:31","slug":"plaques-de-photogravure-en-creux","status":"publish","type":"page","link":"https:\/\/printsonpaper.studio\/fr\/plaques-de-photogravure-en-creux\/","title":{"rendered":"Plaques de photogravure en taille-douce"},"content":{"rendered":"\t\t<div data-elementor-type=\"wp-page\" data-elementor-id=\"3144\" class=\"elementor elementor-3144 elementor-1735\" data-elementor-post-type=\"page\">\n\t\t\t\t<div class=\"elementor-element elementor-element-40fdd21 e-flex e-con-boxed e-con e-parent\" data-id=\"40fdd21\" data-element_type=\"container\" data-e-type=\"container\">\n\t\t\t\t\t<div class=\"e-con-inner\">\n\t\t<div class=\"elementor-element elementor-element-be92d78 e-grid e-con-full elementor-invisible e-con e-child\" data-id=\"be92d78\" data-element_type=\"container\" data-e-type=\"container\" data-settings=\"{&quot;animation&quot;:&quot;fadeIn&quot;,&quot;animation_delay&quot;:30}\">\n\t\t\t\t<div class=\"elementor-element elementor-element-687df5d elementor-widget elementor-widget-text-editor\" data-id=\"687df5d\" data-element_type=\"widget\" data-e-type=\"widget\" data-widget_type=\"text-editor.default\">\n\t\t\t\t<div class=\"elementor-widget-container\">\n\t\t\t\t\t\t\t\t\t<h3 style=\"text-align: left;\">Un service unique<\/h3><p>Nous fabriquons des plaques de photogravure d&rsquo;une qualit\u00e9 exceptionnelle \u00e0 partir de fichiers num\u00e9riques, \u00e0 une vitesse remarquable, en garantissant des d\u00e9lais de production d\u00e9di\u00e9s. Apr\u00e8s avoir pass\u00e9 commande chez nous, nous imprimerons rapidement votre ou vos plaques et les exp\u00e9dierons \u00e0 l&rsquo;adresse de votre choix dans le monde entier. Pour une production de plaques en grande quantit\u00e9 avec des d\u00e9lais acc\u00e9l\u00e9r\u00e9s et constants, veuillez nous contacter pour ouvrir un compte. Nous proposons des remises sur quantit\u00e9 et une r\u00e9duction de 30 % sur les plaques en double au sein d&rsquo;une m\u00eame commande (cette incitation permet de conserver une sauvegarde pendant un tirage). De plus, toute production de plaques en atelier (c&rsquo;est-\u00e0-dire chez Prints on Paper) b\u00e9n\u00e9ficie d&rsquo;une remise.   <\/p>\t\t\t\t\t\t\t\t<\/div>\n\t\t\t\t<\/div>\n\t\t<div class=\"elementor-element elementor-element-f8cf45e e-con-full e-flex e-con e-child\" data-id=\"f8cf45e\" data-element_type=\"container\" data-e-type=\"container\">\n\t\t\t\t<div class=\"elementor-element elementor-element-5063236 elementor-widget elementor-widget-button\" data-id=\"5063236\" data-element_type=\"widget\" data-e-type=\"widget\" data-widget_type=\"button.default\">\n\t\t\t\t<div class=\"elementor-widget-container\">\n\t\t\t\t\t\t\t\t\t<div class=\"elementor-button-wrapper\">\n\t\t\t\t\t<a class=\"elementor-button elementor-button-link elementor-size-sm\" href=\"mailto:hello@printsonpaper.studio\">\n\t\t\t\t\t\t<span class=\"elementor-button-content-wrapper\">\n\t\t\t\t\t\t\t\t\t<span class=\"elementor-button-text\">ENVOYEZ-NOUS UN E-MAIL POUR COMMENCER<\/span>\n\t\t\t\t\t<\/span>\n\t\t\t\t\t<\/a>\n\t\t\t\t<\/div>\n\t\t\t\t\t\t\t\t<\/div>\n\t\t\t\t<\/div>\n\t\t\t\t<\/div>\n\t\t\t\t<\/div>\n\t\t<div class=\"elementor-element elementor-element-1dca316 e-grid e-con-full elementor-invisible e-con e-child\" data-id=\"1dca316\" data-element_type=\"container\" data-e-type=\"container\" data-settings=\"{&quot;animation&quot;:&quot;fadeIn&quot;,&quot;animation_delay&quot;:30}\">\n\t\t\t\t<div class=\"elementor-element elementor-element-9e3f5f8 elementor-widget elementor-widget-text-editor\" data-id=\"9e3f5f8\" data-element_type=\"widget\" data-e-type=\"widget\" data-widget_type=\"text-editor.default\">\n\t\t\t\t<div class=\"elementor-widget-container\">\n\t\t\t\t\t\t\t\t\t<h3 style=\"text-align: left;\">Comment nous proc\u00e9dons<\/h3><p>Chez Prints on Paper, nous avons d\u00e9velopp\u00e9 une m\u00e9thode r\u00e9volutionnaire d&rsquo;impression de plaques qui exploite des imprimantes Epson de pointe, de l&rsquo;encre Epson d&rsquo;origine (OEM), des plaques de typographie Torelief \u00e0 dos acier capables de produire des points de 20 microm\u00e8tres (\u00b5m), et un algorithme de tramage unique \u00ab sensible aux points \u00bb. Cette technique de fabrication de plaques en taille-douce permet des transitions tonales exceptionnellement douces, \u00e9liminant les chevauchements de points (ou bruit) couramment observ\u00e9s dans les services d&rsquo;impression directe sur plaque traditionnels. De plus, les graveurs en taille-douce peuvent d\u00e9sormais produire les lignes les plus fines et une gamme impressionnante de valeurs tonales grises \u00e0 partir de n&rsquo;importe quel fichier num\u00e9rique, quel que soit son format, qu&rsquo;il soit photographique, vectoriel, num\u00e9rique natif ou tout autre type de source.  <\/p>\t\t\t\t\t\t\t\t<\/div>\n\t\t\t\t<\/div>\n\t\t\t\t<\/div>\n\t\t<div class=\"elementor-element elementor-element-8331e87 e-grid e-con-full e-con e-child\" data-id=\"8331e87\" data-element_type=\"container\" data-e-type=\"container\">\n\t\t\t\t<div class=\"elementor-element elementor-element-f152d31 elementor-widget elementor-widget-image\" data-id=\"f152d31\" data-element_type=\"widget\" data-e-type=\"widget\" data-widget_type=\"image.default\">\n\t\t\t\t<div class=\"elementor-widget-container\">\n\t\t\t\t\t\t\t\t\t\t\t\t<figure class=\"wp-caption\">\n\t\t\t\t\t\t\t\t\t\t<img fetchpriority=\"high\" decoding=\"async\" width=\"768\" height=\"1024\" src=\"https:\/\/printsonpaper.studio\/wp-content\/uploads\/2025\/11\/IMG_1136-768x1024.jpg\" class=\"attachment-large size-large wp-image-3884\" alt=\"\" srcset=\"https:\/\/printsonpaper.studio\/wp-content\/uploads\/2025\/11\/IMG_1136-768x1024.jpg.webp 768w, https:\/\/printsonpaper.studio\/wp-content\/uploads\/2025\/11\/IMG_1136-225x300.jpg.webp 225w, https:\/\/printsonpaper.studio\/wp-content\/uploads\/2025\/11\/IMG_1136-1152x1536.jpg.webp 1152w, https:\/\/printsonpaper.studio\/wp-content\/uploads\/2025\/11\/IMG_1136-1536x2048.jpg.webp 1536w, https:\/\/printsonpaper.studio\/wp-content\/uploads\/2025\/11\/IMG_1136-800x1067.jpg.webp 800w, https:\/\/printsonpaper.studio\/wp-content\/uploads\/2025\/11\/IMG_1136-600x800.jpg.webp 600w, https:\/\/printsonpaper.studio\/wp-content\/uploads\/2025\/11\/IMG_1136-scaled.jpg.webp 1920w\" sizes=\"(max-width: 768px) 100vw, 768px\" \/>\t\t\t\t\t\t\t\t\t\t\t<figcaption class=\"widget-image-caption wp-caption-text\">D'abord, l'image est imprim\u00e9e en tri-ton (minimum) g\u00e9n\u00e9ralement en utilisant les encres MK, Cyan et LK directement sur la plaque de polym\u00e8re \u00e0 2880 dpi. Les encres PK et Violet peuvent \u00e9galement \u00eatre utilis\u00e9es si un rendu 4k ou 5k est souhait\u00e9. <\/figcaption>\n\t\t\t\t\t\t\t\t\t\t<\/figure>\n\t\t\t\t\t\t\t\t\t<\/div>\n\t\t\t\t<\/div>\n\t\t\t\t<div class=\"elementor-element elementor-element-be09351 elementor-widget elementor-widget-image\" data-id=\"be09351\" data-element_type=\"widget\" data-e-type=\"widget\" data-widget_type=\"image.default\">\n\t\t\t\t<div class=\"elementor-widget-container\">\n\t\t\t\t\t\t\t\t\t\t\t\t<figure class=\"wp-caption\">\n\t\t\t\t\t\t\t\t\t\t<img decoding=\"async\" width=\"770\" height=\"1024\" src=\"https:\/\/printsonpaper.studio\/wp-content\/uploads\/2025\/09\/Screenshot2024-05-30at4.49.59-PM.png-770x1024.webp\" class=\"attachment-large size-large wp-image-3036\" alt=\"\" srcset=\"https:\/\/printsonpaper.studio\/wp-content\/uploads\/2025\/09\/Screenshot2024-05-30at4.49.59-PM.png-770x1024.webp 770w, https:\/\/printsonpaper.studio\/wp-content\/uploads\/2025\/09\/Screenshot2024-05-30at4.49.59-PM.png-225x300.webp 225w, https:\/\/printsonpaper.studio\/wp-content\/uploads\/2025\/09\/Screenshot2024-05-30at4.49.59-PM.png-768x1022.webp 768w, https:\/\/printsonpaper.studio\/wp-content\/uploads\/2025\/09\/Screenshot2024-05-30at4.49.59-PM.png-800x1064.webp 800w, https:\/\/printsonpaper.studio\/wp-content\/uploads\/2025\/09\/Screenshot2024-05-30at4.49.59-PM.png-600x798.webp 600w, https:\/\/printsonpaper.studio\/wp-content\/uploads\/2025\/09\/Screenshot2024-05-30at4.49.59-PM.png.webp 980w\" sizes=\"(max-width: 770px) 100vw, 770px\" \/>\t\t\t\t\t\t\t\t\t\t\t<figcaption class=\"widget-image-caption wp-caption-text\">Ensuite, la plaque est expos\u00e9e, lav\u00e9e, s\u00e9ch\u00e9e et expos\u00e9e \u00e0 nouveau. Cela durcit la texture pour permettre l'encrage. L'image ci-dessus montre la plaque apr\u00e8s la premi\u00e8re exposition et le s\u00e9chage.  <\/figcaption>\n\t\t\t\t\t\t\t\t\t\t<\/figure>\n\t\t\t\t\t\t\t\t\t<\/div>\n\t\t\t\t<\/div>\n\t\t\t\t<div class=\"elementor-element elementor-element-8810dcc elementor-widget elementor-widget-image\" data-id=\"8810dcc\" data-element_type=\"widget\" data-e-type=\"widget\" data-widget_type=\"image.default\">\n\t\t\t\t<div class=\"elementor-widget-container\">\n\t\t\t\t\t\t\t\t\t\t\t\t<figure class=\"wp-caption\">\n\t\t\t\t\t\t\t\t\t\t<img decoding=\"async\" width=\"768\" height=\"1024\" src=\"https:\/\/printsonpaper.studio\/wp-content\/uploads\/2025\/09\/IMG_6872.jpg-768x1024.webp\" class=\"attachment-large size-large wp-image-3037\" alt=\"\" srcset=\"https:\/\/printsonpaper.studio\/wp-content\/uploads\/2025\/09\/IMG_6872.jpg-768x1024.webp 768w, https:\/\/printsonpaper.studio\/wp-content\/uploads\/2025\/09\/IMG_6872.jpg-225x300.webp 225w, https:\/\/printsonpaper.studio\/wp-content\/uploads\/2025\/09\/IMG_6872.jpg-1152x1536.webp 1152w, https:\/\/printsonpaper.studio\/wp-content\/uploads\/2025\/09\/IMG_6872.jpg-800x1067.webp 800w, https:\/\/printsonpaper.studio\/wp-content\/uploads\/2025\/09\/IMG_6872.jpg-600x800.webp 600w, https:\/\/printsonpaper.studio\/wp-content\/uploads\/2025\/09\/IMG_6872.jpg.webp 1500w\" sizes=\"(max-width: 768px) 100vw, 768px\" \/>\t\t\t\t\t\t\t\t\t\t\t<figcaption class=\"widget-image-caption wp-caption-text\">Ces plaques permettent une correspondance entre l'\u00e9cran et l'impression avec des milliers de transitions tonales et sans grain. Nous exp\u00e9dions dans le monde entier avec des d\u00e9lais normaux de 24 \u00e0 48 heures. 20 \u00e0 50 impressions sont possibles par plaque.  <\/figcaption>\n\t\t\t\t\t\t\t\t\t\t<\/figure>\n\t\t\t\t\t\t\t\t\t<\/div>\n\t\t\t\t<\/div>\n\t\t\t\t<\/div>\n\t\t<div class=\"elementor-element elementor-element-836908a e-grid e-con-full elementor-invisible e-con e-child\" data-id=\"836908a\" data-element_type=\"container\" data-e-type=\"container\" data-settings=\"{&quot;animation&quot;:&quot;fadeIn&quot;,&quot;animation_delay&quot;:30}\">\n\t\t\t\t<div class=\"elementor-element elementor-element-860f9a9 elementor-widget elementor-widget-text-editor\" data-id=\"860f9a9\" data-element_type=\"widget\" data-e-type=\"widget\" data-widget_type=\"text-editor.default\">\n\t\t\t\t<div class=\"elementor-widget-container\">\n\t\t\t\t\t\t\t\t\t<h3 style=\"text-align: left;\">Pourquoi nous le faisons<\/h3><div id=\"dropdown-block-98647faba60d1f7ae425-2\" class=\"accordion-item__dropdown accordion-item__dropdown--open\" role=\"region\" aria-labelledby=\"button-block-98647faba60d1f7ae425-2\"><div class=\" accordion-item__description \"><p class=\"preFade fadeIn\" data-rte-preserve-empty=\"true\">Nous croyons fermement que la photogravure a enfin atteint la place qui lui revient en tant que v\u00e9ritable m\u00e9thode d&rsquo;impression photographique \u00e0 tons continus, aux c\u00f4t\u00e9s de la g\u00e9latine argentique et du jet d&rsquo;encre. En int\u00e9grant de mani\u00e8re transparente ce processus de plaque de haute qualit\u00e9 \u00e0 une approche num\u00e9rique, nous ouvrons de nouvelles possibilit\u00e9s d&rsquo;impression. Ce qui distingue vraiment la gravure, c&rsquo;est sa gamme illimit\u00e9e d&rsquo;options de papier et d&rsquo;encre. L&rsquo;impression \u00e0 double plaque, le chin-coll\u00e9 et les possibilit\u00e9s sont infinies. La gravure est un m\u00e9dium incroyablement expressif&nbsp;!     Nous enseignons \u00e9galement aux artistes, aux d\u00e9partements d&rsquo;art et aux ateliers comment fabriquer leurs propres plaques ! <a href=\"hello@printsonpaper.studio\">Envoyez-nous un e-mail pour vous renseigner sur l&rsquo;installation d&rsquo;un studio.<\/a><\/p><\/div><\/div>\t\t\t\t\t\t\t\t<\/div>\n\t\t\t\t<\/div>\n\t\t\t\t<\/div>\n\t\t\t\t\t<\/div>\n\t\t\t\t<\/div>\n\t\t<div class=\"elementor-element elementor-element-e1a987c e-flex e-con-boxed e-con e-parent\" data-id=\"e1a987c\" data-element_type=\"container\" data-e-type=\"container\">\n\t\t\t\t\t<div class=\"e-con-inner\">\n\t\t<div class=\"elementor-element elementor-element-8840bd4 e-con-full e-flex e-con e-child\" data-id=\"8840bd4\" data-element_type=\"container\" data-e-type=\"container\">\n\t\t\t\t<div class=\"elementor-element elementor-element-342dfc5 elementor-widget elementor-widget-heading\" data-id=\"342dfc5\" data-element_type=\"widget\" data-e-type=\"widget\" data-widget_type=\"heading.default\">\n\t\t\t\t<div class=\"elementor-widget-container\">\n\t\t\t\t\t<h2 class=\"elementor-heading-title elementor-size-default\">PRIX D'IMPRESSION DES PLAQUES<\/h2>\t\t\t\t<\/div>\n\t\t\t\t<\/div>\n\t\t\t\t<\/div>\n\t\t<div class=\"elementor-element elementor-element-6cecba9 e-grid e-con-full elementor-invisible e-con e-child\" data-id=\"6cecba9\" data-element_type=\"container\" data-e-type=\"container\" data-settings=\"{&quot;animation&quot;:&quot;fadeIn&quot;,&quot;animation_delay&quot;:30}\">\n\t\t\t\t<div class=\"elementor-element elementor-element-301b712 elementor-widget__width-initial elementor-widget elementor-widget-formidable\" data-id=\"301b712\" data-element_type=\"widget\" data-e-type=\"widget\" data-widget_type=\"formidable.default\">\n\t\t\t\t<div class=\"elementor-widget-container\">\n\t\t\t\t\t<div class=\"frm_forms  with_frm_style frm_style_formidable-style\" id=\"frm_form_4_container\" data-token=\"ca1193c616d4f4c6675bec3f24bbd64f\">\n<form enctype=\"multipart\/form-data\" method=\"post\" class=\"frm-show-form  frm_pro_form \" id=\"form_ne68l2\" data-token=\"ca1193c616d4f4c6675bec3f24bbd64f\">\n<div class=\"frm_form_fields \">\n<fieldset>\n<legend class=\"frm_screen_reader\">PLATE PRICES<\/legend>\r\n\r\n<div class=\"frm_fields_container\">\n<input type=\"hidden\" name=\"frm_action\" value=\"create\" \/>\n<input type=\"hidden\" name=\"form_id\" value=\"4\" \/>\n<input type=\"hidden\" name=\"frm_hide_fields_4\" id=\"frm_hide_fields_4\" value=\"\" \/>\n<input type=\"hidden\" name=\"form_key\" value=\"ne68l2\" \/>\n<input type=\"hidden\" name=\"item_meta[0]\" value=\"\" \/>\n<input type=\"hidden\" id=\"frm_submit_entry_4\" name=\"frm_submit_entry_4\" value=\"5581fd654c\" \/><input type=\"hidden\" name=\"_wp_http_referer\" value=\"\/fr\/wp-json\/wp\/v2\/pages\/3144\" \/><div id=\"frm_field_20_container\" class=\"frm_form_field form-field  frm_top_container frm4 frm_first\">\r\n\t<label for=\"field_mkxwu2\" id=\"field_mkxwu2_label\" class=\"frm_primary_label\">PLATE WIDTH\r\n\t\t<span class=\"frm_required\" aria-hidden=\"true\"><\/span>\r\n\t<\/label>\r\n\t<input type=\"number\" id=\"field_mkxwu2\" name=\"item_meta[20]\" value=\"\" data-invmsg=\"PLATE WIDTH is invalid\" aria-invalid=\"false\"   min=\"1\" max=\"30.5\" step=\"any\" \/>\r\n\t\r\n\t\r\n<\/div>\n<div id=\"frm_field_21_container\" class=\"frm_form_field form-field  frm_top_container frm4\">\r\n\t<label for=\"field_gy6ku2\" id=\"field_gy6ku2_label\" class=\"frm_primary_label\">PLATE HEIGHT\r\n\t\t<span class=\"frm_required\" aria-hidden=\"true\"><\/span>\r\n\t<\/label>\r\n\t<input type=\"number\" id=\"field_gy6ku2\" name=\"item_meta[21]\" value=\"\" data-invmsg=\"PLATE HEIGHT is invalid\" aria-invalid=\"false\"   min=\"0\" max=\"41\" step=\"any\" \/>\r\n\t\r\n\t\r\n<\/div>\n<div id=\"frm_field_25_container\" class=\"frm_form_field form-field  frm_top_container frm4\">\n\t<label for=\"field_gk6l\" id=\"field_gk6l_label\" class=\"frm_primary_label\">Number of Plates\n\t\t<span class=\"frm_required\" aria-hidden=\"true\"><\/span>\n\t<\/label>\n\t<input type=\"number\" id=\"field_gk6l\" name=\"item_meta[25]\" value=\"1\" data-frmval=\"1\" data-invmsg=\"Number of Plates is invalid\" aria-invalid=\"false\"   min=\"0\" max=\"9999999\" step=\"any\" \/>\n\t\n\t\n<\/div>\n<div id=\"frm_field_22_container\" class=\"frm_form_field form-field  frm_top_container frm6 frm_first\">\r\n\t<label for=\"field_yj8us2\" id=\"field_yj8us2_label\" class=\"frm_primary_label\">FULL PRICE\r\n\t\t<span class=\"frm_required\" aria-hidden=\"true\"><\/span>\r\n\t<\/label>\r\n\t<p class=\"frm_total_formatted\" data-prepend=\"\" data-append=\"\"><\/p><div class=\"frm_with_box frm_hidden\" style=\"width:130%\"><input  type=\"text\" id=\"field_yj8us2\" name=\"item_meta[22]\" value=\"\"  style=\"width:130%\" data-invmsg=\"FULL PRICE is invalid\" aria-invalid=\"false\"   \/><\/div>\r\n\t\r\n\t\r\n<\/div>\n<div id=\"frm_field_23_container\" class=\"frm_form_field form-field  frm_top_container frm6\">\r\n\t<label for=\"field_tbi7s2\" id=\"field_tbi7s2_label\" class=\"frm_primary_label\">IN-STUDIO PRICE\r\n\t\t<span class=\"frm_required\" aria-hidden=\"true\"><\/span>\r\n\t<\/label>\r\n\t<p class=\"frm_total_formatted\" data-prepend=\"\" data-append=\"\"><\/p><div class=\"frm_with_box frm_hidden\" style=\"width:130%\"><input  type=\"text\" id=\"field_tbi7s2\" name=\"item_meta[23]\" value=\"\"  style=\"width:130%\" data-invmsg=\"IN-STUDIO PRICE is invalid\" aria-invalid=\"false\"   \/><\/div>\r\n\t\r\n\t\r\n<\/div>\n<div id=\"frm_field_24_container\" class=\"frm_form_field form-field  frm12 frm_first\">\r\n\t<div class=\"frm_submit frm_flex\">\r\n<button class=\"frm_button_submit frm_final_submit\" type=\"submit\"  >Submit<\/button>\r\n\r\n\r\n\r\n<\/div>\r\n<\/div>\n\t<input type=\"hidden\" name=\"item_key\" value=\"\" \/>\n\t<input name=\"frm_state\" type=\"hidden\" value=\"pMXGD6etpJ3ulsE5nX580iGyOjtri1tuLykM1XlrHIA=\" \/><\/div>\n<\/fieldset>\n<\/div>\n\n<\/form>\n<\/div>\n\t\t\t\t<\/div>\n\t\t\t\t<\/div>\n\t\t\t\t<\/div>\n\t\t<div class=\"elementor-element elementor-element-ff8ffa7 e-grid e-con-full elementor-invisible e-con e-child\" data-id=\"ff8ffa7\" data-element_type=\"container\" data-e-type=\"container\" data-settings=\"{&quot;animation&quot;:&quot;fadeIn&quot;,&quot;animation_delay&quot;:30}\">\n\t\t\t\t<div class=\"elementor-element elementor-element-7ff5bcf elementor-widget elementor-widget-text-editor\" data-id=\"7ff5bcf\" data-element_type=\"widget\" data-e-type=\"widget\" data-widget_type=\"text-editor.default\">\n\t\t\t\t<div class=\"elementor-widget-container\">\n\t\t\t\t\t\t\t\t\t<div class=\"fe-block fe-block-yui_3_17_2_1_1703092516372_12237\"><div id=\"block-yui_3_17_2_1_1703092516372_12237\" class=\"sqs-block html-block sqs-block-html\" data-blend-mode=\"NORMAL\" data-block-type=\"2\" data-border-radii=\"{\"topLeft\":{\"unit\":\"px\",\"value\":0.0},\"topRight\":{\"unit\":\"px\",\"value\":0.0},\"bottomLeft\":{\"unit\":\"px\",\"value\":0.0},\"bottomRight\":{\"unit\":\"px\",\"value\":0.0}}\" data-sqsp-block=\"text\"><div class=\"sqs-block-content\"><div class=\"sqs-html-content\" data-sqsp-text-block-content=\"\"><p class=\"preFade fadeIn\"><strong>Commandes en ligne<\/strong><\/p><p class=\"preFade fadeIn\">5&#215;7&Prime; 86,74 $<\/p><p class=\"preFade fadeIn\">8&#215;10&Prime; 120,82 $<\/p><p class=\"preFade fadeIn\">11&#215;14&Prime; 176,14 $<\/p><p class=\"preFade fadeIn\">16&#215;20&Prime; 296,96 $<\/p><p class=\"preFade fadeIn\">18&#215;24&Prime; 375,93 $<\/p><p class=\"preFade fadeIn\">20&#215;30&Prime; 490,52 $<\/p><p class=\"preFade fadeIn\">30&#215;40&Prime; 861,98 $<\/p><\/div><\/div><\/div><\/div><div class=\"fe-block fe-block-eba6c93d4ca31f98913a\"><div id=\"block-eba6c93d4ca31f98913a\" class=\"sqs-block html-block sqs-block-html\" data-blend-mode=\"NORMAL\" data-block-type=\"2\" data-border-radii=\"{\"topLeft\":{\"unit\":\"px\",\"value\":0.0},\"topRight\":{\"unit\":\"px\",\"value\":0.0},\"bottomLeft\":{\"unit\":\"px\",\"value\":0.0},\"bottomRight\":{\"unit\":\"px\",\"value\":0.0}}\" data-sqsp-block=\"text\"><div class=\"sqs-block-content\"><div class=\"sqs-html-content\" data-sqsp-text-block-content=\"\"> <\/div><\/div><\/div><\/div><div class=\"fe-block fe-block-yui_3_17_2_1_1703092516372_21438\"><div id=\"block-yui_3_17_2_1_1703092516372_21438\" class=\"sqs-block html-block sqs-block-html\" data-blend-mode=\"NORMAL\" data-block-type=\"2\" data-border-radii=\"{\"topLeft\":{\"unit\":\"px\",\"value\":0.0},\"topRight\":{\"unit\":\"px\",\"value\":0.0},\"bottomLeft\":{\"unit\":\"px\",\"value\":0.0},\"bottomRight\":{\"unit\":\"px\",\"value\":0.0}}\" data-sqsp-block=\"text\"><div class=\"sqs-block-content\"><div class=\"sqs-html-content\" data-sqsp-text-block-content=\"\"><p class=\"preFade fadeIn\"> <\/p><\/div><\/div><\/div><\/div>\t\t\t\t\t\t\t\t<\/div>\n\t\t\t\t<\/div>\n\t\t\t\t<div class=\"elementor-element elementor-element-df09074 elementor-widget elementor-widget-text-editor\" data-id=\"df09074\" data-element_type=\"widget\" data-e-type=\"widget\" data-widget_type=\"text-editor.default\">\n\t\t\t\t<div class=\"elementor-widget-container\">\n\t\t\t\t\t\t\t\t\t<div><div data-blend-mode=\"NORMAL\" data-block-type=\"2\" data-border-radii=\"{\"topLeft\":{\"unit\":\"px\",\"value\":0.0},\"topRight\":{\"unit\":\"px\",\"value\":0.0},\"bottomLeft\":{\"unit\":\"px\",\"value\":0.0},\"bottomRight\":{\"unit\":\"px\",\"value\":0.0}}\" data-sqsp-block=\"text\"><div><div data-sqsp-text-block-content=\"\"><p><strong>Prix de production en studio \u00e0 la journ\u00e9e**<\/strong><\/p><p>5&#215;7&Prime; 65,00 $<\/p><p>8&#215;10&Prime; 90,61 $<\/p><p>11&#215;14&Prime; 132,10 $<\/p><p>16&#215;20&Prime; 222,72 $<\/p><p>18&#215;24&Prime; 281,95 $<\/p><p>20&#215;30&Prime; 367,89 $<\/p><p>30&#215;40&Prime; 646,49 $<\/p><\/div><\/div><\/div><\/div>\t\t\t\t\t\t\t\t<\/div>\n\t\t\t\t<\/div>\n\t\t\t\t<\/div>\n\t\t<div class=\"elementor-element elementor-element-4ec4a0f e-grid e-con-boxed elementor-invisible e-con e-child\" data-id=\"4ec4a0f\" data-element_type=\"container\" data-e-type=\"container\" data-settings=\"{&quot;animation&quot;:&quot;fadeIn&quot;,&quot;animation_delay&quot;:30}\">\n\t\t\t\t\t<div class=\"e-con-inner\">\n\t\t\t\t<div class=\"elementor-element elementor-element-65f7e7d elementor-widget elementor-widget-text-editor\" data-id=\"65f7e7d\" data-element_type=\"widget\" data-e-type=\"widget\" data-widget_type=\"text-editor.default\">\n\t\t\t\t<div class=\"elementor-widget-container\">\n\t\t\t\t\t\t\t\t\t<div class=\"fe-block fe-block-yui_3_17_2_1_1703092516372_12237\"><div id=\"block-yui_3_17_2_1_1703092516372_12237\" class=\"sqs-block html-block sqs-block-html\" data-blend-mode=\"NORMAL\" data-block-type=\"2\" data-border-radii=\"{\"topLeft\":{\"unit\":\"px\",\"value\":0.0},\"topRight\":{\"unit\":\"px\",\"value\":0.0},\"bottomLeft\":{\"unit\":\"px\",\"value\":0.0},\"bottomRight\":{\"unit\":\"px\",\"value\":0.0}}\" data-sqsp-block=\"text\"><div class=\"sqs-block-content\"><div class=\"sqs-html-content\" data-sqsp-text-block-content=\"\"><p class=\"sqsrte-small preFade fadeIn\"><em>Les prix n&rsquo;incluent pas les taxes, l&rsquo;exp\u00e9dition ou l&#8217;emballage. Les prix ci-dessus sont une estimation uniquement. Les diff\u00e9rentes tailles se situent approximativement dans les fourchettes de prix ci-dessus en fonction de la superficie. Les dimensions de plaques tr\u00e8s atypiques (comme 1&Prime; par 40&Prime;) peuvent \u00eatre tarif\u00e9es diff\u00e9remment.   <\/em><\/p><p class=\"preFade fadeIn\"><em>** La production en interne n\u00e9cessite un d\u00e9p\u00f4t de garantie minimum de 450 $.<\/em><\/p><\/div><\/div><\/div><\/div>\t\t\t\t\t\t\t\t<\/div>\n\t\t\t\t<\/div>\n\t\t\t\t\t<\/div>\n\t\t\t\t<\/div>\n\t\t\t\t\t<\/div>\n\t\t\t\t<\/div>\n\t\t\t\t<\/div>\n\t\t","protected":false},"excerpt":{"rendered":"<p>Un service unique Nous fabriquons des plaques de photogravure d&rsquo;une qualit\u00e9 exceptionnelle \u00e0 partir de fichiers num\u00e9riques, \u00e0 une vitesse remarquable, en garantissant des d\u00e9lais de production d\u00e9di\u00e9s. Apr\u00e8s avoir pass\u00e9 commande chez nous, nous imprimerons rapidement votre ou vos plaques et les exp\u00e9dierons \u00e0 l&rsquo;adresse de votre choix dans le monde entier. Pour une [&hellip;]<\/p>\n","protected":false},"author":1,"featured_media":3036,"parent":0,"menu_order":0,"comment_status":"closed","ping_status":"closed","template":"","meta":{"_acf_changed":false,"footnotes":""},"class_list":["post-3144","page","type-page","status-publish","has-post-thumbnail","hentry"],"acf":[],"_links":{"self":[{"href":"https:\/\/printsonpaper.studio\/fr\/wp-json\/wp\/v2\/pages\/3144","targetHints":{"allow":["GET"]}}],"collection":[{"href":"https:\/\/printsonpaper.studio\/fr\/wp-json\/wp\/v2\/pages"}],"about":[{"href":"https:\/\/printsonpaper.studio\/fr\/wp-json\/wp\/v2\/types\/page"}],"author":[{"embeddable":true,"href":"https:\/\/printsonpaper.studio\/fr\/wp-json\/wp\/v2\/users\/1"}],"replies":[{"embeddable":true,"href":"https:\/\/printsonpaper.studio\/fr\/wp-json\/wp\/v2\/comments?post=3144"}],"version-history":[{"count":7,"href":"https:\/\/printsonpaper.studio\/fr\/wp-json\/wp\/v2\/pages\/3144\/revisions"}],"predecessor-version":[{"id":4366,"href":"https:\/\/printsonpaper.studio\/fr\/wp-json\/wp\/v2\/pages\/3144\/revisions\/4366"}],"wp:featuredmedia":[{"embeddable":true,"href":"https:\/\/printsonpaper.studio\/fr\/wp-json\/wp\/v2\/media\/3036"}],"wp:attachment":[{"href":"https:\/\/printsonpaper.studio\/fr\/wp-json\/wp\/v2\/media?parent=3144"}],"curies":[{"name":"wp","href":"https:\/\/api.w.org\/{rel}","templated":true}]}}