{"id":3147,"date":"2025-08-22T13:56:26","date_gmt":"2025-08-22T17:56:26","guid":{"rendered":"https:\/\/printsonpaper.studio\/politique-de-confidentialite\/"},"modified":"2025-11-02T16:02:00","modified_gmt":"2025-11-02T21:02:00","slug":"politique-de-confidentialite","status":"publish","type":"page","link":"https:\/\/printsonpaper.studio\/fr\/politique-de-confidentialite\/","title":{"rendered":"POLITIQUE DE CONFIDENTIALIT\u00c9"},"content":{"rendered":"\t\t<div data-elementor-type=\"wp-page\" data-elementor-id=\"3147\" class=\"elementor elementor-3147 elementor-1056\" data-elementor-post-type=\"page\">\n\t\t\t\t<div class=\"elementor-element elementor-element-5f86c34c e-flex e-con-boxed e-con e-parent\" data-id=\"5f86c34c\" data-element_type=\"container\" data-e-type=\"container\">\n\t\t\t\t\t<div class=\"e-con-inner\">\n\t\t\t\t<div class=\"elementor-element elementor-element-557fa535 elementor-widget elementor-widget-text-editor\" data-id=\"557fa535\" data-element_type=\"widget\" data-e-type=\"widget\" data-widget_type=\"text-editor.default\">\n\t\t\t\t<div class=\"elementor-widget-container\">\n\t\t\t\t\t\t\t\t\t<p><strong>PRINTS ON PAPER STUDIO LLC (POPS)<\/strong><br>Cette politique de confidentialit\u00e9 d\u00e9finit la mani\u00e8re dont POPS utilise et prot\u00e8ge les informations que vous lui communiquez lorsque vous utilisez ce site web ou que vous vous inscrivez \u00e0 nos lettres d&rsquo;information. POPS s&rsquo;engage \u00e0 garantir que votre vie priv\u00e9e est prot\u00e9g\u00e9e conform\u00e9ment aux exigences de la loi.<\/p>\n<p><\/p>\n<p><strong>RESPONSABLE DU TRAITEMENT DES DONN\u00c9ES<\/strong><br>Prints on Paper Studio<br>1243 Walbridge Rd,<br>Cabot VT 05647<br>hello@printsonpaper.studio<br>+1 (802) 222-0150<\/p>\n<p><\/p>\n<p><strong>INFORMATIONS QUE NOUS POUVONS RECUEILLIR \u00c0 VOTRE SUJET<\/strong><br>Nous pouvons recueillir et traiter les donn\u00e9es suivantes vous concernant&nbsp;:<\/p>\n<p><\/p>\n<p>Les informations que vous fournissez en remplissant des formulaires sur le site web ou en vous abonnant \u00e0 la lettre d&rsquo;information.<br>Les informations que vous fournissez en correspondant avec nous&nbsp;: nom, adresse, num\u00e9ro de t\u00e9l\u00e9phone et adresse \u00e9lectronique.<br>Historique de vos achats pr\u00e9c\u00e9dents. Nous stockons les informations dans notre syst\u00e8me d&rsquo;enregistrement interne.<br>D\u00e9tails de vos visites sur le site web et des ressources auxquelles vous acc\u00e9dez.<\/p>\n<p><strong>UTILISATIONS DES INFORMATIONS QUE NOUS RECUEILLONS<\/strong><br>Nous pouvons utiliser les informations que nous d\u00e9tenons \u00e0 votre sujet aux fins suivantes&nbsp;:<\/p>\n<p><\/p>\n<p>pour l&rsquo;administration et la maintenance du site web et la tenue de registres internes<br>pour vous fournir les informations que vous nous avez demand\u00e9es (y compris la lettre d&rsquo;information ou d&rsquo;autres informations marketing)<br>pour r\u00e9pondre aux questions que vous avez soulev\u00e9es<br>pour ex\u00e9cuter nos obligations d\u00e9coulant de tout contrat conclu entre vous et nous<br>pour nous conformer aux obligations l\u00e9gales, ou pour la protection et l&rsquo;application des droits l\u00e9gaux<br>dans le cadre de toute vente de notre entreprise ou de nos actifs<\/p>\n<p><\/p>\n<p><strong>DIVULGATION DE VOS INFORMATIONS<\/strong><br>Nous pouvons divulguer vos informations personnelles \u00e0 des tiers aux fins d\u00e9crites ci-dessous&nbsp;:<\/p>\n<p><\/p>\n<p>Nos soci\u00e9t\u00e9s associ\u00e9es, nos fournisseurs de services, nos conseillers professionnels, les acheteurs potentiels de notre entreprise ou de nos actifs, ou d&rsquo;autres tiers, lorsque la loi l&rsquo;exige ou le permet, peuvent avoir acc\u00e8s \u00e0 vos informations d&rsquo;identification personnelle. Toutefois, nous ne vendons, n&rsquo;\u00e9changeons ni ne louons vos informations d&rsquo;identification personnelle \u00e0 des tiers.<\/p>\n<p><\/p>\n<p><strong>LIENS VERS D&rsquo;AUTRES SITES WEB<\/strong><br>Nous ne sommes pas responsables du contenu ou des liens qui apparaissent sur les sites et services de nos partenaires, fournisseurs, annonceurs, sponsors, conc\u00e9dants de licence et autres tiers. Nous ne contr\u00f4lons pas non plus les pratiques employ\u00e9es par les sites web li\u00e9s \u00e0 notre site ou \u00e0 partir de celui-ci.<\/p>\n<p><\/p>\n<p><strong>D\u00c9SABONNEMENT<\/strong><br>Si vous \u00eates abonn\u00e9 \u00e0 notre lettre d&rsquo;information et que vous ne souhaitez plus recevoir les prochaines, vous trouverez des instructions de d\u00e9sabonnement d\u00e9taill\u00e9es au bas de chaque lettre d&rsquo;information. Vous pouvez \u00e9galement nous en informer en \u00e9crivant \u00e0 hello@printsonpaper.studio. Dans certaines situations, vous avez le droit de nous demander de supprimer vos donn\u00e9es personnelles.<\/p>\n<p><\/p>\n<p><strong>NOS COORDONN\u00c9ES<\/strong><br>Si vous avez des questions ou si vous souhaitez corriger des informations que nous d\u00e9tenons \u00e0 votre sujet, n&rsquo;h\u00e9sitez pas \u00e0 nous contacter \u00e0 l&rsquo;adresse hello@printsonpaper.studio. Nous ferons de notre mieux pour r\u00e9pondre rapidement.<\/p>\n<p><\/p>\n<p><strong>MODIFICATIONS DE NOTRE AVIS DE CONFIDENTIALIT\u00c9<\/strong><br>Nous pouvons modifier cet avis de confidentialit\u00e9 de temps \u00e0 autre.<\/p>\n<p><\/p>\t\t\t\t\t\t\t\t<\/div>\n\t\t\t\t<\/div>\n\t\t\t\t\t<\/div>\n\t\t\t\t<\/div>\n\t\t\t\t<\/div>\n\t\t","protected":false},"excerpt":{"rendered":"<p>PRINTS ON PAPER STUDIO LLC (POPS)Cette politique de confidentialit\u00e9 d\u00e9finit la mani\u00e8re dont POPS utilise et prot\u00e8ge les informations que vous lui communiquez lorsque vous utilisez ce site web ou que vous vous inscrivez \u00e0 nos lettres d&rsquo;information. POPS s&rsquo;engage \u00e0 garantir que votre vie priv\u00e9e est prot\u00e9g\u00e9e conform\u00e9ment aux exigences de la loi. RESPONSABLE [&hellip;]<\/p>\n","protected":false},"author":1,"featured_media":0,"parent":0,"menu_order":0,"comment_status":"closed","ping_status":"closed","template":"","meta":{"_acf_changed":false,"footnotes":""},"class_list":["post-3147","page","type-page","status-publish","hentry"],"acf":[],"_links":{"self":[{"href":"https:\/\/printsonpaper.studio\/fr\/wp-json\/wp\/v2\/pages\/3147","targetHints":{"allow":["GET"]}}],"collection":[{"href":"https:\/\/printsonpaper.studio\/fr\/wp-json\/wp\/v2\/pages"}],"about":[{"href":"https:\/\/printsonpaper.studio\/fr\/wp-json\/wp\/v2\/types\/page"}],"author":[{"embeddable":true,"href":"https:\/\/printsonpaper.studio\/fr\/wp-json\/wp\/v2\/users\/1"}],"replies":[{"embeddable":true,"href":"https:\/\/printsonpaper.studio\/fr\/wp-json\/wp\/v2\/comments?post=3147"}],"version-history":[{"count":5,"href":"https:\/\/printsonpaper.studio\/fr\/wp-json\/wp\/v2\/pages\/3147\/revisions"}],"predecessor-version":[{"id":3156,"href":"https:\/\/printsonpaper.studio\/fr\/wp-json\/wp\/v2\/pages\/3147\/revisions\/3156"}],"wp:attachment":[{"href":"https:\/\/printsonpaper.studio\/fr\/wp-json\/wp\/v2\/media?parent=3147"}],"curies":[{"name":"wp","href":"https:\/\/api.w.org\/{rel}","templated":true}]}}