{"id":3291,"date":"2025-09-05T21:48:15","date_gmt":"2025-09-06T01:48:15","guid":{"rendered":"https:\/\/printsonpaper.studio\/ateliers\/"},"modified":"2025-12-09T10:07:43","modified_gmt":"2025-12-09T15:07:43","slug":"ateliers","status":"publish","type":"page","link":"https:\/\/printsonpaper.studio\/fr\/ateliers\/","title":{"rendered":"Workshops"},"content":{"rendered":"\t\t<div data-elementor-type=\"wp-page\" data-elementor-id=\"3291\" class=\"elementor elementor-3291 elementor-1723\" data-elementor-post-type=\"page\">\n\t\t\t\t<div class=\"elementor-element elementor-element-c54b9ef e-flex e-con-boxed e-con e-parent\" data-id=\"c54b9ef\" data-element_type=\"container\" data-e-type=\"container\">\n\t\t\t\t\t<div class=\"e-con-inner\">\n\t\t\t\t<div class=\"elementor-element elementor-element-b9e455c elementor-widget elementor-widget-text-editor\" data-id=\"b9e455c\" data-element_type=\"widget\" data-e-type=\"widget\" data-widget_type=\"text-editor.default\">\n\t\t\t\t<div class=\"elementor-widget-container\">\n\t\t\t\t\t\t\t\t\t\n<p>Les ateliers de photogravure de Prints on Paper offrent un enseignement immersif et pratique, englobant les techniques fondamentales et avanc\u00e9es. Ces ateliers utilisent des plaques de pointe pour fournir aux \u00e9tudiants une compr\u00e9hension compl\u00e8te du processus de photogravure. <\/p>\n\t\t\t\t\t\t\t\t<\/div>\n\t\t\t\t<\/div>\n\t\t\t\t\t<\/div>\n\t\t\t\t<\/div>\n\t\t<div class=\"elementor-element elementor-element-19c1b4e3 e-flex e-con-boxed e-con e-parent\" data-id=\"19c1b4e3\" data-element_type=\"container\" data-e-type=\"container\">\n\t\t\t\t\t<div class=\"e-con-inner\">\n\t\t\t\t<div class=\"elementor-element elementor-element-4121ad0 elementor-widget elementor-widget-button\" data-id=\"4121ad0\" data-element_type=\"widget\" data-e-type=\"widget\" data-widget_type=\"button.default\">\n\t\t\t\t<div class=\"elementor-widget-container\">\n\t\t\t\t\t\t\t\t\t<div class=\"elementor-button-wrapper\">\n\t\t\t\t\t<a class=\"elementor-button elementor-button-link elementor-size-sm\" href=\"https:\/\/printsonpaper.studio\/fr\/store\/p\/atelier-de-photogravure-de-quatre-jours-acompte-de-450-total-de-1-800\/\">\n\t\t\t\t\t\t<span class=\"elementor-button-content-wrapper\">\n\t\t\t\t\t\t\t\t\t<span class=\"elementor-button-text\">R\u00c9SERVATIONS OUVERTES POUR 2026<\/span>\n\t\t\t\t\t<\/span>\n\t\t\t\t\t<\/a>\n\t\t\t\t<\/div>\n\t\t\t\t\t\t\t\t<\/div>\n\t\t\t\t<\/div>\n\t\t\t\t\t<\/div>\n\t\t\t\t<\/div>\n\t\t<div class=\"elementor-element elementor-element-473213f e-flex e-con-boxed e-con e-parent\" data-id=\"473213f\" data-element_type=\"container\" data-e-type=\"container\">\n\t\t\t\t\t<div class=\"e-con-inner\">\n\t\t<div class=\"elementor-element elementor-element-6890c9f e-con-full e-flex e-con e-child\" data-id=\"6890c9f\" data-element_type=\"container\" data-e-type=\"container\">\n\t\t\t\t<div class=\"elementor-element elementor-element-d75f20a elementor-widget elementor-widget-video\" data-id=\"d75f20a\" data-element_type=\"widget\" data-e-type=\"widget\" data-settings=\"{&quot;video_type&quot;:&quot;hosted&quot;,&quot;autoplay&quot;:&quot;yes&quot;,&quot;mute&quot;:&quot;yes&quot;,&quot;loop&quot;:&quot;yes&quot;,&quot;controls&quot;:&quot;yes&quot;}\" data-widget_type=\"video.default\">\n\t\t\t\t<div class=\"elementor-widget-container\">\n\t\t\t\t\t\t\t<div class=\"e-hosted-video elementor-wrapper elementor-open-inline\">\n\t\t\t\t\t<video class=\"elementor-video\" src=\"https:\/\/printsonpaper.studio\/wp-content\/uploads\/2025\/10\/IMG_9034.mp4\" autoplay=\"\" loop=\"\" controls=\"\" muted=\"muted\" controlsList=\"nodownload\"><\/video>\n\t\t\t\t<\/div>\n\t\t\t\t\t\t<\/div>\n\t\t\t\t<\/div>\n\t\t\t\t<\/div>\n\t\t<div class=\"elementor-element elementor-element-1cf2e78 e-con-full e-flex e-con e-child\" data-id=\"1cf2e78\" data-element_type=\"container\" data-e-type=\"container\">\n\t\t\t\t<div class=\"elementor-element elementor-element-039f0c5 elementor-widget elementor-widget-video\" data-id=\"039f0c5\" data-element_type=\"widget\" data-e-type=\"widget\" data-settings=\"{&quot;video_type&quot;:&quot;hosted&quot;,&quot;autoplay&quot;:&quot;yes&quot;,&quot;mute&quot;:&quot;yes&quot;,&quot;loop&quot;:&quot;yes&quot;,&quot;controls&quot;:&quot;yes&quot;}\" data-widget_type=\"video.default\">\n\t\t\t\t<div class=\"elementor-widget-container\">\n\t\t\t\t\t\t\t<div class=\"e-hosted-video elementor-wrapper elementor-open-inline\">\n\t\t\t\t\t<video class=\"elementor-video\" src=\"https:\/\/printsonpaper.studio\/wp-content\/uploads\/2025\/10\/IMG_9040.mp4\" autoplay=\"\" loop=\"\" controls=\"\" muted=\"muted\" controlsList=\"nodownload\"><\/video>\n\t\t\t\t<\/div>\n\t\t\t\t\t\t<\/div>\n\t\t\t\t<\/div>\n\t\t\t\t<\/div>\n\t\t<div class=\"elementor-element elementor-element-b3c2748 e-con-full e-flex e-con e-child\" data-id=\"b3c2748\" data-element_type=\"container\" data-e-type=\"container\">\n\t\t\t\t<div class=\"elementor-element elementor-element-8d926a8 elementor-widget elementor-widget-video\" data-id=\"8d926a8\" data-element_type=\"widget\" data-e-type=\"widget\" data-settings=\"{&quot;video_type&quot;:&quot;hosted&quot;,&quot;autoplay&quot;:&quot;yes&quot;,&quot;mute&quot;:&quot;yes&quot;,&quot;loop&quot;:&quot;yes&quot;,&quot;controls&quot;:&quot;yes&quot;}\" data-widget_type=\"video.default\">\n\t\t\t\t<div class=\"elementor-widget-container\">\n\t\t\t\t\t\t\t<div class=\"e-hosted-video elementor-wrapper elementor-open-inline\">\n\t\t\t\t\t<video class=\"elementor-video\" src=\"https:\/\/printsonpaper.studio\/wp-content\/uploads\/2025\/10\/IMG_9046.mp4\" autoplay=\"\" loop=\"\" controls=\"\" muted=\"muted\" controlsList=\"nodownload\"><\/video>\n\t\t\t\t<\/div>\n\t\t\t\t\t\t<\/div>\n\t\t\t\t<\/div>\n\t\t\t\t<\/div>\n\t\t<div class=\"elementor-element elementor-element-d7d7897 e-con-full e-flex e-con e-child\" data-id=\"d7d7897\" data-element_type=\"container\" data-e-type=\"container\">\n\t\t\t\t<div class=\"elementor-element elementor-element-6a1bb40 elementor-widget elementor-widget-video\" data-id=\"6a1bb40\" data-element_type=\"widget\" data-e-type=\"widget\" data-settings=\"{&quot;video_type&quot;:&quot;hosted&quot;,&quot;autoplay&quot;:&quot;yes&quot;,&quot;mute&quot;:&quot;yes&quot;,&quot;loop&quot;:&quot;yes&quot;,&quot;controls&quot;:&quot;yes&quot;}\" data-widget_type=\"video.default\">\n\t\t\t\t<div class=\"elementor-widget-container\">\n\t\t\t\t\t\t\t<div class=\"e-hosted-video elementor-wrapper elementor-open-inline\">\n\t\t\t\t\t<video class=\"elementor-video\" src=\"https:\/\/printsonpaper.studio\/wp-content\/uploads\/2025\/10\/IMG_1220.mp4\" autoplay=\"\" loop=\"\" controls=\"\" muted=\"muted\" controlsList=\"nodownload\"><\/video>\n\t\t\t\t<\/div>\n\t\t\t\t\t\t<\/div>\n\t\t\t\t<\/div>\n\t\t\t\t<\/div>\n\t\t\t\t\t<\/div>\n\t\t\t\t<\/div>\n\t\t<div class=\"elementor-element elementor-element-a50c2c8 e-flex e-con-boxed e-con e-parent\" data-id=\"a50c2c8\" data-element_type=\"container\" data-e-type=\"container\">\n\t\t\t\t\t<div class=\"e-con-inner\">\n\t\t\t\t<div class=\"elementor-element elementor-element-cf9ddcc elementor-widget elementor-widget-text-editor\" data-id=\"cf9ddcc\" data-element_type=\"widget\" data-e-type=\"widget\" data-widget_type=\"text-editor.default\">\n\t\t\t\t<div class=\"elementor-widget-container\">\n\t\t\t\t\t\t\t\t\t<div class=\"product-excerpt\">\n<p class=\"preFade fadeIn\" data-rte-preserve-empty=\"true\">Durant cet atelier intensif de photogravure de quatre jours, nous explorons en profondeur les subtilit\u00e9s de ce m\u00e9dium unique. Les participants commencent avec un ensemble de dix plaques pr\u00e9fabriqu\u00e9es et commencent imm\u00e9diatement \u00e0 exp\u00e9rimenter diverses techniques d&rsquo;impression en gravure d\u00e8s le premier jour. Au fur et \u00e0 mesure que l&rsquo;atelier progresse, les participants ont l&rsquo;opportunit\u00e9 de cr\u00e9er un second lot de plaques, en r\u00e9action \u00e0 leurs images d\u00e9j\u00e0 imprim\u00e9es. Cette exp\u00e9rience pratique aide \u00e0 \u00e9tablir les meilleures pratiques pour l&rsquo;imagerie de m\u00e9diums \u00e0 faible contraste comme la gravure.   <\/p>\n<p class=\"p1 preFade fadeIn\" data-rte-preserve-empty=\"true\">L&rsquo;atelier couvre une gamme de techniques complexes, incluant la fabrication d&rsquo;encre, l&rsquo;impression multi-plaques, le Chin\u00e9-Coll\u00e9, l&rsquo;\u00c0 la poup\u00e9e, et divers papiers. Les participants acqui\u00e8rent une compr\u00e9hension plus large du m\u00e9dium et apprennent d&rsquo;un studio professionnel. En tant qu&rsquo;atelier ax\u00e9 sur l&rsquo;impression, l&rsquo;objectif est de repartir avec un nombre substantiel d&rsquo;estampes. Bien qu&rsquo;il ne s&rsquo;agisse pas d&rsquo;un guide complet pour construire un studio d&rsquo;impression de plaques, il fournit une base solide dans les techniques d&rsquo;impression traditionnelles appliqu\u00e9es \u00e0 nos plaques de gravure num\u00e9rique cr\u00e9\u00e9es chez Prints on Paper. De plus, les participants apprennent les comp\u00e9tences essentielles de Photoshop pour travailler avec des m\u00e9diums \u00e0 faible contraste. Les techniques et connaissances acquises durant l&rsquo;atelier permettent aux participants de prosp\u00e9rer dans leur pratique artistique.     <\/p>\n<p class=\"p1 preFade fadeIn\" data-rte-preserve-empty=\"true\">Chaque participant a \u00e9galement la possibilit\u00e9 de faire une configuration de studio <b><i>gratuite<\/i><\/b> \u00e0 distance avec nous apr\u00e8s l&rsquo;atelier s&rsquo;il souhaite imprimer ses plaques en autonomie. Les configurations de studio \u00e0 distance sont le meilleur moyen de faire fonctionner l&rsquo;impression de plaques. Et il est pr\u00e9f\u00e9rable de savoir d&rsquo;abord comment tirer des \u00e9preuves de ces plaques en suivant l&rsquo;atelier de quatre jours ici.  <\/p>\n<\/div>\n<div class=\"product-variants sqs-site-style-form preFade fadeIn\" data-animation-role=\"content\">\n<div class=\"form-wrapper\">\n<div class=\"form-inner-wrapper\">\n<form class=\"react-form-contents\">\n<div class=\"field-list\">\n<div class=\"variant-option\">&nbsp;<\/div>\n<\/div>\n<\/form>\n<\/div>\n<\/div>\n<\/div>\n<p><\/p>\t\t\t\t\t\t\t\t<\/div>\n\t\t\t\t<\/div>\n\t\t<div class=\"elementor-element elementor-element-f2283ae e-con-full e-flex e-con e-child\" data-id=\"f2283ae\" data-element_type=\"container\" data-e-type=\"container\">\n\t\t\t\t<div class=\"elementor-element elementor-element-7195638 elementor-widget elementor-widget-button\" data-id=\"7195638\" data-element_type=\"widget\" data-e-type=\"widget\" data-widget_type=\"button.default\">\n\t\t\t\t<div class=\"elementor-widget-container\">\n\t\t\t\t\t\t\t\t\t<div class=\"elementor-button-wrapper\">\n\t\t\t\t\t<a class=\"elementor-button elementor-button-link elementor-size-sm\" href=\"https:\/\/printsonpaper.studio\/fr\/store\/p\/atelier-de-photogravure-de-quatre-jours-acompte-de-450-total-de-1-800\/\">\n\t\t\t\t\t\t<span class=\"elementor-button-content-wrapper\">\n\t\t\t\t\t\t\t\t\t<span class=\"elementor-button-text\">S'INSCRIRE MAINTENANT<\/span>\n\t\t\t\t\t<\/span>\n\t\t\t\t\t<\/a>\n\t\t\t\t<\/div>\n\t\t\t\t\t\t\t\t<\/div>\n\t\t\t\t<\/div>\n\t\t\t\t<\/div>\n\t\t\t\t\t<\/div>\n\t\t\t\t<\/div>\n\t\t<div class=\"elementor-element elementor-element-2c3c8fe e-flex e-con-boxed e-con e-parent\" data-id=\"2c3c8fe\" data-element_type=\"container\" data-e-type=\"container\">\n\t\t\t\t\t<div class=\"e-con-inner\">\n\t\t<div class=\"elementor-element elementor-element-49c5701 e-con-full e-flex e-con e-child\" data-id=\"49c5701\" data-element_type=\"container\" data-e-type=\"container\">\n\t\t\t\t<div class=\"elementor-element elementor-element-ef0ec94 elementor-widget elementor-widget-text-editor\" data-id=\"ef0ec94\" data-element_type=\"widget\" data-e-type=\"widget\" data-widget_type=\"text-editor.default\">\n\t\t\t\t<div class=\"elementor-widget-container\">\n\t\t\t\t\t\t\t\t\t<div class=\"product-excerpt\">\n<div class=\"accordion-icon-container\" data-is-open=\"false\" aria-hidden=\"true\">\n<div class=\"plus\">\n<h3 class=\"plus__vertical-line\">Plaques incluses<\/h3>\n<div class=\"plus__vertical-line\">Nous imprimerons tout ce qui s&rsquo;adapte \u00e0 une plaque ma\u00eetresse de 31\u00d742, tant que chaque plaque fait moins de 16\u00d720. Par exemple, vous pouvez imprimer environ 16 plaques de 6\u00d79 pouces. Toute impression de plaque suppl\u00e9mentaire durant l&rsquo;atelier est au prix du mat\u00e9riel uniquement.   <\/div>\n<\/div>\n<\/div>\n<\/div>\n<p><\/p>\t\t\t\t\t\t\t\t<\/div>\n\t\t\t\t<\/div>\n\t\t\t\t<\/div>\n\t\t<div class=\"elementor-element elementor-element-94ab68a e-con-full e-flex e-con e-child\" data-id=\"94ab68a\" data-element_type=\"container\" data-e-type=\"container\">\n\t\t\t\t<div class=\"elementor-element elementor-element-4c62552 elementor-widget elementor-widget-text-editor\" data-id=\"4c62552\" data-element_type=\"widget\" data-e-type=\"widget\" data-widget_type=\"text-editor.default\">\n\t\t\t\t<div class=\"elementor-widget-container\">\n\t\t\t\t\t\t\t\t\t<div class=\"product-excerpt\">\n<div class=\"accordion-icon-container\" data-is-open=\"false\" aria-hidden=\"true\">\n<div class=\"plus\">\n<div class=\"accordion-icon-container\" data-is-open=\"false\" aria-hidden=\"true\">\n<div class=\"plus\">\n<h3>Politique de remboursement<\/h3>\n<div class=\"plus__vertical-line\">En ce moment, nous utilisons les revenus de l&rsquo;atelier pour finir de construire le studio. Malheureusement, nous ne pouvons pas \u00e9mettre de remboursements pour le moment. Mais si vous avez r\u00e9serv\u00e9 un atelier, vous pouvez toujours le d\u00e9placer \u00e0 une date diff\u00e9rente ou l&rsquo;utiliser pour la production de plaques personnalis\u00e9es ou l&rsquo;instruction \u00e0 distance. Faites-nous savoir si vous avez des questions !   <\/div>\n<\/div>\n<\/div>\n<\/div>\n<\/div>\n<\/div>\n<p><\/p>\t\t\t\t\t\t\t\t<\/div>\n\t\t\t\t<\/div>\n\t\t\t\t<\/div>\n\t\t<div class=\"elementor-element elementor-element-3780734 e-con-full e-flex e-con e-child\" data-id=\"3780734\" data-element_type=\"container\" data-e-type=\"container\">\n\t\t\t\t<div class=\"elementor-element elementor-element-0d968d0 elementor-widget elementor-widget-text-editor\" data-id=\"0d968d0\" data-element_type=\"widget\" data-e-type=\"widget\" data-widget_type=\"text-editor.default\">\n\t\t\t\t<div class=\"elementor-widget-container\">\n\t\t\t\t\t\t\t\t\t<div class=\"product-excerpt\">\n<div class=\"accordion-icon-container\" data-is-open=\"false\" aria-hidden=\"true\">\n<div class=\"plus\">\n<div class=\"accordion-icon-container\" data-is-open=\"false\" aria-hidden=\"true\">\n<div class=\"plus\">\n<h3>Niveau d&rsquo;exp\u00e9rience<\/h3>\n<div class=\"plus__vertical-line\">Vous n&rsquo;avez besoin d&rsquo;aucune exp\u00e9rience pr\u00e9alable pour suivre cet atelier !<\/div>\n<\/div>\n<\/div>\n<\/div>\n<\/div>\n<\/div>\n<p><\/p>\t\t\t\t\t\t\t\t<\/div>\n\t\t\t\t<\/div>\n\t\t\t\t<\/div>\n\t\t<div class=\"elementor-element elementor-element-d312595 e-con-full e-flex e-con e-child\" data-id=\"d312595\" data-element_type=\"container\" data-e-type=\"container\">\n\t\t\t\t<div class=\"elementor-element elementor-element-917bb34 elementor-widget elementor-widget-text-editor\" data-id=\"917bb34\" data-element_type=\"widget\" data-e-type=\"widget\" data-widget_type=\"text-editor.default\">\n\t\t\t\t<div class=\"elementor-widget-container\">\n\t\t\t\t\t\t\t\t\t<div class=\"product-excerpt\">\n<div class=\"accordion-icon-container\" data-is-open=\"false\" aria-hidden=\"true\">\n<div class=\"plus\">\n<div class=\"accordion-icon-container\" data-is-open=\"false\" aria-hidden=\"true\">\n<div class=\"plus\">\n<h3>Que apporter<\/h3>\n<div class=\"plus__vertical-line\">Apportez un disque dur avec des fichiers num\u00e9riques dessus (photographies, vectoriel, scans, vous voyez l&rsquo;id\u00e9e). Apportez des \u0153uvres originales si vous voulez qu&rsquo;elles soient num\u00e9ris\u00e9es pour travailler dessus. Apportez un ordinateur portable et tous les adaptateurs de moniteur que vous avez.   \ud83d\ude42<\/div>\n<\/div>\n<\/div>\n<\/div>\n<\/div>\n<\/div>\n<p><\/p>\t\t\t\t\t\t\t\t<\/div>\n\t\t\t\t<\/div>\n\t\t\t\t<\/div>\n\t\t<div class=\"elementor-element elementor-element-1c3072e e-con-full e-flex e-con e-child\" data-id=\"1c3072e\" data-element_type=\"container\" data-e-type=\"container\">\n\t\t\t\t<div class=\"elementor-element elementor-element-0a82f62 elementor-widget elementor-widget-text-editor\" data-id=\"0a82f62\" data-element_type=\"widget\" data-e-type=\"widget\" data-widget_type=\"text-editor.default\">\n\t\t\t\t<div class=\"elementor-widget-container\">\n\t\t\t\t\t\t\t\t\t<div>\n<div data-is-open=\"false\" aria-hidden=\"true\">\n<div>\n<div data-is-open=\"false\" aria-hidden=\"true\">\n<div>\n<h3>Nourriture, vie nocturne et \u00e9piceries<\/h3>\n<div>\n<p><strong>The Village Restaurant,<\/strong> Hardwick VT : Un peu comme un restaurant haut de gamme (excellent pour le petit-d\u00e9jeuner\/brunch), \u00e0 19,1 km<br>https:\/\/www.facebook.com\/VillageRestaurantHardwick\/menu\/?ref=page_internal<\/p>\n<p><strong>Front Seat Coffee,<\/strong> Hardwick VT : Excellent caf\u00e9 !! Scones, etc., \u00e0 19,1 km <\/p>\n<p><strong>Positive Pie,<\/strong> Hardwick, Hardwick VT : Pizza, cuisine italienne, \u00e0 19,0 km<\/p>\n<p><strong>Positive Pie,<\/strong> Plainfield VT : Pizza, cuisine italienne, excellent bar, sc\u00e8ne ouverte le mardi, \u00e0 18,3 km<\/p>\n<p><strong>The Den,<\/strong> Cabot VT : Lieu musical, bar, caf\u00e9, lieu d\u00e9jeuner\/d\u00eener, aussi une quincaillerie, centre-ville de Cabot, \u00e0 5,8 km<\/p>\n<p><strong>Out Spice Cafe,<\/strong> Plainfield VT : Nouveau caf\u00e9 \u00e0 Plainfield, excellents bagels et saumon fum\u00e9, ouvert jusqu&rsquo;\u00e0 14h. \u00c0 18,3 km <\/p>\n<p><strong>Fox Market,<\/strong> East Montpelier VT : Lieu de rencontre toute la journ\u00e9e jusqu&rsquo;\u00e0 tard le soir, bar, \u00e9picerie, charcuterie, etc. Espace s\u00fbr officiel LGBTQIA. \u00c0 33,6 km  <\/p>\n<p><strong>Plainfield Coop,<\/strong> Plainfield VT : Nourriture biologique et en vrac, produits, etc., \u00e0 18,3 km<\/p>\n<p><strong>Cabot General Store :<\/strong> Magasin g\u00e9n\u00e9ral classique du Vermont avec sandwichs de petit-d\u00e9jeuner. A aussi parfois du fromage Cabot bon march\u00e9, \u00e0 5,8 km <\/p>\n<p><strong>Buffalo Mountain Market :<\/strong> (\u00c9picerie, charcuterie, excellent endroit en g\u00e9n\u00e9ral), \u00e0 19,0 km https:\/\/buffalomountaincoop.org\/<\/p>\n<p><strong>Tops :<\/strong> (\u00c9picerie), \u00e0 19,5 km<\/p>\n<\/div>\n<\/div>\n<\/div>\n<\/div>\n<\/div>\n<\/div>\n<p><\/p>\t\t\t\t\t\t\t\t<\/div>\n\t\t\t\t<\/div>\n\t\t\t\t<\/div>\n\t\t<div class=\"elementor-element elementor-element-99f53d8 e-con-full e-flex e-con e-child\" data-id=\"99f53d8\" data-element_type=\"container\" data-e-type=\"container\">\n\t\t\t\t<div class=\"elementor-element elementor-element-1bf028e elementor-widget elementor-widget-text-editor\" data-id=\"1bf028e\" data-element_type=\"widget\" data-e-type=\"widget\" data-widget_type=\"text-editor.default\">\n\t\t\t\t<div class=\"elementor-widget-container\">\n\t\t\t\t\t\t\t\t\t<div>\n<div data-is-open=\"false\" aria-hidden=\"true\">\n<div data-is-open=\"false\" aria-hidden=\"true\">\n<h3>H\u00e9bergements<\/h3>\n<div>\n<p><span style=\"text-decoration: underline;\"><a href=\"https:\/\/www.airbnb.com\/s\/1243-Walbridge-Road--Cabot--VT\/homes?refinement_paths%5B%5D=%2Fhomes&amp;place_id=ChIJkYbPUm60tUwRVbN6QOxuPz4&amp;acp_id=t-g-ChIJkYbPUm60tUwRVbN6QOxuPz4&amp;date_picker_type=calendar&amp;source=structured_search_input_header&amp;search_type=autocomplete_click\">AirBnB<\/a><\/span><\/p>\n<p><span style=\"text-decoration: underline;\"><a href=\"https:\/\/www.hotels.com\/Hotel-Search?destination=Cabot%2C%20Vermont%2C%20United%20States%20of%20America&amp;regionId=3000459597&amp;latLong=44.401451%2C-72.312317&amp;flexibility=4_DAY_LOWER&amp;flexibility=5_DAY_UPPER&amp;d1=2025-10-23&amp;d2=2025-10-24&amp;adults=2&amp;rooms=1&amp;sort=RECOMMENDED&amp;theme=&amp;userIntent=&amp;semdtl=&amp;categorySearch=&amp;useRewards=false&amp;children=&amp;pwaDialog=&amp;searchRange=2025-10-01_2025-10-31&amp;searchRange=2025-11-01_2025-11-30&amp;daysInFuture&amp;stayLength\">H\u00f4tels<\/a><\/span><\/p>\n<\/div>\n<\/div>\n<\/div>\n<\/div>\n<p><\/p>\t\t\t\t\t\t\t\t<\/div>\n\t\t\t\t<\/div>\n\t\t<div class=\"elementor-element elementor-element-c939040 e-con-full e-flex e-con e-child\" data-id=\"c939040\" data-element_type=\"container\" data-e-type=\"container\">\n\t\t\t\t<div class=\"elementor-element elementor-element-41796d4 elementor-widget elementor-widget-button\" data-id=\"41796d4\" data-element_type=\"widget\" data-e-type=\"widget\" data-widget_type=\"button.default\">\n\t\t\t\t<div class=\"elementor-widget-container\">\n\t\t\t\t\t\t\t\t\t<div class=\"elementor-button-wrapper\">\n\t\t\t\t\t<a class=\"elementor-button elementor-button-link elementor-size-sm\" href=\"mailto:hello@printsonpaper.studio\">\n\t\t\t\t\t\t<span class=\"elementor-button-content-wrapper\">\n\t\t\t\t\t\t\t\t\t<span class=\"elementor-button-text\">PLUS DE QUESTIONS ? \u00c9CRIVEZ-NOUS <\/span>\n\t\t\t\t\t<\/span>\n\t\t\t\t\t<\/a>\n\t\t\t\t<\/div>\n\t\t\t\t\t\t\t\t<\/div>\n\t\t\t\t<\/div>\n\t\t\t\t<\/div>\n\t\t\t\t<\/div>\n\t\t\t\t\t<\/div>\n\t\t\t\t<\/div>\n\t\t\t\t<\/div>\n\t\t","protected":false},"excerpt":{"rendered":"<p>Les ateliers de photogravure de Prints on Paper offrent un enseignement immersif et pratique, englobant les techniques fondamentales et avanc\u00e9es. Ces ateliers utilisent des plaques de pointe pour fournir aux \u00e9tudiants une compr\u00e9hension compl\u00e8te du processus de photogravure. R\u00c9SERVATIONS OUVERTES POUR 2026 https:\/\/printsonpaper.studio\/wp-content\/uploads\/2025\/10\/IMG_9034.mp4https:\/\/printsonpaper.studio\/wp-content\/uploads\/2025\/10\/IMG_9040.mp4https:\/\/printsonpaper.studio\/wp-content\/uploads\/2025\/10\/IMG_9046.mp4https:\/\/printsonpaper.studio\/wp-content\/uploads\/2025\/10\/IMG_1220.mp4 Durant cet atelier intensif de photogravure de quatre jours, nous explorons en [&hellip;]<\/p>\n","protected":false},"author":1,"featured_media":3297,"parent":0,"menu_order":0,"comment_status":"closed","ping_status":"closed","template":"","meta":{"_acf_changed":false,"footnotes":""},"class_list":["post-3291","page","type-page","status-publish","has-post-thumbnail","hentry"],"acf":[],"_links":{"self":[{"href":"https:\/\/printsonpaper.studio\/fr\/wp-json\/wp\/v2\/pages\/3291","targetHints":{"allow":["GET"]}}],"collection":[{"href":"https:\/\/printsonpaper.studio\/fr\/wp-json\/wp\/v2\/pages"}],"about":[{"href":"https:\/\/printsonpaper.studio\/fr\/wp-json\/wp\/v2\/types\/page"}],"author":[{"embeddable":true,"href":"https:\/\/printsonpaper.studio\/fr\/wp-json\/wp\/v2\/users\/1"}],"replies":[{"embeddable":true,"href":"https:\/\/printsonpaper.studio\/fr\/wp-json\/wp\/v2\/comments?post=3291"}],"version-history":[{"count":10,"href":"https:\/\/printsonpaper.studio\/fr\/wp-json\/wp\/v2\/pages\/3291\/revisions"}],"predecessor-version":[{"id":4211,"href":"https:\/\/printsonpaper.studio\/fr\/wp-json\/wp\/v2\/pages\/3291\/revisions\/4211"}],"wp:featuredmedia":[{"embeddable":true,"href":"https:\/\/printsonpaper.studio\/fr\/wp-json\/wp\/v2\/media\/3297"}],"wp:attachment":[{"href":"https:\/\/printsonpaper.studio\/fr\/wp-json\/wp\/v2\/media?parent=3291"}],"curies":[{"name":"wp","href":"https:\/\/api.w.org\/{rel}","templated":true}]}}