{"id":3303,"date":"2025-09-05T22:18:57","date_gmt":"2025-09-06T02:18:57","guid":{"rendered":"https:\/\/printsonpaper.studio\/production-en-studio\/"},"modified":"2025-11-02T16:15:15","modified_gmt":"2025-11-02T21:15:15","slug":"production-en-studio","status":"publish","type":"page","link":"https:\/\/printsonpaper.studio\/fr\/production-en-studio\/","title":{"rendered":"PRODUCTION EN STUDIO"},"content":{"rendered":"\t\t<div data-elementor-type=\"wp-page\" data-elementor-id=\"3303\" class=\"elementor elementor-3303 elementor-1741\" data-elementor-post-type=\"page\">\n\t\t\t\t<div class=\"elementor-element elementor-element-d4107ae e-flex e-con-boxed e-con e-parent\" data-id=\"d4107ae\" data-element_type=\"container\" data-e-type=\"container\">\n\t\t\t\t\t<div class=\"e-con-inner\">\n\t\t\t\t<div class=\"elementor-element elementor-element-6bf5acc elementor-widget elementor-widget-text-editor\" data-id=\"6bf5acc\" data-element_type=\"widget\" data-e-type=\"widget\" data-widget_type=\"text-editor.default\">\n\t\t\t\t<div class=\"elementor-widget-container\">\n\t\t\t\t\t\t\t\t\t<p>Pour r\u00e9server votre production, veuillez nous envoyer un e-mail \u00e0 : <a href=\"mailto:hello@printsonpaper.studio\">hello@printsonpaper.studio<\/a><\/p><p>L&rsquo;une des fa\u00e7ons les plus \u00e9conomiques de collaborer avec Prints on Paper Studio est de nous rejoindre sur place. Lorsque les artistes travaillent dans le studio, ils ont le privil\u00e8ge d&rsquo;assister \u00e0 l&rsquo;impression de leur \u0153uvre. Cela facilite les modifications, la visualisation des r\u00e9sultats et permet un dialogue exclusif avec nos ma\u00eetres imprimeurs internes. Cette approche collaborative favorise un v\u00e9ritable partenariat entre l&rsquo;imprimeur et l&rsquo;artiste.   <\/p><p>Lorsqu&rsquo;un artiste est pr\u00e9sent dans le studio, l&rsquo;\u00e9quipe consid\u00e8re cela comme une journ\u00e9e de r\u00e9sidence, consacrant toute son expertise et sa passion pour l&rsquo;impression \u00e0 l&rsquo;artiste. L&rsquo;artiste b\u00e9n\u00e9ficie d&rsquo;un acc\u00e8s complet au studio, et toutes les impressions r\u00e9alis\u00e9es ce jour-l\u00e0 sont \u00e0 prix r\u00e9duit. C&rsquo;est une fa\u00e7on \u00e9conomique d&rsquo;\u00eatre pr\u00e9sent sur le terrain tout en permettant aux ma\u00eetres de se concentrer sur leur travail. Ces journ\u00e9es peuvent \u00eatre utilis\u00e9es pour de grandes expositions, l&rsquo;\u00e9dition, la cr\u00e9ation d&rsquo;un portfolio ou le travail sur une s\u00e9rie. Consacrer du temps \u00e0 sa production peut \u00eatre une mani\u00e8re vraiment enrichissante de travailler. Ces journ\u00e9es de production peuvent \u00eatre consid\u00e9r\u00e9es comme une r\u00e9sidence, permettant \u00e0 l&rsquo;artiste de rester immerg\u00e9 dans le processus de l&rsquo;encre sur papier.     <\/p>\t\t\t\t\t\t\t\t<\/div>\n\t\t\t\t<\/div>\n\t\t\t\t<div class=\"elementor-element elementor-element-9e53dfc elementor-widget elementor-widget-image\" data-id=\"9e53dfc\" data-element_type=\"widget\" data-e-type=\"widget\" data-widget_type=\"image.default\">\n\t\t\t\t<div class=\"elementor-widget-container\">\n\t\t\t\t\t\t\t\t\t\t\t\t\t\t\t<img fetchpriority=\"high\" decoding=\"async\" width=\"1500\" height=\"788\" src=\"https:\/\/printsonpaper.studio\/wp-content\/uploads\/2025\/09\/PrintsonPaperStudio-2og.webp\" class=\"attachment-full size-full wp-image-1678\" alt=\"\" srcset=\"https:\/\/printsonpaper.studio\/wp-content\/uploads\/2025\/09\/PrintsonPaperStudio-2og.webp 1500w, https:\/\/printsonpaper.studio\/wp-content\/uploads\/2025\/09\/PrintsonPaperStudio-2og-300x158.webp 300w, https:\/\/printsonpaper.studio\/wp-content\/uploads\/2025\/09\/PrintsonPaperStudio-2og-1024x538.webp 1024w, https:\/\/printsonpaper.studio\/wp-content\/uploads\/2025\/09\/PrintsonPaperStudio-2og-768x403.webp 768w, https:\/\/printsonpaper.studio\/wp-content\/uploads\/2025\/09\/PrintsonPaperStudio-2og-800x420.webp 800w, https:\/\/printsonpaper.studio\/wp-content\/uploads\/2025\/09\/PrintsonPaperStudio-2og-600x315.webp 600w\" sizes=\"(max-width: 1500px) 100vw, 1500px\" \/>\t\t\t\t\t\t\t\t\t\t\t\t\t\t\t<\/div>\n\t\t\t\t<\/div>\n\t\t\t\t\t<\/div>\n\t\t\t\t<\/div>\n\t\t<div class=\"elementor-element elementor-element-4bfc8ca e-flex e-con-boxed e-con e-parent\" data-id=\"4bfc8ca\" data-element_type=\"container\" data-e-type=\"container\">\n\t\t\t\t\t<div class=\"e-con-inner\">\n\t\t\t\t<div class=\"elementor-element elementor-element-b52b907 elementor-widget elementor-widget-text-editor\" data-id=\"b52b907\" data-element_type=\"widget\" data-e-type=\"widget\" data-widget_type=\"text-editor.default\">\n\t\t\t\t<div class=\"elementor-widget-container\">\n\t\t\t\t\t\t\t\t\t<h3>Impression collaborative<\/h3>\n<p class=\"sqsrte-large preFade fadeIn\">Prints On Paper est un studio d&rsquo;impression collaboratif sp\u00e9cialis\u00e9 dans les proc\u00e9d\u00e9s de pigments num\u00e9riques et de photogravure. Nous offrons des capacit\u00e9s d&rsquo;\u00e9dition compl\u00e8tes et sommes ouverts \u00e0 l&rsquo;invention de nouvelles technologies d&rsquo;impression si n\u00e9cessaire, comme nous l&rsquo;avons fait par le pass\u00e9. L&rsquo;impression collaborative n&rsquo;a pas besoin d&rsquo;\u00eatre longue ou co\u00fbteuse ; elle peut \u00eatre aussi simple qu&rsquo;une br\u00e8ve conversation avec l&rsquo;artiste sur chaque impression ou projet. Au fil du temps, nous d\u00e9veloppons une meilleure compr\u00e9hension de leur travail et la communication devient plus efficace.   <\/p>\n<p class=\"sqsrte-large preFade fadeIn\">Nous appliquons notre approche collaborative aux techniques d&rsquo;impression nouvelles et traditionnelles, reconnaissant que <em>l&rsquo;impression est l&rsquo;impression est l&rsquo;impression.<\/em> En tant que studio collaboratif, nous nous engageons \u00e0 la fois dans des travaux de publication <em>avec<\/em> des artistes et des studios, et dans des travaux sous contrat <em>pour<\/em> des artistes et des studios.<\/p>\n<p class=\"sqsrte-large preFade fadeIn\">Pour les artistes que nous avons choisis de publier nous-m\u00eames, nous collaborons gratuitement pour produire l&rsquo;\u0153uvre. <em>La publication peut impliquer une collaboration<\/em> avec la galerie de l&rsquo;artiste ou une autre institution pour la promotion et les ventes, ou elle peut \u00eatre vendue directement par notre studio ou l&rsquo;artiste. <em>Pour les travaux sous contrat,<\/em> la collaboration reste la m\u00eame, mais l&rsquo;artiste, la galerie ou l&rsquo;institution finance le travail de cr\u00e9ation, et le studio ne prend pas de commission sur les futures ventes d&rsquo;impressions.<\/p>\t\t\t\t\t\t\t\t<\/div>\n\t\t\t\t<\/div>\n\t\t\t\t<div class=\"elementor-element elementor-element-9f5ff32 elementor-widget elementor-widget-image\" data-id=\"9f5ff32\" data-element_type=\"widget\" data-e-type=\"widget\" data-widget_type=\"image.default\">\n\t\t\t\t<div class=\"elementor-widget-container\">\n\t\t\t\t\t\t\t\t\t\t\t\t\t\t\t<img decoding=\"async\" width=\"2500\" height=\"1667\" src=\"https:\/\/printsonpaper.studio\/wp-content\/uploads\/2025\/10\/N-Kauck_09112024_229_Ver_1.jpg\" class=\"attachment-full size-full wp-image-3297\" alt=\"\" srcset=\"https:\/\/printsonpaper.studio\/wp-content\/uploads\/2025\/10\/N-Kauck_09112024_229_Ver_1.jpg 2500w, https:\/\/printsonpaper.studio\/wp-content\/uploads\/2025\/10\/N-Kauck_09112024_229_Ver_1-300x200.jpg 300w, https:\/\/printsonpaper.studio\/wp-content\/uploads\/2025\/10\/N-Kauck_09112024_229_Ver_1-1024x683.jpg 1024w, https:\/\/printsonpaper.studio\/wp-content\/uploads\/2025\/10\/N-Kauck_09112024_229_Ver_1-768x512.jpg 768w, https:\/\/printsonpaper.studio\/wp-content\/uploads\/2025\/10\/N-Kauck_09112024_229_Ver_1-1536x1024.jpg 1536w, https:\/\/printsonpaper.studio\/wp-content\/uploads\/2025\/10\/N-Kauck_09112024_229_Ver_1-2048x1366.jpg 2048w, https:\/\/printsonpaper.studio\/wp-content\/uploads\/2025\/10\/N-Kauck_09112024_229_Ver_1-800x533.jpg 800w, https:\/\/printsonpaper.studio\/wp-content\/uploads\/2025\/10\/N-Kauck_09112024_229_Ver_1-600x400.jpg 600w\" sizes=\"(max-width: 2500px) 100vw, 2500px\" \/>\t\t\t\t\t\t\t\t\t\t\t\t\t\t\t<\/div>\n\t\t\t\t<\/div>\n\t\t\t\t<div class=\"elementor-element elementor-element-a3abda2 elementor-widget elementor-widget-text-editor\" data-id=\"a3abda2\" data-element_type=\"widget\" data-e-type=\"widget\" data-widget_type=\"text-editor.default\">\n\t\t\t\t<div class=\"elementor-widget-container\">\n\t\t\t\t\t\t\t\t\t<h3 class=\"preScale scaleIn\" style=\"text-align: center;\">ENVOYEZ-NOUS UN E-MAIL POUR R\u00c9SERVER VOTRE JOURN\u00c9E EN STUDIO \u00c0 <a href=\"mailto:hello@printsonpaper.studio\">hello@printsonpaper.studio<\/a><\/h3>\t\t\t\t\t\t\t\t<\/div>\n\t\t\t\t<\/div>\n\t\t\t\t\t<\/div>\n\t\t\t\t<\/div>\n\t\t<div class=\"elementor-element elementor-element-85bd0ad e-flex e-con-boxed e-con e-parent\" data-id=\"85bd0ad\" data-element_type=\"container\" data-e-type=\"container\">\n\t\t\t\t\t<div class=\"e-con-inner\">\n\t\t\t\t\t<\/div>\n\t\t\t\t<\/div>\n\t\t\t\t<\/div>\n\t\t","protected":false},"excerpt":{"rendered":"<p>Pour r\u00e9server votre production, veuillez nous envoyer un e-mail \u00e0 : hello@printsonpaper.studio L&rsquo;une des fa\u00e7ons les plus \u00e9conomiques de collaborer avec Prints on Paper Studio est de nous rejoindre sur place. Lorsque les artistes travaillent dans le studio, ils ont le privil\u00e8ge d&rsquo;assister \u00e0 l&rsquo;impression de leur \u0153uvre. Cela facilite les modifications, la visualisation des [&hellip;]<\/p>\n","protected":false},"author":1,"featured_media":0,"parent":0,"menu_order":0,"comment_status":"closed","ping_status":"closed","template":"","meta":{"_acf_changed":false,"footnotes":""},"class_list":["post-3303","page","type-page","status-publish","hentry"],"acf":[],"_links":{"self":[{"href":"https:\/\/printsonpaper.studio\/fr\/wp-json\/wp\/v2\/pages\/3303","targetHints":{"allow":["GET"]}}],"collection":[{"href":"https:\/\/printsonpaper.studio\/fr\/wp-json\/wp\/v2\/pages"}],"about":[{"href":"https:\/\/printsonpaper.studio\/fr\/wp-json\/wp\/v2\/types\/page"}],"author":[{"embeddable":true,"href":"https:\/\/printsonpaper.studio\/fr\/wp-json\/wp\/v2\/users\/1"}],"replies":[{"embeddable":true,"href":"https:\/\/printsonpaper.studio\/fr\/wp-json\/wp\/v2\/comments?post=3303"}],"version-history":[{"count":1,"href":"https:\/\/printsonpaper.studio\/fr\/wp-json\/wp\/v2\/pages\/3303\/revisions"}],"predecessor-version":[{"id":3304,"href":"https:\/\/printsonpaper.studio\/fr\/wp-json\/wp\/v2\/pages\/3303\/revisions\/3304"}],"wp:attachment":[{"href":"https:\/\/printsonpaper.studio\/fr\/wp-json\/wp\/v2\/media?parent=3303"}],"curies":[{"name":"wp","href":"https:\/\/api.w.org\/{rel}","templated":true}]}}