{"id":3034,"date":"2025-09-09T12:27:57","date_gmt":"2025-09-09T16:27:57","guid":{"rendered":"https:\/\/printsonpaper.studio\/store\/p\/plaque-de-photogravure-echantillon-n-1\/"},"modified":"2025-09-09T12:27:57","modified_gmt":"2025-09-09T16:27:57","slug":"plaque-de-photogravure-echantillon-n-1","status":"publish","type":"product","link":"https:\/\/printsonpaper.studio\/fr\/store\/p\/plaque-de-photogravure-echantillon-n-1\/","title":{"rendered":"Plaque de photogravure \u00e9chantillon n\u00b0 1"},"content":{"rendered":"<p>Prints on Paper Studio a le plaisir d&rsquo;annoncer notre nouvelle plaque \u00e9chantillon de photogravure. Cette premi\u00e8re d&rsquo;une s\u00e9rie de plaques \u00e9chantillons diff\u00e9rentes vous montre le d\u00e9tail des lignes et la s\u00e9paration tonale possibles en photogravure. L&rsquo;image est une prise de vue de 48 m\u00e9gapixels avec une plaque capable de r\u00e9soudre 720 ppp de r\u00e9solution lisse dans l&rsquo;impression finale. Nous avons calibr\u00e9 cette plaque en utilisant un m\u00e9lange maison d&rsquo;encre : 4,5 parts de Graphic Chemical Bone Black, 4,5 parts de Charbonnel 55981, 2 parts de Zeamays Transparent Base, et une pointe d&rsquo;EasyWipe   <\/p>\n","protected":false},"excerpt":{"rendered":"<p>Prints on Paper Studio a le plaisir d&rsquo;annoncer notre nouvelle plaque \u00e9chantillon de photogravure. Cette premi\u00e8re d&rsquo;une s\u00e9rie de plaques \u00e9chantillons diff\u00e9rentes vous montre le d\u00e9tail des lignes et la s\u00e9paration tonale possibles en photogravure. L&rsquo;image est une prise de vue de 48 m\u00e9gapixels avec une plaque capable de r\u00e9soudre 720 ppp de r\u00e9solution lisse [&hellip;]<\/p>\n","protected":false},"featured_media":2775,"comment_status":"open","ping_status":"closed","template":"","meta":{"_acf_changed":false},"product_brand":[],"product_cat":[76],"product_tag":[],"class_list":{"0":"post-3034","1":"product","2":"type-product","3":"status-publish","4":"has-post-thumbnail","6":"product_cat-non-categorise","8":"first","9":"instock","10":"taxable","11":"shipping-taxable","12":"purchasable","13":"product-type-simple"},"acf":[],"_links":{"self":[{"href":"https:\/\/printsonpaper.studio\/fr\/wp-json\/wp\/v2\/product\/3034","targetHints":{"allow":["GET"]}}],"collection":[{"href":"https:\/\/printsonpaper.studio\/fr\/wp-json\/wp\/v2\/product"}],"about":[{"href":"https:\/\/printsonpaper.studio\/fr\/wp-json\/wp\/v2\/types\/product"}],"replies":[{"embeddable":true,"href":"https:\/\/printsonpaper.studio\/fr\/wp-json\/wp\/v2\/comments?post=3034"}],"version-history":[{"count":0,"href":"https:\/\/printsonpaper.studio\/fr\/wp-json\/wp\/v2\/product\/3034\/revisions"}],"wp:featuredmedia":[{"embeddable":true,"href":"https:\/\/printsonpaper.studio\/fr\/wp-json\/wp\/v2\/media\/2775"}],"wp:attachment":[{"href":"https:\/\/printsonpaper.studio\/fr\/wp-json\/wp\/v2\/media?parent=3034"}],"wp:term":[{"taxonomy":"product_brand","embeddable":true,"href":"https:\/\/printsonpaper.studio\/fr\/wp-json\/wp\/v2\/product_brand?post=3034"},{"taxonomy":"product_cat","embeddable":true,"href":"https:\/\/printsonpaper.studio\/fr\/wp-json\/wp\/v2\/product_cat?post=3034"},{"taxonomy":"product_tag","embeddable":true,"href":"https:\/\/printsonpaper.studio\/fr\/wp-json\/wp\/v2\/product_tag?post=3034"}],"curies":[{"name":"wp","href":"https:\/\/api.w.org\/{rel}","templated":true}]}}