{"id":3249,"date":"2025-09-09T12:47:36","date_gmt":"2025-09-09T16:47:36","guid":{"rendered":"https:\/\/printsonpaper.studio\/store\/p\/imprimez-le-maitre-le-chevalier-la-mort-et-le-diable-dalbrecht-durer\/"},"modified":"2025-09-09T12:47:36","modified_gmt":"2025-09-09T16:47:36","slug":"imprimez-le-maitre-le-chevalier-la-mort-et-le-diable-dalbrecht-durer","status":"publish","type":"product","link":"https:\/\/printsonpaper.studio\/fr\/store\/p\/imprimez-le-maitre-le-chevalier-la-mort-et-le-diable-dalbrecht-durer\/","title":{"rendered":"Imprimez le Ma\u00eetre : \u00ab Le Chevalier, la Mort et le Diable \u00bb d&rsquo;Albrecht D\u00fcrer"},"content":{"rendered":"<p class=\"preFade fadeIn\" data-rte-preserve-empty=\"true\">\u00ab Le Chevalier, la Mort et le Diable \u00bb d&rsquo;Albrecht D\u00fcrer est l&rsquo;une des gravures gothiques les plus embl\u00e9matiques et influentes jamais r\u00e9alis\u00e9es. C&rsquo;est une image directe et sans d\u00e9tour. <\/p>\n<p class=\"preFade fadeIn\" data-rte-preserve-empty=\"true\">Cette plaque \u00e0 l&rsquo;\u00e9chelle 1:1 de l&rsquo;\u0153uvre originale permet \u00e0 toute personne ayant acc\u00e8s \u00e0 une presse d&rsquo;imprimerie de cr\u00e9er une r\u00e9plique exacte de la gravure. \u00c0 travers ce processus manuel, l&rsquo;imprimeur peut interagir avec l&rsquo;\u0153uvre d&rsquo;art, en exp\u00e9rimentant sa profondeur et sa signification de premi\u00e8re main. En manipulant physiquement l&rsquo;impression, le lien entre l&rsquo;\u0153uvre et l&rsquo;individu devient plus tangible et personnel.  <\/p>\n","protected":false},"excerpt":{"rendered":"<p>\u00ab Le Chevalier, la Mort et le Diable \u00bb d&rsquo;Albrecht D\u00fcrer est l&rsquo;une des gravures gothiques les plus embl\u00e9matiques et influentes jamais r\u00e9alis\u00e9es. C&rsquo;est une image directe et sans d\u00e9tour. Cette plaque \u00e0 l&rsquo;\u00e9chelle 1:1 de l&rsquo;\u0153uvre originale permet \u00e0 toute personne ayant acc\u00e8s \u00e0 une presse d&rsquo;imprimerie de cr\u00e9er une r\u00e9plique exacte de la [&hellip;]<\/p>\n","protected":false},"featured_media":2010,"comment_status":"open","ping_status":"closed","template":"","meta":{"_acf_changed":false},"product_brand":[],"product_cat":[76],"product_tag":[],"class_list":{"0":"post-3249","1":"product","2":"type-product","3":"status-publish","4":"has-post-thumbnail","6":"product_cat-non-categorise","8":"first","9":"instock","10":"taxable","11":"shipping-taxable","12":"purchasable","13":"product-type-simple"},"acf":[],"_links":{"self":[{"href":"https:\/\/printsonpaper.studio\/fr\/wp-json\/wp\/v2\/product\/3249","targetHints":{"allow":["GET"]}}],"collection":[{"href":"https:\/\/printsonpaper.studio\/fr\/wp-json\/wp\/v2\/product"}],"about":[{"href":"https:\/\/printsonpaper.studio\/fr\/wp-json\/wp\/v2\/types\/product"}],"replies":[{"embeddable":true,"href":"https:\/\/printsonpaper.studio\/fr\/wp-json\/wp\/v2\/comments?post=3249"}],"version-history":[{"count":0,"href":"https:\/\/printsonpaper.studio\/fr\/wp-json\/wp\/v2\/product\/3249\/revisions"}],"wp:featuredmedia":[{"embeddable":true,"href":"https:\/\/printsonpaper.studio\/fr\/wp-json\/wp\/v2\/media\/2010"}],"wp:attachment":[{"href":"https:\/\/printsonpaper.studio\/fr\/wp-json\/wp\/v2\/media?parent=3249"}],"wp:term":[{"taxonomy":"product_brand","embeddable":true,"href":"https:\/\/printsonpaper.studio\/fr\/wp-json\/wp\/v2\/product_brand?post=3249"},{"taxonomy":"product_cat","embeddable":true,"href":"https:\/\/printsonpaper.studio\/fr\/wp-json\/wp\/v2\/product_cat?post=3249"},{"taxonomy":"product_tag","embeddable":true,"href":"https:\/\/printsonpaper.studio\/fr\/wp-json\/wp\/v2\/product_tag?post=3249"}],"curies":[{"name":"wp","href":"https:\/\/api.w.org\/{rel}","templated":true}]}}