{"id":3261,"date":"2025-09-09T12:41:13","date_gmt":"2025-09-09T16:41:13","guid":{"rendered":"https:\/\/printsonpaper.studio\/store\/p\/plaques-detirage-dencre-de-gravure\/"},"modified":"2025-09-09T12:41:13","modified_gmt":"2025-09-09T16:41:13","slug":"plaques-detirage-dencre-de-gravure","status":"publish","type":"product","link":"https:\/\/printsonpaper.studio\/fr\/store\/p\/plaques-detirage-dencre-de-gravure\/","title":{"rendered":"Plaques d\u2019\u00e9tirage d\u2019encre de gravure"},"content":{"rendered":"<p>Ces plaques sont id\u00e9ales lorsque vous m\u00e9langez de l\u2019encre de taille-douce et que vous souhaitez voir la couverture et la teinte \u00e0 diff\u00e9rentes quantit\u00e9s. Les segments de couverture sont&nbsp;: 10&nbsp;%, 25&nbsp;%, 40&nbsp;%, 60&nbsp;%, 80&nbsp;% et 100&nbsp;%. Ce sont des plaques de 5&nbsp;cm&nbsp;x&nbsp;30&nbsp;cm. 15&nbsp;$ par plaque.   <\/p>\n","protected":false},"excerpt":{"rendered":"<p>Ces plaques sont id\u00e9ales lorsque vous m\u00e9langez de l\u2019encre de taille-douce et que vous souhaitez voir la couverture et la teinte \u00e0 diff\u00e9rentes quantit\u00e9s. Les segments de couverture sont&nbsp;: 10&nbsp;%, 25&nbsp;%, 40&nbsp;%, 60&nbsp;%, 80&nbsp;% et 100&nbsp;%. Ce sont des plaques de 5&nbsp;cm&nbsp;x&nbsp;30&nbsp;cm. 15&nbsp;$ par plaque.<\/p>\n","protected":false},"featured_media":2009,"comment_status":"open","ping_status":"closed","template":"","meta":{"_acf_changed":false},"product_brand":[],"product_cat":[76],"product_tag":[],"class_list":{"0":"post-3261","1":"product","2":"type-product","3":"status-publish","4":"has-post-thumbnail","6":"product_cat-non-categorise","8":"first","9":"instock","10":"taxable","11":"shipping-taxable","12":"purchasable","13":"product-type-simple"},"acf":[],"_links":{"self":[{"href":"https:\/\/printsonpaper.studio\/fr\/wp-json\/wp\/v2\/product\/3261","targetHints":{"allow":["GET"]}}],"collection":[{"href":"https:\/\/printsonpaper.studio\/fr\/wp-json\/wp\/v2\/product"}],"about":[{"href":"https:\/\/printsonpaper.studio\/fr\/wp-json\/wp\/v2\/types\/product"}],"replies":[{"embeddable":true,"href":"https:\/\/printsonpaper.studio\/fr\/wp-json\/wp\/v2\/comments?post=3261"}],"version-history":[{"count":0,"href":"https:\/\/printsonpaper.studio\/fr\/wp-json\/wp\/v2\/product\/3261\/revisions"}],"wp:featuredmedia":[{"embeddable":true,"href":"https:\/\/printsonpaper.studio\/fr\/wp-json\/wp\/v2\/media\/2009"}],"wp:attachment":[{"href":"https:\/\/printsonpaper.studio\/fr\/wp-json\/wp\/v2\/media?parent=3261"}],"wp:term":[{"taxonomy":"product_brand","embeddable":true,"href":"https:\/\/printsonpaper.studio\/fr\/wp-json\/wp\/v2\/product_brand?post=3261"},{"taxonomy":"product_cat","embeddable":true,"href":"https:\/\/printsonpaper.studio\/fr\/wp-json\/wp\/v2\/product_cat?post=3261"},{"taxonomy":"product_tag","embeddable":true,"href":"https:\/\/printsonpaper.studio\/fr\/wp-json\/wp\/v2\/product_tag?post=3261"}],"curies":[{"name":"wp","href":"https:\/\/api.w.org\/{rel}","templated":true}]}}