{"id":3276,"date":"2025-09-09T12:43:30","date_gmt":"2025-09-09T16:43:30","guid":{"rendered":"https:\/\/printsonpaper.studio\/store\/p\/imprimez-le-maitre-les-trois-arbres-de-rembrandt\/"},"modified":"2025-09-09T12:43:30","modified_gmt":"2025-09-09T16:43:30","slug":"imprimez-le-maitre-les-trois-arbres-de-rembrandt","status":"publish","type":"product","link":"https:\/\/printsonpaper.studio\/fr\/store\/p\/imprimez-le-maitre-les-trois-arbres-de-rembrandt\/","title":{"rendered":"Imprimez le Ma\u00eetre : \u00ab Les Trois Arbres \u00bb de Rembrandt"},"content":{"rendered":"<p class=\"preFade fadeIn\" data-rte-preserve-empty=\"true\">Le paysage grav\u00e9 le plus saisissant de Rembrandt regorge de figures du premier plan \u00e0 l&rsquo;horizon. En travaillant m\u00e9ticuleusement au niveau pixel par pixel sur les lignes lors de la cr\u00e9ation de cette plaque, nous avons d\u00e9couvert encore plus de figures auparavant invisibles dans l&rsquo;impression originale. Il vaut la peine d&rsquo;essuyer soigneusement la zone d&rsquo;ombre pour r\u00e9v\u00e9ler l&rsquo;\u00e9tang au premier plan.  <\/p>\n<p class=\"p1 preFade fadeIn\" data-rte-preserve-empty=\"true\">Cette plaque \u00e0 l&rsquo;\u00e9chelle 1:1 permet \u00e0 quiconque poss\u00e9dant une presse d&rsquo;imprimerie de cr\u00e9er une r\u00e9plique exacte de la gravure originale. \u00c0 travers ce processus manuel, le temps, l&rsquo;encrage et l&rsquo;observation attentive, nous esp\u00e9rons approfondir la connexion personnelle entre l&rsquo;imprimeur et l&rsquo;\u0153uvre d&rsquo;art. <\/p>\n","protected":false},"excerpt":{"rendered":"<p>Le paysage grav\u00e9 le plus saisissant de Rembrandt regorge de figures du premier plan \u00e0 l&rsquo;horizon. En travaillant m\u00e9ticuleusement au niveau pixel par pixel sur les lignes lors de la cr\u00e9ation de cette plaque, nous avons d\u00e9couvert encore plus de figures auparavant invisibles dans l&rsquo;impression originale. Il vaut la peine d&rsquo;essuyer soigneusement la zone d&rsquo;ombre [&hellip;]<\/p>\n","protected":false},"featured_media":2772,"comment_status":"open","ping_status":"closed","template":"","meta":{"_acf_changed":false},"product_brand":[],"product_cat":[76],"product_tag":[],"class_list":{"0":"post-3276","1":"product","2":"type-product","3":"status-publish","4":"has-post-thumbnail","6":"product_cat-non-categorise","8":"first","9":"instock","10":"taxable","11":"shipping-taxable","12":"purchasable","13":"product-type-simple"},"acf":[],"_links":{"self":[{"href":"https:\/\/printsonpaper.studio\/fr\/wp-json\/wp\/v2\/product\/3276","targetHints":{"allow":["GET"]}}],"collection":[{"href":"https:\/\/printsonpaper.studio\/fr\/wp-json\/wp\/v2\/product"}],"about":[{"href":"https:\/\/printsonpaper.studio\/fr\/wp-json\/wp\/v2\/types\/product"}],"replies":[{"embeddable":true,"href":"https:\/\/printsonpaper.studio\/fr\/wp-json\/wp\/v2\/comments?post=3276"}],"version-history":[{"count":0,"href":"https:\/\/printsonpaper.studio\/fr\/wp-json\/wp\/v2\/product\/3276\/revisions"}],"wp:featuredmedia":[{"embeddable":true,"href":"https:\/\/printsonpaper.studio\/fr\/wp-json\/wp\/v2\/media\/2772"}],"wp:attachment":[{"href":"https:\/\/printsonpaper.studio\/fr\/wp-json\/wp\/v2\/media?parent=3276"}],"wp:term":[{"taxonomy":"product_brand","embeddable":true,"href":"https:\/\/printsonpaper.studio\/fr\/wp-json\/wp\/v2\/product_brand?post=3276"},{"taxonomy":"product_cat","embeddable":true,"href":"https:\/\/printsonpaper.studio\/fr\/wp-json\/wp\/v2\/product_cat?post=3276"},{"taxonomy":"product_tag","embeddable":true,"href":"https:\/\/printsonpaper.studio\/fr\/wp-json\/wp\/v2\/product_tag?post=3276"}],"curies":[{"name":"wp","href":"https:\/\/api.w.org\/{rel}","templated":true}]}}