{"id":3332,"date":"2025-09-09T11:51:06","date_gmt":"2025-09-09T15:51:06","guid":{"rendered":"https:\/\/printsonpaper.studio\/store\/p\/atelier-de-photogravure-de-quatre-jours-acompte-de-450-total-de-1-800\/"},"modified":"2025-12-02T12:50:03","modified_gmt":"2025-12-02T17:50:03","slug":"atelier-de-photogravure-de-quatre-jours-acompte-de-450-total-de-1-800","status":"publish","type":"product","link":"https:\/\/printsonpaper.studio\/fr\/store\/p\/atelier-de-photogravure-de-quatre-jours-acompte-de-450-total-de-1-800\/","title":{"rendered":"Atelier de photogravure de quatre jours (acompte de 450 $, total de 1 800 $)"},"content":{"rendered":"<p class=\"preFade fadeIn\" data-rte-preserve-empty=\"true\"><strong>Frais de r\u00e9servation de 450 $. Solde d\u00fb un mois avant la date de l&rsquo;atelier. <\/strong><\/p>\n<p data-rte-preserve-empty=\"true\"><a href=\"https:\/\/printsonpaper.studio\/fr\/ateliers\/\"><span style=\"text-decoration: underline;\">Voir les informations compl\u00e8tes sur notre page Ateliers<\/span><\/a><\/p>\n<p class=\"preFade fadeIn\" data-rte-preserve-empty=\"true\">Durant cet atelier intensif de photogravure de quatre jours, nous explorons en profondeur les subtilit\u00e9s de ce m\u00e9dium unique. Les participants commencent avec un ensemble de dix plaques pr\u00e9-fabriqu\u00e9es et exp\u00e9rimentent imm\u00e9diatement diverses techniques de gravure d\u00e8s le premier jour. Au fil de l&rsquo;atelier, les participants ont l&rsquo;opportunit\u00e9 de cr\u00e9er un second lot de plaques, en r\u00e9action \u00e0 leurs images d\u00e9j\u00e0 imprim\u00e9es. Cette exp\u00e9rience pratique aide \u00e0 \u00e9tablir les meilleures pratiques pour l&rsquo;imagerie des m\u00e9diums \u00e0 faible contraste comme la gravure.   <\/p>\n<p class=\"p1 preFade fadeIn\" data-rte-preserve-empty=\"true\">L&rsquo;atelier couvre un \u00e9ventail de techniques complexes, notamment l&rsquo;impression multi-plaques, le chin\u00e9-coll\u00e9, l&rsquo;impression \u00e0 la poup\u00e9e et diff\u00e9rents types de papiers. Les participants acqui\u00e8rent une compr\u00e9hension approfondie du m\u00e9dium et apprennent aupr\u00e8s d&rsquo;un studio professionnel. En tant qu&rsquo;atelier ax\u00e9 sur l&rsquo;impression, l&rsquo;objectif est de repartir avec un nombre substantiel d&rsquo;\u00e9preuves. Bien qu&rsquo;il ne s&rsquo;agisse pas d&rsquo;un guide exhaustif pour la cr\u00e9ation d&rsquo;un atelier d&rsquo;impression de plaques, il fournit une base solide en techniques d&rsquo;impression traditionnelles appliqu\u00e9es \u00e0 nos plaques de gravure num\u00e9riques cr\u00e9\u00e9es chez Prints on Paper. De plus, les participants acqui\u00e8rent des comp\u00e9tences essentielles en Photoshop pour travailler avec des m\u00e9diums \u00e0 faible contraste. Les techniques et les connaissances acquises pendant l&rsquo;atelier permettent aux participants d&rsquo;exceller dans leur pratique artistique.     <\/p>\n<p data-rte-preserve-empty=\"true\"><a href=\"https:\/\/printsonpaper.studio\/fr\/ateliers\/\"><span style=\"text-decoration: underline;\">Voir les informations compl\u00e8tes sur notre page Ateliers<\/span><\/a><\/p>\n","protected":false},"excerpt":{"rendered":"<p>Frais de r\u00e9servation de 450 $. Solde d\u00fb un mois avant la date de l&rsquo;atelier. Voir les informations compl\u00e8tes sur notre page Ateliers Durant cet atelier intensif de photogravure de quatre jours, nous explorons en profondeur les subtilit\u00e9s de ce m\u00e9dium unique. Les participants commencent avec un ensemble de dix plaques pr\u00e9-fabriqu\u00e9es et exp\u00e9rimentent imm\u00e9diatement [&hellip;]<\/p>\n","protected":false},"featured_media":3333,"comment_status":"open","ping_status":"closed","template":"","meta":{"_acf_changed":false},"product_brand":[],"product_cat":[76],"product_tag":[],"class_list":{"0":"post-3332","1":"product","2":"type-product","3":"status-publish","4":"has-post-thumbnail","6":"product_cat-non-categorise","7":"product_shipping_class-service","9":"first","10":"instock","11":"taxable","12":"shipping-taxable","13":"purchasable","14":"product-type-variable","15":"has-default-attributes"},"acf":[],"_links":{"self":[{"href":"https:\/\/printsonpaper.studio\/fr\/wp-json\/wp\/v2\/product\/3332","targetHints":{"allow":["GET"]}}],"collection":[{"href":"https:\/\/printsonpaper.studio\/fr\/wp-json\/wp\/v2\/product"}],"about":[{"href":"https:\/\/printsonpaper.studio\/fr\/wp-json\/wp\/v2\/types\/product"}],"replies":[{"embeddable":true,"href":"https:\/\/printsonpaper.studio\/fr\/wp-json\/wp\/v2\/comments?post=3332"}],"version-history":[{"count":0,"href":"https:\/\/printsonpaper.studio\/fr\/wp-json\/wp\/v2\/product\/3332\/revisions"}],"wp:featuredmedia":[{"embeddable":true,"href":"https:\/\/printsonpaper.studio\/fr\/wp-json\/wp\/v2\/media\/3333"}],"wp:attachment":[{"href":"https:\/\/printsonpaper.studio\/fr\/wp-json\/wp\/v2\/media?parent=3332"}],"wp:term":[{"taxonomy":"product_brand","embeddable":true,"href":"https:\/\/printsonpaper.studio\/fr\/wp-json\/wp\/v2\/product_brand?post=3332"},{"taxonomy":"product_cat","embeddable":true,"href":"https:\/\/printsonpaper.studio\/fr\/wp-json\/wp\/v2\/product_cat?post=3332"},{"taxonomy":"product_tag","embeddable":true,"href":"https:\/\/printsonpaper.studio\/fr\/wp-json\/wp\/v2\/product_tag?post=3332"}],"curies":[{"name":"wp","href":"https:\/\/api.w.org\/{rel}","templated":true}]}}