{"id":3340,"date":"2025-09-09T13:09:35","date_gmt":"2025-09-09T17:09:35","guid":{"rendered":"https:\/\/printsonpaper.studio\/store\/p\/imprimez-le-maitre-melencolia-1-dalbrecht-durer\/"},"modified":"2025-09-09T13:09:35","modified_gmt":"2025-09-09T17:09:35","slug":"imprimez-le-maitre-melencolia-1-dalbrecht-durer","status":"publish","type":"product","link":"https:\/\/printsonpaper.studio\/fr\/store\/p\/imprimez-le-maitre-melencolia-1-dalbrecht-durer\/","title":{"rendered":"Imprimez le Ma\u00eetre : \u00ab Melencolia 1 \u00bb d&rsquo;Albrecht D\u00fcrer"},"content":{"rendered":"<p class=\"preFade fadeIn\">\u00ab Melencolia I \u00bb d&rsquo;Albrecht D\u00fcrer est l&rsquo;une des gravures des \u00ab anciens ma\u00eetres \u00bb les plus connues au monde. Tout au long de son histoire, cette \u0153uvre a obstin\u00e9ment r\u00e9sist\u00e9 \u00e0 un consensus unifi\u00e9 sur sa signification. Beaucoup consid\u00e8rent qu&rsquo;elle repr\u00e9sente l&rsquo;\u00e9tat d&rsquo;esprit de l&rsquo;artiste pendant une p\u00e9riode de blocage mental.  <\/p>\n<p class=\"preFade fadeIn\">Cette plaque \u00e0 l&rsquo;\u00e9chelle 1:1 de l&rsquo;\u0153uvre permet \u00e0 quiconque poss\u00e9dant une presse d&rsquo;imprimer une gravure exacte de l&rsquo;original. Nous esp\u00e9rons qu&rsquo;\u00e0 travers ce processus manuel, le temps, l&rsquo;encrage et l&rsquo;observation, la profondeur et la signification de l&rsquo;\u0153uvre ainsi que la relation de chacun avec elle puissent devenir \u00e0 la fois physiques et personnelles entre les mains de l&rsquo;imprimeur. <\/p>\n","protected":false},"excerpt":{"rendered":"<p>\u00ab Melencolia I \u00bb d&rsquo;Albrecht D\u00fcrer est l&rsquo;une des gravures des \u00ab anciens ma\u00eetres \u00bb les plus connues au monde. Tout au long de son histoire, cette \u0153uvre a obstin\u00e9ment r\u00e9sist\u00e9 \u00e0 un consensus unifi\u00e9 sur sa signification. Beaucoup consid\u00e8rent qu&rsquo;elle repr\u00e9sente l&rsquo;\u00e9tat d&rsquo;esprit de l&rsquo;artiste pendant une p\u00e9riode de blocage mental. Cette plaque \u00e0 [&hellip;]<\/p>\n","protected":false},"featured_media":2776,"comment_status":"open","ping_status":"closed","template":"","meta":{"_acf_changed":false},"product_brand":[],"product_cat":[76],"product_tag":[],"class_list":{"0":"post-3340","1":"product","2":"type-product","3":"status-publish","4":"has-post-thumbnail","6":"product_cat-non-categorise","8":"first","9":"instock","10":"taxable","11":"shipping-taxable","12":"purchasable","13":"product-type-simple"},"acf":[],"_links":{"self":[{"href":"https:\/\/printsonpaper.studio\/fr\/wp-json\/wp\/v2\/product\/3340","targetHints":{"allow":["GET"]}}],"collection":[{"href":"https:\/\/printsonpaper.studio\/fr\/wp-json\/wp\/v2\/product"}],"about":[{"href":"https:\/\/printsonpaper.studio\/fr\/wp-json\/wp\/v2\/types\/product"}],"replies":[{"embeddable":true,"href":"https:\/\/printsonpaper.studio\/fr\/wp-json\/wp\/v2\/comments?post=3340"}],"version-history":[{"count":0,"href":"https:\/\/printsonpaper.studio\/fr\/wp-json\/wp\/v2\/product\/3340\/revisions"}],"wp:featuredmedia":[{"embeddable":true,"href":"https:\/\/printsonpaper.studio\/fr\/wp-json\/wp\/v2\/media\/2776"}],"wp:attachment":[{"href":"https:\/\/printsonpaper.studio\/fr\/wp-json\/wp\/v2\/media?parent=3340"}],"wp:term":[{"taxonomy":"product_brand","embeddable":true,"href":"https:\/\/printsonpaper.studio\/fr\/wp-json\/wp\/v2\/product_brand?post=3340"},{"taxonomy":"product_cat","embeddable":true,"href":"https:\/\/printsonpaper.studio\/fr\/wp-json\/wp\/v2\/product_cat?post=3340"},{"taxonomy":"product_tag","embeddable":true,"href":"https:\/\/printsonpaper.studio\/fr\/wp-json\/wp\/v2\/product_tag?post=3340"}],"curies":[{"name":"wp","href":"https:\/\/api.w.org\/{rel}","templated":true}]}}